{"id":5321,"date":"2023-03-20T16:11:37","date_gmt":"2023-03-20T16:11:37","guid":{"rendered":"https:\/\/wedomgroup.com\/contacto\/"},"modified":"2026-02-03T10:49:21","modified_gmt":"2026-02-03T10:49:21","slug":"contacto","status":"publish","type":"page","link":"https:\/\/wedomgroup.com\/pt-pt\/contacto\/","title":{"rendered":"Contacto"},"content":{"rendered":"\t\t<div data-elementor-type=\"wp-page\" data-elementor-id=\"5321\" class=\"elementor elementor-5321 elementor-133\" data-elementor-post-type=\"page\">\n\t\t\t\t<div class=\"elementor-element elementor-element-2fcaf81b e-flex e-con-boxed e-con e-parent\" data-id=\"2fcaf81b\" data-element_type=\"container\" data-e-type=\"container\" data-settings=\"{&quot;background_background&quot;:&quot;classic&quot;}\">\n\t\t\t\t\t<div class=\"e-con-inner\">\n\t\t<div class=\"elementor-element elementor-element-910e0c3 e-con-full e-flex e-con e-child\" data-id=\"910e0c3\" data-element_type=\"container\" data-e-type=\"container\">\n\t\t\t\t<div class=\"elementor-element elementor-element-1104ed3a elementor-widget elementor-widget-heading\" data-id=\"1104ed3a\" data-element_type=\"widget\" data-e-type=\"widget\" data-widget_type=\"heading.default\">\n\t\t\t\t\t<h1 class=\"elementor-heading-title elementor-size-default\">Contacto Wedom Group<\/h1>\t\t\t\t<\/div>\n\t\t\t\t<\/div>\n\t\t\t\t\t<\/div>\n\t\t\t\t<\/div>\n\t\t<div class=\"elementor-element elementor-element-121dbd21 e-flex e-con-boxed e-con e-parent\" data-id=\"121dbd21\" data-element_type=\"container\" data-e-type=\"container\" data-settings=\"{&quot;background_background&quot;:&quot;classic&quot;}\">\n\t\t\t\t\t<div class=\"e-con-inner\">\n\t\t<div class=\"elementor-element elementor-element-53d0151b e-con-full e-flex e-con e-child\" data-id=\"53d0151b\" data-element_type=\"container\" data-e-type=\"container\">\n\t\t\t\t<div class=\"elementor-element elementor-element-4d3884f3 elementor-widget elementor-widget-heading\" data-id=\"4d3884f3\" data-element_type=\"widget\" data-e-type=\"widget\" data-widget_type=\"heading.default\">\n\t\t\t\t\t<h2 class=\"elementor-heading-title elementor-size-default\">Atendimento ao cliente e consultas<\/h2>\t\t\t\t<\/div>\n\t\t\t\t<div class=\"elementor-element elementor-element-4d7b0e4a elementor-widget elementor-widget-text-editor\" data-id=\"4d7b0e4a\" data-element_type=\"widget\" data-e-type=\"widget\" data-widget_type=\"text-editor.default\">\n\t\t\t\t\t\t\t\t\t<p><a href=\"mailto:info@wedomgroup.com\">info@wedomgroup.com<\/a><\/p>\n<p><a href=\"tel:34986716032\">+34 986 71 60 32<\/a><\/p>\n<p><a href=\"tel:34986716302\">+34 986 71 63 02<\/a><\/p>\n<p>Hor\u00e1rio de atendimento:<br \/>Segunda a Sexta-feira 8:00 \u2013 16:00<\/p>\n\t\t\t\t\t\t\t\t<\/div>\n\t\t\t\t<\/div>\n\t\t<div class=\"elementor-element elementor-element-17977c05 e-con-full e-flex e-con e-child\" data-id=\"17977c05\" data-element_type=\"container\" data-e-type=\"container\">\n\t\t\t\t<div class=\"elementor-element elementor-element-7fe40cde elementor-widget elementor-widget-image\" data-id=\"7fe40cde\" data-element_type=\"widget\" data-e-type=\"widget\" data-widget_type=\"image.default\">\n\t\t\t\t\t\t\t\t\t\t\t\t<figure class=\"wp-caption\">\n\t\t\t\t\t\t\t\t\t\t<img fetchpriority=\"high\" decoding=\"async\" width=\"800\" height=\"533\" src=\"https:\/\/wedomgroup.com\/wp-content\/uploads\/2023\/05\/primer-plano-cara-ejecutiva-trabajando-1024x682.jpg\" class=\"attachment-large size-large wp-image-1290\" alt=\"Atenci\u00f3n al cliente\" srcset=\"https:\/\/wedomgroup.com\/wp-content\/uploads\/2023\/05\/primer-plano-cara-ejecutiva-trabajando-1024x682.jpg 1024w, https:\/\/wedomgroup.com\/wp-content\/uploads\/2023\/05\/primer-plano-cara-ejecutiva-trabajando-300x200.jpg 300w, https:\/\/wedomgroup.com\/wp-content\/uploads\/2023\/05\/primer-plano-cara-ejecutiva-trabajando-768x512.jpg 768w, https:\/\/wedomgroup.com\/wp-content\/uploads\/2023\/05\/primer-plano-cara-ejecutiva-trabajando-1536x1024.jpg 1536w, https:\/\/wedomgroup.com\/wp-content\/uploads\/2023\/05\/primer-plano-cara-ejecutiva-trabajando.jpg 2000w\" sizes=\"(max-width: 800px) 100vw, 800px\" \/>\t\t\t\t\t\t\t\t\t\t\t<figcaption class=\"widget-image-caption wp-caption-text\"><\/figcaption>\n\t\t\t\t\t\t\t\t\t\t<\/figure>\n\t\t\t\t\t\t\t\t\t<\/div>\n\t\t\t\t<\/div>\n\t\t\t\t\t<\/div>\n\t\t\t\t<\/div>\n\t\t<div class=\"elementor-element elementor-element-1371ba9 e-flex e-con-boxed e-con e-parent\" data-id=\"1371ba9\" data-element_type=\"container\" data-e-type=\"container\" data-settings=\"{&quot;background_background&quot;:&quot;classic&quot;}\">\n\t\t\t\t\t<div class=\"e-con-inner\">\n\t\t<div class=\"elementor-element elementor-element-c835ed0 e-con-full e-flex e-con e-child\" data-id=\"c835ed0\" data-element_type=\"container\" data-e-type=\"container\">\n\t\t\t\t<div class=\"elementor-element elementor-element-f72ea97 elementor-widget elementor-widget-image\" data-id=\"f72ea97\" data-element_type=\"widget\" data-e-type=\"widget\" data-widget_type=\"image.default\">\n\t\t\t\t\t\t\t\t\t\t\t\t<figure class=\"wp-caption\">\n\t\t\t\t\t\t\t\t\t\t<img decoding=\"async\" width=\"800\" height=\"534\" src=\"https:\/\/wedomgroup.com\/wp-content\/uploads\/2023\/06\/3-1024x683.jpg\" class=\"attachment-large size-large wp-image-2149\" alt=\"Oficinas centrales Grupo Wedom\" srcset=\"https:\/\/wedomgroup.com\/wp-content\/uploads\/2023\/06\/3-1024x683.jpg 1024w, https:\/\/wedomgroup.com\/wp-content\/uploads\/2023\/06\/3-300x200.jpg 300w, https:\/\/wedomgroup.com\/wp-content\/uploads\/2023\/06\/3-768x512.jpg 768w, https:\/\/wedomgroup.com\/wp-content\/uploads\/2023\/06\/3-1536x1024.jpg 1536w, https:\/\/wedomgroup.com\/wp-content\/uploads\/2023\/06\/3-2048x1366.jpg 2048w\" sizes=\"(max-width: 800px) 100vw, 800px\" \/>\t\t\t\t\t\t\t\t\t\t\t<figcaption class=\"widget-image-caption wp-caption-text\"><\/figcaption>\n\t\t\t\t\t\t\t\t\t\t<\/figure>\n\t\t\t\t\t\t\t\t\t<\/div>\n\t\t\t\t<\/div>\n\t\t<div class=\"elementor-element elementor-element-5619c99 e-con-full e-flex e-con e-child\" data-id=\"5619c99\" data-element_type=\"container\" data-e-type=\"container\">\n\t\t\t\t<div class=\"elementor-element elementor-element-cce4651 elementor-widget elementor-widget-heading\" data-id=\"cce4651\" data-element_type=\"widget\" data-e-type=\"widget\" data-widget_type=\"heading.default\">\n\t\t\t\t\t<h2 class=\"elementor-heading-title elementor-size-default\">Escrit\u00f3rios centrais Grupo Wedom<\/h2>\t\t\t\t<\/div>\n\t\t\t\t<div class=\"elementor-element elementor-element-826b5a3 elementor-widget elementor-widget-text-editor\" data-id=\"826b5a3\" data-element_type=\"widget\" data-e-type=\"widget\" data-widget_type=\"text-editor.default\">\n\t\t\t\t\t\t\t\t\t<p>Paseo de Cervantes, 7-2\u00ba<br \/>36001 Pontevedra (Espanha)<\/p>\n<p><a href=\"mailto:info@wedomgroup.com\">info@wedomgroup.com<\/a><\/p>\n<p><a href=\"tel:34986716032\">+34 986 71 60 32<\/a><\/p>\n<p><a href=\"tel:34986716302\">+34 986 71 63 02<\/a><\/p>\n\t\t\t\t\t\t\t\t<\/div>\n\t\t\t\t<\/div>\n\t\t\t\t\t<\/div>\n\t\t\t\t<\/div>\n\t\t<div class=\"elementor-element elementor-element-5d38954 e-flex e-con-boxed e-con e-parent\" data-id=\"5d38954\" data-element_type=\"container\" data-e-type=\"container\" data-settings=\"{&quot;background_background&quot;:&quot;classic&quot;}\">\n\t\t\t\t\t<div class=\"e-con-inner\">\n\t\t<div class=\"elementor-element elementor-element-0d96480 e-con-full e-flex e-con e-child\" data-id=\"0d96480\" data-element_type=\"container\" data-e-type=\"container\">\n\t\t\t\t<div class=\"elementor-element elementor-element-b2ad6bc elementor-widget elementor-widget-heading\" data-id=\"b2ad6bc\" data-element_type=\"widget\" data-e-type=\"widget\" data-widget_type=\"heading.default\">\n\t\t\t\t\t<h2 class=\"elementor-heading-title elementor-size-default\">Plataforma log\u00edstica e showroom<\/h2>\t\t\t\t<\/div>\n\t\t\t\t<div class=\"elementor-element elementor-element-14515f5 elementor-widget elementor-widget-text-editor\" data-id=\"14515f5\" data-element_type=\"widget\" data-e-type=\"widget\" data-widget_type=\"text-editor.default\">\n\t\t\t\t\t\t\t\t\t<p>Pol\u00edgono empresarial da Lagoa, Lote E-3. 4950 Cortes, Mon\u00e7ao<\/p>\n<p><a href=\"mailto:info@wedomgroup.com\">info@wedomgroup.com<\/a><\/p>\n<p><a href=\"tel:351251648526\">+351 251 648 526<\/a><\/p>\n<p>Fax: <a href=\"tel:351251648527\">+351 251 648 527<\/a><\/p>\n\t\t\t\t\t\t\t\t<\/div>\n\t\t\t\t<\/div>\n\t\t<div class=\"elementor-element elementor-element-62490b8 e-con-full e-flex e-con e-child\" data-id=\"62490b8\" data-element_type=\"container\" data-e-type=\"container\">\n\t\t\t\t<div class=\"elementor-element elementor-element-e92a333 elementor-widget elementor-widget-image\" data-id=\"e92a333\" data-element_type=\"widget\" data-e-type=\"widget\" data-widget_type=\"image.default\">\n\t\t\t\t\t\t\t\t\t\t\t\t<figure class=\"wp-caption\">\n\t\t\t\t\t\t\t\t\t\t<img decoding=\"async\" width=\"800\" height=\"534\" src=\"https:\/\/wedomgroup.com\/wp-content\/uploads\/2023\/05\/ORIGINAL-SHOWOK-1024x683.jpg\" class=\"attachment-large size-large wp-image-1790\" alt=\"Plataforma log\u00edstica y showroom\" srcset=\"https:\/\/wedomgroup.com\/wp-content\/uploads\/2023\/05\/ORIGINAL-SHOWOK-1024x683.jpg 1024w, https:\/\/wedomgroup.com\/wp-content\/uploads\/2023\/05\/ORIGINAL-SHOWOK-300x200.jpg 300w, https:\/\/wedomgroup.com\/wp-content\/uploads\/2023\/05\/ORIGINAL-SHOWOK-768x512.jpg 768w, https:\/\/wedomgroup.com\/wp-content\/uploads\/2023\/05\/ORIGINAL-SHOWOK.jpg 1080w\" sizes=\"(max-width: 800px) 100vw, 800px\" \/>\t\t\t\t\t\t\t\t\t\t\t<figcaption class=\"widget-image-caption wp-caption-text\"><\/figcaption>\n\t\t\t\t\t\t\t\t\t\t<\/figure>\n\t\t\t\t\t\t\t\t\t<\/div>\n\t\t\t\t<\/div>\n\t\t\t\t\t<\/div>\n\t\t\t\t<\/div>\n\t\t<div class=\"elementor-element elementor-element-d45c694 e-flex e-con-boxed e-con e-parent\" data-id=\"d45c694\" data-element_type=\"container\" data-e-type=\"container\">\n\t\t\t\t\t<div class=\"e-con-inner\">\n\t\t\t\t<div class=\"elementor-element elementor-element-274432c elementor-widget elementor-widget-heading\" data-id=\"274432c\" data-element_type=\"widget\" data-e-type=\"widget\" data-widget_type=\"heading.default\">\n\t\t\t\t\t<h2 class=\"elementor-heading-title elementor-size-default\">Escreva-nos<\/h2>\t\t\t\t<\/div>\n\t\t\t\t<div class=\"elementor-element elementor-element-4104246 elementor-widget elementor-widget-text-editor\" data-id=\"4104246\" data-element_type=\"widget\" data-e-type=\"widget\" data-widget_type=\"text-editor.default\">\n\t\t\t\t\t\t\t\t\t\n<div class=\"wpcf7 no-js\" id=\"wpcf7-f5320-o1\" lang=\"pt-PT\" dir=\"ltr\" data-wpcf7-id=\"5320\">\n<div class=\"screen-reader-response\"><p role=\"status\" aria-live=\"polite\" aria-atomic=\"true\"><\/p> <ul><\/ul><\/div>\n<form action=\"\/pt-pt\/wp-json\/wp\/v2\/pages\/5321#wpcf7-f5320-o1\" method=\"post\" class=\"wpcf7-form init\" aria-label=\"Formul\u00e1rio de contacto\" novalidate=\"novalidate\" data-status=\"init\">\n<fieldset class=\"hidden-fields-container\"><input type=\"hidden\" name=\"_wpcf7\" value=\"5320\" \/><input type=\"hidden\" name=\"_wpcf7_version\" value=\"6.1.5\" \/><input type=\"hidden\" name=\"_wpcf7_locale\" value=\"pt_PT\" \/><input type=\"hidden\" name=\"_wpcf7_unit_tag\" value=\"wpcf7-f5320-o1\" \/><input type=\"hidden\" name=\"_wpcf7_container_post\" value=\"0\" \/><input type=\"hidden\" name=\"_wpcf7_posted_data_hash\" value=\"\" \/>\n<\/fieldset>\n<div class=\"form-grupo columnas2\">\n\t<p><span class=\"wpcf7-form-control-wrap\" data-name=\"your-name\"><input size=\"40\" maxlength=\"400\" class=\"wpcf7-form-control wpcf7-text wpcf7-validates-as-required\" autocomplete=\"name\" aria-required=\"true\" aria-invalid=\"false\" placeholder=\"Nome\" value=\"\" type=\"text\" name=\"your-name\" \/><\/span>\n\t<\/p>\n<\/div>\n<div class=\"form-grupo columnas2\">\n\t<p><span class=\"wpcf7-form-control-wrap\" data-name=\"your-surname\"><input size=\"40\" maxlength=\"400\" class=\"wpcf7-form-control wpcf7-text wpcf7-validates-as-required\" aria-required=\"true\" aria-invalid=\"false\" placeholder=\"Apelido\" value=\"\" type=\"text\" name=\"your-surname\" \/><\/span>\n\t<\/p>\n<\/div>\n<div class=\"form-grupo columnas2\">\n\t<p><span class=\"wpcf7-form-control-wrap\" data-name=\"your-email\"><input size=\"40\" maxlength=\"400\" class=\"wpcf7-form-control wpcf7-email wpcf7-validates-as-required wpcf7-text wpcf7-validates-as-email\" autocomplete=\"email\" aria-required=\"true\" aria-invalid=\"false\" placeholder=\"E-mail\" value=\"\" type=\"email\" name=\"your-email\" \/><\/span>\n\t<\/p>\n<\/div>\n<div class=\"form-grupo columnas2\">\n\t<p><span class=\"wpcf7-form-control-wrap\" data-name=\"your-phone\"><input size=\"40\" maxlength=\"400\" class=\"wpcf7-form-control wpcf7-tel wpcf7-text wpcf7-validates-as-tel\" aria-invalid=\"false\" placeholder=\"Telefone\" value=\"\" type=\"tel\" name=\"your-phone\" \/><\/span>\n\t<\/p>\n<\/div>\n<div class=\"form-grupo columnas2\">\n\t<p><span class=\"wpcf7-form-control-wrap\" data-name=\"your-city\"><input size=\"40\" maxlength=\"400\" class=\"wpcf7-form-control wpcf7-text\" aria-invalid=\"false\" placeholder=\"Distrito\" value=\"\" type=\"text\" name=\"your-city\" \/><\/span>\n\t<\/p>\n<\/div>\n<div class=\"form-grupo columnas2\">\n\t<p><span class=\"wpcf7-form-control-wrap\" data-name=\"your-country\"><input size=\"40\" maxlength=\"400\" class=\"wpcf7-form-control wpcf7-text\" aria-invalid=\"false\" placeholder=\"Pa\u00eds\" value=\"\" type=\"text\" name=\"your-country\" \/><\/span>\n\t<\/p>\n<\/div>\n<div class=\"form-grupo radios\">\n\t<p><span class=\"wpcf7-form-control-wrap\" data-name=\"your-type\"><span class=\"wpcf7-form-control wpcf7-radio\"><span class=\"wpcf7-list-item first\"><label><input type=\"radio\" name=\"your-type\" value=\"Sou loja\" checked=\"checked\" \/><span class=\"wpcf7-list-item-label\">Sou loja<\/span><\/label><\/span><span class=\"wpcf7-list-item\"><label><input type=\"radio\" name=\"your-type\" value=\"Sou grossista\" \/><span class=\"wpcf7-list-item-label\">Sou grossista<\/span><\/label><\/span><span class=\"wpcf7-list-item\"><label><input type=\"radio\" name=\"your-type\" value=\"Sou particular\" \/><span class=\"wpcf7-list-item-label\">Sou particular<\/span><\/label><\/span><span class=\"wpcf7-list-item last\"><label><input type=\"radio\" name=\"your-type\" value=\"Outros\" \/><span class=\"wpcf7-list-item-label\">Outros<\/span><\/label><\/span><\/span><\/span>\n\t<\/p>\n<\/div>\n<div class=\"form-grupo\">\n\t<p><span class=\"wpcf7-form-control-wrap\" data-name=\"your-message\"><textarea cols=\"40\" rows=\"10\" maxlength=\"2000\" class=\"wpcf7-form-control wpcf7-textarea wpcf7-validates-as-required\" aria-required=\"true\" aria-invalid=\"false\" placeholder=\"Mensagem\" name=\"your-message\"><\/textarea><\/span>\n\t<\/p>\n<\/div>\n<div class=\"form-grupo condiciones\">\n\t<p><span class=\"wpcf7-form-control-wrap\" data-name=\"checkbox-485\"><span class=\"wpcf7-form-control wpcf7-checkbox wpcf7-validates-as-required\"><span class=\"wpcf7-list-item first last\"><label><input type=\"checkbox\" name=\"checkbox-485[]\" value=\"\" \/><span class=\"wpcf7-list-item-label\"><\/span><\/label><\/span><\/span><\/span> \u00a0Autorizo a ceder os meus dados para dar resposta \u00e0 minha consulta. <a target=\"_blank\" href=\"\/politica-de-privacidad\" target=\"_blank\"> Pol\u00edtica de privacidade<\/a> e <a target=\"_blank\" href=\"\/aviso-legal\" target=\"_blank\">Aviso legal<\/a>\n\t<\/p>\n<\/div>\n<div class=\"form-grupo\" style=\"padding-top:20px;\">\n\t<p><input class=\"wpcf7-form-control wpcf7-submit has-spinner\" type=\"submit\" value=\"Enviar\" \/>\n\t<\/p>\n<\/div><div class=\"wpcf7-response-output\" aria-hidden=\"true\"><\/div>\n<\/form>\n<\/div>\n\n\t\t\t\t\t\t\t\t<\/div>\n\t\t\t\t\t<\/div>\n\t\t\t\t<\/div>\n\t\t\t\t<\/div>\n\t\t","protected":false},"excerpt":{"rendered":"<p>Contacto Wedom Group Atendimento ao cliente e consultas info@wedomgroup.com +34 986 71 60 32 +34 986 71 63 02 Hor\u00e1rio de atendimento:Segunda a Sexta-feira 8:00 \u2013 16:00 Escrit\u00f3rios centrais Grupo Wedom Paseo de Cervantes, 7-2\u00ba36001 Pontevedra (Espanha) info@wedomgroup.com +34 986 71 60 32 +34 986 71 63 02 Plataforma log\u00edstica e showroom Pol\u00edgono empresarial da [&hellip;]<\/p>\n","protected":false},"author":1,"featured_media":0,"parent":0,"menu_order":0,"comment_status":"closed","ping_status":"closed","template":"","meta":{"_acf_changed":false,"footnotes":""},"class_list":["post-5321","page","type-page","status-publish","hentry"],"acf":[],"yoast_head":"<!-- This site is optimized with the Yoast SEO plugin v27.5 - https:\/\/yoast.com\/product\/yoast-seo-wordpress\/ -->\n<title>Contacto Wedom Group | Atendimento ao cliente e escrit\u00f3rios<\/title>\n<meta name=\"description\" content=\"Entre em contacto com o Wedom Group para consultas, informa\u00e7\u00f5es sobre produtos ou colabora\u00e7\u00e3o. Atendimento r\u00e1pido e profissional em Espanha e Portugal.\" \/>\n<meta name=\"robots\" content=\"index, follow, max-snippet:-1, max-image-preview:large, max-video-preview:-1\" \/>\n<link rel=\"canonical\" href=\"https:\/\/wedomgroup.com\/pt-pt\/contacto\/\" \/>\n<meta property=\"og:locale\" content=\"pt_PT\" \/>\n<meta property=\"og:type\" content=\"article\" \/>\n<meta property=\"og:title\" content=\"Contacto Wedom Group | Atendimento ao cliente e escrit\u00f3rios\" \/>\n<meta property=\"og:description\" content=\"Entre em contacto com o Wedom Group para consultas, informa\u00e7\u00f5es sobre produtos ou colabora\u00e7\u00e3o. Atendimento r\u00e1pido e profissional em Espanha e Portugal.\" \/>\n<meta property=\"og:url\" content=\"https:\/\/wedomgroup.com\/pt-pt\/contacto\/\" \/>\n<meta property=\"og:site_name\" content=\"wedom\" \/>\n<meta property=\"article:modified_time\" content=\"2026-02-03T10:49:21+00:00\" \/>\n<meta property=\"og:image\" content=\"https:\/\/wedomgroup.com\/wp-content\/uploads\/2023\/05\/primer-plano-cara-ejecutiva-trabajando.jpg\" \/>\n\t<meta property=\"og:image:width\" content=\"2000\" \/>\n\t<meta property=\"og:image:height\" content=\"1333\" \/>\n\t<meta property=\"og:image:type\" content=\"image\/jpeg\" \/>\n<meta name=\"twitter:card\" content=\"summary_large_image\" \/>\n<script type=\"application\/ld+json\" class=\"yoast-schema-graph\">{\"@context\":\"https:\\\/\\\/schema.org\",\"@graph\":[{\"@type\":\"WebPage\",\"@id\":\"https:\\\/\\\/wedomgroup.com\\\/pt-pt\\\/contacto\\\/\",\"url\":\"https:\\\/\\\/wedomgroup.com\\\/pt-pt\\\/contacto\\\/\",\"name\":\"Contacto Wedom Group | Atendimento ao cliente e escrit\u00f3rios\",\"isPartOf\":{\"@id\":\"https:\\\/\\\/wedomgroup.com\\\/pt-pt\\\/#website\"},\"primaryImageOfPage\":{\"@id\":\"https:\\\/\\\/wedomgroup.com\\\/pt-pt\\\/contacto\\\/#primaryimage\"},\"image\":{\"@id\":\"https:\\\/\\\/wedomgroup.com\\\/pt-pt\\\/contacto\\\/#primaryimage\"},\"thumbnailUrl\":\"https:\\\/\\\/wedomgroup.com\\\/wp-content\\\/uploads\\\/2023\\\/05\\\/primer-plano-cara-ejecutiva-trabajando-1024x682.jpg\",\"datePublished\":\"2023-03-20T16:11:37+00:00\",\"dateModified\":\"2026-02-03T10:49:21+00:00\",\"description\":\"Entre em contacto com o Wedom Group para consultas, informa\u00e7\u00f5es sobre produtos ou colabora\u00e7\u00e3o. Atendimento r\u00e1pido e profissional em Espanha e Portugal.\",\"breadcrumb\":{\"@id\":\"https:\\\/\\\/wedomgroup.com\\\/pt-pt\\\/contacto\\\/#breadcrumb\"},\"inLanguage\":\"pt-PT\",\"potentialAction\":[{\"@type\":\"ReadAction\",\"target\":[\"https:\\\/\\\/wedomgroup.com\\\/pt-pt\\\/contacto\\\/\"]}]},{\"@type\":\"ImageObject\",\"inLanguage\":\"pt-PT\",\"@id\":\"https:\\\/\\\/wedomgroup.com\\\/pt-pt\\\/contacto\\\/#primaryimage\",\"url\":\"https:\\\/\\\/wedomgroup.com\\\/wp-content\\\/uploads\\\/2023\\\/05\\\/primer-plano-cara-ejecutiva-trabajando-1024x682.jpg\",\"contentUrl\":\"https:\\\/\\\/wedomgroup.com\\\/wp-content\\\/uploads\\\/2023\\\/05\\\/primer-plano-cara-ejecutiva-trabajando-1024x682.jpg\"},{\"@type\":\"BreadcrumbList\",\"@id\":\"https:\\\/\\\/wedomgroup.com\\\/pt-pt\\\/contacto\\\/#breadcrumb\",\"itemListElement\":[{\"@type\":\"ListItem\",\"position\":1,\"name\":\"Inicio\",\"item\":\"https:\\\/\\\/wedomgroup.com\\\/pt-pt\\\/\"},{\"@type\":\"ListItem\",\"position\":2,\"name\":\"Contacto\"}]},{\"@type\":\"WebSite\",\"@id\":\"https:\\\/\\\/wedomgroup.com\\\/pt-pt\\\/#website\",\"url\":\"https:\\\/\\\/wedomgroup.com\\\/pt-pt\\\/\",\"name\":\"Wedom\",\"description\":\"Hacemos realidad tu idea de hogar\",\"publisher\":{\"@id\":\"https:\\\/\\\/wedomgroup.com\\\/pt-pt\\\/#organization\"},\"potentialAction\":[{\"@type\":\"SearchAction\",\"target\":{\"@type\":\"EntryPoint\",\"urlTemplate\":\"https:\\\/\\\/wedomgroup.com\\\/pt-pt\\\/?s={search_term_string}\"},\"query-input\":{\"@type\":\"PropertyValueSpecification\",\"valueRequired\":true,\"valueName\":\"search_term_string\"}}],\"inLanguage\":\"pt-PT\"},{\"@type\":\"Organization\",\"@id\":\"https:\\\/\\\/wedomgroup.com\\\/pt-pt\\\/#organization\",\"name\":\"Wedom\",\"url\":\"https:\\\/\\\/wedomgroup.com\\\/pt-pt\\\/\",\"logo\":{\"@type\":\"ImageObject\",\"inLanguage\":\"pt-PT\",\"@id\":\"https:\\\/\\\/wedomgroup.com\\\/pt-pt\\\/#\\\/schema\\\/logo\\\/image\\\/\",\"url\":\"https:\\\/\\\/wedomgroup.com\\\/wp-content\\\/uploads\\\/2023\\\/05\\\/wedom-logo.png\",\"contentUrl\":\"https:\\\/\\\/wedomgroup.com\\\/wp-content\\\/uploads\\\/2023\\\/05\\\/wedom-logo.png\",\"width\":121,\"height\":28,\"caption\":\"Wedom\"},\"image\":{\"@id\":\"https:\\\/\\\/wedomgroup.com\\\/pt-pt\\\/#\\\/schema\\\/logo\\\/image\\\/\"},\"sameAs\":[\"https:\\\/\\\/www.linkedin.com\\\/company\\\/wedom-group\\\/\"]}]}<\/script>\n<!-- \/ Yoast SEO plugin. -->","yoast_head_json":{"title":"Contacto Wedom Group | Atendimento ao cliente e escrit\u00f3rios","description":"Entre em contacto com o Wedom Group para consultas, informa\u00e7\u00f5es sobre produtos ou colabora\u00e7\u00e3o. Atendimento r\u00e1pido e profissional em Espanha e Portugal.","robots":{"index":"index","follow":"follow","max-snippet":"max-snippet:-1","max-image-preview":"max-image-preview:large","max-video-preview":"max-video-preview:-1"},"canonical":"https:\/\/wedomgroup.com\/pt-pt\/contacto\/","og_locale":"pt_PT","og_type":"article","og_title":"Contacto Wedom Group | Atendimento ao cliente e escrit\u00f3rios","og_description":"Entre em contacto com o Wedom Group para consultas, informa\u00e7\u00f5es sobre produtos ou colabora\u00e7\u00e3o. Atendimento r\u00e1pido e profissional em Espanha e Portugal.","og_url":"https:\/\/wedomgroup.com\/pt-pt\/contacto\/","og_site_name":"wedom","article_modified_time":"2026-02-03T10:49:21+00:00","og_image":[{"width":2000,"height":1333,"url":"https:\/\/wedomgroup.com\/wp-content\/uploads\/2023\/05\/primer-plano-cara-ejecutiva-trabajando.jpg","type":"image\/jpeg"}],"twitter_card":"summary_large_image","schema":{"@context":"https:\/\/schema.org","@graph":[{"@type":"WebPage","@id":"https:\/\/wedomgroup.com\/pt-pt\/contacto\/","url":"https:\/\/wedomgroup.com\/pt-pt\/contacto\/","name":"Contacto Wedom Group | Atendimento ao cliente e escrit\u00f3rios","isPartOf":{"@id":"https:\/\/wedomgroup.com\/pt-pt\/#website"},"primaryImageOfPage":{"@id":"https:\/\/wedomgroup.com\/pt-pt\/contacto\/#primaryimage"},"image":{"@id":"https:\/\/wedomgroup.com\/pt-pt\/contacto\/#primaryimage"},"thumbnailUrl":"https:\/\/wedomgroup.com\/wp-content\/uploads\/2023\/05\/primer-plano-cara-ejecutiva-trabajando-1024x682.jpg","datePublished":"2023-03-20T16:11:37+00:00","dateModified":"2026-02-03T10:49:21+00:00","description":"Entre em contacto com o Wedom Group para consultas, informa\u00e7\u00f5es sobre produtos ou colabora\u00e7\u00e3o. Atendimento r\u00e1pido e profissional em Espanha e Portugal.","breadcrumb":{"@id":"https:\/\/wedomgroup.com\/pt-pt\/contacto\/#breadcrumb"},"inLanguage":"pt-PT","potentialAction":[{"@type":"ReadAction","target":["https:\/\/wedomgroup.com\/pt-pt\/contacto\/"]}]},{"@type":"ImageObject","inLanguage":"pt-PT","@id":"https:\/\/wedomgroup.com\/pt-pt\/contacto\/#primaryimage","url":"https:\/\/wedomgroup.com\/wp-content\/uploads\/2023\/05\/primer-plano-cara-ejecutiva-trabajando-1024x682.jpg","contentUrl":"https:\/\/wedomgroup.com\/wp-content\/uploads\/2023\/05\/primer-plano-cara-ejecutiva-trabajando-1024x682.jpg"},{"@type":"BreadcrumbList","@id":"https:\/\/wedomgroup.com\/pt-pt\/contacto\/#breadcrumb","itemListElement":[{"@type":"ListItem","position":1,"name":"Inicio","item":"https:\/\/wedomgroup.com\/pt-pt\/"},{"@type":"ListItem","position":2,"name":"Contacto"}]},{"@type":"WebSite","@id":"https:\/\/wedomgroup.com\/pt-pt\/#website","url":"https:\/\/wedomgroup.com\/pt-pt\/","name":"Wedom","description":"Hacemos realidad tu idea de hogar","publisher":{"@id":"https:\/\/wedomgroup.com\/pt-pt\/#organization"},"potentialAction":[{"@type":"SearchAction","target":{"@type":"EntryPoint","urlTemplate":"https:\/\/wedomgroup.com\/pt-pt\/?s={search_term_string}"},"query-input":{"@type":"PropertyValueSpecification","valueRequired":true,"valueName":"search_term_string"}}],"inLanguage":"pt-PT"},{"@type":"Organization","@id":"https:\/\/wedomgroup.com\/pt-pt\/#organization","name":"Wedom","url":"https:\/\/wedomgroup.com\/pt-pt\/","logo":{"@type":"ImageObject","inLanguage":"pt-PT","@id":"https:\/\/wedomgroup.com\/pt-pt\/#\/schema\/logo\/image\/","url":"https:\/\/wedomgroup.com\/wp-content\/uploads\/2023\/05\/wedom-logo.png","contentUrl":"https:\/\/wedomgroup.com\/wp-content\/uploads\/2023\/05\/wedom-logo.png","width":121,"height":28,"caption":"Wedom"},"image":{"@id":"https:\/\/wedomgroup.com\/pt-pt\/#\/schema\/logo\/image\/"},"sameAs":["https:\/\/www.linkedin.com\/company\/wedom-group\/"]}]}},"_links":{"self":[{"href":"https:\/\/wedomgroup.com\/pt-pt\/wp-json\/wp\/v2\/pages\/5321","targetHints":{"allow":["GET"]}}],"collection":[{"href":"https:\/\/wedomgroup.com\/pt-pt\/wp-json\/wp\/v2\/pages"}],"about":[{"href":"https:\/\/wedomgroup.com\/pt-pt\/wp-json\/wp\/v2\/types\/page"}],"author":[{"embeddable":true,"href":"https:\/\/wedomgroup.com\/pt-pt\/wp-json\/wp\/v2\/users\/1"}],"replies":[{"embeddable":true,"href":"https:\/\/wedomgroup.com\/pt-pt\/wp-json\/wp\/v2\/comments?post=5321"}],"version-history":[{"count":5,"href":"https:\/\/wedomgroup.com\/pt-pt\/wp-json\/wp\/v2\/pages\/5321\/revisions"}],"predecessor-version":[{"id":5403,"href":"https:\/\/wedomgroup.com\/pt-pt\/wp-json\/wp\/v2\/pages\/5321\/revisions\/5403"}],"wp:attachment":[{"href":"https:\/\/wedomgroup.com\/pt-pt\/wp-json\/wp\/v2\/media?parent=5321"}],"curies":[{"name":"wp","href":"https:\/\/api.w.org\/{rel}","templated":true}]}}