{"id":5352,"date":"2023-03-14T09:02:38","date_gmt":"2023-03-14T09:02:38","guid":{"rendered":"https:\/\/wedomgroup.com\/aviso-legal\/"},"modified":"2026-02-20T08:44:25","modified_gmt":"2026-02-20T08:44:25","slug":"aviso-legal","status":"publish","type":"page","link":"https:\/\/wedomgroup.com\/pt-pt\/aviso-legal\/","title":{"rendered":"Aviso legal"},"content":{"rendered":"\t\t<div data-elementor-type=\"wp-page\" data-elementor-id=\"5352\" class=\"elementor elementor-5352 elementor-3\" data-elementor-post-type=\"page\">\n\t\t\t\t<div class=\"elementor-element elementor-element-3621df33 legal e-flex e-con-boxed e-con e-parent\" data-id=\"3621df33\" data-element_type=\"container\" data-e-type=\"container\">\n\t\t\t\t\t<div class=\"e-con-inner\">\n\t\t\t\t<div class=\"elementor-element elementor-element-723572d elementor-widget elementor-widget-text-editor\" data-id=\"723572d\" data-element_type=\"widget\" data-e-type=\"widget\" data-widget_type=\"text-editor.default\">\n\t\t\t\t\t\t\t\t\t<p><strong>Em conformidade com o dever de informa\u00e7\u00e3o previsto no artigo 10.\u00ba da Lei 34\/2002, de 11 de julho, relativa aos Servi\u00e7os da Sociedade da Informa\u00e7\u00e3o e Com\u00e9rcio Eletr\u00f3nico, a seguir se apresentam os seguintes dados:<\/strong><\/p><p>A empresa titular da P\u00c1GINA WEB <a href=\"http:\/\/www.wedomgroup.com\" target=\"_blank\" rel=\"noopener\">www.wedomgroup.com<\/a> \u00e9 a <strong>TEXTILES DOSAN S.L.<\/strong>, com sede em: C\/ Pastor D\u00edaz, 1, 1\u00ba B. 36001 Pontevedra. E-mail: <a href=\"mailto:info@wedomgroup.com\">info@wedomgroup.com<\/a>, telefone de contacto: <a href=\"tel:+34986716032\">986 71 60 32<\/a>, com n\u00famero de C.I.F: B-36348803, inscrita no Registo Comercial de Pontevedra no F\u00f3lio 1, Livro 2400, Folha PO24743, Sec\u00e7\u00e3o. 8, Insc. 1\u00aa.<\/p><h2>INFORMA\u00c7\u00d5ES ADICIONAIS SOBRE A PROTE\u00c7\u00c3O DE DADOS<\/h2><p>Em conformidade com a legisla\u00e7\u00e3o em vigor sobre a prote\u00e7\u00e3o de dados pessoais, fornecemos as seguintes informa\u00e7\u00f5es adicionais:<\/p><h3>1. RESPONS\u00c1VEL DO TRATAMENTO DE DADOS<\/h3><p><strong>TEXTILES DOSAN S.L.<\/strong><\/p><p>Morada: C\/ Pastor D\u00edaz, 1, 1\u00ba B. 36001, Pontevedra.<\/p><p>E-mail: <a href=\"mailto:info@wedomgroup.com\">info@wedomgroup.com<\/a><\/p><p>Telefone de contacto: <a href=\"tel:+34986716032\">986 71 60 32<\/a><\/p><h3>2. FINALIDADE DO TRATAMENTO DOS DADOS PESSOAIS<\/h3><p>Os dados pessoais que fornece atrav\u00e9s da p\u00e1gina web ser\u00e3o tratados com as seguintes finalidades:<\/p><ul><li>Gerir e responder a pedidos efetuados atrav\u00e9s dos formul\u00e1rios de contacto.<\/li><li>Envio de comunica\u00e7\u00f5es comerciais e promocionais, se o consentimento tiver sido concedido para o efeito.<\/li><li>Realizar estat\u00edsticas e an\u00e1lises da atividade na p\u00e1gina web com o objetivo de melhoria.<\/li><\/ul><h3>3. LEGITIMA\u00c7\u00c3O PARA O TRATAMENTO DOS DADOS<\/h3><p>A base legal para o tratamento dos dados pessoais baseia-se em:<\/p><ul><li>O consentimento concedido pelo utilizador para o tratamento dos seus dados pessoais.<\/li><li>A necessidade de cumprir uma obriga\u00e7\u00e3o legal ou contratual.<\/li><\/ul><h3>4. DESTINAT\u00c1RIOS DOS DADOS PESSOAIS<\/h3><p>Os dados pessoais n\u00e3o ser\u00e3o cedidos a terceiros, exceto nos casos em que seja necess\u00e1rio para cumprir uma obriga\u00e7\u00e3o legal ou autoriza\u00e7\u00e3o pr\u00e9via do titular dos dados.<\/p><h3>5. DIREITOS DO UTILIZADOR<\/h3><p>O utilizador pode exercer os seguintes direitos em rela\u00e7\u00e3o aos seus dados pessoais:<\/p><ul><li><strong>Direito de acesso:<\/strong> Solicitar informa\u00e7\u00f5es sobre os dados pessoais que temos.<\/li><li><strong>Direito de retifica\u00e7\u00e3o:<\/strong> Modificar os dados pessoais que sejam inexatos ou incompletos.<\/li><li><strong>Direito de elimina\u00e7\u00e3o:<\/strong> Solicitar a elimina\u00e7\u00e3o dos dados pessoais quando j\u00e1 n\u00e3o forem necess\u00e1rios para os fins para os quais foram recolhidos.<\/li><li><strong>Direito de oposi\u00e7\u00e3o:<\/strong> Opor-se ao tratamento dos dados pessoais em determinadas circunst\u00e2ncias.<\/li><li><strong>Direito de limita\u00e7\u00e3o do tratamento:<\/strong> Solicitar a limita\u00e7\u00e3o do tratamento dos dados em certos casos.<\/li><li><strong>Direito de portabilidade:<\/strong> Solicitar a transfer\u00eancia dos dados pessoais para outro respons\u00e1vel pelo tratamento.<\/li><\/ul><h3>6. CONSERVA\u00c7\u00c3O DOS DADOS PESSOAIS<\/h3><p>Os dados pessoais ser\u00e3o conservados durante o tempo necess\u00e1rio para cumprir a finalidade para a qual foram recolhidos e, em qualquer caso, de acordo com os prazos estabelecidos pela legisla\u00e7\u00e3o aplic\u00e1vel.<\/p><h3>7. MEDIDAS DE SEGURAN\u00c7A<\/h3><p>A TEXTILES DOSAN S.L. adotou as medidas t\u00e9cnicas e organizativas adequadas para garantir a seguran\u00e7a e confidencialidade dos dados pessoais, evitando a sua altera\u00e7\u00e3o, perda, tratamento ou acesso n\u00e3o autorizado.<\/p><h2>USO DE COOKIES<\/h2><p>A p\u00e1gina web www.wedomgroup.com utiliza cookies para melhorar a experi\u00eancia do utilizador. Pode obter mais informa\u00e7\u00f5es sobre o uso de cookies na nossa <a href=\"\/cookies\">Pol\u00edtica de Cookies<\/a>.<\/p><h2>ALTERA\u00c7\u00d5ES NO AVISO LEGAL<\/h2><p>A TEXTILES DOSAN S.L. reserva-se o direito de alterar este Aviso Legal a qualquer momento. Qualquer altera\u00e7\u00e3o ser\u00e1 publicada nesta p\u00e1gina, pelo que lhe recomendamos que a revise periodicamente.<\/p>\t\t\t\t\t\t\t\t<\/div>\n\t\t\t\t\t<\/div>\n\t\t\t\t<\/div>\n\t\t\t\t<\/div>\n\t\t","protected":false},"excerpt":{"rendered":"<p>Em conformidade com o dever de informa\u00e7\u00e3o previsto no artigo 10.\u00ba da Lei 34\/2002, de 11 de julho, relativa aos Servi\u00e7os da Sociedade da Informa\u00e7\u00e3o e Com\u00e9rcio Eletr\u00f3nico, a seguir se apresentam os seguintes dados: A empresa titular da P\u00c1GINA WEB www.wedomgroup.com \u00e9 a TEXTILES DOSAN S.L., com sede em: C\/ Pastor D\u00edaz, 1, 1\u00ba [&hellip;]<\/p>\n","protected":false},"author":1,"featured_media":0,"parent":0,"menu_order":0,"comment_status":"closed","ping_status":"open","template":"","meta":{"_acf_changed":false,"footnotes":""},"class_list":["post-5352","page","type-page","status-publish","hentry"],"acf":[],"yoast_head":"<!-- This site is optimized with the Yoast SEO plugin v27.5 - https:\/\/yoast.com\/product\/yoast-seo-wordpress\/ -->\n<title>Aviso legal Pt - wedom<\/title>\n<meta name=\"robots\" content=\"index, follow, max-snippet:-1, max-image-preview:large, max-video-preview:-1\" \/>\n<link rel=\"canonical\" href=\"https:\/\/wedomgroup.com\/pt-pt\/aviso-legal\/\" \/>\n<meta property=\"og:locale\" content=\"pt_PT\" \/>\n<meta property=\"og:type\" content=\"article\" \/>\n<meta property=\"og:title\" content=\"Aviso legal Pt - wedom\" \/>\n<meta property=\"og:description\" content=\"Em conformidade com o dever de informa\u00e7\u00e3o previsto no artigo 10.\u00ba da Lei 34\/2002, de 11 de julho, relativa aos Servi\u00e7os da Sociedade da Informa\u00e7\u00e3o e Com\u00e9rcio Eletr\u00f3nico, a seguir se apresentam os seguintes dados: A empresa titular da P\u00c1GINA WEB www.wedomgroup.com \u00e9 a TEXTILES DOSAN S.L., com sede em: C\/ Pastor D\u00edaz, 1, 1\u00ba [&hellip;]\" \/>\n<meta property=\"og:url\" content=\"https:\/\/wedomgroup.com\/pt-pt\/aviso-legal\/\" \/>\n<meta property=\"og:site_name\" content=\"wedom\" \/>\n<meta property=\"article:modified_time\" content=\"2026-02-20T08:44:25+00:00\" \/>\n<meta name=\"twitter:card\" content=\"summary_large_image\" \/>\n<meta name=\"twitter:label1\" content=\"Tempo estimado de leitura\" \/>\n\t<meta name=\"twitter:data1\" content=\"3 minutos\" \/>\n<script type=\"application\/ld+json\" class=\"yoast-schema-graph\">{\"@context\":\"https:\\\/\\\/schema.org\",\"@graph\":[{\"@type\":\"WebPage\",\"@id\":\"https:\\\/\\\/wedomgroup.com\\\/pt-pt\\\/aviso-legal\\\/\",\"url\":\"https:\\\/\\\/wedomgroup.com\\\/pt-pt\\\/aviso-legal\\\/\",\"name\":\"Aviso legal Pt - wedom\",\"isPartOf\":{\"@id\":\"https:\\\/\\\/wedomgroup.com\\\/pt-pt\\\/#website\"},\"datePublished\":\"2023-03-14T09:02:38+00:00\",\"dateModified\":\"2026-02-20T08:44:25+00:00\",\"breadcrumb\":{\"@id\":\"https:\\\/\\\/wedomgroup.com\\\/pt-pt\\\/aviso-legal\\\/#breadcrumb\"},\"inLanguage\":\"pt-PT\",\"potentialAction\":[{\"@type\":\"ReadAction\",\"target\":[\"https:\\\/\\\/wedomgroup.com\\\/pt-pt\\\/aviso-legal\\\/\"]}]},{\"@type\":\"BreadcrumbList\",\"@id\":\"https:\\\/\\\/wedomgroup.com\\\/pt-pt\\\/aviso-legal\\\/#breadcrumb\",\"itemListElement\":[{\"@type\":\"ListItem\",\"position\":1,\"name\":\"Inicio\",\"item\":\"https:\\\/\\\/wedomgroup.com\\\/pt-pt\\\/\"},{\"@type\":\"ListItem\",\"position\":2,\"name\":\"Aviso legal\"}]},{\"@type\":\"WebSite\",\"@id\":\"https:\\\/\\\/wedomgroup.com\\\/pt-pt\\\/#website\",\"url\":\"https:\\\/\\\/wedomgroup.com\\\/pt-pt\\\/\",\"name\":\"Wedom\",\"description\":\"Hacemos realidad tu idea de hogar\",\"publisher\":{\"@id\":\"https:\\\/\\\/wedomgroup.com\\\/pt-pt\\\/#organization\"},\"potentialAction\":[{\"@type\":\"SearchAction\",\"target\":{\"@type\":\"EntryPoint\",\"urlTemplate\":\"https:\\\/\\\/wedomgroup.com\\\/pt-pt\\\/?s={search_term_string}\"},\"query-input\":{\"@type\":\"PropertyValueSpecification\",\"valueRequired\":true,\"valueName\":\"search_term_string\"}}],\"inLanguage\":\"pt-PT\"},{\"@type\":\"Organization\",\"@id\":\"https:\\\/\\\/wedomgroup.com\\\/pt-pt\\\/#organization\",\"name\":\"Wedom\",\"url\":\"https:\\\/\\\/wedomgroup.com\\\/pt-pt\\\/\",\"logo\":{\"@type\":\"ImageObject\",\"inLanguage\":\"pt-PT\",\"@id\":\"https:\\\/\\\/wedomgroup.com\\\/pt-pt\\\/#\\\/schema\\\/logo\\\/image\\\/\",\"url\":\"https:\\\/\\\/wedomgroup.com\\\/wp-content\\\/uploads\\\/2023\\\/05\\\/wedom-logo.png\",\"contentUrl\":\"https:\\\/\\\/wedomgroup.com\\\/wp-content\\\/uploads\\\/2023\\\/05\\\/wedom-logo.png\",\"width\":121,\"height\":28,\"caption\":\"Wedom\"},\"image\":{\"@id\":\"https:\\\/\\\/wedomgroup.com\\\/pt-pt\\\/#\\\/schema\\\/logo\\\/image\\\/\"},\"sameAs\":[\"https:\\\/\\\/www.linkedin.com\\\/company\\\/wedom-group\\\/\"]}]}<\/script>\n<!-- \/ Yoast SEO plugin. -->","yoast_head_json":{"title":"Aviso legal Pt - wedom","robots":{"index":"index","follow":"follow","max-snippet":"max-snippet:-1","max-image-preview":"max-image-preview:large","max-video-preview":"max-video-preview:-1"},"canonical":"https:\/\/wedomgroup.com\/pt-pt\/aviso-legal\/","og_locale":"pt_PT","og_type":"article","og_title":"Aviso legal Pt - wedom","og_description":"Em conformidade com o dever de informa\u00e7\u00e3o previsto no artigo 10.\u00ba da Lei 34\/2002, de 11 de julho, relativa aos Servi\u00e7os da Sociedade da Informa\u00e7\u00e3o e Com\u00e9rcio Eletr\u00f3nico, a seguir se apresentam os seguintes dados: A empresa titular da P\u00c1GINA WEB www.wedomgroup.com \u00e9 a TEXTILES DOSAN S.L., com sede em: C\/ Pastor D\u00edaz, 1, 1\u00ba [&hellip;]","og_url":"https:\/\/wedomgroup.com\/pt-pt\/aviso-legal\/","og_site_name":"wedom","article_modified_time":"2026-02-20T08:44:25+00:00","twitter_card":"summary_large_image","twitter_misc":{"Tempo estimado de leitura":"3 minutos"},"schema":{"@context":"https:\/\/schema.org","@graph":[{"@type":"WebPage","@id":"https:\/\/wedomgroup.com\/pt-pt\/aviso-legal\/","url":"https:\/\/wedomgroup.com\/pt-pt\/aviso-legal\/","name":"Aviso legal Pt - wedom","isPartOf":{"@id":"https:\/\/wedomgroup.com\/pt-pt\/#website"},"datePublished":"2023-03-14T09:02:38+00:00","dateModified":"2026-02-20T08:44:25+00:00","breadcrumb":{"@id":"https:\/\/wedomgroup.com\/pt-pt\/aviso-legal\/#breadcrumb"},"inLanguage":"pt-PT","potentialAction":[{"@type":"ReadAction","target":["https:\/\/wedomgroup.com\/pt-pt\/aviso-legal\/"]}]},{"@type":"BreadcrumbList","@id":"https:\/\/wedomgroup.com\/pt-pt\/aviso-legal\/#breadcrumb","itemListElement":[{"@type":"ListItem","position":1,"name":"Inicio","item":"https:\/\/wedomgroup.com\/pt-pt\/"},{"@type":"ListItem","position":2,"name":"Aviso legal"}]},{"@type":"WebSite","@id":"https:\/\/wedomgroup.com\/pt-pt\/#website","url":"https:\/\/wedomgroup.com\/pt-pt\/","name":"Wedom","description":"Hacemos realidad tu idea de hogar","publisher":{"@id":"https:\/\/wedomgroup.com\/pt-pt\/#organization"},"potentialAction":[{"@type":"SearchAction","target":{"@type":"EntryPoint","urlTemplate":"https:\/\/wedomgroup.com\/pt-pt\/?s={search_term_string}"},"query-input":{"@type":"PropertyValueSpecification","valueRequired":true,"valueName":"search_term_string"}}],"inLanguage":"pt-PT"},{"@type":"Organization","@id":"https:\/\/wedomgroup.com\/pt-pt\/#organization","name":"Wedom","url":"https:\/\/wedomgroup.com\/pt-pt\/","logo":{"@type":"ImageObject","inLanguage":"pt-PT","@id":"https:\/\/wedomgroup.com\/pt-pt\/#\/schema\/logo\/image\/","url":"https:\/\/wedomgroup.com\/wp-content\/uploads\/2023\/05\/wedom-logo.png","contentUrl":"https:\/\/wedomgroup.com\/wp-content\/uploads\/2023\/05\/wedom-logo.png","width":121,"height":28,"caption":"Wedom"},"image":{"@id":"https:\/\/wedomgroup.com\/pt-pt\/#\/schema\/logo\/image\/"},"sameAs":["https:\/\/www.linkedin.com\/company\/wedom-group\/"]}]}},"_links":{"self":[{"href":"https:\/\/wedomgroup.com\/pt-pt\/wp-json\/wp\/v2\/pages\/5352","targetHints":{"allow":["GET"]}}],"collection":[{"href":"https:\/\/wedomgroup.com\/pt-pt\/wp-json\/wp\/v2\/pages"}],"about":[{"href":"https:\/\/wedomgroup.com\/pt-pt\/wp-json\/wp\/v2\/types\/page"}],"author":[{"embeddable":true,"href":"https:\/\/wedomgroup.com\/pt-pt\/wp-json\/wp\/v2\/users\/1"}],"replies":[{"embeddable":true,"href":"https:\/\/wedomgroup.com\/pt-pt\/wp-json\/wp\/v2\/comments?post=5352"}],"version-history":[{"count":7,"href":"https:\/\/wedomgroup.com\/pt-pt\/wp-json\/wp\/v2\/pages\/5352\/revisions"}],"predecessor-version":[{"id":5755,"href":"https:\/\/wedomgroup.com\/pt-pt\/wp-json\/wp\/v2\/pages\/5352\/revisions\/5755"}],"wp:attachment":[{"href":"https:\/\/wedomgroup.com\/pt-pt\/wp-json\/wp\/v2\/media?parent=5352"}],"curies":[{"name":"wp","href":"https:\/\/api.w.org\/{rel}","templated":true}]}}