{"id":5368,"date":"2026-01-21T11:54:08","date_gmt":"2026-01-21T11:54:08","guid":{"rendered":"https:\/\/wedomgroup.com\/politica-de-privacidade\/"},"modified":"2026-02-20T08:22:32","modified_gmt":"2026-02-20T08:22:32","slug":"politica-de-privacidade","status":"publish","type":"page","link":"https:\/\/wedomgroup.com\/pt-pt\/politica-de-privacidade\/","title":{"rendered":"Pol\u00edtica de privacidade"},"content":{"rendered":"\t\t<div data-elementor-type=\"wp-page\" data-elementor-id=\"5368\" class=\"elementor elementor-5368 elementor-4003\" data-elementor-post-type=\"page\">\n\t\t\t\t<div class=\"elementor-element elementor-element-3fe5cb67 legal e-flex e-con-boxed e-con e-parent\" data-id=\"3fe5cb67\" data-element_type=\"container\" data-e-type=\"container\">\n\t\t\t\t\t<div class=\"e-con-inner\">\n\t\t\t\t<div class=\"elementor-element elementor-element-114a627a elementor-widget elementor-widget-text-editor\" data-id=\"114a627a\" data-element_type=\"widget\" data-e-type=\"widget\" data-widget_type=\"text-editor.default\">\n\t\t\t\t\t\t\t\t\t<p>Na TEXTILES DOSAN S.L., respetamos a sua privacidade e comprometemo-nos a proteger as informa\u00e7\u00f5es pessoais que nos fornece. A seguir, explicamos como recolhemos, utilizamos e protegemos os seus dados pessoais de acordo com a legisla\u00e7\u00e3o em vigor, em particular, o Regulamento (UE) 2016\/679 do Parlamento Europeu e do Conselho, de 27 de abril de 2016, relativo \u00e0 prote\u00e7\u00e3o das pessoas singulares no que diz respeito ao tratamento de dados pessoais (Regulamento Geral de Prote\u00e7\u00e3o de Dados, RGPD).<\/p><h3>1. RESPONS\u00c1VEL DO TRATAMENTO<\/h3><p>O respons\u00e1vel pelo tratamento dos seus dados pessoais \u00e9:<\/p><p><strong>TEXTILES DOSAN S.L.<\/strong><\/p><p>Morada: C\/ Pastor D\u00edaz, 1, 1\u00ba B. 36001, Pontevedra.<\/p><p>E-mail: <a href=\"mailto:info@wedomgroup.com\">info@wedomgroup.com<\/a><\/p><p>Telefone: <a href=\"tel:+34986716032\">986 71 60 32<\/a><\/p><h3>2. FINALIDADE DO TRATAMENTO DE DADOS PESSOAIS<\/h3><p>Os dados pessoais que nos fornece ser\u00e3o tratados para as seguintes finalidades:<\/p><ul><li>Gerir e responder aos pedidos de informa\u00e7\u00e3o recebidos atrav\u00e9s dos formul\u00e1rios de contacto.<\/li><li>Envio de comunica\u00e7\u00f5es comerciais, promo\u00e7\u00f5es e ofertas, desde que tenha sido dado o consentimento expresso para o efeito.<\/li><li>Realizar an\u00e1lises estat\u00edsticas sobre a navega\u00e7\u00e3o no site com o objetivo de melhorar a experi\u00eancia do utilizador.<\/li><\/ul><h3>3. LEGITIMA\u00c7\u00c3O PARA O TRATAMENTO DE DADOS<\/h3><p>A base jur\u00eddica para o tratamento dos seus dados pessoais baseia-se em:<\/p><ul><li>O consentimento expl\u00edcito que nos concede ao preencher os formul\u00e1rios de contacto e subscrever as nossas comunica\u00e7\u00f5es.<\/li><li>A necessidade de cumprir uma obriga\u00e7\u00e3o legal ou contratual que exija o tratamento dos seus dados.<\/li><\/ul><h3>4. DESTINAT\u00c1RIOS DOS DADOS PESSOAIS<\/h3><p>Os dados pessoais n\u00e3o ser\u00e3o cedidos a terceiros, exceto nos casos em que seja necess\u00e1rio para cumprir uma obriga\u00e7\u00e3o legal ou quando seja necess\u00e1rio para prestar os servi\u00e7os solicitados, desde que exista o consentimento do interessado.<\/p><h3>5. DIREITOS DO UTILIZADOR<\/h3><p>Como utilizador, tem o direito de:<\/p><ul><li><strong>Direito de acesso:<\/strong> Obter informa\u00e7\u00f5es sobre os dados pessoais que temos sobre si.<\/li><li><strong>Direito de retifica\u00e7\u00e3o:<\/strong> Modificar os dados pessoais imprecisos ou incompletos.<\/li><li><strong>Direito de elimina\u00e7\u00e3o:<\/strong> Solicitar a elimina\u00e7\u00e3o dos seus dados pessoais em determinadas circunst\u00e2ncias.<\/li><li><strong>Direito de oposi\u00e7\u00e3o:<\/strong> Opor-se ao tratamento dos seus dados pessoais em determinados casos.<\/li><li><strong>Direito de limita\u00e7\u00e3o do tratamento:<\/strong> Solicitar a limita\u00e7\u00e3o do tratamento dos seus dados.<\/li><li><strong>Direito de portabilidade:<\/strong> Solicitar a transfer\u00eancia dos seus dados pessoais para outro respons\u00e1vel pelo tratamento.<\/li><\/ul><p>Para exercer estes direitos, pode entrar em contacto connosco atrav\u00e9s do e-mail <a href=\"mailto:info@wedomgroup.com\">info@wedomgroup.com<\/a>.<\/p><h3>6. CONSERVA\u00c7\u00c3O DOS DADOS PESSOAIS<\/h3><p>Os dados pessoais fornecidos ser\u00e3o conservados durante o tempo necess\u00e1rio para cumprir a finalidade para a qual foram recolhidos e, em qualquer caso, de acordo com os prazos estabelecidos pela legisla\u00e7\u00e3o aplic\u00e1vel. Uma vez cumprida a finalidade, os dados ser\u00e3o eliminados de acordo com a nossa pol\u00edtica de reten\u00e7\u00e3o.<\/p><h3>7. MEDIDAS DE SEGURAN\u00c7A<\/h3><p>Na TEXTILES DOSAN S.L. adotamos as medidas de seguran\u00e7a necess\u00e1rias para proteger os seus dados pessoais de acordo com a legisla\u00e7\u00e3o em vigor, utilizando medidas t\u00e9cnicas e organizativas adequadas para evitar a sua altera\u00e7\u00e3o, perda, tratamento ou acesso n\u00e3o autorizado.<\/p><h3>8. USO DE COOKIES<\/h3><p>Este site utiliza cookies para melhorar a experi\u00eancia do utilizador. Os cookies s\u00e3o pequenos ficheiros que s\u00e3o armazenados no seu dispositivo. Pode obter mais informa\u00e7\u00f5es sobre como utilizamos as cookies na nossa <a href=\"\/cookies\">Pol\u00edtica de Cookies<\/a>.<\/p><h3>9. ALTERA\u00c7\u00d5ES NA POL\u00cdTICA DE PRIVACIDADE<\/h3><p>A TEXTILES DOSAN S.L. reserva-se o direito de alterar esta Pol\u00edtica de Privacidade a qualquer momento. Quaisquer altera\u00e7\u00f5es ser\u00e3o publicadas nesta p\u00e1gina, pelo que lhe recomendamos que a consulte periodicamente.<\/p><h3>10. CONTACTO<\/h3><p>Se tiver alguma d\u00favida ou pergunta sobre esta Pol\u00edtica de Privacidade ou sobre o tratamento dos seus dados pessoais, n\u00e3o hesite em contactar-nos atrav\u00e9s do e-mail <a href=\"mailto:info@wedomgroup.com\">info@wedomgroup.com<\/a> ou para o telefone <a href=\"tel:+34986716032\">986 71 60 32<\/a>.<\/p>\t\t\t\t\t\t\t\t<\/div>\n\t\t\t\t\t<\/div>\n\t\t\t\t<\/div>\n\t\t\t\t<\/div>\n\t\t","protected":false},"excerpt":{"rendered":"<p>Na TEXTILES DOSAN S.L., respetamos a sua privacidade e comprometemo-nos a proteger as informa\u00e7\u00f5es pessoais que nos fornece. A seguir, explicamos como recolhemos, utilizamos e protegemos os seus dados pessoais de acordo com a legisla\u00e7\u00e3o em vigor, em particular, o Regulamento (UE) 2016\/679 do Parlamento Europeu e do Conselho, de 27 de abril de 2016, [&hellip;]<\/p>\n","protected":false},"author":3,"featured_media":0,"parent":0,"menu_order":0,"comment_status":"closed","ping_status":"closed","template":"","meta":{"_acf_changed":false,"footnotes":""},"class_list":["post-5368","page","type-page","status-publish","hentry"],"acf":[],"yoast_head":"<!-- This site is optimized with the Yoast SEO plugin v27.5 - https:\/\/yoast.com\/product\/yoast-seo-wordpress\/ -->\n<title>Pol\u00edtica de privacidade - wedom<\/title>\n<meta name=\"robots\" content=\"index, follow, max-snippet:-1, max-image-preview:large, max-video-preview:-1\" \/>\n<link rel=\"canonical\" href=\"https:\/\/wedomgroup.com\/pt-pt\/politica-de-privacidade\/\" \/>\n<meta property=\"og:locale\" content=\"pt_PT\" \/>\n<meta property=\"og:type\" content=\"article\" \/>\n<meta property=\"og:title\" content=\"Pol\u00edtica de privacidade - wedom\" \/>\n<meta property=\"og:description\" content=\"Na TEXTILES DOSAN S.L., respetamos a sua privacidade e comprometemo-nos a proteger as informa\u00e7\u00f5es pessoais que nos fornece. A seguir, explicamos como recolhemos, utilizamos e protegemos os seus dados pessoais de acordo com a legisla\u00e7\u00e3o em vigor, em particular, o Regulamento (UE) 2016\/679 do Parlamento Europeu e do Conselho, de 27 de abril de 2016, [&hellip;]\" \/>\n<meta property=\"og:url\" content=\"https:\/\/wedomgroup.com\/pt-pt\/politica-de-privacidade\/\" \/>\n<meta property=\"og:site_name\" content=\"wedom\" \/>\n<meta property=\"article:modified_time\" content=\"2026-02-20T08:22:32+00:00\" \/>\n<meta name=\"twitter:card\" content=\"summary_large_image\" \/>\n<meta name=\"twitter:label1\" content=\"Tempo estimado de leitura\" \/>\n\t<meta name=\"twitter:data1\" content=\"4 minutos\" \/>\n<script type=\"application\/ld+json\" class=\"yoast-schema-graph\">{\"@context\":\"https:\\\/\\\/schema.org\",\"@graph\":[{\"@type\":\"WebPage\",\"@id\":\"https:\\\/\\\/wedomgroup.com\\\/pt-pt\\\/politica-de-privacidade\\\/\",\"url\":\"https:\\\/\\\/wedomgroup.com\\\/pt-pt\\\/politica-de-privacidade\\\/\",\"name\":\"Pol\u00edtica de privacidade - wedom\",\"isPartOf\":{\"@id\":\"https:\\\/\\\/wedomgroup.com\\\/pt-pt\\\/#website\"},\"datePublished\":\"2026-01-21T11:54:08+00:00\",\"dateModified\":\"2026-02-20T08:22:32+00:00\",\"breadcrumb\":{\"@id\":\"https:\\\/\\\/wedomgroup.com\\\/pt-pt\\\/politica-de-privacidade\\\/#breadcrumb\"},\"inLanguage\":\"pt-PT\",\"potentialAction\":[{\"@type\":\"ReadAction\",\"target\":[\"https:\\\/\\\/wedomgroup.com\\\/pt-pt\\\/politica-de-privacidade\\\/\"]}]},{\"@type\":\"BreadcrumbList\",\"@id\":\"https:\\\/\\\/wedomgroup.com\\\/pt-pt\\\/politica-de-privacidade\\\/#breadcrumb\",\"itemListElement\":[{\"@type\":\"ListItem\",\"position\":1,\"name\":\"Inicio\",\"item\":\"https:\\\/\\\/wedomgroup.com\\\/pt-pt\\\/\"},{\"@type\":\"ListItem\",\"position\":2,\"name\":\"Pol\u00edtica de privacidade\"}]},{\"@type\":\"WebSite\",\"@id\":\"https:\\\/\\\/wedomgroup.com\\\/pt-pt\\\/#website\",\"url\":\"https:\\\/\\\/wedomgroup.com\\\/pt-pt\\\/\",\"name\":\"Wedom\",\"description\":\"Hacemos realidad tu idea de hogar\",\"publisher\":{\"@id\":\"https:\\\/\\\/wedomgroup.com\\\/pt-pt\\\/#organization\"},\"potentialAction\":[{\"@type\":\"SearchAction\",\"target\":{\"@type\":\"EntryPoint\",\"urlTemplate\":\"https:\\\/\\\/wedomgroup.com\\\/pt-pt\\\/?s={search_term_string}\"},\"query-input\":{\"@type\":\"PropertyValueSpecification\",\"valueRequired\":true,\"valueName\":\"search_term_string\"}}],\"inLanguage\":\"pt-PT\"},{\"@type\":\"Organization\",\"@id\":\"https:\\\/\\\/wedomgroup.com\\\/pt-pt\\\/#organization\",\"name\":\"Wedom\",\"url\":\"https:\\\/\\\/wedomgroup.com\\\/pt-pt\\\/\",\"logo\":{\"@type\":\"ImageObject\",\"inLanguage\":\"pt-PT\",\"@id\":\"https:\\\/\\\/wedomgroup.com\\\/pt-pt\\\/#\\\/schema\\\/logo\\\/image\\\/\",\"url\":\"https:\\\/\\\/wedomgroup.com\\\/wp-content\\\/uploads\\\/2023\\\/05\\\/wedom-logo.png\",\"contentUrl\":\"https:\\\/\\\/wedomgroup.com\\\/wp-content\\\/uploads\\\/2023\\\/05\\\/wedom-logo.png\",\"width\":121,\"height\":28,\"caption\":\"Wedom\"},\"image\":{\"@id\":\"https:\\\/\\\/wedomgroup.com\\\/pt-pt\\\/#\\\/schema\\\/logo\\\/image\\\/\"},\"sameAs\":[\"https:\\\/\\\/www.linkedin.com\\\/company\\\/wedom-group\\\/\"]}]}<\/script>\n<!-- \/ Yoast SEO plugin. -->","yoast_head_json":{"title":"Pol\u00edtica de privacidade - wedom","robots":{"index":"index","follow":"follow","max-snippet":"max-snippet:-1","max-image-preview":"max-image-preview:large","max-video-preview":"max-video-preview:-1"},"canonical":"https:\/\/wedomgroup.com\/pt-pt\/politica-de-privacidade\/","og_locale":"pt_PT","og_type":"article","og_title":"Pol\u00edtica de privacidade - wedom","og_description":"Na TEXTILES DOSAN S.L., respetamos a sua privacidade e comprometemo-nos a proteger as informa\u00e7\u00f5es pessoais que nos fornece. A seguir, explicamos como recolhemos, utilizamos e protegemos os seus dados pessoais de acordo com a legisla\u00e7\u00e3o em vigor, em particular, o Regulamento (UE) 2016\/679 do Parlamento Europeu e do Conselho, de 27 de abril de 2016, [&hellip;]","og_url":"https:\/\/wedomgroup.com\/pt-pt\/politica-de-privacidade\/","og_site_name":"wedom","article_modified_time":"2026-02-20T08:22:32+00:00","twitter_card":"summary_large_image","twitter_misc":{"Tempo estimado de leitura":"4 minutos"},"schema":{"@context":"https:\/\/schema.org","@graph":[{"@type":"WebPage","@id":"https:\/\/wedomgroup.com\/pt-pt\/politica-de-privacidade\/","url":"https:\/\/wedomgroup.com\/pt-pt\/politica-de-privacidade\/","name":"Pol\u00edtica de privacidade - wedom","isPartOf":{"@id":"https:\/\/wedomgroup.com\/pt-pt\/#website"},"datePublished":"2026-01-21T11:54:08+00:00","dateModified":"2026-02-20T08:22:32+00:00","breadcrumb":{"@id":"https:\/\/wedomgroup.com\/pt-pt\/politica-de-privacidade\/#breadcrumb"},"inLanguage":"pt-PT","potentialAction":[{"@type":"ReadAction","target":["https:\/\/wedomgroup.com\/pt-pt\/politica-de-privacidade\/"]}]},{"@type":"BreadcrumbList","@id":"https:\/\/wedomgroup.com\/pt-pt\/politica-de-privacidade\/#breadcrumb","itemListElement":[{"@type":"ListItem","position":1,"name":"Inicio","item":"https:\/\/wedomgroup.com\/pt-pt\/"},{"@type":"ListItem","position":2,"name":"Pol\u00edtica de privacidade"}]},{"@type":"WebSite","@id":"https:\/\/wedomgroup.com\/pt-pt\/#website","url":"https:\/\/wedomgroup.com\/pt-pt\/","name":"Wedom","description":"Hacemos realidad tu idea de hogar","publisher":{"@id":"https:\/\/wedomgroup.com\/pt-pt\/#organization"},"potentialAction":[{"@type":"SearchAction","target":{"@type":"EntryPoint","urlTemplate":"https:\/\/wedomgroup.com\/pt-pt\/?s={search_term_string}"},"query-input":{"@type":"PropertyValueSpecification","valueRequired":true,"valueName":"search_term_string"}}],"inLanguage":"pt-PT"},{"@type":"Organization","@id":"https:\/\/wedomgroup.com\/pt-pt\/#organization","name":"Wedom","url":"https:\/\/wedomgroup.com\/pt-pt\/","logo":{"@type":"ImageObject","inLanguage":"pt-PT","@id":"https:\/\/wedomgroup.com\/pt-pt\/#\/schema\/logo\/image\/","url":"https:\/\/wedomgroup.com\/wp-content\/uploads\/2023\/05\/wedom-logo.png","contentUrl":"https:\/\/wedomgroup.com\/wp-content\/uploads\/2023\/05\/wedom-logo.png","width":121,"height":28,"caption":"Wedom"},"image":{"@id":"https:\/\/wedomgroup.com\/pt-pt\/#\/schema\/logo\/image\/"},"sameAs":["https:\/\/www.linkedin.com\/company\/wedom-group\/"]}]}},"_links":{"self":[{"href":"https:\/\/wedomgroup.com\/pt-pt\/wp-json\/wp\/v2\/pages\/5368","targetHints":{"allow":["GET"]}}],"collection":[{"href":"https:\/\/wedomgroup.com\/pt-pt\/wp-json\/wp\/v2\/pages"}],"about":[{"href":"https:\/\/wedomgroup.com\/pt-pt\/wp-json\/wp\/v2\/types\/page"}],"author":[{"embeddable":true,"href":"https:\/\/wedomgroup.com\/pt-pt\/wp-json\/wp\/v2\/users\/3"}],"replies":[{"embeddable":true,"href":"https:\/\/wedomgroup.com\/pt-pt\/wp-json\/wp\/v2\/comments?post=5368"}],"version-history":[{"count":6,"href":"https:\/\/wedomgroup.com\/pt-pt\/wp-json\/wp\/v2\/pages\/5368\/revisions"}],"predecessor-version":[{"id":5751,"href":"https:\/\/wedomgroup.com\/pt-pt\/wp-json\/wp\/v2\/pages\/5368\/revisions\/5751"}],"wp:attachment":[{"href":"https:\/\/wedomgroup.com\/pt-pt\/wp-json\/wp\/v2\/media?parent=5368"}],"curies":[{"name":"wp","href":"https:\/\/api.w.org\/{rel}","templated":true}]}}