{"id":5376,"date":"2026-01-22T13:38:55","date_gmt":"2026-01-22T13:38:55","guid":{"rendered":"https:\/\/wedomgroup.com\/kiandu\/textil-de-cozinha\/"},"modified":"2026-02-04T08:12:35","modified_gmt":"2026-02-04T08:12:35","slug":"textil-de-cozinha","status":"publish","type":"page","link":"https:\/\/wedomgroup.com\/pt-pt\/kiandu\/textil-de-cozinha\/","title":{"rendered":"T\u00eaxtil de cozinha"},"content":{"rendered":"\t\t<div data-elementor-type=\"wp-page\" data-elementor-id=\"5376\" class=\"elementor elementor-5376 elementor-4167\" data-elementor-post-type=\"page\">\n\t\t\t\t<div class=\"elementor-element elementor-element-23eac14f e-flex e-con-boxed e-con e-parent\" data-id=\"23eac14f\" data-element_type=\"container\" data-e-type=\"container\">\n\t\t\t\t\t<div class=\"e-con-inner\">\n\t\t<div class=\"elementor-element elementor-element-48b0f8e1 e-con-full e-flex e-con e-child\" data-id=\"48b0f8e1\" data-element_type=\"container\" data-e-type=\"container\">\n\t\t\t\t<div class=\"elementor-element elementor-element-4159051f elementor-widget elementor-widget-breadcrumbs\" data-id=\"4159051f\" data-element_type=\"widget\" data-e-type=\"widget\" data-widget_type=\"breadcrumbs.default\">\n\t\t\t\t\t<p id=\"breadcrumbs\"><span><span><a href=\"https:\/\/wedomgroup.com\/pt-pt\/\">Inicio<\/a><\/span><\/span><\/p>\t\t\t\t<\/div>\n\t\t\t\t<div class=\"elementor-element elementor-element-2eee5596 elementor-widget elementor-widget-heading\" data-id=\"2eee5596\" data-element_type=\"widget\" data-e-type=\"widget\" data-widget_type=\"heading.default\">\n\t\t\t\t\t<h1 class=\"elementor-heading-title elementor-size-default\">T\u00eaxteis de cozinha Kiandu para o seu lar<\/h1>\t\t\t\t<\/div>\n\t\t\t\t<div class=\"elementor-element elementor-element-4fb14361 elementor-widget elementor-widget-text-editor\" data-id=\"4fb14361\" data-element_type=\"widget\" data-e-type=\"widget\" data-widget_type=\"text-editor.default\">\n\t\t\t\t\t\t\t\t\t<p>O <strong>t\u00eaxtil de cozinha Kiandu<\/strong> foi concebido para proporcionar funcionalidade, conforto e estilo num dos espa\u00e7os mais importantes da casa. A nossa cole\u00e7\u00e3o inclui <strong>toalhas de mesa, panos de cozinha, almofadas para cadeiras e outros acess\u00f3rios de t\u00eaxtil de cozinha<\/strong> confecionados com materiais de qualidade, f\u00e1ceis de cuidar e pensados para o uso di\u00e1rio.<\/p>\n<p>Padr\u00f5es cuidados, tecidos agrad\u00e1veis ao toque e acabamentos resistentes fazem de cada pe\u00e7a uma combina\u00e7\u00e3o de praticidade e est\u00e9tica, adaptando-se tanto a cozinhas cl\u00e1ssicas como a ambientes mais atuais.<\/p>\n\t\t\t\t\t\t\t\t<\/div>\n\t\t\t\t<\/div>\n\t\t<div class=\"elementor-element elementor-element-17d506d1 e-con-full e-flex e-con e-child\" data-id=\"17d506d1\" data-element_type=\"container\" data-e-type=\"container\">\n\t\t\t\t<div class=\"elementor-element elementor-element-3ad3bed6 elementor-widget elementor-widget-image\" data-id=\"3ad3bed6\" data-element_type=\"widget\" data-e-type=\"widget\" data-widget_type=\"image.default\">\n\t\t\t\t\t\t\t\t\t\t\t\t<figure class=\"wp-caption\">\n\t\t\t\t\t\t\t\t\t\t<img fetchpriority=\"high\" decoding=\"async\" width=\"800\" height=\"960\" src=\"https:\/\/wedomgroup.com\/wp-content\/uploads\/2026\/01\/textil-cocina-1-853x1024.jpg\" class=\"attachment-large size-large wp-image-4461\" alt=\"Textil de cocina\" srcset=\"https:\/\/wedomgroup.com\/wp-content\/uploads\/2026\/01\/textil-cocina-1-853x1024.jpg 853w, https:\/\/wedomgroup.com\/wp-content\/uploads\/2026\/01\/textil-cocina-1-250x300.jpg 250w, https:\/\/wedomgroup.com\/wp-content\/uploads\/2026\/01\/textil-cocina-1-768x922.jpg 768w, https:\/\/wedomgroup.com\/wp-content\/uploads\/2026\/01\/textil-cocina-1.jpg 1000w\" sizes=\"(max-width: 800px) 100vw, 800px\" \/>\t\t\t\t\t\t\t\t\t\t\t<figcaption class=\"widget-image-caption wp-caption-text\"><\/figcaption>\n\t\t\t\t\t\t\t\t\t\t<\/figure>\n\t\t\t\t\t\t\t\t\t<\/div>\n\t\t\t\t<\/div>\n\t\t\t\t\t<\/div>\n\t\t\t\t<\/div>\n\t\t<div class=\"elementor-element elementor-element-32961837 e-con-full e-flex e-con e-parent\" data-id=\"32961837\" data-element_type=\"container\" data-e-type=\"container\" data-settings=\"{&quot;background_background&quot;:&quot;classic&quot;}\">\n\t\t<div class=\"elementor-element elementor-element-c51962a e-con-full e-flex e-con e-child\" data-id=\"c51962a\" data-element_type=\"container\" data-e-type=\"container\">\n\t\t<div class=\"elementor-element elementor-element-bab2537 e-con-full e-flex e-con e-child\" data-id=\"bab2537\" data-element_type=\"container\" data-e-type=\"container\">\n\t\t\t\t<div class=\"elementor-element elementor-element-6ecbd59b elementor-widget elementor-widget-heading\" data-id=\"6ecbd59b\" data-element_type=\"widget\" data-e-type=\"widget\" data-widget_type=\"heading.default\">\n\t\t\t\t\t<h2 class=\"elementor-heading-title elementor-size-default\">Toalhas de mesa e panos de cozinha: qualidade e praticidade<\/h2>\t\t\t\t<\/div>\n\t\t\t\t<div class=\"elementor-element elementor-element-367267b0 elementor-widget elementor-widget-text-editor\" data-id=\"367267b0\" data-element_type=\"widget\" data-e-type=\"widget\" data-widget_type=\"text-editor.default\">\n\t\t\t\t\t\t\t\t\t<p>As <strong>toalhas de mesa Kiandu<\/strong> foram concebidas para vestir a mesa com simplicidade e bom gosto em qualquer ocasi\u00e3o. Dispomos de <strong>toalhas de algod\u00e3o e toalhas individuais<\/strong> de tecido, ideais tanto para o dia a dia como para refei\u00e7\u00f5es especiais.<\/p><p>A nossa <strong>toalharia destaca-se pela utiliza\u00e7\u00e3o de tecidos agrad\u00e1veis e resistentes, como o <strong>algod\u00e3o, que proporciona um acabamento natural e uma boa durabilidade. Quer seja uma toalha de mesa para refei\u00e7\u00f5es familiares ou toalhas individuais para um uso mais pr\u00e1tico, as nossas propostas combinam funcionalidade e design.<\/strong><\/strong><\/p>\t\t\t\t\t\t\t\t<\/div>\n\t\t<div class=\"elementor-element elementor-element-2a19413f e-con-full e-flex e-con e-child\" data-id=\"2a19413f\" data-element_type=\"container\" data-e-type=\"container\">\n\t\t\t\t<div class=\"elementor-element elementor-element-3e45dab9 elementor-widget elementor-widget-heading\" data-id=\"3e45dab9\" data-element_type=\"widget\" data-e-type=\"widget\" data-widget_type=\"heading.default\">\n\t\t\t\t\t<h3 class=\"elementor-heading-title elementor-size-default\">Tecidos de algod\u00e3o<\/h3>\t\t\t\t<\/div>\n\t\t\t\t<div class=\"elementor-element elementor-element-3086677 elementor-widget elementor-widget-heading\" data-id=\"3086677\" data-element_type=\"widget\" data-e-type=\"widget\" data-widget_type=\"heading.default\">\n\t\t\t\t\t<h3 class=\"elementor-heading-title elementor-size-default\">Toalhas individuais e formatos pr\u00e1ticos<\/h3>\t\t\t\t<\/div>\n\t\t\t\t<div class=\"elementor-element elementor-element-a7694e3 elementor-widget elementor-widget-heading\" data-id=\"a7694e3\" data-element_type=\"widget\" data-e-type=\"widget\" data-widget_type=\"heading.default\">\n\t\t\t\t\t<h3 class=\"elementor-heading-title elementor-size-default\">Certifica\u00e7\u00e3o Oeko-Tex<\/h3>\t\t\t\t<\/div>\n\t\t\t\t<\/div>\n\t\t\t\t<\/div>\n\t\t\t\t<\/div>\n\t\t<div class=\"elementor-element elementor-element-3d5982e0 e-con-full e-flex e-con e-child\" data-id=\"3d5982e0\" data-element_type=\"container\" data-e-type=\"container\" data-settings=\"{&quot;background_background&quot;:&quot;classic&quot;}\">\n\t\t\t\t<\/div>\n\t\t\t\t<\/div>\n\t\t<div class=\"elementor-element elementor-element-bd73bad e-con-full e-flex e-con e-parent\" data-id=\"bd73bad\" data-element_type=\"container\" data-e-type=\"container\" data-settings=\"{&quot;background_background&quot;:&quot;classic&quot;}\">\n\t\t<div class=\"elementor-element elementor-element-79552d3 e-con-full e-flex e-con e-child\" data-id=\"79552d3\" data-element_type=\"container\" data-e-type=\"container\" data-settings=\"{&quot;background_background&quot;:&quot;classic&quot;}\">\n\t\t\t\t<\/div>\n\t\t<div class=\"elementor-element elementor-element-dbb5043 e-con-full e-flex e-con e-child\" data-id=\"dbb5043\" data-element_type=\"container\" data-e-type=\"container\" data-settings=\"{&quot;background_background&quot;:&quot;classic&quot;}\">\n\t\t<div class=\"elementor-element elementor-element-c4ae414 e-con-full e-flex e-con e-child\" data-id=\"c4ae414\" data-element_type=\"container\" data-e-type=\"container\">\n\t\t\t\t<div class=\"elementor-element elementor-element-a7e1f57 elementor-widget elementor-widget-heading\" data-id=\"a7e1f57\" data-element_type=\"widget\" data-e-type=\"widget\" data-widget_type=\"heading.default\">\n\t\t\t\t\t<h2 class=\"elementor-heading-title elementor-size-default\">Panos de cozinha de qualidade<\/h2>\t\t\t\t<\/div>\n\t\t\t\t<div class=\"elementor-element elementor-element-2d0da69 elementor-widget elementor-widget-text-editor\" data-id=\"2d0da69\" data-element_type=\"widget\" data-e-type=\"widget\" data-widget_type=\"text-editor.default\">\n\t\t\t\t\t\t\t\t\t<p>Os <strong>panos de cozinha Kiandu<\/strong> foram concebidos para oferecer um excelente desempenho no uso di\u00e1rio. Confecionados em <strong>algod\u00e3o<\/strong>, destacam-se pela capacidade de absor\u00e7\u00e3o, suavidade e facilidade de lavagem, tornando-se aut\u00eanticos panos de cozinha de qualidade para qualquer cozinha.<\/p>\n<p>A nossa sele\u00e7\u00e3o inclui panos de cozinha de algod\u00e3o com padr\u00f5es variados que combinam <strong>tecidos lisos e texturas especiais<\/strong>. Al\u00e9m de pr\u00e1ticos, proporcionam um toque decorativo e incluem detalhes funcionais como fitas para pendurar, facilitando o seu uso quotidiano.<\/p>\n\t\t\t\t\t\t\t\t<\/div>\n\t\t<div class=\"elementor-element elementor-element-e0cc9ad e-con-full e-flex e-con e-child\" data-id=\"e0cc9ad\" data-element_type=\"container\" data-e-type=\"container\">\n\t\t\t\t<div class=\"elementor-element elementor-element-923fc2b elementor-widget elementor-widget-heading\" data-id=\"923fc2b\" data-element_type=\"widget\" data-e-type=\"widget\" data-widget_type=\"heading.default\">\n\t\t\t\t\t<h3 class=\"elementor-heading-title elementor-size-default\">Algod\u00e3o 100%<\/h3>\t\t\t\t<\/div>\n\t\t\t\t<div class=\"elementor-element elementor-element-27ca40a elementor-widget elementor-widget-heading\" data-id=\"27ca40a\" data-element_type=\"widget\" data-e-type=\"widget\" data-widget_type=\"heading.default\">\n\t\t\t\t\t<h3 class=\"elementor-heading-title elementor-size-default\">Funcionais e f\u00e1ceis de utilizar<\/h3>\t\t\t\t<\/div>\n\t\t\t\t<div class=\"elementor-element elementor-element-c78390e elementor-widget elementor-widget-heading\" data-id=\"c78390e\" data-element_type=\"widget\" data-e-type=\"widget\" data-widget_type=\"heading.default\">\n\t\t\t\t\t<h3 class=\"elementor-heading-title elementor-size-default\">Certifica\u00e7\u00e3o Oeko-Tex<\/h3>\t\t\t\t<\/div>\n\t\t\t\t<\/div>\n\t\t\t\t<\/div>\n\t\t\t\t<\/div>\n\t\t\t\t<\/div>\n\t\t<div class=\"elementor-element elementor-element-477d81c e-con-full e-flex e-con e-parent\" data-id=\"477d81c\" data-element_type=\"container\" data-e-type=\"container\" data-settings=\"{&quot;background_background&quot;:&quot;classic&quot;}\">\n\t\t<div class=\"elementor-element elementor-element-19ac811 e-con-full e-flex e-con e-child\" data-id=\"19ac811\" data-element_type=\"container\" data-e-type=\"container\">\n\t\t<div class=\"elementor-element elementor-element-2731aaf e-con-full e-flex e-con e-child\" data-id=\"2731aaf\" data-element_type=\"container\" data-e-type=\"container\">\n\t\t\t\t<div class=\"elementor-element elementor-element-c4b029f elementor-widget elementor-widget-heading\" data-id=\"c4b029f\" data-element_type=\"widget\" data-e-type=\"widget\" data-widget_type=\"heading.default\">\n\t\t\t\t\t<h2 class=\"elementor-heading-title elementor-size-default\">Almofadas para cadeiras: conforto e estilo<\/h2>\t\t\t\t<\/div>\n\t\t\t\t<div class=\"elementor-element elementor-element-c438d24 elementor-widget elementor-widget-text-editor\" data-id=\"c438d24\" data-element_type=\"widget\" data-e-type=\"widget\" data-widget_type=\"text-editor.default\">\n\t\t\t\t\t\t\t\t\t<p>As <strong>almofadas para cadeiras de cozinha Kiandu<\/strong> foram concebidas para melhorar o conforto sem renunciar ao estilo. Confecionadas em algod\u00e3o e com enchimento inclu\u00eddo, proporcionam um conforto adicional no dia a dia, especialmente em zonas de refei\u00e7\u00f5es ou cozinhas com mesas altas.<\/p>\n<p>Dispon\u00edveis em diferentes padr\u00f5es, as nossas almofadas para cadeiras de cozinha incorporam fitas para uma melhor fixa\u00e7\u00e3o, adaptando-se facilmente a diferentes tipos de cadeiras. S\u00e3o uma op\u00e7\u00e3o pr\u00e1tica e decorativa para renovar o espa\u00e7o, mesmo que procure almofadas para cadeiras de cozinha econ\u00f3micas sem perder qualidade nem acabamento.<\/p>\n\t\t\t\t\t\t\t\t<\/div>\n\t\t<div class=\"elementor-element elementor-element-fe0caff e-con-full e-flex e-con e-child\" data-id=\"fe0caff\" data-element_type=\"container\" data-e-type=\"container\">\n\t\t\t\t<div class=\"elementor-element elementor-element-3206a41 elementor-widget elementor-widget-heading\" data-id=\"3206a41\" data-element_type=\"widget\" data-e-type=\"widget\" data-widget_type=\"heading.default\">\n\t\t\t\t\t<h3 class=\"elementor-heading-title elementor-size-default\">Almofadas de algod\u00e3o com enchimento inclu\u00eddo<\/h3>\t\t\t\t<\/div>\n\t\t\t\t<div class=\"elementor-element elementor-element-be51d0e elementor-widget elementor-widget-heading\" data-id=\"be51d0e\" data-element_type=\"widget\" data-e-type=\"widget\" data-widget_type=\"heading.default\">\n\t\t\t\t\t<h3 class=\"elementor-heading-title elementor-size-default\">Fixa\u00e7\u00e3o pr\u00e1tica para o uso di\u00e1rio<\/h3>\t\t\t\t<\/div>\n\t\t\t\t<div class=\"elementor-element elementor-element-226ccd5 elementor-widget elementor-widget-heading\" data-id=\"226ccd5\" data-element_type=\"widget\" data-e-type=\"widget\" data-widget_type=\"heading.default\">\n\t\t\t\t\t<h3 class=\"elementor-heading-title elementor-size-default\">Certifica\u00e7\u00e3o Oeko-Tex<\/h3>\t\t\t\t<\/div>\n\t\t\t\t<\/div>\n\t\t\t\t<\/div>\n\t\t\t\t<\/div>\n\t\t<div class=\"elementor-element elementor-element-84bc99d e-con-full e-flex e-con e-child\" data-id=\"84bc99d\" data-element_type=\"container\" data-e-type=\"container\" data-settings=\"{&quot;background_background&quot;:&quot;classic&quot;}\">\n\t\t\t\t<\/div>\n\t\t\t\t<\/div>\n\t\t<div class=\"elementor-element elementor-element-48fe812 e-con-full e-flex e-con e-parent\" data-id=\"48fe812\" data-element_type=\"container\" data-e-type=\"container\" data-settings=\"{&quot;background_background&quot;:&quot;classic&quot;}\">\n\t\t<div class=\"elementor-element elementor-element-bb50544 e-con-full e-flex e-con e-child\" data-id=\"bb50544\" data-element_type=\"container\" data-e-type=\"container\" data-settings=\"{&quot;background_background&quot;:&quot;classic&quot;}\">\n\t\t\t\t<\/div>\n\t\t<div class=\"elementor-element elementor-element-a6f966a e-con-full e-flex e-con e-child\" data-id=\"a6f966a\" data-element_type=\"container\" data-e-type=\"container\">\n\t\t<div class=\"elementor-element elementor-element-1e48aa0 e-con-full e-flex e-con e-child\" data-id=\"1e48aa0\" data-element_type=\"container\" data-e-type=\"container\">\n\t\t\t\t<div class=\"elementor-element elementor-element-3048651 elementor-widget elementor-widget-heading\" data-id=\"3048651\" data-element_type=\"widget\" data-e-type=\"widget\" data-widget_type=\"heading.default\">\n\t\t\t\t\t<h2 class=\"elementor-heading-title elementor-size-default\">Acess\u00f3rios e roupa de cozinha<\/h2>\t\t\t\t<\/div>\n\t\t\t\t<div class=\"elementor-element elementor-element-c6f731d elementor-widget elementor-widget-text-editor\" data-id=\"c6f731d\" data-element_type=\"widget\" data-e-type=\"widget\" data-widget_type=\"text-editor.default\">\n\t\t\t\t\t\t\t\t\t<p>A <strong>cole\u00e7\u00e3o de roupa de cozinha Kiandu<\/strong> complementa-se com acess\u00f3rios pr\u00e1ticos como <strong>aventais de cozinha, luvas de cozinha e outros t\u00eaxteis<\/strong> pensados para facilitar as tarefas di\u00e1rias.<\/p>\n<p>Todos os produtos s\u00e3o fabricados com <strong>materiais certificados Oeko-Tex<\/strong>, garantindo tecidos seguros, respeitosos com as pessoas e com o ambiente.<\/p>\n\t\t\t\t\t\t\t\t<\/div>\n\t\t\t\t<\/div>\n\t\t\t\t<\/div>\n\t\t\t\t<\/div>\n\t\t\t\t<\/div>\n\t\t","protected":false},"excerpt":{"rendered":"<p>T\u00eaxteis de cozinha Kiandu para o seu lar O t\u00eaxtil de cozinha Kiandu foi concebido para proporcionar funcionalidade, conforto e estilo num dos espa\u00e7os mais importantes da casa. A nossa cole\u00e7\u00e3o inclui toalhas de mesa, panos de cozinha, almofadas para cadeiras e outros acess\u00f3rios de t\u00eaxtil de cozinha confecionados com materiais de qualidade, f\u00e1ceis de [&hellip;]<\/p>\n","protected":false},"author":3,"featured_media":0,"parent":5356,"menu_order":0,"comment_status":"closed","ping_status":"closed","template":"","meta":{"_acf_changed":false,"footnotes":""},"class_list":["post-5376","page","type-page","status-publish","hentry"],"acf":[],"yoast_head":"<!-- This site is optimized with the Yoast SEO plugin v27.5 - https:\/\/yoast.com\/product\/yoast-seo-wordpress\/ -->\n<title>Toalhas de mesa e t\u00eaxteis de cozinha | Kiandu<\/title>\n<meta name=\"description\" content=\"Descobre os t\u00eaxteis Kiandu para a cozinha: toalhas de mesa, panos de cozinha e almofadas para cadeiras. Funcionalidade e estilo para o seu lar e cozinha.\" \/>\n<meta name=\"robots\" content=\"index, follow, max-snippet:-1, max-image-preview:large, max-video-preview:-1\" \/>\n<link rel=\"canonical\" href=\"https:\/\/wedomgroup.com\/pt-pt\/kiandu\/textil-de-cozinha\/\" \/>\n<meta property=\"og:locale\" content=\"pt_PT\" \/>\n<meta property=\"og:type\" content=\"article\" \/>\n<meta property=\"og:title\" content=\"Toalhas de mesa e t\u00eaxteis de cozinha | Kiandu\" \/>\n<meta property=\"og:description\" content=\"Descobre os t\u00eaxteis Kiandu para a cozinha: toalhas de mesa, panos de cozinha e almofadas para cadeiras. Funcionalidade e estilo para o seu lar e cozinha.\" \/>\n<meta property=\"og:url\" content=\"https:\/\/wedomgroup.com\/pt-pt\/kiandu\/textil-de-cozinha\/\" \/>\n<meta property=\"og:site_name\" content=\"wedom\" \/>\n<meta property=\"article:modified_time\" content=\"2026-02-04T08:12:35+00:00\" \/>\n<meta property=\"og:image\" content=\"https:\/\/wedomgroup.com\/wp-content\/uploads\/2026\/01\/textil-cocina-1.jpg\" \/>\n\t<meta property=\"og:image:width\" content=\"1000\" \/>\n\t<meta property=\"og:image:height\" content=\"1200\" \/>\n\t<meta property=\"og:image:type\" content=\"image\/jpeg\" \/>\n<meta name=\"twitter:card\" content=\"summary_large_image\" \/>\n<meta name=\"twitter:label1\" content=\"Tempo estimado de leitura\" \/>\n\t<meta name=\"twitter:data1\" content=\"3 minutos\" \/>\n<script type=\"application\/ld+json\" class=\"yoast-schema-graph\">{\"@context\":\"https:\\\/\\\/schema.org\",\"@graph\":[{\"@type\":\"WebPage\",\"@id\":\"https:\\\/\\\/wedomgroup.com\\\/pt-pt\\\/kiandu\\\/textil-de-cozinha\\\/\",\"url\":\"https:\\\/\\\/wedomgroup.com\\\/pt-pt\\\/kiandu\\\/textil-de-cozinha\\\/\",\"name\":\"Toalhas de mesa e t\u00eaxteis de cozinha | Kiandu\",\"isPartOf\":{\"@id\":\"https:\\\/\\\/wedomgroup.com\\\/pt-pt\\\/#website\"},\"primaryImageOfPage\":{\"@id\":\"https:\\\/\\\/wedomgroup.com\\\/pt-pt\\\/kiandu\\\/textil-de-cozinha\\\/#primaryimage\"},\"image\":{\"@id\":\"https:\\\/\\\/wedomgroup.com\\\/pt-pt\\\/kiandu\\\/textil-de-cozinha\\\/#primaryimage\"},\"thumbnailUrl\":\"https:\\\/\\\/wedomgroup.com\\\/wp-content\\\/uploads\\\/2026\\\/01\\\/textil-cocina-1-853x1024.jpg\",\"datePublished\":\"2026-01-22T13:38:55+00:00\",\"dateModified\":\"2026-02-04T08:12:35+00:00\",\"description\":\"Descobre os t\u00eaxteis Kiandu para a cozinha: toalhas de mesa, panos de cozinha e almofadas para cadeiras. Funcionalidade e estilo para o seu lar e cozinha.\",\"breadcrumb\":{\"@id\":\"https:\\\/\\\/wedomgroup.com\\\/pt-pt\\\/kiandu\\\/textil-de-cozinha\\\/#breadcrumb\"},\"inLanguage\":\"pt-PT\",\"potentialAction\":[{\"@type\":\"ReadAction\",\"target\":[\"https:\\\/\\\/wedomgroup.com\\\/pt-pt\\\/kiandu\\\/textil-de-cozinha\\\/\"]}]},{\"@type\":\"ImageObject\",\"inLanguage\":\"pt-PT\",\"@id\":\"https:\\\/\\\/wedomgroup.com\\\/pt-pt\\\/kiandu\\\/textil-de-cozinha\\\/#primaryimage\",\"url\":\"https:\\\/\\\/wedomgroup.com\\\/wp-content\\\/uploads\\\/2026\\\/01\\\/textil-cocina-1-853x1024.jpg\",\"contentUrl\":\"https:\\\/\\\/wedomgroup.com\\\/wp-content\\\/uploads\\\/2026\\\/01\\\/textil-cocina-1-853x1024.jpg\"},{\"@type\":\"BreadcrumbList\",\"@id\":\"https:\\\/\\\/wedomgroup.com\\\/pt-pt\\\/kiandu\\\/textil-de-cozinha\\\/#breadcrumb\",\"itemListElement\":[{\"@type\":\"ListItem\",\"position\":1,\"name\":\"Inicio\",\"item\":\"https:\\\/\\\/wedomgroup.com\\\/pt-pt\\\/\"},{\"@type\":\"ListItem\",\"position\":2,\"name\":\"Kiandu\",\"item\":\"https:\\\/\\\/wedomgroup.com\\\/pt-pt\\\/kiandu\\\/\"},{\"@type\":\"ListItem\",\"position\":3,\"name\":\"T\u00eaxtil de cozinha\"}]},{\"@type\":\"WebSite\",\"@id\":\"https:\\\/\\\/wedomgroup.com\\\/pt-pt\\\/#website\",\"url\":\"https:\\\/\\\/wedomgroup.com\\\/pt-pt\\\/\",\"name\":\"Wedom\",\"description\":\"Hacemos realidad tu idea de hogar\",\"publisher\":{\"@id\":\"https:\\\/\\\/wedomgroup.com\\\/pt-pt\\\/#organization\"},\"potentialAction\":[{\"@type\":\"SearchAction\",\"target\":{\"@type\":\"EntryPoint\",\"urlTemplate\":\"https:\\\/\\\/wedomgroup.com\\\/pt-pt\\\/?s={search_term_string}\"},\"query-input\":{\"@type\":\"PropertyValueSpecification\",\"valueRequired\":true,\"valueName\":\"search_term_string\"}}],\"inLanguage\":\"pt-PT\"},{\"@type\":\"Organization\",\"@id\":\"https:\\\/\\\/wedomgroup.com\\\/pt-pt\\\/#organization\",\"name\":\"Wedom\",\"url\":\"https:\\\/\\\/wedomgroup.com\\\/pt-pt\\\/\",\"logo\":{\"@type\":\"ImageObject\",\"inLanguage\":\"pt-PT\",\"@id\":\"https:\\\/\\\/wedomgroup.com\\\/pt-pt\\\/#\\\/schema\\\/logo\\\/image\\\/\",\"url\":\"https:\\\/\\\/wedomgroup.com\\\/wp-content\\\/uploads\\\/2023\\\/05\\\/wedom-logo.png\",\"contentUrl\":\"https:\\\/\\\/wedomgroup.com\\\/wp-content\\\/uploads\\\/2023\\\/05\\\/wedom-logo.png\",\"width\":121,\"height\":28,\"caption\":\"Wedom\"},\"image\":{\"@id\":\"https:\\\/\\\/wedomgroup.com\\\/pt-pt\\\/#\\\/schema\\\/logo\\\/image\\\/\"},\"sameAs\":[\"https:\\\/\\\/www.linkedin.com\\\/company\\\/wedom-group\\\/\"]}]}<\/script>\n<!-- \/ Yoast SEO plugin. -->","yoast_head_json":{"title":"Toalhas de mesa e t\u00eaxteis de cozinha | Kiandu","description":"Descobre os t\u00eaxteis Kiandu para a cozinha: toalhas de mesa, panos de cozinha e almofadas para cadeiras. Funcionalidade e estilo para o seu lar e cozinha.","robots":{"index":"index","follow":"follow","max-snippet":"max-snippet:-1","max-image-preview":"max-image-preview:large","max-video-preview":"max-video-preview:-1"},"canonical":"https:\/\/wedomgroup.com\/pt-pt\/kiandu\/textil-de-cozinha\/","og_locale":"pt_PT","og_type":"article","og_title":"Toalhas de mesa e t\u00eaxteis de cozinha | Kiandu","og_description":"Descobre os t\u00eaxteis Kiandu para a cozinha: toalhas de mesa, panos de cozinha e almofadas para cadeiras. Funcionalidade e estilo para o seu lar e cozinha.","og_url":"https:\/\/wedomgroup.com\/pt-pt\/kiandu\/textil-de-cozinha\/","og_site_name":"wedom","article_modified_time":"2026-02-04T08:12:35+00:00","og_image":[{"width":1000,"height":1200,"url":"https:\/\/wedomgroup.com\/wp-content\/uploads\/2026\/01\/textil-cocina-1.jpg","type":"image\/jpeg"}],"twitter_card":"summary_large_image","twitter_misc":{"Tempo estimado de leitura":"3 minutos"},"schema":{"@context":"https:\/\/schema.org","@graph":[{"@type":"WebPage","@id":"https:\/\/wedomgroup.com\/pt-pt\/kiandu\/textil-de-cozinha\/","url":"https:\/\/wedomgroup.com\/pt-pt\/kiandu\/textil-de-cozinha\/","name":"Toalhas de mesa e t\u00eaxteis de cozinha | Kiandu","isPartOf":{"@id":"https:\/\/wedomgroup.com\/pt-pt\/#website"},"primaryImageOfPage":{"@id":"https:\/\/wedomgroup.com\/pt-pt\/kiandu\/textil-de-cozinha\/#primaryimage"},"image":{"@id":"https:\/\/wedomgroup.com\/pt-pt\/kiandu\/textil-de-cozinha\/#primaryimage"},"thumbnailUrl":"https:\/\/wedomgroup.com\/wp-content\/uploads\/2026\/01\/textil-cocina-1-853x1024.jpg","datePublished":"2026-01-22T13:38:55+00:00","dateModified":"2026-02-04T08:12:35+00:00","description":"Descobre os t\u00eaxteis Kiandu para a cozinha: toalhas de mesa, panos de cozinha e almofadas para cadeiras. Funcionalidade e estilo para o seu lar e cozinha.","breadcrumb":{"@id":"https:\/\/wedomgroup.com\/pt-pt\/kiandu\/textil-de-cozinha\/#breadcrumb"},"inLanguage":"pt-PT","potentialAction":[{"@type":"ReadAction","target":["https:\/\/wedomgroup.com\/pt-pt\/kiandu\/textil-de-cozinha\/"]}]},{"@type":"ImageObject","inLanguage":"pt-PT","@id":"https:\/\/wedomgroup.com\/pt-pt\/kiandu\/textil-de-cozinha\/#primaryimage","url":"https:\/\/wedomgroup.com\/wp-content\/uploads\/2026\/01\/textil-cocina-1-853x1024.jpg","contentUrl":"https:\/\/wedomgroup.com\/wp-content\/uploads\/2026\/01\/textil-cocina-1-853x1024.jpg"},{"@type":"BreadcrumbList","@id":"https:\/\/wedomgroup.com\/pt-pt\/kiandu\/textil-de-cozinha\/#breadcrumb","itemListElement":[{"@type":"ListItem","position":1,"name":"Inicio","item":"https:\/\/wedomgroup.com\/pt-pt\/"},{"@type":"ListItem","position":2,"name":"Kiandu","item":"https:\/\/wedomgroup.com\/pt-pt\/kiandu\/"},{"@type":"ListItem","position":3,"name":"T\u00eaxtil de cozinha"}]},{"@type":"WebSite","@id":"https:\/\/wedomgroup.com\/pt-pt\/#website","url":"https:\/\/wedomgroup.com\/pt-pt\/","name":"Wedom","description":"Hacemos realidad tu idea de hogar","publisher":{"@id":"https:\/\/wedomgroup.com\/pt-pt\/#organization"},"potentialAction":[{"@type":"SearchAction","target":{"@type":"EntryPoint","urlTemplate":"https:\/\/wedomgroup.com\/pt-pt\/?s={search_term_string}"},"query-input":{"@type":"PropertyValueSpecification","valueRequired":true,"valueName":"search_term_string"}}],"inLanguage":"pt-PT"},{"@type":"Organization","@id":"https:\/\/wedomgroup.com\/pt-pt\/#organization","name":"Wedom","url":"https:\/\/wedomgroup.com\/pt-pt\/","logo":{"@type":"ImageObject","inLanguage":"pt-PT","@id":"https:\/\/wedomgroup.com\/pt-pt\/#\/schema\/logo\/image\/","url":"https:\/\/wedomgroup.com\/wp-content\/uploads\/2023\/05\/wedom-logo.png","contentUrl":"https:\/\/wedomgroup.com\/wp-content\/uploads\/2023\/05\/wedom-logo.png","width":121,"height":28,"caption":"Wedom"},"image":{"@id":"https:\/\/wedomgroup.com\/pt-pt\/#\/schema\/logo\/image\/"},"sameAs":["https:\/\/www.linkedin.com\/company\/wedom-group\/"]}]}},"_links":{"self":[{"href":"https:\/\/wedomgroup.com\/pt-pt\/wp-json\/wp\/v2\/pages\/5376","targetHints":{"allow":["GET"]}}],"collection":[{"href":"https:\/\/wedomgroup.com\/pt-pt\/wp-json\/wp\/v2\/pages"}],"about":[{"href":"https:\/\/wedomgroup.com\/pt-pt\/wp-json\/wp\/v2\/types\/page"}],"author":[{"embeddable":true,"href":"https:\/\/wedomgroup.com\/pt-pt\/wp-json\/wp\/v2\/users\/3"}],"replies":[{"embeddable":true,"href":"https:\/\/wedomgroup.com\/pt-pt\/wp-json\/wp\/v2\/comments?post=5376"}],"version-history":[{"count":6,"href":"https:\/\/wedomgroup.com\/pt-pt\/wp-json\/wp\/v2\/pages\/5376\/revisions"}],"predecessor-version":[{"id":5475,"href":"https:\/\/wedomgroup.com\/pt-pt\/wp-json\/wp\/v2\/pages\/5376\/revisions\/5475"}],"up":[{"embeddable":true,"href":"https:\/\/wedomgroup.com\/pt-pt\/wp-json\/wp\/v2\/pages\/5356"}],"wp:attachment":[{"href":"https:\/\/wedomgroup.com\/pt-pt\/wp-json\/wp\/v2\/media?parent=5376"}],"curies":[{"name":"wp","href":"https:\/\/api.w.org\/{rel}","templated":true}]}}