{"id":5378,"date":"2026-01-22T13:39:10","date_gmt":"2026-01-22T13:39:10","guid":{"rendered":"https:\/\/wedomgroup.com\/kiandu\/toalhas\/"},"modified":"2026-02-03T10:50:20","modified_gmt":"2026-02-03T10:50:20","slug":"toalhas","status":"publish","type":"page","link":"https:\/\/wedomgroup.com\/pt-pt\/kiandu\/toalhas\/","title":{"rendered":"Toalhas"},"content":{"rendered":"\t\t<div data-elementor-type=\"wp-page\" data-elementor-id=\"5378\" class=\"elementor elementor-5378 elementor-4169\" data-elementor-post-type=\"page\">\n\t\t\t\t<div class=\"elementor-element elementor-element-7766cecc e-flex e-con-boxed e-con e-parent\" data-id=\"7766cecc\" data-element_type=\"container\" data-e-type=\"container\">\n\t\t\t\t\t<div class=\"e-con-inner\">\n\t\t<div class=\"elementor-element elementor-element-5fd8310 e-con-full e-flex e-con e-child\" data-id=\"5fd8310\" data-element_type=\"container\" data-e-type=\"container\">\n\t\t\t\t<div class=\"elementor-element elementor-element-6833e9d elementor-widget elementor-widget-breadcrumbs\" data-id=\"6833e9d\" data-element_type=\"widget\" data-e-type=\"widget\" data-widget_type=\"breadcrumbs.default\">\n\t\t\t\t\t<p id=\"breadcrumbs\"><span><span><a href=\"https:\/\/wedomgroup.com\/pt-pt\/\">Inicio<\/a><\/span><\/span><\/p>\t\t\t\t<\/div>\n\t\t\t\t<div class=\"elementor-element elementor-element-7428e7d1 elementor-widget elementor-widget-heading\" data-id=\"7428e7d1\" data-element_type=\"widget\" data-e-type=\"widget\" data-widget_type=\"heading.default\">\n\t\t\t\t\t<h1 class=\"elementor-heading-title elementor-size-default\">Toalhas Kiandu para a sua casa de banho e casa<\/h1>\t\t\t\t<\/div>\n\t\t\t\t<div class=\"elementor-element elementor-element-373056f elementor-widget elementor-widget-text-editor\" data-id=\"373056f\" data-element_type=\"widget\" data-e-type=\"widget\" data-widget_type=\"text-editor.default\">\n\t\t\t\t\t\t\t\t\t<p>As toalhas de banho Kiandu foram concebidas para o acompanhar no dia a dia com suavidade, absor\u00e7\u00e3o e conforto. Confecionadas em <strong>100% algod\u00e3o de qualidade<\/strong>, oferecem uma sensa\u00e7\u00e3o agrad\u00e1vel ao toque e uma secagem eficaz, tornando-se um b\u00e1sico imprescind\u00edvel para qualquer casa de banho.<\/p>\n<p>Uma cole\u00e7\u00e3o pensada para quem procura<strong> toalhas resistentes, confort\u00e1veis e duradouras<\/strong>, perfeitas para o uso di\u00e1rio em casa.<\/p>\n\t\t\t\t\t\t\t\t<\/div>\n\t\t\t\t<\/div>\n\t\t<div class=\"elementor-element elementor-element-599b8e71 e-con-full e-flex e-con e-child\" data-id=\"599b8e71\" data-element_type=\"container\" data-e-type=\"container\">\n\t\t\t\t<div class=\"elementor-element elementor-element-64e613ef elementor-widget elementor-widget-image\" data-id=\"64e613ef\" data-element_type=\"widget\" data-e-type=\"widget\" data-widget_type=\"image.default\">\n\t\t\t\t\t\t\t\t\t\t\t\t<figure class=\"wp-caption\">\n\t\t\t\t\t\t\t\t\t\t<img fetchpriority=\"high\" decoding=\"async\" width=\"800\" height=\"960\" src=\"https:\/\/wedomgroup.com\/wp-content\/uploads\/2026\/01\/toallas-kiandu.jpg\" class=\"attachment-large size-large wp-image-5027\" alt=\"Toallas Kiandu\" srcset=\"https:\/\/wedomgroup.com\/wp-content\/uploads\/2026\/01\/toallas-kiandu.jpg 853w, https:\/\/wedomgroup.com\/wp-content\/uploads\/2026\/01\/toallas-kiandu-250x300.jpg 250w, https:\/\/wedomgroup.com\/wp-content\/uploads\/2026\/01\/toallas-kiandu-768x922.jpg 768w\" sizes=\"(max-width: 800px) 100vw, 800px\" \/>\t\t\t\t\t\t\t\t\t\t\t<figcaption class=\"widget-image-caption wp-caption-text\"><\/figcaption>\n\t\t\t\t\t\t\t\t\t\t<\/figure>\n\t\t\t\t\t\t\t\t\t<\/div>\n\t\t\t\t<\/div>\n\t\t\t\t\t<\/div>\n\t\t\t\t<\/div>\n\t\t<div class=\"elementor-element elementor-element-11574ddd e-con-full e-flex e-con e-parent\" data-id=\"11574ddd\" data-element_type=\"container\" data-e-type=\"container\" data-settings=\"{&quot;background_background&quot;:&quot;classic&quot;}\">\n\t\t<div class=\"elementor-element elementor-element-317cc8ec e-con-full e-flex e-con e-child\" data-id=\"317cc8ec\" data-element_type=\"container\" data-e-type=\"container\">\n\t\t<div class=\"elementor-element elementor-element-5106d176 e-con-full e-flex e-con e-child\" data-id=\"5106d176\" data-element_type=\"container\" data-e-type=\"container\">\n\t\t\t\t<div class=\"elementor-element elementor-element-3a8b7f38 elementor-widget elementor-widget-heading\" data-id=\"3a8b7f38\" data-element_type=\"widget\" data-e-type=\"widget\" data-widget_type=\"heading.default\">\n\t\t\t\t\t<h2 class=\"elementor-heading-title elementor-size-default\">Toalhas de banho e toalhas de algod\u00e3o de qualidade<\/h2>\t\t\t\t<\/div>\n\t\t\t\t<div class=\"elementor-element elementor-element-2c0c7be7 elementor-widget elementor-widget-text-editor\" data-id=\"2c0c7be7\" data-element_type=\"widget\" data-e-type=\"widget\" data-widget_type=\"text-editor.default\">\n\t\t\t\t\t\t\t\t\t<p>A nossa cole\u00e7\u00e3o de <strong>toalhas de banho<\/strong> combina funcionalidade e bem-estar em cada utiliza\u00e7\u00e3o. S\u00e3o <strong>toalhas de algod\u00e3o natural<\/strong>, pelo que proporcionam um toque suave e agrad\u00e1vel sobre a pele, al\u00e9m de uma grande capacidade de absor\u00e7\u00e3o que facilita uma secagem r\u00e1pida e confort\u00e1vel.<\/p>\n<p>S\u00e3o toalhas pensadas para o uso di\u00e1rio, resistentes \u00e0 lavagem frequente e desenhadas para manter o seu aspeto e suavidade com o passar do tempo. Uma op\u00e7\u00e3o pr\u00e1tica e duradoura para quem procura qualidade sem complica\u00e7\u00f5es no seu t\u00eaxtil de casa de banho.<\/p>\n\t\t\t\t\t\t\t\t<\/div>\n\t\t<div class=\"elementor-element elementor-element-76cf10ae e-con-full e-flex e-con e-child\" data-id=\"76cf10ae\" data-element_type=\"container\" data-e-type=\"container\">\n\t\t\t\t<div class=\"elementor-element elementor-element-39e0e6da elementor-widget elementor-widget-heading\" data-id=\"39e0e6da\" data-element_type=\"widget\" data-e-type=\"widget\" data-widget_type=\"heading.default\">\n\t\t\t\t\t<h3 class=\"elementor-heading-title elementor-size-default\">100% algod\u00e3o, suave, transpir\u00e1vel e absorvente<\/h3>\t\t\t\t<\/div>\n\t\t\t\t<div class=\"elementor-element elementor-element-f8ba378 elementor-widget elementor-widget-heading\" data-id=\"f8ba378\" data-element_type=\"widget\" data-e-type=\"widget\" data-widget_type=\"heading.default\">\n\t\t\t\t\t<h3 class=\"elementor-heading-title elementor-size-default\">Alta resist\u00eancia e f\u00e1cil manuten\u00e7\u00e3o, ideais para o dia a dia<\/h3>\t\t\t\t<\/div>\n\t\t\t\t<div class=\"elementor-element elementor-element-d4c8eb4 elementor-widget elementor-widget-heading\" data-id=\"d4c8eb4\" data-element_type=\"widget\" data-e-type=\"widget\" data-widget_type=\"heading.default\">\n\t\t\t\t\t<h3 class=\"elementor-heading-title elementor-size-default\">Certifica\u00e7\u00e3o Oeko-Tex, materiais seguros e respeitosos com a pele<\/h3>\t\t\t\t<\/div>\n\t\t\t\t<\/div>\n\t\t\t\t<\/div>\n\t\t\t\t<\/div>\n\t\t<div class=\"elementor-element elementor-element-37761451 e-con-full e-flex e-con e-child\" data-id=\"37761451\" data-element_type=\"container\" data-e-type=\"container\" data-settings=\"{&quot;background_background&quot;:&quot;classic&quot;}\">\n\t\t\t\t<\/div>\n\t\t\t\t<\/div>\n\t\t<div class=\"elementor-element elementor-element-36ce35b e-con-full e-flex e-con e-parent\" data-id=\"36ce35b\" data-element_type=\"container\" data-e-type=\"container\" data-settings=\"{&quot;background_background&quot;:&quot;classic&quot;}\">\n\t\t<div class=\"elementor-element elementor-element-f947ba4 e-con-full e-flex e-con e-child\" data-id=\"f947ba4\" data-element_type=\"container\" data-e-type=\"container\" data-settings=\"{&quot;background_background&quot;:&quot;classic&quot;}\">\n\t\t\t\t<\/div>\n\t\t<div class=\"elementor-element elementor-element-fff5780 e-con-full e-flex e-con e-child\" data-id=\"fff5780\" data-element_type=\"container\" data-e-type=\"container\">\n\t\t<div class=\"elementor-element elementor-element-3415872 e-con-full e-flex e-con e-child\" data-id=\"3415872\" data-element_type=\"container\" data-e-type=\"container\">\n\t\t\t\t<div class=\"elementor-element elementor-element-96610b4 elementor-widget elementor-widget-heading\" data-id=\"96610b4\" data-element_type=\"widget\" data-e-type=\"widget\" data-widget_type=\"heading.default\">\n\t\t\t\t\t<h2 class=\"elementor-heading-title elementor-size-default\">Variedade de tamanhos e estilos para cada casa de banho<\/h2>\t\t\t\t<\/div>\n\t\t\t\t<div class=\"elementor-element elementor-element-8d54f22 elementor-widget elementor-widget-text-editor\" data-id=\"8d54f22\" data-element_type=\"widget\" data-e-type=\"widget\" data-widget_type=\"text-editor.default\">\n\t\t\t\t\t\t\t\t\t<p>Dispomos de toalhas de banho grandes, m\u00e9dias e de m\u00e3o para se adaptarem a todas as necessidades. Pode combin\u00e1-las facilmente para criar um conjunto completo e coordenado na sua casa de banho.<\/p>\n<p>Os nossos modelos est\u00e3o dispon\u00edveis em diferentes cores e estilos, para que possa combin\u00e1-las facilmente e criar uma casa de banho equilibrada, pr\u00e1tica e acolhedora, adaptada ao seu espa\u00e7o e \u00e0 sua rotina di\u00e1ria.<\/p>\n\t\t\t\t\t\t\t\t<\/div>\n\t\t\t\t<\/div>\n\t\t\t\t<\/div>\n\t\t\t\t<\/div>\n\t\t<div class=\"elementor-element elementor-element-a43b75a e-con-full e-flex e-con e-parent\" data-id=\"a43b75a\" data-element_type=\"container\" data-e-type=\"container\" data-settings=\"{&quot;background_background&quot;:&quot;classic&quot;}\">\n\t\t<div class=\"elementor-element elementor-element-f70b778 e-con-full e-flex e-con e-child\" data-id=\"f70b778\" data-element_type=\"container\" data-e-type=\"container\">\n\t\t<div class=\"elementor-element elementor-element-9b84a50 e-con-full e-flex e-con e-child\" data-id=\"9b84a50\" data-element_type=\"container\" data-e-type=\"container\">\n\t\t\t\t<div class=\"elementor-element elementor-element-bcb7505 elementor-widget elementor-widget-heading\" data-id=\"bcb7505\" data-element_type=\"widget\" data-e-type=\"widget\" data-widget_type=\"heading.default\">\n\t\t\t\t\t<h2 class=\"elementor-heading-title elementor-size-default\">Op\u00e7\u00f5es econ\u00f3micas e fabrico local<\/h2>\t\t\t\t<\/div>\n\t\t\t\t<div class=\"elementor-element elementor-element-360642d elementor-widget elementor-widget-text-editor\" data-id=\"360642d\" data-element_type=\"widget\" data-e-type=\"widget\" data-widget_type=\"text-editor.default\">\n\t\t\t\t\t\t\t\t\t<p>Na Kiandu apostamos em oferecer <strong>toalhas baratas sem renunciar \u00e0 qualidade<\/strong>. Desenhamos produtos pensados para durar, com uma excelente rela\u00e7\u00e3o qualidade-pre\u00e7o.<\/p>\n<p>Al\u00e9m disso, trabalhamos com <strong>fabrico local em Espanha<\/strong>, cuidando de cada detalhe do processo para garantir acabamentos fi\u00e1veis e t\u00eaxteis de confian\u00e7a. Se se pergunta onde comprar toalhas boas, aqui encontras uma op\u00e7\u00e3o pr\u00e1tica, pr\u00f3xima e duradoura.<\/p>\n\t\t\t\t\t\t\t\t<\/div>\n\t\t\t\t<\/div>\n\t\t\t\t<\/div>\n\t\t<div class=\"elementor-element elementor-element-d8772f5 e-con-full e-flex e-con e-child\" data-id=\"d8772f5\" data-element_type=\"container\" data-e-type=\"container\" data-settings=\"{&quot;background_background&quot;:&quot;classic&quot;}\">\n\t\t\t\t<\/div>\n\t\t\t\t<\/div>\n\t\t\t\t<\/div>\n\t\t","protected":false},"excerpt":{"rendered":"<p>Toalhas Kiandu para a sua casa de banho e casa As toalhas de banho Kiandu foram concebidas para o acompanhar no dia a dia com suavidade, absor\u00e7\u00e3o e conforto. Confecionadas em 100% algod\u00e3o de qualidade, oferecem uma sensa\u00e7\u00e3o agrad\u00e1vel ao toque e uma secagem eficaz, tornando-se um b\u00e1sico imprescind\u00edvel para qualquer casa de banho. Uma [&hellip;]<\/p>\n","protected":false},"author":3,"featured_media":0,"parent":5356,"menu_order":0,"comment_status":"closed","ping_status":"closed","template":"","meta":{"_acf_changed":false,"footnotes":""},"class_list":["post-5378","page","type-page","status-publish","hentry"],"acf":[],"yoast_head":"<!-- This site is optimized with the Yoast SEO plugin v27.5 - https:\/\/yoast.com\/product\/yoast-seo-wordpress\/ -->\n<title>Toalhas de banho | Toalhas de algod\u00e3o | Kiandu<\/title>\n<meta name=\"description\" content=\"Descobre as toalhas Kiandu: toalhas de banho, toalhas de algod\u00e3o e toalhas grandes. Qualidade e conforto para a sua casa e casa de banho.\" \/>\n<meta name=\"robots\" content=\"index, follow, max-snippet:-1, max-image-preview:large, max-video-preview:-1\" \/>\n<link rel=\"canonical\" href=\"https:\/\/wedomgroup.com\/pt-pt\/kiandu\/toalhas\/\" \/>\n<meta property=\"og:locale\" content=\"pt_PT\" \/>\n<meta property=\"og:type\" content=\"article\" \/>\n<meta property=\"og:title\" content=\"Toalhas de banho | Toalhas de algod\u00e3o | Kiandu\" \/>\n<meta property=\"og:description\" content=\"Descobre as toalhas Kiandu: toalhas de banho, toalhas de algod\u00e3o e toalhas grandes. Qualidade e conforto para a sua casa e casa de banho.\" \/>\n<meta property=\"og:url\" content=\"https:\/\/wedomgroup.com\/pt-pt\/kiandu\/toalhas\/\" \/>\n<meta property=\"og:site_name\" content=\"wedom\" \/>\n<meta property=\"article:modified_time\" content=\"2026-02-03T10:50:20+00:00\" \/>\n<meta property=\"og:image\" content=\"https:\/\/wedomgroup.com\/wp-content\/uploads\/2026\/01\/toallas-kiandu.jpg\" \/>\n\t<meta property=\"og:image:width\" content=\"853\" \/>\n\t<meta property=\"og:image:height\" content=\"1024\" \/>\n\t<meta property=\"og:image:type\" content=\"image\/jpeg\" \/>\n<meta name=\"twitter:card\" content=\"summary_large_image\" \/>\n<meta name=\"twitter:label1\" content=\"Tempo estimado de leitura\" \/>\n\t<meta name=\"twitter:data1\" content=\"2 minutos\" \/>\n<script type=\"application\/ld+json\" class=\"yoast-schema-graph\">{\"@context\":\"https:\\\/\\\/schema.org\",\"@graph\":[{\"@type\":\"WebPage\",\"@id\":\"https:\\\/\\\/wedomgroup.com\\\/pt-pt\\\/kiandu\\\/toalhas\\\/\",\"url\":\"https:\\\/\\\/wedomgroup.com\\\/pt-pt\\\/kiandu\\\/toalhas\\\/\",\"name\":\"Toalhas de banho | Toalhas de algod\u00e3o | Kiandu\",\"isPartOf\":{\"@id\":\"https:\\\/\\\/wedomgroup.com\\\/pt-pt\\\/#website\"},\"primaryImageOfPage\":{\"@id\":\"https:\\\/\\\/wedomgroup.com\\\/pt-pt\\\/kiandu\\\/toalhas\\\/#primaryimage\"},\"image\":{\"@id\":\"https:\\\/\\\/wedomgroup.com\\\/pt-pt\\\/kiandu\\\/toalhas\\\/#primaryimage\"},\"thumbnailUrl\":\"https:\\\/\\\/wedomgroup.com\\\/wp-content\\\/uploads\\\/2026\\\/01\\\/toallas-kiandu.jpg\",\"datePublished\":\"2026-01-22T13:39:10+00:00\",\"dateModified\":\"2026-02-03T10:50:20+00:00\",\"description\":\"Descobre as toalhas Kiandu: toalhas de banho, toalhas de algod\u00e3o e toalhas grandes. Qualidade e conforto para a sua casa e casa de banho.\",\"breadcrumb\":{\"@id\":\"https:\\\/\\\/wedomgroup.com\\\/pt-pt\\\/kiandu\\\/toalhas\\\/#breadcrumb\"},\"inLanguage\":\"pt-PT\",\"potentialAction\":[{\"@type\":\"ReadAction\",\"target\":[\"https:\\\/\\\/wedomgroup.com\\\/pt-pt\\\/kiandu\\\/toalhas\\\/\"]}]},{\"@type\":\"ImageObject\",\"inLanguage\":\"pt-PT\",\"@id\":\"https:\\\/\\\/wedomgroup.com\\\/pt-pt\\\/kiandu\\\/toalhas\\\/#primaryimage\",\"url\":\"https:\\\/\\\/wedomgroup.com\\\/wp-content\\\/uploads\\\/2026\\\/01\\\/toallas-kiandu.jpg\",\"contentUrl\":\"https:\\\/\\\/wedomgroup.com\\\/wp-content\\\/uploads\\\/2026\\\/01\\\/toallas-kiandu.jpg\"},{\"@type\":\"BreadcrumbList\",\"@id\":\"https:\\\/\\\/wedomgroup.com\\\/pt-pt\\\/kiandu\\\/toalhas\\\/#breadcrumb\",\"itemListElement\":[{\"@type\":\"ListItem\",\"position\":1,\"name\":\"Inicio\",\"item\":\"https:\\\/\\\/wedomgroup.com\\\/pt-pt\\\/\"},{\"@type\":\"ListItem\",\"position\":2,\"name\":\"Kiandu\",\"item\":\"https:\\\/\\\/wedomgroup.com\\\/pt-pt\\\/kiandu\\\/\"},{\"@type\":\"ListItem\",\"position\":3,\"name\":\"Toalhas\"}]},{\"@type\":\"WebSite\",\"@id\":\"https:\\\/\\\/wedomgroup.com\\\/pt-pt\\\/#website\",\"url\":\"https:\\\/\\\/wedomgroup.com\\\/pt-pt\\\/\",\"name\":\"Wedom\",\"description\":\"Hacemos realidad tu idea de hogar\",\"publisher\":{\"@id\":\"https:\\\/\\\/wedomgroup.com\\\/pt-pt\\\/#organization\"},\"potentialAction\":[{\"@type\":\"SearchAction\",\"target\":{\"@type\":\"EntryPoint\",\"urlTemplate\":\"https:\\\/\\\/wedomgroup.com\\\/pt-pt\\\/?s={search_term_string}\"},\"query-input\":{\"@type\":\"PropertyValueSpecification\",\"valueRequired\":true,\"valueName\":\"search_term_string\"}}],\"inLanguage\":\"pt-PT\"},{\"@type\":\"Organization\",\"@id\":\"https:\\\/\\\/wedomgroup.com\\\/pt-pt\\\/#organization\",\"name\":\"Wedom\",\"url\":\"https:\\\/\\\/wedomgroup.com\\\/pt-pt\\\/\",\"logo\":{\"@type\":\"ImageObject\",\"inLanguage\":\"pt-PT\",\"@id\":\"https:\\\/\\\/wedomgroup.com\\\/pt-pt\\\/#\\\/schema\\\/logo\\\/image\\\/\",\"url\":\"https:\\\/\\\/wedomgroup.com\\\/wp-content\\\/uploads\\\/2023\\\/05\\\/wedom-logo.png\",\"contentUrl\":\"https:\\\/\\\/wedomgroup.com\\\/wp-content\\\/uploads\\\/2023\\\/05\\\/wedom-logo.png\",\"width\":121,\"height\":28,\"caption\":\"Wedom\"},\"image\":{\"@id\":\"https:\\\/\\\/wedomgroup.com\\\/pt-pt\\\/#\\\/schema\\\/logo\\\/image\\\/\"},\"sameAs\":[\"https:\\\/\\\/www.linkedin.com\\\/company\\\/wedom-group\\\/\"]}]}<\/script>\n<!-- \/ Yoast SEO plugin. -->","yoast_head_json":{"title":"Toalhas de banho | Toalhas de algod\u00e3o | Kiandu","description":"Descobre as toalhas Kiandu: toalhas de banho, toalhas de algod\u00e3o e toalhas grandes. Qualidade e conforto para a sua casa e casa de banho.","robots":{"index":"index","follow":"follow","max-snippet":"max-snippet:-1","max-image-preview":"max-image-preview:large","max-video-preview":"max-video-preview:-1"},"canonical":"https:\/\/wedomgroup.com\/pt-pt\/kiandu\/toalhas\/","og_locale":"pt_PT","og_type":"article","og_title":"Toalhas de banho | Toalhas de algod\u00e3o | Kiandu","og_description":"Descobre as toalhas Kiandu: toalhas de banho, toalhas de algod\u00e3o e toalhas grandes. Qualidade e conforto para a sua casa e casa de banho.","og_url":"https:\/\/wedomgroup.com\/pt-pt\/kiandu\/toalhas\/","og_site_name":"wedom","article_modified_time":"2026-02-03T10:50:20+00:00","og_image":[{"width":853,"height":1024,"url":"https:\/\/wedomgroup.com\/wp-content\/uploads\/2026\/01\/toallas-kiandu.jpg","type":"image\/jpeg"}],"twitter_card":"summary_large_image","twitter_misc":{"Tempo estimado de leitura":"2 minutos"},"schema":{"@context":"https:\/\/schema.org","@graph":[{"@type":"WebPage","@id":"https:\/\/wedomgroup.com\/pt-pt\/kiandu\/toalhas\/","url":"https:\/\/wedomgroup.com\/pt-pt\/kiandu\/toalhas\/","name":"Toalhas de banho | Toalhas de algod\u00e3o | Kiandu","isPartOf":{"@id":"https:\/\/wedomgroup.com\/pt-pt\/#website"},"primaryImageOfPage":{"@id":"https:\/\/wedomgroup.com\/pt-pt\/kiandu\/toalhas\/#primaryimage"},"image":{"@id":"https:\/\/wedomgroup.com\/pt-pt\/kiandu\/toalhas\/#primaryimage"},"thumbnailUrl":"https:\/\/wedomgroup.com\/wp-content\/uploads\/2026\/01\/toallas-kiandu.jpg","datePublished":"2026-01-22T13:39:10+00:00","dateModified":"2026-02-03T10:50:20+00:00","description":"Descobre as toalhas Kiandu: toalhas de banho, toalhas de algod\u00e3o e toalhas grandes. Qualidade e conforto para a sua casa e casa de banho.","breadcrumb":{"@id":"https:\/\/wedomgroup.com\/pt-pt\/kiandu\/toalhas\/#breadcrumb"},"inLanguage":"pt-PT","potentialAction":[{"@type":"ReadAction","target":["https:\/\/wedomgroup.com\/pt-pt\/kiandu\/toalhas\/"]}]},{"@type":"ImageObject","inLanguage":"pt-PT","@id":"https:\/\/wedomgroup.com\/pt-pt\/kiandu\/toalhas\/#primaryimage","url":"https:\/\/wedomgroup.com\/wp-content\/uploads\/2026\/01\/toallas-kiandu.jpg","contentUrl":"https:\/\/wedomgroup.com\/wp-content\/uploads\/2026\/01\/toallas-kiandu.jpg"},{"@type":"BreadcrumbList","@id":"https:\/\/wedomgroup.com\/pt-pt\/kiandu\/toalhas\/#breadcrumb","itemListElement":[{"@type":"ListItem","position":1,"name":"Inicio","item":"https:\/\/wedomgroup.com\/pt-pt\/"},{"@type":"ListItem","position":2,"name":"Kiandu","item":"https:\/\/wedomgroup.com\/pt-pt\/kiandu\/"},{"@type":"ListItem","position":3,"name":"Toalhas"}]},{"@type":"WebSite","@id":"https:\/\/wedomgroup.com\/pt-pt\/#website","url":"https:\/\/wedomgroup.com\/pt-pt\/","name":"Wedom","description":"Hacemos realidad tu idea de hogar","publisher":{"@id":"https:\/\/wedomgroup.com\/pt-pt\/#organization"},"potentialAction":[{"@type":"SearchAction","target":{"@type":"EntryPoint","urlTemplate":"https:\/\/wedomgroup.com\/pt-pt\/?s={search_term_string}"},"query-input":{"@type":"PropertyValueSpecification","valueRequired":true,"valueName":"search_term_string"}}],"inLanguage":"pt-PT"},{"@type":"Organization","@id":"https:\/\/wedomgroup.com\/pt-pt\/#organization","name":"Wedom","url":"https:\/\/wedomgroup.com\/pt-pt\/","logo":{"@type":"ImageObject","inLanguage":"pt-PT","@id":"https:\/\/wedomgroup.com\/pt-pt\/#\/schema\/logo\/image\/","url":"https:\/\/wedomgroup.com\/wp-content\/uploads\/2023\/05\/wedom-logo.png","contentUrl":"https:\/\/wedomgroup.com\/wp-content\/uploads\/2023\/05\/wedom-logo.png","width":121,"height":28,"caption":"Wedom"},"image":{"@id":"https:\/\/wedomgroup.com\/pt-pt\/#\/schema\/logo\/image\/"},"sameAs":["https:\/\/www.linkedin.com\/company\/wedom-group\/"]}]}},"_links":{"self":[{"href":"https:\/\/wedomgroup.com\/pt-pt\/wp-json\/wp\/v2\/pages\/5378","targetHints":{"allow":["GET"]}}],"collection":[{"href":"https:\/\/wedomgroup.com\/pt-pt\/wp-json\/wp\/v2\/pages"}],"about":[{"href":"https:\/\/wedomgroup.com\/pt-pt\/wp-json\/wp\/v2\/types\/page"}],"author":[{"embeddable":true,"href":"https:\/\/wedomgroup.com\/pt-pt\/wp-json\/wp\/v2\/users\/3"}],"replies":[{"embeddable":true,"href":"https:\/\/wedomgroup.com\/pt-pt\/wp-json\/wp\/v2\/comments?post=5378"}],"version-history":[{"count":3,"href":"https:\/\/wedomgroup.com\/pt-pt\/wp-json\/wp\/v2\/pages\/5378\/revisions"}],"predecessor-version":[{"id":5419,"href":"https:\/\/wedomgroup.com\/pt-pt\/wp-json\/wp\/v2\/pages\/5378\/revisions\/5419"}],"up":[{"embeddable":true,"href":"https:\/\/wedomgroup.com\/pt-pt\/wp-json\/wp\/v2\/pages\/5356"}],"wp:attachment":[{"href":"https:\/\/wedomgroup.com\/pt-pt\/wp-json\/wp\/v2\/media?parent=5378"}],"curies":[{"name":"wp","href":"https:\/\/api.w.org\/{rel}","templated":true}]}}