{"id":5382,"date":"2026-01-22T13:39:43","date_gmt":"2026-01-22T13:39:43","guid":{"rendered":"https:\/\/wedomgroup.com\/kiandu\/toalhas-e-pareos-de-praia\/"},"modified":"2026-02-24T12:31:17","modified_gmt":"2026-02-24T12:31:17","slug":"toalhas-e-pareos-de-praia","status":"publish","type":"page","link":"https:\/\/wedomgroup.com\/pt-pt\/kiandu\/toalhas-e-pareos-de-praia\/","title":{"rendered":"Toalhas e pareos de praia"},"content":{"rendered":"\t\t<div data-elementor-type=\"wp-page\" data-elementor-id=\"5382\" class=\"elementor elementor-5382 elementor-4173\" data-elementor-post-type=\"page\">\n\t\t\t\t<div class=\"elementor-element elementor-element-3d91798b e-flex e-con-boxed e-con e-parent\" data-id=\"3d91798b\" data-element_type=\"container\" data-e-type=\"container\">\n\t\t\t\t\t<div class=\"e-con-inner\">\n\t\t<div class=\"elementor-element elementor-element-50160b43 e-con-full e-flex e-con e-child\" data-id=\"50160b43\" data-element_type=\"container\" data-e-type=\"container\">\n\t\t\t\t<div class=\"elementor-element elementor-element-1c1fc424 elementor-widget elementor-widget-breadcrumbs\" data-id=\"1c1fc424\" data-element_type=\"widget\" data-e-type=\"widget\" data-widget_type=\"breadcrumbs.default\">\n\t\t\t\t\t<p id=\"breadcrumbs\"><span><span><a href=\"https:\/\/wedomgroup.com\/pt-pt\/\">Inicio<\/a><\/span><\/span><\/p>\t\t\t\t<\/div>\n\t\t\t\t<div class=\"elementor-element elementor-element-1d924ab9 elementor-widget elementor-widget-heading\" data-id=\"1d924ab9\" data-element_type=\"widget\" data-e-type=\"widget\" data-widget_type=\"heading.default\">\n\t\t\t\t\t<h1 class=\"elementor-heading-title elementor-size-default\">Toalhas e pareos de praia Kiandu<\/h1>\t\t\t\t<\/div>\n\t\t\t\t<div class=\"elementor-element elementor-element-166df956 elementor-widget elementor-widget-text-editor\" data-id=\"166df956\" data-element_type=\"widget\" data-e-type=\"widget\" data-widget_type=\"text-editor.default\">\n\t\t\t\t\t\t\t\t\t<p>As <strong>toalhas e pareos de praia Kiandu<\/strong> s\u00e3o uma op\u00e7\u00e3o pr\u00e1tica e vers\u00e1til para desfrutar da praia e da piscina. Uma proposta pr\u00e1tica para o uso di\u00e1rio no ver\u00e3o, com designs concebidos para desfrutar do descanso ao ar livre.<\/p>\n<p>O seu formato amplo e a sua versatilidade tornam estas <strong>toalhas de praia<\/strong> uma op\u00e7\u00e3o confort\u00e1vel para se deitar, secar ou usar como pareo nos momentos de descanso.<\/p>\n\t\t\t\t\t\t\t\t<\/div>\n\t\t\t\t<\/div>\n\t\t<div class=\"elementor-element elementor-element-dbe9b1 e-con-full e-flex e-con e-child\" data-id=\"dbe9b1\" data-element_type=\"container\" data-e-type=\"container\">\n\t\t\t\t<div class=\"elementor-element elementor-element-3c99dce1 elementor-widget elementor-widget-image\" data-id=\"3c99dce1\" data-element_type=\"widget\" data-e-type=\"widget\" data-widget_type=\"image.default\">\n\t\t\t\t\t\t\t\t\t\t\t\t<figure class=\"wp-caption\">\n\t\t\t\t\t\t\t\t\t\t<img fetchpriority=\"high\" decoding=\"async\" width=\"800\" height=\"800\" src=\"https:\/\/wedomgroup.com\/wp-content\/uploads\/2026\/02\/detalle-pareo-1024x1024.jpg\" class=\"attachment-large size-large wp-image-5847\" alt=\"\" srcset=\"https:\/\/wedomgroup.com\/wp-content\/uploads\/2026\/02\/detalle-pareo-1024x1024.jpg 1024w, https:\/\/wedomgroup.com\/wp-content\/uploads\/2026\/02\/detalle-pareo-300x300.jpg 300w, https:\/\/wedomgroup.com\/wp-content\/uploads\/2026\/02\/detalle-pareo-150x150.jpg 150w, https:\/\/wedomgroup.com\/wp-content\/uploads\/2026\/02\/detalle-pareo-768x768.jpg 768w, https:\/\/wedomgroup.com\/wp-content\/uploads\/2026\/02\/detalle-pareo.jpg 1200w\" sizes=\"(max-width: 800px) 100vw, 800px\" \/>\t\t\t\t\t\t\t\t\t\t\t<figcaption class=\"widget-image-caption wp-caption-text\"><\/figcaption>\n\t\t\t\t\t\t\t\t\t\t<\/figure>\n\t\t\t\t\t\t\t\t\t<\/div>\n\t\t\t\t<\/div>\n\t\t\t\t\t<\/div>\n\t\t\t\t<\/div>\n\t\t<div class=\"elementor-element elementor-element-3690480b e-con-full e-flex e-con e-parent\" data-id=\"3690480b\" data-element_type=\"container\" data-e-type=\"container\" data-settings=\"{&quot;background_background&quot;:&quot;classic&quot;}\">\n\t\t<div class=\"elementor-element elementor-element-5e7ffa65 e-con-full e-flex e-con e-child\" data-id=\"5e7ffa65\" data-element_type=\"container\" data-e-type=\"container\">\n\t\t<div class=\"elementor-element elementor-element-49ca5382 e-con-full e-flex e-con e-child\" data-id=\"49ca5382\" data-element_type=\"container\" data-e-type=\"container\">\n\t\t\t\t<div class=\"elementor-element elementor-element-4b6387c3 elementor-widget elementor-widget-heading\" data-id=\"4b6387c3\" data-element_type=\"widget\" data-e-type=\"widget\" data-widget_type=\"heading.default\">\n\t\t\t\t\t<h2 class=\"elementor-heading-title elementor-size-default\">Toalhas de praia: conforto e estilo<\/h2>\t\t\t\t<\/div>\n\t\t\t\t<div class=\"elementor-element elementor-element-75ab1cc3 elementor-widget elementor-widget-text-editor\" data-id=\"75ab1cc3\" data-element_type=\"widget\" data-e-type=\"widget\" data-widget_type=\"text-editor.default\">\n\t\t\t\t\t\t\t\t\t<p>As <strong>toalhas de praia Kiandu<\/strong> oferecem uma solu\u00e7\u00e3o funcional para desfrutar do sol e da \u00e1gua com maior conforto. Concebidas para uso regular durante a temporada de ver\u00e3o, proporcionam maior conforto gra\u00e7as aos seus formatos amplos, adequados tanto para descansar na areia como para se secar ap\u00f3s o banho.<\/p>\n<p>Gra\u00e7as aos seus designs cuidados, estas toalhas de praia adaptam-se facilmente a diferentes estilos e necessidades, tornando-se um item b\u00e1sico indispens\u00e1vel para o ver\u00e3o.<\/p>\n\t\t\t\t\t\t\t\t<\/div>\n\t\t<div class=\"elementor-element elementor-element-14369d1d e-con-full e-flex e-con e-child\" data-id=\"14369d1d\" data-element_type=\"container\" data-e-type=\"container\">\n\t\t\t\t<div class=\"elementor-element elementor-element-4db18522 elementor-widget elementor-widget-heading\" data-id=\"4db18522\" data-element_type=\"widget\" data-e-type=\"widget\" data-widget_type=\"heading.default\">\n\t\t\t\t\t<h3 class=\"elementor-heading-title elementor-size-default\">Utiliza\u00e7\u00e3o na praia e na piscina<\/h3>\t\t\t\t<\/div>\n\t\t\t\t<div class=\"elementor-element elementor-element-59e236b elementor-widget elementor-widget-heading\" data-id=\"59e236b\" data-element_type=\"widget\" data-e-type=\"widget\" data-widget_type=\"heading.default\">\n\t\t\t\t\t<h3 class=\"elementor-heading-title elementor-size-default\">Formato amplo para maior conforto<\/h3>\t\t\t\t<\/div>\n\t\t\t\t<div class=\"elementor-element elementor-element-ff58d76 elementor-widget elementor-widget-heading\" data-id=\"ff58d76\" data-element_type=\"widget\" data-e-type=\"widget\" data-widget_type=\"heading.default\">\n\t\t\t\t\t<h3 class=\"elementor-heading-title elementor-size-default\">Concebidos para uso di\u00e1rio no ver\u00e3o<\/h3>\t\t\t\t<\/div>\n\t\t\t\t<\/div>\n\t\t\t\t<\/div>\n\t\t\t\t<\/div>\n\t\t<div class=\"elementor-element elementor-element-36afc240 e-con-full e-flex e-con e-child\" data-id=\"36afc240\" data-element_type=\"container\" data-e-type=\"container\" data-settings=\"{&quot;background_background&quot;:&quot;classic&quot;}\">\n\t\t\t\t<\/div>\n\t\t\t\t<\/div>\n\t\t<div class=\"elementor-element elementor-element-898846d e-con-full e-flex e-con e-parent\" data-id=\"898846d\" data-element_type=\"container\" data-e-type=\"container\" data-settings=\"{&quot;background_background&quot;:&quot;classic&quot;}\">\n\t\t<div class=\"elementor-element elementor-element-29707e5 e-con-full e-flex e-con e-child\" data-id=\"29707e5\" data-element_type=\"container\" data-e-type=\"container\" data-settings=\"{&quot;background_background&quot;:&quot;classic&quot;}\">\n\t\t\t\t<\/div>\n\t\t<div class=\"elementor-element elementor-element-73c0ea2 e-con-full e-flex e-con e-child\" data-id=\"73c0ea2\" data-element_type=\"container\" data-e-type=\"container\">\n\t\t<div class=\"elementor-element elementor-element-6549053 e-con-full e-flex e-con e-child\" data-id=\"6549053\" data-element_type=\"container\" data-e-type=\"container\">\n\t\t\t\t<div class=\"elementor-element elementor-element-b6b1534 elementor-widget elementor-widget-heading\" data-id=\"b6b1534\" data-element_type=\"widget\" data-e-type=\"widget\" data-widget_type=\"heading.default\">\n\t\t\t\t\t<h2 class=\"elementor-heading-title elementor-size-default\">Tamanhos e combina\u00e7\u00f5es para todos os gostos<\/h2>\t\t\t\t<\/div>\n\t\t\t\t<div class=\"elementor-element elementor-element-31035dc elementor-widget elementor-widget-text-editor\" data-id=\"31035dc\" data-element_type=\"widget\" data-e-type=\"widget\" data-widget_type=\"text-editor.default\">\n\t\t\t\t\t\t\t\t\t<p>As <strong>toalhas\/pareos de praia Kiandu<\/strong> est\u00e3o dispon\u00edveis em diferentes formatos para se adaptarem a diferentes necessidades e utiliza\u00e7\u00f5es durante o ver\u00e3o. Os tamanhos dispon\u00edveis permitem escolher a op\u00e7\u00e3o mais adequada de acordo com o espa\u00e7o, o conforto desejado ou o tipo de utiliza\u00e7\u00e3o.<\/p>\n\t\t\t\t\t\t\t\t<\/div>\n\t\t<div class=\"elementor-element elementor-element-5c28e7b e-con-full e-flex e-con e-child\" data-id=\"5c28e7b\" data-element_type=\"container\" data-e-type=\"container\">\n\t\t\t\t<div class=\"elementor-element elementor-element-2954a48 elementor-widget elementor-widget-heading\" data-id=\"2954a48\" data-element_type=\"widget\" data-e-type=\"widget\" data-widget_type=\"heading.default\">\n\t\t\t\t\t<h3 class=\"elementor-heading-title elementor-size-default\">90 x 180 cm<\/h3>\t\t\t\t<\/div>\n\t\t\t\t<div class=\"elementor-element elementor-element-c3ed4d6 elementor-widget elementor-widget-text-editor\" data-id=\"c3ed4d6\" data-element_type=\"widget\" data-e-type=\"widget\" data-widget_type=\"text-editor.default\">\n\t\t\t\t\t\t\t\t\t<p>Um tamanho pr\u00e1tico para <strong>utilizar como toalha de praia ou como pareo<\/strong>, oferecendo um equil\u00edbrio entre conforto e versatilidade.<\/p>\n\t\t\t\t\t\t\t\t<\/div>\n\t\t\t\t<\/div>\n\t\t<div class=\"elementor-element elementor-element-0a824bc e-con-full e-flex e-con e-child\" data-id=\"0a824bc\" data-element_type=\"container\" data-e-type=\"container\">\n\t\t\t\t<div class=\"elementor-element elementor-element-a64e0ed elementor-widget elementor-widget-heading\" data-id=\"a64e0ed\" data-element_type=\"widget\" data-e-type=\"widget\" data-widget_type=\"heading.default\">\n\t\t\t\t\t<h3 class=\"elementor-heading-title elementor-size-default\">160 x 200 cm<\/h3>\t\t\t\t<\/div>\n\t\t\t\t<div class=\"elementor-element elementor-element-1bd83d6 elementor-widget elementor-widget-text-editor\" data-id=\"1bd83d6\" data-element_type=\"widget\" data-e-type=\"widget\" data-widget_type=\"text-editor.default\">\n\t\t\t\t\t\t\t\t\t<p>Um formato mais amplo, ideal para quem procura uma toalha de praia grande que ofere\u00e7a <strong>mais espa\u00e7o e conforto<\/strong> ao deitar-se.<\/p>\n\t\t\t\t\t\t\t\t<\/div>\n\t\t\t\t<\/div>\n\t\t\t\t<div class=\"elementor-element elementor-element-1c27b74 elementor-widget elementor-widget-text-editor\" data-id=\"1c27b74\" data-element_type=\"widget\" data-e-type=\"widget\" data-widget_type=\"text-editor.default\">\n\t\t\t\t\t\t\t\t\t<p>Estas medidas permitem adaptar as <strong>toalhas e os pareos de praia<\/strong> a diferentes planos de ver\u00e3o, oferecendo uma solu\u00e7\u00e3o pr\u00e1tica e funcional para cada momento.<\/p>\n\t\t\t\t\t\t\t\t<\/div>\n\t\t\t\t<\/div>\n\t\t\t\t<\/div>\n\t\t\t\t<\/div>\n\t\t\t\t<\/div>\n\t\t","protected":false},"excerpt":{"rendered":"<p>Toalhas e pareos de praia Kiandu As toalhas e pareos de praia Kiandu s\u00e3o uma op\u00e7\u00e3o pr\u00e1tica e vers\u00e1til para desfrutar da praia e da piscina. Uma proposta pr\u00e1tica para o uso di\u00e1rio no ver\u00e3o, com designs concebidos para desfrutar do descanso ao ar livre. O seu formato amplo e a sua versatilidade tornam estas [&hellip;]<\/p>\n","protected":false},"author":3,"featured_media":0,"parent":5356,"menu_order":0,"comment_status":"closed","ping_status":"closed","template":"","meta":{"_acf_changed":false,"footnotes":""},"class_list":["post-5382","page","type-page","status-publish","hentry"],"acf":[],"yoast_head":"<!-- This site is optimized with the Yoast SEO plugin v27.5 - https:\/\/yoast.com\/product\/yoast-seo-wordpress\/ -->\n<title>Toalhas e pareos de praia | Kiandu<\/title>\n<meta name=\"description\" content=\"Descobre as toalhas e os pareos de praia Kiandu: toalhas grandes, pareos e conjuntos ideais para a praia e a piscina. Conforto e estilo para os teus dias de ver\u00e3o.\" \/>\n<meta name=\"robots\" content=\"index, follow, max-snippet:-1, max-image-preview:large, max-video-preview:-1\" \/>\n<link rel=\"canonical\" href=\"https:\/\/wedomgroup.com\/pt-pt\/kiandu\/toalhas-e-pareos-de-praia\/\" \/>\n<meta property=\"og:locale\" content=\"pt_PT\" \/>\n<meta property=\"og:type\" content=\"article\" \/>\n<meta property=\"og:title\" content=\"Toalhas e pareos de praia | Kiandu\" \/>\n<meta property=\"og:description\" content=\"Descobre as toalhas e os pareos de praia Kiandu: toalhas grandes, pareos e conjuntos ideais para a praia e a piscina. Conforto e estilo para os teus dias de ver\u00e3o.\" \/>\n<meta property=\"og:url\" content=\"https:\/\/wedomgroup.com\/pt-pt\/kiandu\/toalhas-e-pareos-de-praia\/\" \/>\n<meta property=\"og:site_name\" content=\"wedom\" \/>\n<meta property=\"article:modified_time\" content=\"2026-02-24T12:31:17+00:00\" \/>\n<meta property=\"og:image\" content=\"https:\/\/wedomgroup.com\/wp-content\/uploads\/2026\/02\/detalle-pareo.jpg\" \/>\n\t<meta property=\"og:image:width\" content=\"1200\" \/>\n\t<meta property=\"og:image:height\" content=\"1200\" \/>\n\t<meta property=\"og:image:type\" content=\"image\/jpeg\" \/>\n<meta name=\"twitter:card\" content=\"summary_large_image\" \/>\n<meta name=\"twitter:label1\" content=\"Tempo estimado de leitura\" \/>\n\t<meta name=\"twitter:data1\" content=\"2 minutos\" \/>\n<script type=\"application\/ld+json\" class=\"yoast-schema-graph\">{\"@context\":\"https:\\\/\\\/schema.org\",\"@graph\":[{\"@type\":\"WebPage\",\"@id\":\"https:\\\/\\\/wedomgroup.com\\\/pt-pt\\\/kiandu\\\/toalhas-e-pareos-de-praia\\\/\",\"url\":\"https:\\\/\\\/wedomgroup.com\\\/pt-pt\\\/kiandu\\\/toalhas-e-pareos-de-praia\\\/\",\"name\":\"Toalhas e pareos de praia | Kiandu\",\"isPartOf\":{\"@id\":\"https:\\\/\\\/wedomgroup.com\\\/pt-pt\\\/#website\"},\"primaryImageOfPage\":{\"@id\":\"https:\\\/\\\/wedomgroup.com\\\/pt-pt\\\/kiandu\\\/toalhas-e-pareos-de-praia\\\/#primaryimage\"},\"image\":{\"@id\":\"https:\\\/\\\/wedomgroup.com\\\/pt-pt\\\/kiandu\\\/toalhas-e-pareos-de-praia\\\/#primaryimage\"},\"thumbnailUrl\":\"https:\\\/\\\/wedomgroup.com\\\/wp-content\\\/uploads\\\/2026\\\/02\\\/detalle-pareo-1024x1024.jpg\",\"datePublished\":\"2026-01-22T13:39:43+00:00\",\"dateModified\":\"2026-02-24T12:31:17+00:00\",\"description\":\"Descobre as toalhas e os pareos de praia Kiandu: toalhas grandes, pareos e conjuntos ideais para a praia e a piscina. Conforto e estilo para os teus dias de ver\u00e3o.\",\"breadcrumb\":{\"@id\":\"https:\\\/\\\/wedomgroup.com\\\/pt-pt\\\/kiandu\\\/toalhas-e-pareos-de-praia\\\/#breadcrumb\"},\"inLanguage\":\"pt-PT\",\"potentialAction\":[{\"@type\":\"ReadAction\",\"target\":[\"https:\\\/\\\/wedomgroup.com\\\/pt-pt\\\/kiandu\\\/toalhas-e-pareos-de-praia\\\/\"]}]},{\"@type\":\"ImageObject\",\"inLanguage\":\"pt-PT\",\"@id\":\"https:\\\/\\\/wedomgroup.com\\\/pt-pt\\\/kiandu\\\/toalhas-e-pareos-de-praia\\\/#primaryimage\",\"url\":\"https:\\\/\\\/wedomgroup.com\\\/wp-content\\\/uploads\\\/2026\\\/02\\\/detalle-pareo-1024x1024.jpg\",\"contentUrl\":\"https:\\\/\\\/wedomgroup.com\\\/wp-content\\\/uploads\\\/2026\\\/02\\\/detalle-pareo-1024x1024.jpg\"},{\"@type\":\"BreadcrumbList\",\"@id\":\"https:\\\/\\\/wedomgroup.com\\\/pt-pt\\\/kiandu\\\/toalhas-e-pareos-de-praia\\\/#breadcrumb\",\"itemListElement\":[{\"@type\":\"ListItem\",\"position\":1,\"name\":\"Inicio\",\"item\":\"https:\\\/\\\/wedomgroup.com\\\/pt-pt\\\/\"},{\"@type\":\"ListItem\",\"position\":2,\"name\":\"Kiandu\",\"item\":\"https:\\\/\\\/wedomgroup.com\\\/pt-pt\\\/kiandu\\\/\"},{\"@type\":\"ListItem\",\"position\":3,\"name\":\"Toalhas e pareos de praia\"}]},{\"@type\":\"WebSite\",\"@id\":\"https:\\\/\\\/wedomgroup.com\\\/pt-pt\\\/#website\",\"url\":\"https:\\\/\\\/wedomgroup.com\\\/pt-pt\\\/\",\"name\":\"Wedom\",\"description\":\"Hacemos realidad tu idea de hogar\",\"publisher\":{\"@id\":\"https:\\\/\\\/wedomgroup.com\\\/pt-pt\\\/#organization\"},\"potentialAction\":[{\"@type\":\"SearchAction\",\"target\":{\"@type\":\"EntryPoint\",\"urlTemplate\":\"https:\\\/\\\/wedomgroup.com\\\/pt-pt\\\/?s={search_term_string}\"},\"query-input\":{\"@type\":\"PropertyValueSpecification\",\"valueRequired\":true,\"valueName\":\"search_term_string\"}}],\"inLanguage\":\"pt-PT\"},{\"@type\":\"Organization\",\"@id\":\"https:\\\/\\\/wedomgroup.com\\\/pt-pt\\\/#organization\",\"name\":\"Wedom\",\"url\":\"https:\\\/\\\/wedomgroup.com\\\/pt-pt\\\/\",\"logo\":{\"@type\":\"ImageObject\",\"inLanguage\":\"pt-PT\",\"@id\":\"https:\\\/\\\/wedomgroup.com\\\/pt-pt\\\/#\\\/schema\\\/logo\\\/image\\\/\",\"url\":\"https:\\\/\\\/wedomgroup.com\\\/wp-content\\\/uploads\\\/2023\\\/05\\\/wedom-logo.png\",\"contentUrl\":\"https:\\\/\\\/wedomgroup.com\\\/wp-content\\\/uploads\\\/2023\\\/05\\\/wedom-logo.png\",\"width\":121,\"height\":28,\"caption\":\"Wedom\"},\"image\":{\"@id\":\"https:\\\/\\\/wedomgroup.com\\\/pt-pt\\\/#\\\/schema\\\/logo\\\/image\\\/\"},\"sameAs\":[\"https:\\\/\\\/www.linkedin.com\\\/company\\\/wedom-group\\\/\"]}]}<\/script>\n<!-- \/ Yoast SEO plugin. -->","yoast_head_json":{"title":"Toalhas e pareos de praia | Kiandu","description":"Descobre as toalhas e os pareos de praia Kiandu: toalhas grandes, pareos e conjuntos ideais para a praia e a piscina. Conforto e estilo para os teus dias de ver\u00e3o.","robots":{"index":"index","follow":"follow","max-snippet":"max-snippet:-1","max-image-preview":"max-image-preview:large","max-video-preview":"max-video-preview:-1"},"canonical":"https:\/\/wedomgroup.com\/pt-pt\/kiandu\/toalhas-e-pareos-de-praia\/","og_locale":"pt_PT","og_type":"article","og_title":"Toalhas e pareos de praia | Kiandu","og_description":"Descobre as toalhas e os pareos de praia Kiandu: toalhas grandes, pareos e conjuntos ideais para a praia e a piscina. Conforto e estilo para os teus dias de ver\u00e3o.","og_url":"https:\/\/wedomgroup.com\/pt-pt\/kiandu\/toalhas-e-pareos-de-praia\/","og_site_name":"wedom","article_modified_time":"2026-02-24T12:31:17+00:00","og_image":[{"width":1200,"height":1200,"url":"https:\/\/wedomgroup.com\/wp-content\/uploads\/2026\/02\/detalle-pareo.jpg","type":"image\/jpeg"}],"twitter_card":"summary_large_image","twitter_misc":{"Tempo estimado de leitura":"2 minutos"},"schema":{"@context":"https:\/\/schema.org","@graph":[{"@type":"WebPage","@id":"https:\/\/wedomgroup.com\/pt-pt\/kiandu\/toalhas-e-pareos-de-praia\/","url":"https:\/\/wedomgroup.com\/pt-pt\/kiandu\/toalhas-e-pareos-de-praia\/","name":"Toalhas e pareos de praia | Kiandu","isPartOf":{"@id":"https:\/\/wedomgroup.com\/pt-pt\/#website"},"primaryImageOfPage":{"@id":"https:\/\/wedomgroup.com\/pt-pt\/kiandu\/toalhas-e-pareos-de-praia\/#primaryimage"},"image":{"@id":"https:\/\/wedomgroup.com\/pt-pt\/kiandu\/toalhas-e-pareos-de-praia\/#primaryimage"},"thumbnailUrl":"https:\/\/wedomgroup.com\/wp-content\/uploads\/2026\/02\/detalle-pareo-1024x1024.jpg","datePublished":"2026-01-22T13:39:43+00:00","dateModified":"2026-02-24T12:31:17+00:00","description":"Descobre as toalhas e os pareos de praia Kiandu: toalhas grandes, pareos e conjuntos ideais para a praia e a piscina. Conforto e estilo para os teus dias de ver\u00e3o.","breadcrumb":{"@id":"https:\/\/wedomgroup.com\/pt-pt\/kiandu\/toalhas-e-pareos-de-praia\/#breadcrumb"},"inLanguage":"pt-PT","potentialAction":[{"@type":"ReadAction","target":["https:\/\/wedomgroup.com\/pt-pt\/kiandu\/toalhas-e-pareos-de-praia\/"]}]},{"@type":"ImageObject","inLanguage":"pt-PT","@id":"https:\/\/wedomgroup.com\/pt-pt\/kiandu\/toalhas-e-pareos-de-praia\/#primaryimage","url":"https:\/\/wedomgroup.com\/wp-content\/uploads\/2026\/02\/detalle-pareo-1024x1024.jpg","contentUrl":"https:\/\/wedomgroup.com\/wp-content\/uploads\/2026\/02\/detalle-pareo-1024x1024.jpg"},{"@type":"BreadcrumbList","@id":"https:\/\/wedomgroup.com\/pt-pt\/kiandu\/toalhas-e-pareos-de-praia\/#breadcrumb","itemListElement":[{"@type":"ListItem","position":1,"name":"Inicio","item":"https:\/\/wedomgroup.com\/pt-pt\/"},{"@type":"ListItem","position":2,"name":"Kiandu","item":"https:\/\/wedomgroup.com\/pt-pt\/kiandu\/"},{"@type":"ListItem","position":3,"name":"Toalhas e pareos de praia"}]},{"@type":"WebSite","@id":"https:\/\/wedomgroup.com\/pt-pt\/#website","url":"https:\/\/wedomgroup.com\/pt-pt\/","name":"Wedom","description":"Hacemos realidad tu idea de hogar","publisher":{"@id":"https:\/\/wedomgroup.com\/pt-pt\/#organization"},"potentialAction":[{"@type":"SearchAction","target":{"@type":"EntryPoint","urlTemplate":"https:\/\/wedomgroup.com\/pt-pt\/?s={search_term_string}"},"query-input":{"@type":"PropertyValueSpecification","valueRequired":true,"valueName":"search_term_string"}}],"inLanguage":"pt-PT"},{"@type":"Organization","@id":"https:\/\/wedomgroup.com\/pt-pt\/#organization","name":"Wedom","url":"https:\/\/wedomgroup.com\/pt-pt\/","logo":{"@type":"ImageObject","inLanguage":"pt-PT","@id":"https:\/\/wedomgroup.com\/pt-pt\/#\/schema\/logo\/image\/","url":"https:\/\/wedomgroup.com\/wp-content\/uploads\/2023\/05\/wedom-logo.png","contentUrl":"https:\/\/wedomgroup.com\/wp-content\/uploads\/2023\/05\/wedom-logo.png","width":121,"height":28,"caption":"Wedom"},"image":{"@id":"https:\/\/wedomgroup.com\/pt-pt\/#\/schema\/logo\/image\/"},"sameAs":["https:\/\/www.linkedin.com\/company\/wedom-group\/"]}]}},"_links":{"self":[{"href":"https:\/\/wedomgroup.com\/pt-pt\/wp-json\/wp\/v2\/pages\/5382","targetHints":{"allow":["GET"]}}],"collection":[{"href":"https:\/\/wedomgroup.com\/pt-pt\/wp-json\/wp\/v2\/pages"}],"about":[{"href":"https:\/\/wedomgroup.com\/pt-pt\/wp-json\/wp\/v2\/types\/page"}],"author":[{"embeddable":true,"href":"https:\/\/wedomgroup.com\/pt-pt\/wp-json\/wp\/v2\/users\/3"}],"replies":[{"embeddable":true,"href":"https:\/\/wedomgroup.com\/pt-pt\/wp-json\/wp\/v2\/comments?post=5382"}],"version-history":[{"count":6,"href":"https:\/\/wedomgroup.com\/pt-pt\/wp-json\/wp\/v2\/pages\/5382\/revisions"}],"predecessor-version":[{"id":5880,"href":"https:\/\/wedomgroup.com\/pt-pt\/wp-json\/wp\/v2\/pages\/5382\/revisions\/5880"}],"up":[{"embeddable":true,"href":"https:\/\/wedomgroup.com\/pt-pt\/wp-json\/wp\/v2\/pages\/5356"}],"wp:attachment":[{"href":"https:\/\/wedomgroup.com\/pt-pt\/wp-json\/wp\/v2\/media?parent=5382"}],"curies":[{"name":"wp","href":"https:\/\/api.w.org\/{rel}","templated":true}]}}