{"id":5386,"date":"2026-01-23T15:12:59","date_gmt":"2026-01-23T15:12:59","guid":{"rendered":"https:\/\/wedomgroup.com\/dosantex\/capas-protetoras\/"},"modified":"2026-02-03T10:50:21","modified_gmt":"2026-02-03T10:50:21","slug":"capas-protetoras","status":"publish","type":"page","link":"https:\/\/wedomgroup.com\/pt-pt\/dosantex\/capas-protetoras\/","title":{"rendered":"Capas protetoras"},"content":{"rendered":"\t\t<div data-elementor-type=\"wp-page\" data-elementor-id=\"5386\" class=\"elementor elementor-5386 elementor-4559\" data-elementor-post-type=\"page\">\n\t\t\t\t<div class=\"elementor-element elementor-element-133e0770 e-flex e-con-boxed e-con e-parent\" data-id=\"133e0770\" data-element_type=\"container\" data-e-type=\"container\">\n\t\t\t\t\t<div class=\"e-con-inner\">\n\t\t<div class=\"elementor-element elementor-element-631fdd81 e-con-full e-flex e-con e-child\" data-id=\"631fdd81\" data-element_type=\"container\" data-e-type=\"container\">\n\t\t\t\t<div class=\"elementor-element elementor-element-5679b08e elementor-widget elementor-widget-breadcrumbs\" data-id=\"5679b08e\" data-element_type=\"widget\" data-e-type=\"widget\" data-widget_type=\"breadcrumbs.default\">\n\t\t\t\t\t<p id=\"breadcrumbs\"><span><span><a href=\"https:\/\/wedomgroup.com\/pt-pt\/\">Inicio<\/a><\/span><\/span><\/p>\t\t\t\t<\/div>\n\t\t\t\t<div class=\"elementor-element elementor-element-15ac9605 elementor-widget elementor-widget-heading\" data-id=\"15ac9605\" data-element_type=\"widget\" data-e-type=\"widget\" data-widget_type=\"heading.default\">\n\t\t\t\t\t<h1 class=\"elementor-heading-title elementor-size-default\">Capas para sof\u00e1s, poltronas e cadeiras<\/h1>\t\t\t\t<\/div>\n\t\t\t\t<div class=\"elementor-element elementor-element-3044cf56 elementor-widget elementor-widget-text-editor\" data-id=\"3044cf56\" data-element_type=\"widget\" data-e-type=\"widget\" data-widget_type=\"text-editor.default\">\n\t\t\t\t\t\t\t\t\t<p>As <strong>capas para sof\u00e1s, poltronas e cadeiras Dosantex<\/strong> foram concebidas para proteger o mobili\u00e1rio dom\u00e9stico e mant\u00ea-lo em bom estado por mais tempo. S\u00e3o uma solu\u00e7\u00e3o pr\u00e1tica para o uso di\u00e1rio, ideal para resid\u00eancias com crian\u00e7as, animais de estima\u00e7\u00e3o ou simplesmente para quem deseja preservar os seus m\u00f3veis contra o desgaste habitual.<\/p>\n<p>A nossa cole\u00e7\u00e3o inclui <strong>capas para sof\u00e1s, capas para poltronas e capas para cadeiras<\/strong>, concebidas para se adaptarem facilmente e conferirem um aspeto cuidado sem comprometer o conforto.<\/p>\n\t\t\t\t\t\t\t\t<\/div>\n\t\t\t\t<\/div>\n\t\t<div class=\"elementor-element elementor-element-2f23cbeb e-con-full e-flex e-con e-child\" data-id=\"2f23cbeb\" data-element_type=\"container\" data-e-type=\"container\">\n\t\t\t\t<div class=\"elementor-element elementor-element-d7546e0 elementor-widget elementor-widget-image\" data-id=\"d7546e0\" data-element_type=\"widget\" data-e-type=\"widget\" data-widget_type=\"image.default\">\n\t\t\t\t\t\t\t\t\t\t\t\t<figure class=\"wp-caption\">\n\t\t\t\t\t\t\t\t\t\t<img fetchpriority=\"high\" decoding=\"async\" width=\"800\" height=\"960\" src=\"https:\/\/wedomgroup.com\/wp-content\/uploads\/2026\/01\/fundas-sofa-dosantex.jpg\" class=\"attachment-large size-large wp-image-5245\" alt=\"Fundas para sof\u00e1s, sillones y sillas\" srcset=\"https:\/\/wedomgroup.com\/wp-content\/uploads\/2026\/01\/fundas-sofa-dosantex.jpg 853w, https:\/\/wedomgroup.com\/wp-content\/uploads\/2026\/01\/fundas-sofa-dosantex-250x300.jpg 250w, https:\/\/wedomgroup.com\/wp-content\/uploads\/2026\/01\/fundas-sofa-dosantex-768x922.jpg 768w\" sizes=\"(max-width: 800px) 100vw, 800px\" \/>\t\t\t\t\t\t\t\t\t\t\t<figcaption class=\"widget-image-caption wp-caption-text\"><\/figcaption>\n\t\t\t\t\t\t\t\t\t\t<\/figure>\n\t\t\t\t\t\t\t\t\t<\/div>\n\t\t\t\t<\/div>\n\t\t\t\t\t<\/div>\n\t\t\t\t<\/div>\n\t\t<div class=\"elementor-element elementor-element-10c934e4 e-flex e-con-boxed e-con e-parent\" data-id=\"10c934e4\" data-element_type=\"container\" data-e-type=\"container\" data-settings=\"{&quot;background_background&quot;:&quot;classic&quot;}\">\n\t\t\t\t\t<div class=\"e-con-inner\">\n\t\t<div class=\"elementor-element elementor-element-7d9b2fb3 e-con-full e-flex e-con e-child\" data-id=\"7d9b2fb3\" data-element_type=\"container\" data-e-type=\"container\">\n\t\t\t\t<div class=\"elementor-element elementor-element-62064227 elementor-widget elementor-widget-heading\" data-id=\"62064227\" data-element_type=\"widget\" data-e-type=\"widget\" data-widget_type=\"heading.default\">\n\t\t\t\t\t<h2 class=\"elementor-heading-title elementor-size-default\">Capas concebidas para proteger e prolongar a vida \u00fatil dos seus m\u00f3veis<\/h2>\t\t\t\t<\/div>\n\t\t\t\t<div class=\"elementor-element elementor-element-49455db3 elementor-widget elementor-widget-text-editor\" data-id=\"49455db3\" data-element_type=\"widget\" data-e-type=\"widget\" data-widget_type=\"text-editor.default\">\n\t\t\t\t\t\t\t\t\t<p>As <strong>capas protetoras Dosantex<\/strong> auxiliam a proteger os m\u00f3veis contra respingos, manchas, arranh\u00f5es e sujeira, reduzindo o desgaste do uso di\u00e1rio. Gra\u00e7as aos seus tecidos resistentes e acabamentos funcionais, permitem manter sof\u00e1s, poltronas e cadeiras em melhores condi\u00e7\u00f5es por mais tempo.<\/p>\n<p>O seu design intemporal e funcional facilita a integra\u00e7\u00e3o em diferentes estilos de casa, conferindo uma sensa\u00e7\u00e3o de ordem e conforto ao espa\u00e7o.<\/p>\n\t\t\t\t\t\t\t\t<\/div>\n\t\t\t\t<\/div>\n\t\t<div class=\"elementor-element elementor-element-19ab75a7 e-grid e-con-full e-con e-child\" data-id=\"19ab75a7\" data-element_type=\"container\" data-e-type=\"container\">\n\t\t<div class=\"elementor-element elementor-element-600e596b e-con-full e-flex e-con e-child\" data-id=\"600e596b\" data-element_type=\"container\" data-e-type=\"container\" data-settings=\"{&quot;background_background&quot;:&quot;classic&quot;}\">\n\t\t\t\t<div class=\"elementor-element elementor-element-b8ae23e elementor-widget elementor-widget-image\" data-id=\"b8ae23e\" data-element_type=\"widget\" data-e-type=\"widget\" data-widget_type=\"image.default\">\n\t\t\t\t\t\t\t\t\t\t\t\t<figure class=\"wp-caption\">\n\t\t\t\t\t\t\t\t\t\t<img decoding=\"async\" width=\"800\" height=\"533\" src=\"https:\/\/wedomgroup.com\/wp-content\/uploads\/2026\/01\/fundas-sofas.jpg\" class=\"attachment-large size-large wp-image-5226\" alt=\"Fundas para sof\u00e1s\" srcset=\"https:\/\/wedomgroup.com\/wp-content\/uploads\/2026\/01\/fundas-sofas.jpg 800w, https:\/\/wedomgroup.com\/wp-content\/uploads\/2026\/01\/fundas-sofas-300x200.jpg 300w, https:\/\/wedomgroup.com\/wp-content\/uploads\/2026\/01\/fundas-sofas-768x512.jpg 768w\" sizes=\"(max-width: 800px) 100vw, 800px\" \/>\t\t\t\t\t\t\t\t\t\t\t<figcaption class=\"widget-image-caption wp-caption-text\"><\/figcaption>\n\t\t\t\t\t\t\t\t\t\t<\/figure>\n\t\t\t\t\t\t\t\t\t<\/div>\n\t\t\t\t<div class=\"elementor-element elementor-element-34ff16a5 elementor-widget elementor-widget-heading\" data-id=\"34ff16a5\" data-element_type=\"widget\" data-e-type=\"widget\" data-widget_type=\"heading.default\">\n\t\t\t\t\t<h3 class=\"elementor-heading-title elementor-size-default\">Capas para sof\u00e1s<\/h3>\t\t\t\t<\/div>\n\t\t\t\t<div class=\"elementor-element elementor-element-3b7fe53 elementor-widget elementor-widget-text-editor\" data-id=\"3b7fe53\" data-element_type=\"widget\" data-e-type=\"widget\" data-widget_type=\"text-editor.default\">\n\t\t\t\t\t\t\t\t\t<p>As <strong>capas para sof\u00e1s<\/strong> s\u00e3o confeccionadas com um tecido el\u00e1stico que permite uma f\u00e1cil adapta\u00e7\u00e3o a diferentes tamanhos e formas. Oferecem uma prote\u00e7\u00e3o eficaz do assento e do encosto, auxiliando na preserva\u00e7\u00e3o do sof\u00e1 contra o uso di\u00e1rio e pequenos acidentes.<\/p>\n\t\t\t\t\t\t\t\t<\/div>\n\t\t\t\t<\/div>\n\t\t<div class=\"elementor-element elementor-element-9811241 e-con-full e-flex e-con e-child\" data-id=\"9811241\" data-element_type=\"container\" data-e-type=\"container\" data-settings=\"{&quot;background_background&quot;:&quot;classic&quot;}\">\n\t\t\t\t<div class=\"elementor-element elementor-element-5e1df2d3 elementor-widget elementor-widget-image\" data-id=\"5e1df2d3\" data-element_type=\"widget\" data-e-type=\"widget\" data-widget_type=\"image.default\">\n\t\t\t\t\t\t\t\t\t\t\t\t<figure class=\"wp-caption\">\n\t\t\t\t\t\t\t\t\t\t<img decoding=\"async\" width=\"800\" height=\"533\" src=\"https:\/\/wedomgroup.com\/wp-content\/uploads\/2026\/01\/fundas-sillones.jpg\" class=\"attachment-large size-large wp-image-5230\" alt=\"Fundas para sillones\" srcset=\"https:\/\/wedomgroup.com\/wp-content\/uploads\/2026\/01\/fundas-sillones.jpg 800w, https:\/\/wedomgroup.com\/wp-content\/uploads\/2026\/01\/fundas-sillones-300x200.jpg 300w, https:\/\/wedomgroup.com\/wp-content\/uploads\/2026\/01\/fundas-sillones-768x512.jpg 768w\" sizes=\"(max-width: 800px) 100vw, 800px\" \/>\t\t\t\t\t\t\t\t\t\t\t<figcaption class=\"widget-image-caption wp-caption-text\"><\/figcaption>\n\t\t\t\t\t\t\t\t\t\t<\/figure>\n\t\t\t\t\t\t\t\t\t<\/div>\n\t\t\t\t<div class=\"elementor-element elementor-element-5fefa201 elementor-widget elementor-widget-heading\" data-id=\"5fefa201\" data-element_type=\"widget\" data-e-type=\"widget\" data-widget_type=\"heading.default\">\n\t\t\t\t\t<h3 class=\"elementor-heading-title elementor-size-default\">Capas para cadeiras<\/h3>\t\t\t\t<\/div>\n\t\t\t\t<div class=\"elementor-element elementor-element-48ce62cf elementor-widget elementor-widget-text-editor\" data-id=\"48ce62cf\" data-element_type=\"widget\" data-e-type=\"widget\" data-widget_type=\"text-editor.default\">\n\t\t\t\t\t\t\t\t\t<p>As <strong>capas para cadeir\u00f5es<\/strong> protegem as \u00e1reas de uso frequente, mantendo o m\u00f3vel limpo e bem cuidado. O seu ajuste flex\u00edvel facilita a coloca\u00e7\u00e3o e permite continuar a desfrutar do conforto da poltrona sem alterar a sua funcionalidade.<\/p>\n\t\t\t\t\t\t\t\t<\/div>\n\t\t\t\t<\/div>\n\t\t<div class=\"elementor-element elementor-element-60166893 e-con-full e-flex e-con e-child\" data-id=\"60166893\" data-element_type=\"container\" data-e-type=\"container\" data-settings=\"{&quot;background_background&quot;:&quot;classic&quot;}\">\n\t\t\t\t<div class=\"elementor-element elementor-element-723156 elementor-widget elementor-widget-image\" data-id=\"723156\" data-element_type=\"widget\" data-e-type=\"widget\" data-widget_type=\"image.default\">\n\t\t\t\t\t\t\t\t\t\t\t\t<figure class=\"wp-caption\">\n\t\t\t\t\t\t\t\t\t\t<img loading=\"lazy\" decoding=\"async\" width=\"800\" height=\"533\" src=\"https:\/\/wedomgroup.com\/wp-content\/uploads\/2026\/01\/fundas-sillas.jpg\" class=\"attachment-large size-large wp-image-5234\" alt=\"Fundas para sillas\" srcset=\"https:\/\/wedomgroup.com\/wp-content\/uploads\/2026\/01\/fundas-sillas.jpg 800w, https:\/\/wedomgroup.com\/wp-content\/uploads\/2026\/01\/fundas-sillas-300x200.jpg 300w, https:\/\/wedomgroup.com\/wp-content\/uploads\/2026\/01\/fundas-sillas-768x512.jpg 768w\" sizes=\"(max-width: 800px) 100vw, 800px\" \/>\t\t\t\t\t\t\t\t\t\t\t<figcaption class=\"widget-image-caption wp-caption-text\"><\/figcaption>\n\t\t\t\t\t\t\t\t\t\t<\/figure>\n\t\t\t\t\t\t\t\t\t<\/div>\n\t\t\t\t<div class=\"elementor-element elementor-element-6410e866 elementor-widget elementor-widget-heading\" data-id=\"6410e866\" data-element_type=\"widget\" data-e-type=\"widget\" data-widget_type=\"heading.default\">\n\t\t\t\t\t<h3 class=\"elementor-heading-title elementor-size-default\">Capas para cadeiras<\/h3>\t\t\t\t<\/div>\n\t\t\t\t<div class=\"elementor-element elementor-element-5824f412 elementor-widget elementor-widget-text-editor\" data-id=\"5824f412\" data-element_type=\"widget\" data-e-type=\"widget\" data-widget_type=\"text-editor.default\">\n\t\t\t\t\t\t\t\t\t<p>As <strong>capas para cadeiras<\/strong> s\u00e3o uma solu\u00e7\u00e3o pr\u00e1tica para proteger superf\u00edcies expostas ao atrito e a manchas. Ideal para \u00e1reas de jantar ou uso cont\u00ednuo, ajuda a prolongar a vida \u00fatil das cadeiras, mantendo uma apar\u00eancia organizada.<\/p>\n\t\t\t\t\t\t\t\t<\/div>\n\t\t\t\t<\/div>\n\t\t<div class=\"elementor-element elementor-element-5a7716a e-con-full e-flex e-con e-child\" data-id=\"5a7716a\" data-element_type=\"container\" data-e-type=\"container\" data-settings=\"{&quot;background_background&quot;:&quot;classic&quot;}\">\n\t\t\t\t<div class=\"elementor-element elementor-element-0a18390 elementor-widget elementor-widget-image\" data-id=\"0a18390\" data-element_type=\"widget\" data-e-type=\"widget\" data-widget_type=\"image.default\">\n\t\t\t\t\t\t\t\t\t\t\t\t<figure class=\"wp-caption\">\n\t\t\t\t\t\t\t\t\t\t<img loading=\"lazy\" decoding=\"async\" width=\"800\" height=\"533\" src=\"https:\/\/wedomgroup.com\/wp-content\/uploads\/2026\/01\/fundas-impermeables.jpg\" class=\"attachment-large size-large wp-image-5238\" alt=\"Fundas impermeables para el hogar\" srcset=\"https:\/\/wedomgroup.com\/wp-content\/uploads\/2026\/01\/fundas-impermeables.jpg 800w, https:\/\/wedomgroup.com\/wp-content\/uploads\/2026\/01\/fundas-impermeables-300x200.jpg 300w, https:\/\/wedomgroup.com\/wp-content\/uploads\/2026\/01\/fundas-impermeables-768x512.jpg 768w\" sizes=\"(max-width: 800px) 100vw, 800px\" \/>\t\t\t\t\t\t\t\t\t\t\t<figcaption class=\"widget-image-caption wp-caption-text\"><\/figcaption>\n\t\t\t\t\t\t\t\t\t\t<\/figure>\n\t\t\t\t\t\t\t\t\t<\/div>\n\t\t\t\t<div class=\"elementor-element elementor-element-bbf9f7d elementor-widget elementor-widget-heading\" data-id=\"bbf9f7d\" data-element_type=\"widget\" data-e-type=\"widget\" data-widget_type=\"heading.default\">\n\t\t\t\t\t<h3 class=\"elementor-heading-title elementor-size-default\">Capas imperme\u00e1veis para o lar<\/h3>\t\t\t\t<\/div>\n\t\t\t\t<div class=\"elementor-element elementor-element-c4f48ee elementor-widget elementor-widget-text-editor\" data-id=\"c4f48ee\" data-element_type=\"widget\" data-e-type=\"widget\" data-widget_type=\"text-editor.default\">\n\t\t\t\t\t\t\t\t\t<p><strong>A Dosantex<\/strong> oferece uma ampla variedade de <strong>capas imperme\u00e1veis<\/strong> confeccionadas com tecido repelente \u00e0 \u00e1gua que protege contra salpicos e humidade. Al\u00e9m da sua fun\u00e7\u00e3o protetora, proporcionam um acabamento elegante e confort\u00e1vel, sendo especialmente adequados para resid\u00eancias com animais de estima\u00e7\u00e3o ou crian\u00e7as.<\/p>\n\t\t\t\t\t\t\t\t<\/div>\n\t\t\t\t<\/div>\n\t\t\t\t<\/div>\n\t\t\t\t\t<\/div>\n\t\t\t\t<\/div>\n\t\t\t\t<\/div>\n\t\t","protected":false},"excerpt":{"rendered":"<p>Capas para sof\u00e1s, poltronas e cadeiras As capas para sof\u00e1s, poltronas e cadeiras Dosantex foram concebidas para proteger o mobili\u00e1rio dom\u00e9stico e mant\u00ea-lo em bom estado por mais tempo. S\u00e3o uma solu\u00e7\u00e3o pr\u00e1tica para o uso di\u00e1rio, ideal para resid\u00eancias com crian\u00e7as, animais de estima\u00e7\u00e3o ou simplesmente para quem deseja preservar os seus m\u00f3veis contra [&hellip;]<\/p>\n","protected":false},"author":3,"featured_media":0,"parent":5359,"menu_order":0,"comment_status":"closed","ping_status":"closed","template":"","meta":{"_acf_changed":false,"footnotes":""},"class_list":["post-5386","page","type-page","status-publish","hentry"],"acf":[],"yoast_head":"<!-- This site is optimized with the Yoast SEO plugin v27.5 - https:\/\/yoast.com\/product\/yoast-seo-wordpress\/ -->\n<title>Capas para sof\u00e1s, poltronas e cadeiras | Dosantex<\/title>\n<meta name=\"description\" content=\"Capas protetoras Dosantex para sof\u00e1s, poltronas e cadeiras. Capas ajust\u00e1veis e imperme\u00e1veis concebidas para proteger e prolongar a vida \u00fatil do mobili\u00e1rio.\" \/>\n<meta name=\"robots\" content=\"index, follow, max-snippet:-1, max-image-preview:large, max-video-preview:-1\" \/>\n<link rel=\"canonical\" href=\"https:\/\/wedomgroup.com\/pt-pt\/dosantex\/capas-protetoras\/\" \/>\n<meta property=\"og:locale\" content=\"pt_PT\" \/>\n<meta property=\"og:type\" content=\"article\" \/>\n<meta property=\"og:title\" content=\"Capas para sof\u00e1s, poltronas e cadeiras | Dosantex\" \/>\n<meta property=\"og:description\" content=\"Capas protetoras Dosantex para sof\u00e1s, poltronas e cadeiras. Capas ajust\u00e1veis e imperme\u00e1veis concebidas para proteger e prolongar a vida \u00fatil do mobili\u00e1rio.\" \/>\n<meta property=\"og:url\" content=\"https:\/\/wedomgroup.com\/pt-pt\/dosantex\/capas-protetoras\/\" \/>\n<meta property=\"og:site_name\" content=\"wedom\" \/>\n<meta property=\"article:modified_time\" content=\"2026-02-03T10:50:21+00:00\" \/>\n<meta property=\"og:image\" content=\"https:\/\/wedomgroup.com\/wp-content\/uploads\/2026\/01\/fundas-sofa-dosantex.jpg\" \/>\n\t<meta property=\"og:image:width\" content=\"853\" \/>\n\t<meta property=\"og:image:height\" content=\"1024\" \/>\n\t<meta property=\"og:image:type\" content=\"image\/jpeg\" \/>\n<meta name=\"twitter:card\" content=\"summary_large_image\" \/>\n<meta name=\"twitter:label1\" content=\"Tempo estimado de leitura\" \/>\n\t<meta name=\"twitter:data1\" content=\"2 minutos\" \/>\n<script type=\"application\/ld+json\" class=\"yoast-schema-graph\">{\"@context\":\"https:\\\/\\\/schema.org\",\"@graph\":[{\"@type\":\"WebPage\",\"@id\":\"https:\\\/\\\/wedomgroup.com\\\/pt-pt\\\/dosantex\\\/capas-protetoras\\\/\",\"url\":\"https:\\\/\\\/wedomgroup.com\\\/pt-pt\\\/dosantex\\\/capas-protetoras\\\/\",\"name\":\"Capas para sof\u00e1s, poltronas e cadeiras | Dosantex\",\"isPartOf\":{\"@id\":\"https:\\\/\\\/wedomgroup.com\\\/pt-pt\\\/#website\"},\"primaryImageOfPage\":{\"@id\":\"https:\\\/\\\/wedomgroup.com\\\/pt-pt\\\/dosantex\\\/capas-protetoras\\\/#primaryimage\"},\"image\":{\"@id\":\"https:\\\/\\\/wedomgroup.com\\\/pt-pt\\\/dosantex\\\/capas-protetoras\\\/#primaryimage\"},\"thumbnailUrl\":\"https:\\\/\\\/wedomgroup.com\\\/wp-content\\\/uploads\\\/2026\\\/01\\\/fundas-sofa-dosantex.jpg\",\"datePublished\":\"2026-01-23T15:12:59+00:00\",\"dateModified\":\"2026-02-03T10:50:21+00:00\",\"description\":\"Capas protetoras Dosantex para sof\u00e1s, poltronas e cadeiras. Capas ajust\u00e1veis e imperme\u00e1veis concebidas para proteger e prolongar a vida \u00fatil do mobili\u00e1rio.\",\"breadcrumb\":{\"@id\":\"https:\\\/\\\/wedomgroup.com\\\/pt-pt\\\/dosantex\\\/capas-protetoras\\\/#breadcrumb\"},\"inLanguage\":\"pt-PT\",\"potentialAction\":[{\"@type\":\"ReadAction\",\"target\":[\"https:\\\/\\\/wedomgroup.com\\\/pt-pt\\\/dosantex\\\/capas-protetoras\\\/\"]}]},{\"@type\":\"ImageObject\",\"inLanguage\":\"pt-PT\",\"@id\":\"https:\\\/\\\/wedomgroup.com\\\/pt-pt\\\/dosantex\\\/capas-protetoras\\\/#primaryimage\",\"url\":\"https:\\\/\\\/wedomgroup.com\\\/wp-content\\\/uploads\\\/2026\\\/01\\\/fundas-sofa-dosantex.jpg\",\"contentUrl\":\"https:\\\/\\\/wedomgroup.com\\\/wp-content\\\/uploads\\\/2026\\\/01\\\/fundas-sofa-dosantex.jpg\"},{\"@type\":\"BreadcrumbList\",\"@id\":\"https:\\\/\\\/wedomgroup.com\\\/pt-pt\\\/dosantex\\\/capas-protetoras\\\/#breadcrumb\",\"itemListElement\":[{\"@type\":\"ListItem\",\"position\":1,\"name\":\"Inicio\",\"item\":\"https:\\\/\\\/wedomgroup.com\\\/pt-pt\\\/\"},{\"@type\":\"ListItem\",\"position\":2,\"name\":\"Dosantex\",\"item\":\"https:\\\/\\\/wedomgroup.com\\\/pt-pt\\\/dosantex\\\/\"},{\"@type\":\"ListItem\",\"position\":3,\"name\":\"Capas protetoras\"}]},{\"@type\":\"WebSite\",\"@id\":\"https:\\\/\\\/wedomgroup.com\\\/pt-pt\\\/#website\",\"url\":\"https:\\\/\\\/wedomgroup.com\\\/pt-pt\\\/\",\"name\":\"Wedom\",\"description\":\"Hacemos realidad tu idea de hogar\",\"publisher\":{\"@id\":\"https:\\\/\\\/wedomgroup.com\\\/pt-pt\\\/#organization\"},\"potentialAction\":[{\"@type\":\"SearchAction\",\"target\":{\"@type\":\"EntryPoint\",\"urlTemplate\":\"https:\\\/\\\/wedomgroup.com\\\/pt-pt\\\/?s={search_term_string}\"},\"query-input\":{\"@type\":\"PropertyValueSpecification\",\"valueRequired\":true,\"valueName\":\"search_term_string\"}}],\"inLanguage\":\"pt-PT\"},{\"@type\":\"Organization\",\"@id\":\"https:\\\/\\\/wedomgroup.com\\\/pt-pt\\\/#organization\",\"name\":\"Wedom\",\"url\":\"https:\\\/\\\/wedomgroup.com\\\/pt-pt\\\/\",\"logo\":{\"@type\":\"ImageObject\",\"inLanguage\":\"pt-PT\",\"@id\":\"https:\\\/\\\/wedomgroup.com\\\/pt-pt\\\/#\\\/schema\\\/logo\\\/image\\\/\",\"url\":\"https:\\\/\\\/wedomgroup.com\\\/wp-content\\\/uploads\\\/2023\\\/05\\\/wedom-logo.png\",\"contentUrl\":\"https:\\\/\\\/wedomgroup.com\\\/wp-content\\\/uploads\\\/2023\\\/05\\\/wedom-logo.png\",\"width\":121,\"height\":28,\"caption\":\"Wedom\"},\"image\":{\"@id\":\"https:\\\/\\\/wedomgroup.com\\\/pt-pt\\\/#\\\/schema\\\/logo\\\/image\\\/\"},\"sameAs\":[\"https:\\\/\\\/www.linkedin.com\\\/company\\\/wedom-group\\\/\"]}]}<\/script>\n<!-- \/ Yoast SEO plugin. -->","yoast_head_json":{"title":"Capas para sof\u00e1s, poltronas e cadeiras | Dosantex","description":"Capas protetoras Dosantex para sof\u00e1s, poltronas e cadeiras. Capas ajust\u00e1veis e imperme\u00e1veis concebidas para proteger e prolongar a vida \u00fatil do mobili\u00e1rio.","robots":{"index":"index","follow":"follow","max-snippet":"max-snippet:-1","max-image-preview":"max-image-preview:large","max-video-preview":"max-video-preview:-1"},"canonical":"https:\/\/wedomgroup.com\/pt-pt\/dosantex\/capas-protetoras\/","og_locale":"pt_PT","og_type":"article","og_title":"Capas para sof\u00e1s, poltronas e cadeiras | Dosantex","og_description":"Capas protetoras Dosantex para sof\u00e1s, poltronas e cadeiras. Capas ajust\u00e1veis e imperme\u00e1veis concebidas para proteger e prolongar a vida \u00fatil do mobili\u00e1rio.","og_url":"https:\/\/wedomgroup.com\/pt-pt\/dosantex\/capas-protetoras\/","og_site_name":"wedom","article_modified_time":"2026-02-03T10:50:21+00:00","og_image":[{"width":853,"height":1024,"url":"https:\/\/wedomgroup.com\/wp-content\/uploads\/2026\/01\/fundas-sofa-dosantex.jpg","type":"image\/jpeg"}],"twitter_card":"summary_large_image","twitter_misc":{"Tempo estimado de leitura":"2 minutos"},"schema":{"@context":"https:\/\/schema.org","@graph":[{"@type":"WebPage","@id":"https:\/\/wedomgroup.com\/pt-pt\/dosantex\/capas-protetoras\/","url":"https:\/\/wedomgroup.com\/pt-pt\/dosantex\/capas-protetoras\/","name":"Capas para sof\u00e1s, poltronas e cadeiras | Dosantex","isPartOf":{"@id":"https:\/\/wedomgroup.com\/pt-pt\/#website"},"primaryImageOfPage":{"@id":"https:\/\/wedomgroup.com\/pt-pt\/dosantex\/capas-protetoras\/#primaryimage"},"image":{"@id":"https:\/\/wedomgroup.com\/pt-pt\/dosantex\/capas-protetoras\/#primaryimage"},"thumbnailUrl":"https:\/\/wedomgroup.com\/wp-content\/uploads\/2026\/01\/fundas-sofa-dosantex.jpg","datePublished":"2026-01-23T15:12:59+00:00","dateModified":"2026-02-03T10:50:21+00:00","description":"Capas protetoras Dosantex para sof\u00e1s, poltronas e cadeiras. Capas ajust\u00e1veis e imperme\u00e1veis concebidas para proteger e prolongar a vida \u00fatil do mobili\u00e1rio.","breadcrumb":{"@id":"https:\/\/wedomgroup.com\/pt-pt\/dosantex\/capas-protetoras\/#breadcrumb"},"inLanguage":"pt-PT","potentialAction":[{"@type":"ReadAction","target":["https:\/\/wedomgroup.com\/pt-pt\/dosantex\/capas-protetoras\/"]}]},{"@type":"ImageObject","inLanguage":"pt-PT","@id":"https:\/\/wedomgroup.com\/pt-pt\/dosantex\/capas-protetoras\/#primaryimage","url":"https:\/\/wedomgroup.com\/wp-content\/uploads\/2026\/01\/fundas-sofa-dosantex.jpg","contentUrl":"https:\/\/wedomgroup.com\/wp-content\/uploads\/2026\/01\/fundas-sofa-dosantex.jpg"},{"@type":"BreadcrumbList","@id":"https:\/\/wedomgroup.com\/pt-pt\/dosantex\/capas-protetoras\/#breadcrumb","itemListElement":[{"@type":"ListItem","position":1,"name":"Inicio","item":"https:\/\/wedomgroup.com\/pt-pt\/"},{"@type":"ListItem","position":2,"name":"Dosantex","item":"https:\/\/wedomgroup.com\/pt-pt\/dosantex\/"},{"@type":"ListItem","position":3,"name":"Capas protetoras"}]},{"@type":"WebSite","@id":"https:\/\/wedomgroup.com\/pt-pt\/#website","url":"https:\/\/wedomgroup.com\/pt-pt\/","name":"Wedom","description":"Hacemos realidad tu idea de hogar","publisher":{"@id":"https:\/\/wedomgroup.com\/pt-pt\/#organization"},"potentialAction":[{"@type":"SearchAction","target":{"@type":"EntryPoint","urlTemplate":"https:\/\/wedomgroup.com\/pt-pt\/?s={search_term_string}"},"query-input":{"@type":"PropertyValueSpecification","valueRequired":true,"valueName":"search_term_string"}}],"inLanguage":"pt-PT"},{"@type":"Organization","@id":"https:\/\/wedomgroup.com\/pt-pt\/#organization","name":"Wedom","url":"https:\/\/wedomgroup.com\/pt-pt\/","logo":{"@type":"ImageObject","inLanguage":"pt-PT","@id":"https:\/\/wedomgroup.com\/pt-pt\/#\/schema\/logo\/image\/","url":"https:\/\/wedomgroup.com\/wp-content\/uploads\/2023\/05\/wedom-logo.png","contentUrl":"https:\/\/wedomgroup.com\/wp-content\/uploads\/2023\/05\/wedom-logo.png","width":121,"height":28,"caption":"Wedom"},"image":{"@id":"https:\/\/wedomgroup.com\/pt-pt\/#\/schema\/logo\/image\/"},"sameAs":["https:\/\/www.linkedin.com\/company\/wedom-group\/"]}]}},"_links":{"self":[{"href":"https:\/\/wedomgroup.com\/pt-pt\/wp-json\/wp\/v2\/pages\/5386","targetHints":{"allow":["GET"]}}],"collection":[{"href":"https:\/\/wedomgroup.com\/pt-pt\/wp-json\/wp\/v2\/pages"}],"about":[{"href":"https:\/\/wedomgroup.com\/pt-pt\/wp-json\/wp\/v2\/types\/page"}],"author":[{"embeddable":true,"href":"https:\/\/wedomgroup.com\/pt-pt\/wp-json\/wp\/v2\/users\/3"}],"replies":[{"embeddable":true,"href":"https:\/\/wedomgroup.com\/pt-pt\/wp-json\/wp\/v2\/comments?post=5386"}],"version-history":[{"count":3,"href":"https:\/\/wedomgroup.com\/pt-pt\/wp-json\/wp\/v2\/pages\/5386\/revisions"}],"predecessor-version":[{"id":5427,"href":"https:\/\/wedomgroup.com\/pt-pt\/wp-json\/wp\/v2\/pages\/5386\/revisions\/5427"}],"up":[{"embeddable":true,"href":"https:\/\/wedomgroup.com\/pt-pt\/wp-json\/wp\/v2\/pages\/5359"}],"wp:attachment":[{"href":"https:\/\/wedomgroup.com\/pt-pt\/wp-json\/wp\/v2\/media?parent=5386"}],"curies":[{"name":"wp","href":"https:\/\/api.w.org\/{rel}","templated":true}]}}