{"id":5394,"date":"2026-01-23T15:13:37","date_gmt":"2026-01-23T15:13:37","guid":{"rendered":"https:\/\/wedomgroup.com\/dosantex\/textil-de-cozinha\/"},"modified":"2026-02-03T10:51:00","modified_gmt":"2026-02-03T10:51:00","slug":"textil-de-cozinha","status":"publish","type":"page","link":"https:\/\/wedomgroup.com\/pt-pt\/dosantex\/textil-de-cozinha\/","title":{"rendered":"T\u00eaxtil de cozinha"},"content":{"rendered":"\t\t<div data-elementor-type=\"wp-page\" data-elementor-id=\"5394\" class=\"elementor elementor-5394 elementor-4563\" data-elementor-post-type=\"page\">\n\t\t\t\t<div class=\"elementor-element elementor-element-971fc97 e-flex e-con-boxed e-con e-parent\" data-id=\"971fc97\" data-element_type=\"container\" data-e-type=\"container\">\n\t\t\t\t\t<div class=\"e-con-inner\">\n\t\t<div class=\"elementor-element elementor-element-7ab350d e-con-full e-flex e-con e-child\" data-id=\"7ab350d\" data-element_type=\"container\" data-e-type=\"container\">\n\t\t\t\t<div class=\"elementor-element elementor-element-26e7ff80 elementor-widget elementor-widget-breadcrumbs\" data-id=\"26e7ff80\" data-element_type=\"widget\" data-e-type=\"widget\" data-widget_type=\"breadcrumbs.default\">\n\t\t\t\t\t<p id=\"breadcrumbs\"><span><span><a href=\"https:\/\/wedomgroup.com\/pt-pt\/\">Inicio<\/a><\/span><\/span><\/p>\t\t\t\t<\/div>\n\t\t\t\t<div class=\"elementor-element elementor-element-5b16bbca elementor-widget elementor-widget-heading\" data-id=\"5b16bbca\" data-element_type=\"widget\" data-e-type=\"widget\" data-widget_type=\"heading.default\">\n\t\t\t\t\t<h1 class=\"elementor-heading-title elementor-size-default\">T\u00eaxteis para cozinha: toalhas de mesa resistentes a manchas e panos de microfibra<\/h1>\t\t\t\t<\/div>\n\t\t\t\t<div class=\"elementor-element elementor-element-618ace04 elementor-widget elementor-widget-text-editor\" data-id=\"618ace04\" data-element_type=\"widget\" data-e-type=\"widget\" data-widget_type=\"text-editor.default\">\n\t\t\t\t\t\t\t\t\t<p>Os <strong>t\u00eaxteis de cozinha Dosantex<\/strong> foram concebidos para facilitar o dia a dia com solu\u00e7\u00f5es pr\u00e1ticas, resistentes e f\u00e1ceis de manter. A nossa cole\u00e7\u00e3o inclui toalhas de mesa anti-manchas de v\u00e1rios tipos e panos de microfibra, concebidos para proteger superf\u00edcies e auxiliar nas tarefas de limpeza habituais.<\/p>\n<p>Produtos funcionais que atendem \u00e0s necessidades reais da cozinha, combinando conforto e durabilidade.<\/p>\n\t\t\t\t\t\t\t\t<\/div>\n\t\t\t\t<\/div>\n\t\t<div class=\"elementor-element elementor-element-4de20bb0 e-con-full e-flex e-con e-child\" data-id=\"4de20bb0\" data-element_type=\"container\" data-e-type=\"container\">\n\t\t\t\t<div class=\"elementor-element elementor-element-2d79baab elementor-widget elementor-widget-image\" data-id=\"2d79baab\" data-element_type=\"widget\" data-e-type=\"widget\" data-widget_type=\"image.default\">\n\t\t\t\t\t\t\t\t\t\t\t\t<figure class=\"wp-caption\">\n\t\t\t\t\t\t\t\t\t\t<img fetchpriority=\"high\" decoding=\"async\" width=\"694\" height=\"774\" src=\"https:\/\/wedomgroup.com\/wp-content\/uploads\/2026\/01\/textil-cocina-4.jpg\" class=\"attachment-large size-large wp-image-4710\" alt=\"Textil cocina\" srcset=\"https:\/\/wedomgroup.com\/wp-content\/uploads\/2026\/01\/textil-cocina-4.jpg 694w, https:\/\/wedomgroup.com\/wp-content\/uploads\/2026\/01\/textil-cocina-4-269x300.jpg 269w\" sizes=\"(max-width: 694px) 100vw, 694px\" \/>\t\t\t\t\t\t\t\t\t\t\t<figcaption class=\"widget-image-caption wp-caption-text\"><\/figcaption>\n\t\t\t\t\t\t\t\t\t\t<\/figure>\n\t\t\t\t\t\t\t\t\t<\/div>\n\t\t\t\t<\/div>\n\t\t\t\t\t<\/div>\n\t\t\t\t<\/div>\n\t\t<div class=\"elementor-element elementor-element-2d6a9af e-flex e-con-boxed e-con e-parent\" data-id=\"2d6a9af\" data-element_type=\"container\" data-e-type=\"container\" data-settings=\"{&quot;background_background&quot;:&quot;classic&quot;}\">\n\t\t\t\t\t<div class=\"e-con-inner\">\n\t\t<div class=\"elementor-element elementor-element-798784ac e-con-full e-flex e-con e-child\" data-id=\"798784ac\" data-element_type=\"container\" data-e-type=\"container\">\n\t\t\t\t<div class=\"elementor-element elementor-element-2fd95975 elementor-widget elementor-widget-heading\" data-id=\"2fd95975\" data-element_type=\"widget\" data-e-type=\"widget\" data-widget_type=\"heading.default\">\n\t\t\t\t\t<h2 class=\"elementor-heading-title elementor-size-default\">Solu\u00e7\u00f5es pr\u00e1ticas para o dia a dia na cozinha<\/h2>\t\t\t\t<\/div>\n\t\t\t\t<div class=\"elementor-element elementor-element-3e8e2d17 elementor-widget elementor-widget-text-editor\" data-id=\"3e8e2d17\" data-element_type=\"widget\" data-e-type=\"widget\" data-widget_type=\"text-editor.default\">\n\t\t\t\t\t\t\t\t\t<p>Os <strong>t\u00eaxteis de cozinha Dosantex<\/strong> s\u00e3o concebidos para uma utiliza\u00e7\u00e3o frequente, onde a funcionalidade \u00e9 fundamental. Desde proteger a mesa at\u00e9 facilitar a limpeza, cada produto oferece uma solu\u00e7\u00e3o simples e eficaz para manter a ordem e a higiene na cozinha.<\/p>\n\t\t\t\t\t\t\t\t<\/div>\n\t\t\t\t<\/div>\n\t\t<div class=\"elementor-element elementor-element-6e143f0e e-grid e-con-full e-con e-child\" data-id=\"6e143f0e\" data-element_type=\"container\" data-e-type=\"container\">\n\t\t<div class=\"elementor-element elementor-element-3d6ddfe6 e-con-full e-flex e-con e-child\" data-id=\"3d6ddfe6\" data-element_type=\"container\" data-e-type=\"container\" data-settings=\"{&quot;background_background&quot;:&quot;classic&quot;}\">\n\t\t\t\t<div class=\"elementor-element elementor-element-794fb9c2 elementor-widget elementor-widget-image\" data-id=\"794fb9c2\" data-element_type=\"widget\" data-e-type=\"widget\" data-widget_type=\"image.default\">\n\t\t\t\t\t\t\t\t\t\t\t\t<figure class=\"wp-caption\">\n\t\t\t\t\t\t\t\t\t\t<img decoding=\"async\" width=\"800\" height=\"650\" src=\"https:\/\/wedomgroup.com\/wp-content\/uploads\/2026\/01\/manteles-antimanchas.jpg\" class=\"attachment-large size-large wp-image-5147\" alt=\"Manteles antimanchas\" srcset=\"https:\/\/wedomgroup.com\/wp-content\/uploads\/2026\/01\/manteles-antimanchas.jpg 800w, https:\/\/wedomgroup.com\/wp-content\/uploads\/2026\/01\/manteles-antimanchas-300x244.jpg 300w, https:\/\/wedomgroup.com\/wp-content\/uploads\/2026\/01\/manteles-antimanchas-768x624.jpg 768w\" sizes=\"(max-width: 800px) 100vw, 800px\" \/>\t\t\t\t\t\t\t\t\t\t\t<figcaption class=\"widget-image-caption wp-caption-text\"><\/figcaption>\n\t\t\t\t\t\t\t\t\t\t<\/figure>\n\t\t\t\t\t\t\t\t\t<\/div>\n\t\t\t\t<div class=\"elementor-element elementor-element-18ceec9b elementor-widget elementor-widget-heading\" data-id=\"18ceec9b\" data-element_type=\"widget\" data-e-type=\"widget\" data-widget_type=\"heading.default\">\n\t\t\t\t\t<h3 class=\"elementor-heading-title elementor-size-default\">Toalhas de mesa resistentes a manchas<\/h3>\t\t\t\t<\/div>\n\t\t\t\t<div class=\"elementor-element elementor-element-6d8d8d10 elementor-widget elementor-widget-text-editor\" data-id=\"6d8d8d10\" data-element_type=\"widget\" data-e-type=\"widget\" data-widget_type=\"text-editor.default\">\n\t\t\t\t\t\t\t\t\t<p>As <strong>toalhas de mesa anti-manchas<\/strong> s\u00e3o concebidas para proteger a mesa contra salpicos e sujidade, facilitando a limpeza di\u00e1ria. Gra\u00e7as ao seu acabamento especial, ajudam a evitar que as manchas penetrem no tecido, mantendo a superf\u00edcie em bom estado por mais tempo.<\/p>\n<p>Dispon\u00edveis em diversos formatos, como toalhas de mesa anti-manchas para mesa completa ou outras op\u00e7\u00f5es, como a toalha de mesa redonda anti-manchas, s\u00e3o uma solu\u00e7\u00e3o pr\u00e1tica para o uso di\u00e1rio.<\/p>\n\t\t\t\t\t\t\t\t<\/div>\n\t\t\t\t<\/div>\n\t\t<div class=\"elementor-element elementor-element-4272531b e-con-full e-flex e-con e-child\" data-id=\"4272531b\" data-element_type=\"container\" data-e-type=\"container\" data-settings=\"{&quot;background_background&quot;:&quot;classic&quot;}\">\n\t\t\t\t<div class=\"elementor-element elementor-element-2c281d06 elementor-widget elementor-widget-image\" data-id=\"2c281d06\" data-element_type=\"widget\" data-e-type=\"widget\" data-widget_type=\"image.default\">\n\t\t\t\t\t\t\t\t\t\t\t\t<figure class=\"wp-caption\">\n\t\t\t\t\t\t\t\t\t\t<img decoding=\"async\" width=\"800\" height=\"650\" src=\"https:\/\/wedomgroup.com\/wp-content\/uploads\/2026\/01\/manteles-impermeables.jpg\" class=\"attachment-large size-large wp-image-5135\" alt=\"Manteles impermeables para mesa\" srcset=\"https:\/\/wedomgroup.com\/wp-content\/uploads\/2026\/01\/manteles-impermeables.jpg 800w, https:\/\/wedomgroup.com\/wp-content\/uploads\/2026\/01\/manteles-impermeables-300x244.jpg 300w, https:\/\/wedomgroup.com\/wp-content\/uploads\/2026\/01\/manteles-impermeables-768x624.jpg 768w\" sizes=\"(max-width: 800px) 100vw, 800px\" \/>\t\t\t\t\t\t\t\t\t\t\t<figcaption class=\"widget-image-caption wp-caption-text\"><\/figcaption>\n\t\t\t\t\t\t\t\t\t\t<\/figure>\n\t\t\t\t\t\t\t\t\t<\/div>\n\t\t\t\t<div class=\"elementor-element elementor-element-21f2383c elementor-widget elementor-widget-heading\" data-id=\"21f2383c\" data-element_type=\"widget\" data-e-type=\"widget\" data-widget_type=\"heading.default\">\n\t\t\t\t\t<h3 class=\"elementor-heading-title elementor-size-default\">Toalhas de mesa imperme\u00e1veis<\/h3>\t\t\t\t<\/div>\n\t\t\t\t<div class=\"elementor-element elementor-element-185a6ea4 elementor-widget elementor-widget-text-editor\" data-id=\"185a6ea4\" data-element_type=\"widget\" data-e-type=\"widget\" data-widget_type=\"text-editor.default\">\n\t\t\t\t\t\t\t\t\t<p>As <strong>toalhas de mesa imperme\u00e1veis<\/strong> oferecem prote\u00e7\u00e3o adicional contra l\u00edquidos e humidade. Funcionam como uma toalha de mesa imperme\u00e1vel, auxiliando na prote\u00e7\u00e3o da superf\u00edcie contra derramamentos acidentais.<\/p>\n<p>Este tipo de <strong>toalha de mesa imperme\u00e1vel e resistente a manchas<\/strong> \u00e9 especialmente \u00fatil em cozinhas de uso di\u00e1rio ou \u00e1reas de jantar, onde a praticidade \u00e9 fundamental.<\/p>\n\t\t\t\t\t\t\t\t<\/div>\n\t\t\t\t<\/div>\n\t\t<div class=\"elementor-element elementor-element-40a3a2a6 e-con-full e-flex e-con e-child\" data-id=\"40a3a2a6\" data-element_type=\"container\" data-e-type=\"container\" data-settings=\"{&quot;background_background&quot;:&quot;classic&quot;}\">\n\t\t\t\t<div class=\"elementor-element elementor-element-e32d937 elementor-widget elementor-widget-image\" data-id=\"e32d937\" data-element_type=\"widget\" data-e-type=\"widget\" data-widget_type=\"image.default\">\n\t\t\t\t\t\t\t\t\t\t\t\t<figure class=\"wp-caption\">\n\t\t\t\t\t\t\t\t\t\t<img loading=\"lazy\" decoding=\"async\" width=\"800\" height=\"650\" src=\"https:\/\/wedomgroup.com\/wp-content\/uploads\/2026\/01\/matentes-vinilo.jpg\" class=\"attachment-large size-large wp-image-5139\" alt=\"Manteles de pl\u00e1stico y vinilo\" srcset=\"https:\/\/wedomgroup.com\/wp-content\/uploads\/2026\/01\/matentes-vinilo.jpg 800w, https:\/\/wedomgroup.com\/wp-content\/uploads\/2026\/01\/matentes-vinilo-300x244.jpg 300w, https:\/\/wedomgroup.com\/wp-content\/uploads\/2026\/01\/matentes-vinilo-768x624.jpg 768w\" sizes=\"(max-width: 800px) 100vw, 800px\" \/>\t\t\t\t\t\t\t\t\t\t\t<figcaption class=\"widget-image-caption wp-caption-text\"><\/figcaption>\n\t\t\t\t\t\t\t\t\t\t<\/figure>\n\t\t\t\t\t\t\t\t\t<\/div>\n\t\t\t\t<div class=\"elementor-element elementor-element-3236abff elementor-widget elementor-widget-heading\" data-id=\"3236abff\" data-element_type=\"widget\" data-e-type=\"widget\" data-widget_type=\"heading.default\">\n\t\t\t\t\t<h3 class=\"elementor-heading-title elementor-size-default\">Toalhas de mesa de pl\u00e1stico e vinil<\/h3>\t\t\t\t<\/div>\n\t\t\t\t<div class=\"elementor-element elementor-element-2c59143e elementor-widget elementor-widget-text-editor\" data-id=\"2c59143e\" data-element_type=\"widget\" data-e-type=\"widget\" data-widget_type=\"text-editor.default\">\n\t\t\t\t\t\t\t\t\t<p>As <strong>toalhas de mesa de pl\u00e1stico<\/strong> e <strong>toalhas de mesa de vinil<\/strong> s\u00e3o uma alternativa funcional para proteger a mesa de forma simples. Resistentes e f\u00e1ceis de limpar, adaptam-se bem a uma utiliza\u00e7\u00e3o cont\u00ednua.<\/p>\n<p>Al\u00e9m disso, estas toalhas de mesa de pl\u00e1stico s\u00e3o ideais para cozinhas, \u00e1reas infantis ou espa\u00e7os onde a limpeza r\u00e1pida \u00e9 priorit\u00e1ria.<\/p>\n\t\t\t\t\t\t\t\t<\/div>\n\t\t\t\t<\/div>\n\t\t<div class=\"elementor-element elementor-element-efd61e2 e-con-full e-flex e-con e-child\" data-id=\"efd61e2\" data-element_type=\"container\" data-e-type=\"container\" data-settings=\"{&quot;background_background&quot;:&quot;classic&quot;}\">\n\t\t\t\t<div class=\"elementor-element elementor-element-a56a2b5 elementor-widget elementor-widget-image\" data-id=\"a56a2b5\" data-element_type=\"widget\" data-e-type=\"widget\" data-widget_type=\"image.default\">\n\t\t\t\t\t\t\t\t\t\t\t\t<figure class=\"wp-caption\">\n\t\t\t\t\t\t\t\t\t\t<img loading=\"lazy\" decoding=\"async\" width=\"800\" height=\"650\" src=\"https:\/\/wedomgroup.com\/wp-content\/uploads\/2026\/01\/bayetas-microfibra.jpg\" class=\"attachment-large size-large wp-image-5143\" alt=\"Bayetas de microfibra\" srcset=\"https:\/\/wedomgroup.com\/wp-content\/uploads\/2026\/01\/bayetas-microfibra.jpg 800w, https:\/\/wedomgroup.com\/wp-content\/uploads\/2026\/01\/bayetas-microfibra-300x244.jpg 300w, https:\/\/wedomgroup.com\/wp-content\/uploads\/2026\/01\/bayetas-microfibra-768x624.jpg 768w\" sizes=\"(max-width: 800px) 100vw, 800px\" \/>\t\t\t\t\t\t\t\t\t\t\t<figcaption class=\"widget-image-caption wp-caption-text\"><\/figcaption>\n\t\t\t\t\t\t\t\t\t\t<\/figure>\n\t\t\t\t\t\t\t\t\t<\/div>\n\t\t\t\t<div class=\"elementor-element elementor-element-a272efd elementor-widget elementor-widget-heading\" data-id=\"a272efd\" data-element_type=\"widget\" data-e-type=\"widget\" data-widget_type=\"heading.default\">\n\t\t\t\t\t<h3 class=\"elementor-heading-title elementor-size-default\">Panos de microfibra<\/h3>\t\t\t\t<\/div>\n\t\t\t\t<div class=\"elementor-element elementor-element-d36d53a elementor-widget elementor-widget-text-editor\" data-id=\"d36d53a\" data-element_type=\"widget\" data-e-type=\"widget\" data-widget_type=\"text-editor.default\">\n\t\t\t\t\t\t\t\t\t<p>Os <strong>panos de microfibra<\/strong> s\u00e3o um item b\u00e1sico no setor t\u00eaxtil de cozinha. Destacam-se pela sua capacidade de limpeza, absor\u00e7\u00e3o e resist\u00eancia, facilitando a remo\u00e7\u00e3o de sujidade sem danificar as superf\u00edcies.<\/p>\n<p>Os panos de microfibra s\u00e3o adequados para diferentes utiliza\u00e7\u00f5es na cozinha, oferecendo uma solu\u00e7\u00e3o pr\u00e1tica e eficaz para a limpeza di\u00e1ria.<\/p>\n\t\t\t\t\t\t\t\t<\/div>\n\t\t\t\t<\/div>\n\t\t\t\t<\/div>\n\t\t\t\t\t<\/div>\n\t\t\t\t<\/div>\n\t\t\t\t<\/div>\n\t\t","protected":false},"excerpt":{"rendered":"<p>T\u00eaxteis para cozinha: toalhas de mesa resistentes a manchas e panos de microfibra Os t\u00eaxteis de cozinha Dosantex foram concebidos para facilitar o dia a dia com solu\u00e7\u00f5es pr\u00e1ticas, resistentes e f\u00e1ceis de manter. A nossa cole\u00e7\u00e3o inclui toalhas de mesa anti-manchas de v\u00e1rios tipos e panos de microfibra, concebidos para proteger superf\u00edcies e auxiliar [&hellip;]<\/p>\n","protected":false},"author":3,"featured_media":0,"parent":5359,"menu_order":0,"comment_status":"closed","ping_status":"closed","template":"","meta":{"_acf_changed":false,"footnotes":""},"class_list":["post-5394","page","type-page","status-publish","hentry"],"acf":[],"yoast_head":"<!-- This site is optimized with the Yoast SEO plugin v27.5 - https:\/\/yoast.com\/product\/yoast-seo-wordpress\/ -->\n<title>T\u00eaxteis para cozinha: toalhas de mesa resistentes a manchas e panos de cozinha | Dosantex<\/title>\n<meta name=\"description\" content=\"T\u00eaxteis para cozinha Dosantex com toalhas de mesa antimanchas e imperme\u00e1veis e panos de microfibra. Solu\u00e7\u00f5es pr\u00e1ticas e resistentes para o uso di\u00e1rio.\" \/>\n<meta name=\"robots\" content=\"index, follow, max-snippet:-1, max-image-preview:large, max-video-preview:-1\" \/>\n<link rel=\"canonical\" href=\"https:\/\/wedomgroup.com\/pt-pt\/dosantex\/textil-de-cozinha\/\" \/>\n<meta property=\"og:locale\" content=\"pt_PT\" \/>\n<meta property=\"og:type\" content=\"article\" \/>\n<meta property=\"og:title\" content=\"T\u00eaxteis para cozinha: toalhas de mesa resistentes a manchas e panos de cozinha | Dosantex\" \/>\n<meta property=\"og:description\" content=\"T\u00eaxteis para cozinha Dosantex com toalhas de mesa antimanchas e imperme\u00e1veis e panos de microfibra. Solu\u00e7\u00f5es pr\u00e1ticas e resistentes para o uso di\u00e1rio.\" \/>\n<meta property=\"og:url\" content=\"https:\/\/wedomgroup.com\/pt-pt\/dosantex\/textil-de-cozinha\/\" \/>\n<meta property=\"og:site_name\" content=\"wedom\" \/>\n<meta property=\"article:modified_time\" content=\"2026-02-03T10:51:00+00:00\" \/>\n<meta property=\"og:image\" content=\"https:\/\/wedomgroup.com\/wp-content\/uploads\/2026\/01\/textil-cocina-4.jpg\" \/>\n\t<meta property=\"og:image:width\" content=\"694\" \/>\n\t<meta property=\"og:image:height\" content=\"774\" \/>\n\t<meta property=\"og:image:type\" content=\"image\/jpeg\" \/>\n<meta name=\"twitter:card\" content=\"summary_large_image\" \/>\n<meta name=\"twitter:label1\" content=\"Tempo estimado de leitura\" \/>\n\t<meta name=\"twitter:data1\" content=\"2 minutos\" \/>\n<script type=\"application\/ld+json\" class=\"yoast-schema-graph\">{\"@context\":\"https:\\\/\\\/schema.org\",\"@graph\":[{\"@type\":\"WebPage\",\"@id\":\"https:\\\/\\\/wedomgroup.com\\\/pt-pt\\\/dosantex\\\/textil-de-cozinha\\\/\",\"url\":\"https:\\\/\\\/wedomgroup.com\\\/pt-pt\\\/dosantex\\\/textil-de-cozinha\\\/\",\"name\":\"T\u00eaxteis para cozinha: toalhas de mesa resistentes a manchas e panos de cozinha | Dosantex\",\"isPartOf\":{\"@id\":\"https:\\\/\\\/wedomgroup.com\\\/pt-pt\\\/#website\"},\"primaryImageOfPage\":{\"@id\":\"https:\\\/\\\/wedomgroup.com\\\/pt-pt\\\/dosantex\\\/textil-de-cozinha\\\/#primaryimage\"},\"image\":{\"@id\":\"https:\\\/\\\/wedomgroup.com\\\/pt-pt\\\/dosantex\\\/textil-de-cozinha\\\/#primaryimage\"},\"thumbnailUrl\":\"https:\\\/\\\/wedomgroup.com\\\/wp-content\\\/uploads\\\/2026\\\/01\\\/textil-cocina-4.jpg\",\"datePublished\":\"2026-01-23T15:13:37+00:00\",\"dateModified\":\"2026-02-03T10:51:00+00:00\",\"description\":\"T\u00eaxteis para cozinha Dosantex com toalhas de mesa antimanchas e imperme\u00e1veis e panos de microfibra. Solu\u00e7\u00f5es pr\u00e1ticas e resistentes para o uso di\u00e1rio.\",\"breadcrumb\":{\"@id\":\"https:\\\/\\\/wedomgroup.com\\\/pt-pt\\\/dosantex\\\/textil-de-cozinha\\\/#breadcrumb\"},\"inLanguage\":\"pt-PT\",\"potentialAction\":[{\"@type\":\"ReadAction\",\"target\":[\"https:\\\/\\\/wedomgroup.com\\\/pt-pt\\\/dosantex\\\/textil-de-cozinha\\\/\"]}]},{\"@type\":\"ImageObject\",\"inLanguage\":\"pt-PT\",\"@id\":\"https:\\\/\\\/wedomgroup.com\\\/pt-pt\\\/dosantex\\\/textil-de-cozinha\\\/#primaryimage\",\"url\":\"https:\\\/\\\/wedomgroup.com\\\/wp-content\\\/uploads\\\/2026\\\/01\\\/textil-cocina-4.jpg\",\"contentUrl\":\"https:\\\/\\\/wedomgroup.com\\\/wp-content\\\/uploads\\\/2026\\\/01\\\/textil-cocina-4.jpg\"},{\"@type\":\"BreadcrumbList\",\"@id\":\"https:\\\/\\\/wedomgroup.com\\\/pt-pt\\\/dosantex\\\/textil-de-cozinha\\\/#breadcrumb\",\"itemListElement\":[{\"@type\":\"ListItem\",\"position\":1,\"name\":\"Inicio\",\"item\":\"https:\\\/\\\/wedomgroup.com\\\/pt-pt\\\/\"},{\"@type\":\"ListItem\",\"position\":2,\"name\":\"Dosantex\",\"item\":\"https:\\\/\\\/wedomgroup.com\\\/pt-pt\\\/dosantex\\\/\"},{\"@type\":\"ListItem\",\"position\":3,\"name\":\"T\u00eaxtil de cozinha\"}]},{\"@type\":\"WebSite\",\"@id\":\"https:\\\/\\\/wedomgroup.com\\\/pt-pt\\\/#website\",\"url\":\"https:\\\/\\\/wedomgroup.com\\\/pt-pt\\\/\",\"name\":\"Wedom\",\"description\":\"Hacemos realidad tu idea de hogar\",\"publisher\":{\"@id\":\"https:\\\/\\\/wedomgroup.com\\\/pt-pt\\\/#organization\"},\"potentialAction\":[{\"@type\":\"SearchAction\",\"target\":{\"@type\":\"EntryPoint\",\"urlTemplate\":\"https:\\\/\\\/wedomgroup.com\\\/pt-pt\\\/?s={search_term_string}\"},\"query-input\":{\"@type\":\"PropertyValueSpecification\",\"valueRequired\":true,\"valueName\":\"search_term_string\"}}],\"inLanguage\":\"pt-PT\"},{\"@type\":\"Organization\",\"@id\":\"https:\\\/\\\/wedomgroup.com\\\/pt-pt\\\/#organization\",\"name\":\"Wedom\",\"url\":\"https:\\\/\\\/wedomgroup.com\\\/pt-pt\\\/\",\"logo\":{\"@type\":\"ImageObject\",\"inLanguage\":\"pt-PT\",\"@id\":\"https:\\\/\\\/wedomgroup.com\\\/pt-pt\\\/#\\\/schema\\\/logo\\\/image\\\/\",\"url\":\"https:\\\/\\\/wedomgroup.com\\\/wp-content\\\/uploads\\\/2023\\\/05\\\/wedom-logo.png\",\"contentUrl\":\"https:\\\/\\\/wedomgroup.com\\\/wp-content\\\/uploads\\\/2023\\\/05\\\/wedom-logo.png\",\"width\":121,\"height\":28,\"caption\":\"Wedom\"},\"image\":{\"@id\":\"https:\\\/\\\/wedomgroup.com\\\/pt-pt\\\/#\\\/schema\\\/logo\\\/image\\\/\"},\"sameAs\":[\"https:\\\/\\\/www.linkedin.com\\\/company\\\/wedom-group\\\/\"]}]}<\/script>\n<!-- \/ Yoast SEO plugin. -->","yoast_head_json":{"title":"T\u00eaxteis para cozinha: toalhas de mesa resistentes a manchas e panos de cozinha | Dosantex","description":"T\u00eaxteis para cozinha Dosantex com toalhas de mesa antimanchas e imperme\u00e1veis e panos de microfibra. Solu\u00e7\u00f5es pr\u00e1ticas e resistentes para o uso di\u00e1rio.","robots":{"index":"index","follow":"follow","max-snippet":"max-snippet:-1","max-image-preview":"max-image-preview:large","max-video-preview":"max-video-preview:-1"},"canonical":"https:\/\/wedomgroup.com\/pt-pt\/dosantex\/textil-de-cozinha\/","og_locale":"pt_PT","og_type":"article","og_title":"T\u00eaxteis para cozinha: toalhas de mesa resistentes a manchas e panos de cozinha | Dosantex","og_description":"T\u00eaxteis para cozinha Dosantex com toalhas de mesa antimanchas e imperme\u00e1veis e panos de microfibra. Solu\u00e7\u00f5es pr\u00e1ticas e resistentes para o uso di\u00e1rio.","og_url":"https:\/\/wedomgroup.com\/pt-pt\/dosantex\/textil-de-cozinha\/","og_site_name":"wedom","article_modified_time":"2026-02-03T10:51:00+00:00","og_image":[{"width":694,"height":774,"url":"https:\/\/wedomgroup.com\/wp-content\/uploads\/2026\/01\/textil-cocina-4.jpg","type":"image\/jpeg"}],"twitter_card":"summary_large_image","twitter_misc":{"Tempo estimado de leitura":"2 minutos"},"schema":{"@context":"https:\/\/schema.org","@graph":[{"@type":"WebPage","@id":"https:\/\/wedomgroup.com\/pt-pt\/dosantex\/textil-de-cozinha\/","url":"https:\/\/wedomgroup.com\/pt-pt\/dosantex\/textil-de-cozinha\/","name":"T\u00eaxteis para cozinha: toalhas de mesa resistentes a manchas e panos de cozinha | Dosantex","isPartOf":{"@id":"https:\/\/wedomgroup.com\/pt-pt\/#website"},"primaryImageOfPage":{"@id":"https:\/\/wedomgroup.com\/pt-pt\/dosantex\/textil-de-cozinha\/#primaryimage"},"image":{"@id":"https:\/\/wedomgroup.com\/pt-pt\/dosantex\/textil-de-cozinha\/#primaryimage"},"thumbnailUrl":"https:\/\/wedomgroup.com\/wp-content\/uploads\/2026\/01\/textil-cocina-4.jpg","datePublished":"2026-01-23T15:13:37+00:00","dateModified":"2026-02-03T10:51:00+00:00","description":"T\u00eaxteis para cozinha Dosantex com toalhas de mesa antimanchas e imperme\u00e1veis e panos de microfibra. Solu\u00e7\u00f5es pr\u00e1ticas e resistentes para o uso di\u00e1rio.","breadcrumb":{"@id":"https:\/\/wedomgroup.com\/pt-pt\/dosantex\/textil-de-cozinha\/#breadcrumb"},"inLanguage":"pt-PT","potentialAction":[{"@type":"ReadAction","target":["https:\/\/wedomgroup.com\/pt-pt\/dosantex\/textil-de-cozinha\/"]}]},{"@type":"ImageObject","inLanguage":"pt-PT","@id":"https:\/\/wedomgroup.com\/pt-pt\/dosantex\/textil-de-cozinha\/#primaryimage","url":"https:\/\/wedomgroup.com\/wp-content\/uploads\/2026\/01\/textil-cocina-4.jpg","contentUrl":"https:\/\/wedomgroup.com\/wp-content\/uploads\/2026\/01\/textil-cocina-4.jpg"},{"@type":"BreadcrumbList","@id":"https:\/\/wedomgroup.com\/pt-pt\/dosantex\/textil-de-cozinha\/#breadcrumb","itemListElement":[{"@type":"ListItem","position":1,"name":"Inicio","item":"https:\/\/wedomgroup.com\/pt-pt\/"},{"@type":"ListItem","position":2,"name":"Dosantex","item":"https:\/\/wedomgroup.com\/pt-pt\/dosantex\/"},{"@type":"ListItem","position":3,"name":"T\u00eaxtil de cozinha"}]},{"@type":"WebSite","@id":"https:\/\/wedomgroup.com\/pt-pt\/#website","url":"https:\/\/wedomgroup.com\/pt-pt\/","name":"Wedom","description":"Hacemos realidad tu idea de hogar","publisher":{"@id":"https:\/\/wedomgroup.com\/pt-pt\/#organization"},"potentialAction":[{"@type":"SearchAction","target":{"@type":"EntryPoint","urlTemplate":"https:\/\/wedomgroup.com\/pt-pt\/?s={search_term_string}"},"query-input":{"@type":"PropertyValueSpecification","valueRequired":true,"valueName":"search_term_string"}}],"inLanguage":"pt-PT"},{"@type":"Organization","@id":"https:\/\/wedomgroup.com\/pt-pt\/#organization","name":"Wedom","url":"https:\/\/wedomgroup.com\/pt-pt\/","logo":{"@type":"ImageObject","inLanguage":"pt-PT","@id":"https:\/\/wedomgroup.com\/pt-pt\/#\/schema\/logo\/image\/","url":"https:\/\/wedomgroup.com\/wp-content\/uploads\/2023\/05\/wedom-logo.png","contentUrl":"https:\/\/wedomgroup.com\/wp-content\/uploads\/2023\/05\/wedom-logo.png","width":121,"height":28,"caption":"Wedom"},"image":{"@id":"https:\/\/wedomgroup.com\/pt-pt\/#\/schema\/logo\/image\/"},"sameAs":["https:\/\/www.linkedin.com\/company\/wedom-group\/"]}]}},"_links":{"self":[{"href":"https:\/\/wedomgroup.com\/pt-pt\/wp-json\/wp\/v2\/pages\/5394","targetHints":{"allow":["GET"]}}],"collection":[{"href":"https:\/\/wedomgroup.com\/pt-pt\/wp-json\/wp\/v2\/pages"}],"about":[{"href":"https:\/\/wedomgroup.com\/pt-pt\/wp-json\/wp\/v2\/types\/page"}],"author":[{"embeddable":true,"href":"https:\/\/wedomgroup.com\/pt-pt\/wp-json\/wp\/v2\/users\/3"}],"replies":[{"embeddable":true,"href":"https:\/\/wedomgroup.com\/pt-pt\/wp-json\/wp\/v2\/comments?post=5394"}],"version-history":[{"count":2,"href":"https:\/\/wedomgroup.com\/pt-pt\/wp-json\/wp\/v2\/pages\/5394\/revisions"}],"predecessor-version":[{"id":5431,"href":"https:\/\/wedomgroup.com\/pt-pt\/wp-json\/wp\/v2\/pages\/5394\/revisions\/5431"}],"up":[{"embeddable":true,"href":"https:\/\/wedomgroup.com\/pt-pt\/wp-json\/wp\/v2\/pages\/5359"}],"wp:attachment":[{"href":"https:\/\/wedomgroup.com\/pt-pt\/wp-json\/wp\/v2\/media?parent=5394"}],"curies":[{"name":"wp","href":"https:\/\/api.w.org\/{rel}","templated":true}]}}