{"id":5432,"date":"2026-01-23T15:13:50","date_gmt":"2026-01-23T15:13:50","guid":{"rendered":"https:\/\/wedomgroup.com\/dosantex\/tapetes\/"},"modified":"2026-02-03T10:51:01","modified_gmt":"2026-02-03T10:51:01","slug":"tapetes","status":"publish","type":"page","link":"https:\/\/wedomgroup.com\/pt-pt\/dosantex\/tapetes\/","title":{"rendered":"Tapetes"},"content":{"rendered":"\t\t<div data-elementor-type=\"wp-page\" data-elementor-id=\"5432\" class=\"elementor elementor-5432 elementor-4565\" data-elementor-post-type=\"page\">\n\t\t\t\t<div class=\"elementor-element elementor-element-39c0f3b4 e-flex e-con-boxed e-con e-parent\" data-id=\"39c0f3b4\" data-element_type=\"container\" data-e-type=\"container\">\n\t\t\t\t\t<div class=\"e-con-inner\">\n\t\t<div class=\"elementor-element elementor-element-1ad2adf4 e-con-full e-flex e-con e-child\" data-id=\"1ad2adf4\" data-element_type=\"container\" data-e-type=\"container\">\n\t\t\t\t<div class=\"elementor-element elementor-element-3391023c elementor-widget elementor-widget-breadcrumbs\" data-id=\"3391023c\" data-element_type=\"widget\" data-e-type=\"widget\" data-widget_type=\"breadcrumbs.default\">\n\t\t\t\t\t<p id=\"breadcrumbs\"><span><span><a href=\"https:\/\/wedomgroup.com\/pt-pt\/\">Inicio<\/a><\/span><\/span><\/p>\t\t\t\t<\/div>\n\t\t\t\t<div class=\"elementor-element elementor-element-1cadcefa elementor-widget elementor-widget-heading\" data-id=\"1cadcefa\" data-element_type=\"widget\" data-e-type=\"widget\" data-widget_type=\"heading.default\">\n\t\t\t\t\t<h1 class=\"elementor-heading-title elementor-size-default\">Tapetes para cada espa\u00e7o da casa<\/h1>\t\t\t\t<\/div>\n\t\t\t\t<div class=\"elementor-element elementor-element-1416ffa3 elementor-widget elementor-widget-text-editor\" data-id=\"1416ffa3\" data-element_type=\"widget\" data-e-type=\"widget\" data-widget_type=\"text-editor.default\">\n\t\t\t\t\t\t\t\t\t<p>Os <strong>tapetes Dosantex<\/strong> s\u00e3o concebidos para proporcionar conforto, aconchego e um toque decorativo a diferentes divis\u00f5es da casa. Desde \u00e1reas de descanso at\u00e9 espa\u00e7os de passagem, a nossa cole\u00e7\u00e3o oferece solu\u00e7\u00f5es pr\u00e1ticas que combinam design e funcionalidade.<\/p>\n<p>Uma sele\u00e7\u00e3o de tapetes adaptados a diferentes estilos e necessidades, concebidos para se integrarem facilmente no dia a dia.<\/p>\n\t\t\t\t\t\t\t\t<\/div>\n\t\t\t\t<\/div>\n\t\t<div class=\"elementor-element elementor-element-359cd118 e-con-full e-flex e-con e-child\" data-id=\"359cd118\" data-element_type=\"container\" data-e-type=\"container\">\n\t\t\t\t<div class=\"elementor-element elementor-element-2b881363 elementor-widget elementor-widget-image\" data-id=\"2b881363\" data-element_type=\"widget\" data-e-type=\"widget\" data-widget_type=\"image.default\">\n\t\t\t\t\t\t\t\t\t\t\t\t<figure class=\"wp-caption\">\n\t\t\t\t\t\t\t\t\t\t<img fetchpriority=\"high\" decoding=\"async\" width=\"694\" height=\"774\" src=\"https:\/\/wedomgroup.com\/wp-content\/uploads\/2026\/01\/alfombras.jpg\" class=\"attachment-large size-large wp-image-4729\" alt=\"Alfombras\" srcset=\"https:\/\/wedomgroup.com\/wp-content\/uploads\/2026\/01\/alfombras.jpg 694w, https:\/\/wedomgroup.com\/wp-content\/uploads\/2026\/01\/alfombras-269x300.jpg 269w\" sizes=\"(max-width: 694px) 100vw, 694px\" \/>\t\t\t\t\t\t\t\t\t\t\t<figcaption class=\"widget-image-caption wp-caption-text\"><\/figcaption>\n\t\t\t\t\t\t\t\t\t\t<\/figure>\n\t\t\t\t\t\t\t\t\t<\/div>\n\t\t\t\t<\/div>\n\t\t\t\t\t<\/div>\n\t\t\t\t<\/div>\n\t\t<div class=\"elementor-element elementor-element-c1fc476 e-flex e-con-boxed e-con e-parent\" data-id=\"c1fc476\" data-element_type=\"container\" data-e-type=\"container\" data-settings=\"{&quot;background_background&quot;:&quot;classic&quot;}\">\n\t\t\t\t\t<div class=\"e-con-inner\">\n\t\t<div class=\"elementor-element elementor-element-3c983a90 e-con-full e-flex e-con e-child\" data-id=\"3c983a90\" data-element_type=\"container\" data-e-type=\"container\">\n\t\t\t\t<div class=\"elementor-element elementor-element-33426883 elementor-widget elementor-widget-heading\" data-id=\"33426883\" data-element_type=\"widget\" data-e-type=\"widget\" data-widget_type=\"heading.default\">\n\t\t\t\t\t<h2 class=\"elementor-heading-title elementor-size-default\">T\u00eaxteis que combinam estilo e funcionalidade<\/h2>\t\t\t\t<\/div>\n\t\t\t\t<div class=\"elementor-element elementor-element-4049d63d elementor-widget elementor-widget-text-editor\" data-id=\"4049d63d\" data-element_type=\"widget\" data-e-type=\"widget\" data-widget_type=\"text-editor.default\">\n\t\t\t\t\t\t\t\t\t<p>Os <strong>tapetes para o lar<\/strong> n\u00e3o t\u00eam apenas uma fun\u00e7\u00e3o decorativa, mas tamb\u00e9m auxiliam a delimitar espa\u00e7os, proporcionam conforto aos p\u00e9s e protegem o piso. Na Dosantex, apostamos em <strong>t\u00eaxteis resistentes e f\u00e1ceis de manter<\/strong>, adequados para o uso di\u00e1rio.<\/p>\n<p>A nossa cole\u00e7\u00e3o inclui op\u00e7\u00f5es para sala de estar, quarto, corredor e outros espa\u00e7os, com diferentes materiais e formatos que se adaptam a cada ambiente.<\/p>\n\t\t\t\t\t\t\t\t<\/div>\n\t\t\t\t<\/div>\n\t\t<div class=\"elementor-element elementor-element-51a925d7 e-grid e-con-full e-con e-child\" data-id=\"51a925d7\" data-element_type=\"container\" data-e-type=\"container\">\n\t\t<div class=\"elementor-element elementor-element-1c3fc00d e-con-full e-flex e-con e-child\" data-id=\"1c3fc00d\" data-element_type=\"container\" data-e-type=\"container\" data-settings=\"{&quot;background_background&quot;:&quot;classic&quot;}\">\n\t\t\t\t<div class=\"elementor-element elementor-element-169d08fe elementor-widget elementor-widget-image\" data-id=\"169d08fe\" data-element_type=\"widget\" data-e-type=\"widget\" data-widget_type=\"image.default\">\n\t\t\t\t\t\t\t\t\t\t\t\t<figure class=\"wp-caption\">\n\t\t\t\t\t\t\t\t\t\t<img decoding=\"async\" width=\"800\" height=\"533\" src=\"https:\/\/wedomgroup.com\/wp-content\/uploads\/2026\/01\/alfombras-salon-1.jpg\" class=\"attachment-large size-large wp-image-5166\" alt=\"Alfombras de sal\u00f3n\" srcset=\"https:\/\/wedomgroup.com\/wp-content\/uploads\/2026\/01\/alfombras-salon-1.jpg 800w, https:\/\/wedomgroup.com\/wp-content\/uploads\/2026\/01\/alfombras-salon-1-300x200.jpg 300w, https:\/\/wedomgroup.com\/wp-content\/uploads\/2026\/01\/alfombras-salon-1-768x512.jpg 768w\" sizes=\"(max-width: 800px) 100vw, 800px\" \/>\t\t\t\t\t\t\t\t\t\t\t<figcaption class=\"widget-image-caption wp-caption-text\"><\/figcaption>\n\t\t\t\t\t\t\t\t\t\t<\/figure>\n\t\t\t\t\t\t\t\t\t<\/div>\n\t\t\t\t<div class=\"elementor-element elementor-element-4512321b elementor-widget elementor-widget-heading\" data-id=\"4512321b\" data-element_type=\"widget\" data-e-type=\"widget\" data-widget_type=\"heading.default\">\n\t\t\t\t\t<h3 class=\"elementor-heading-title elementor-size-default\">Tapetes para sala de estar<\/h3>\t\t\t\t<\/div>\n\t\t\t\t<div class=\"elementor-element elementor-element-6c31ace4 elementor-widget elementor-widget-text-editor\" data-id=\"6c31ace4\" data-element_type=\"widget\" data-e-type=\"widget\" data-widget_type=\"text-editor.default\">\n\t\t\t\t\t\t\t\t\t<p>Os <strong>tapetes de sala<\/strong> s\u00e3o concebidos para criar ambientes acolhedores e equilibrados. Um tapete de sala contribui para definir a \u00e1rea de estar, proporcionando aconchego e conforto ao espa\u00e7o.<\/p>\n<p>Dispon\u00edveis em diferentes tamanhos e acabamentos, adaptam-se tanto a salas amplas como a \u00e1reas mais recatadas, facilitando a combina\u00e7\u00e3o com o restante mobili\u00e1rio.<\/p>\n\t\t\t\t\t\t\t\t<\/div>\n\t\t\t\t<\/div>\n\t\t<div class=\"elementor-element elementor-element-7cd49a27 e-con-full e-flex e-con e-child\" data-id=\"7cd49a27\" data-element_type=\"container\" data-e-type=\"container\" data-settings=\"{&quot;background_background&quot;:&quot;classic&quot;}\">\n\t\t\t\t<div class=\"elementor-element elementor-element-4fa6779d elementor-widget elementor-widget-image\" data-id=\"4fa6779d\" data-element_type=\"widget\" data-e-type=\"widget\" data-widget_type=\"image.default\">\n\t\t\t\t\t\t\t\t\t\t\t\t<figure class=\"wp-caption\">\n\t\t\t\t\t\t\t\t\t\t<img decoding=\"async\" width=\"800\" height=\"533\" src=\"https:\/\/wedomgroup.com\/wp-content\/uploads\/2026\/01\/alfombras-dormitorio.jpg\" class=\"attachment-large size-large wp-image-5162\" alt=\"Alfombras de dormitorio\" srcset=\"https:\/\/wedomgroup.com\/wp-content\/uploads\/2026\/01\/alfombras-dormitorio.jpg 800w, https:\/\/wedomgroup.com\/wp-content\/uploads\/2026\/01\/alfombras-dormitorio-300x200.jpg 300w, https:\/\/wedomgroup.com\/wp-content\/uploads\/2026\/01\/alfombras-dormitorio-768x512.jpg 768w\" sizes=\"(max-width: 800px) 100vw, 800px\" \/>\t\t\t\t\t\t\t\t\t\t\t<figcaption class=\"widget-image-caption wp-caption-text\"><\/figcaption>\n\t\t\t\t\t\t\t\t\t\t<\/figure>\n\t\t\t\t\t\t\t\t\t<\/div>\n\t\t\t\t<div class=\"elementor-element elementor-element-6eb2c58a elementor-widget elementor-widget-heading\" data-id=\"6eb2c58a\" data-element_type=\"widget\" data-e-type=\"widget\" data-widget_type=\"heading.default\">\n\t\t\t\t\t<h3 class=\"elementor-heading-title elementor-size-default\">Tapetes para quartos<\/h3>\t\t\t\t<\/div>\n\t\t\t\t<div class=\"elementor-element elementor-element-5a6925bd elementor-widget elementor-widget-text-editor\" data-id=\"5a6925bd\" data-element_type=\"widget\" data-e-type=\"widget\" data-widget_type=\"text-editor.default\">\n\t\t\t\t\t\t\t\t\t<p>Os <strong>tapetes para quarto<\/strong> proporcionam uma sensa\u00e7\u00e3o agrad\u00e1vel ao iniciar e terminar o dia. Ideais para colocar ao lado da cama ou em \u00e1reas de passagem, estes tapetes para quartos contribuem para criar um ambiente mais acolhedor e confort\u00e1vel.<\/p>\n<p>Os materiais suaves e os designs simples fazem com que se adaptem facilmente a diferentes estilos de quarto.<\/p>\n\t\t\t\t\t\t\t\t<\/div>\n\t\t\t\t<\/div>\n\t\t<div class=\"elementor-element elementor-element-4a14f221 e-con-full e-flex e-con e-child\" data-id=\"4a14f221\" data-element_type=\"container\" data-e-type=\"container\" data-settings=\"{&quot;background_background&quot;:&quot;classic&quot;}\">\n\t\t\t\t<div class=\"elementor-element elementor-element-63032aa0 elementor-widget elementor-widget-image\" data-id=\"63032aa0\" data-element_type=\"widget\" data-e-type=\"widget\" data-widget_type=\"image.default\">\n\t\t\t\t\t\t\t\t\t\t\t\t<figure class=\"wp-caption\">\n\t\t\t\t\t\t\t\t\t\t<img loading=\"lazy\" decoding=\"async\" width=\"800\" height=\"533\" src=\"https:\/\/wedomgroup.com\/wp-content\/uploads\/2026\/01\/alfombras-pasillo-1.jpg\" class=\"attachment-large size-large wp-image-5158\" alt=\"Alfombras de pasillo\" srcset=\"https:\/\/wedomgroup.com\/wp-content\/uploads\/2026\/01\/alfombras-pasillo-1.jpg 800w, https:\/\/wedomgroup.com\/wp-content\/uploads\/2026\/01\/alfombras-pasillo-1-300x200.jpg 300w, https:\/\/wedomgroup.com\/wp-content\/uploads\/2026\/01\/alfombras-pasillo-1-768x512.jpg 768w\" sizes=\"(max-width: 800px) 100vw, 800px\" \/>\t\t\t\t\t\t\t\t\t\t\t<figcaption class=\"widget-image-caption wp-caption-text\"><\/figcaption>\n\t\t\t\t\t\t\t\t\t\t<\/figure>\n\t\t\t\t\t\t\t\t\t<\/div>\n\t\t\t\t<div class=\"elementor-element elementor-element-2d43125d elementor-widget elementor-widget-heading\" data-id=\"2d43125d\" data-element_type=\"widget\" data-e-type=\"widget\" data-widget_type=\"heading.default\">\n\t\t\t\t\t<h3 class=\"elementor-heading-title elementor-size-default\">Tapetes de corredor<\/h3>\t\t\t\t<\/div>\n\t\t\t\t<div class=\"elementor-element elementor-element-5c629b02 elementor-widget elementor-widget-text-editor\" data-id=\"5c629b02\" data-element_type=\"widget\" data-e-type=\"widget\" data-widget_type=\"text-editor.default\">\n\t\t\t\t\t\t\t\t\t<p>Os <strong>tapetes de corredor<\/strong> s\u00e3o concebidos para \u00e1reas de tr\u00e1fego intenso. Um tapete de corredor contribui para proteger o piso e proporciona continuidade visual em entradas e corredores.<\/p>\n<p>O seu formato alongado torna-as uma op\u00e7\u00e3o pr\u00e1tica para corredores, entradas ou zonas de passagem, combinando resist\u00eancia e funcionalidade.<\/p>\n\t\t\t\t\t\t\t\t<\/div>\n\t\t\t\t<\/div>\n\t\t<div class=\"elementor-element elementor-element-a21f9da e-con-full e-flex e-con e-child\" data-id=\"a21f9da\" data-element_type=\"container\" data-e-type=\"container\" data-settings=\"{&quot;background_background&quot;:&quot;classic&quot;}\">\n\t\t\t\t<div class=\"elementor-element elementor-element-bff3005 elementor-widget elementor-widget-image\" data-id=\"bff3005\" data-element_type=\"widget\" data-e-type=\"widget\" data-widget_type=\"image.default\">\n\t\t\t\t\t\t\t\t\t\t\t\t<figure class=\"wp-caption\">\n\t\t\t\t\t\t\t\t\t\t<img loading=\"lazy\" decoding=\"async\" width=\"800\" height=\"533\" src=\"https:\/\/wedomgroup.com\/wp-content\/uploads\/2026\/01\/alfombras-redondas-especiales.jpg\" class=\"attachment-large size-large wp-image-5154\" alt=\"Alfombras redondas y especiales\" srcset=\"https:\/\/wedomgroup.com\/wp-content\/uploads\/2026\/01\/alfombras-redondas-especiales.jpg 800w, https:\/\/wedomgroup.com\/wp-content\/uploads\/2026\/01\/alfombras-redondas-especiales-300x200.jpg 300w, https:\/\/wedomgroup.com\/wp-content\/uploads\/2026\/01\/alfombras-redondas-especiales-768x512.jpg 768w\" sizes=\"(max-width: 800px) 100vw, 800px\" \/>\t\t\t\t\t\t\t\t\t\t\t<figcaption class=\"widget-image-caption wp-caption-text\"><\/figcaption>\n\t\t\t\t\t\t\t\t\t\t<\/figure>\n\t\t\t\t\t\t\t\t\t<\/div>\n\t\t\t\t<div class=\"elementor-element elementor-element-472cd4b elementor-widget elementor-widget-heading\" data-id=\"472cd4b\" data-element_type=\"widget\" data-e-type=\"widget\" data-widget_type=\"heading.default\">\n\t\t\t\t\t<h3 class=\"elementor-heading-title elementor-size-default\">Tapetes redondos e especiais<\/h3>\t\t\t\t<\/div>\n\t\t\t\t<div class=\"elementor-element elementor-element-6661d13 elementor-widget elementor-widget-text-editor\" data-id=\"6661d13\" data-element_type=\"widget\" data-e-type=\"widget\" data-widget_type=\"text-editor.default\">\n\t\t\t\t\t\t\t\t\t<p>Os <strong>tapetes redondos<\/strong> ou com <strong>formatos especiais<\/strong> s\u00e3o uma alternativa decorativa para conferir um toque diferente ao espa\u00e7o. Um tapete redondo funciona especialmente bem em \u00e1reas espec\u00edficas da sala de estar, quartos ou recantos de leitura.<\/p>\n<p>Esta categoria inclui op\u00e7\u00f5es em materiais como juta, bambu ou algod\u00e3o, que proporcionam texturas naturais e um estilo simples e intemporal.<\/p>\n\t\t\t\t\t\t\t\t<\/div>\n\t\t\t\t<\/div>\n\t\t\t\t<\/div>\n\t\t\t\t\t<\/div>\n\t\t\t\t<\/div>\n\t\t\t\t<\/div>\n\t\t","protected":false},"excerpt":{"rendered":"<p>Tapetes para cada espa\u00e7o da casa Os tapetes Dosantex s\u00e3o concebidos para proporcionar conforto, aconchego e um toque decorativo a diferentes divis\u00f5es da casa. Desde \u00e1reas de descanso at\u00e9 espa\u00e7os de passagem, a nossa cole\u00e7\u00e3o oferece solu\u00e7\u00f5es pr\u00e1ticas que combinam design e funcionalidade. Uma sele\u00e7\u00e3o de tapetes adaptados a diferentes estilos e necessidades, concebidos para [&hellip;]<\/p>\n","protected":false},"author":3,"featured_media":0,"parent":5359,"menu_order":0,"comment_status":"closed","ping_status":"closed","template":"","meta":{"_acf_changed":false,"footnotes":""},"class_list":["post-5432","page","type-page","status-publish","hentry"],"acf":[],"yoast_head":"<!-- This site is optimized with the Yoast SEO plugin v27.5 - https:\/\/yoast.com\/product\/yoast-seo-wordpress\/ -->\n<title>Tapetes para sala, quarto e entrada | Dosantex<\/title>\n<meta name=\"description\" content=\"Descobre a sele\u00e7\u00e3o de tapetes Dosantex: tapetes para sala, quarto e corredor. Qualidade e estilo para a tua casa.\" \/>\n<meta name=\"robots\" content=\"index, follow, max-snippet:-1, max-image-preview:large, max-video-preview:-1\" \/>\n<link rel=\"canonical\" href=\"https:\/\/wedomgroup.com\/pt-pt\/dosantex\/tapetes\/\" \/>\n<meta property=\"og:locale\" content=\"pt_PT\" \/>\n<meta property=\"og:type\" content=\"article\" \/>\n<meta property=\"og:title\" content=\"Tapetes para sala, quarto e entrada | Dosantex\" \/>\n<meta property=\"og:description\" content=\"Descobre a sele\u00e7\u00e3o de tapetes Dosantex: tapetes para sala, quarto e corredor. Qualidade e estilo para a tua casa.\" \/>\n<meta property=\"og:url\" content=\"https:\/\/wedomgroup.com\/pt-pt\/dosantex\/tapetes\/\" \/>\n<meta property=\"og:site_name\" content=\"wedom\" \/>\n<meta property=\"article:modified_time\" content=\"2026-02-03T10:51:01+00:00\" \/>\n<meta property=\"og:image\" content=\"https:\/\/wedomgroup.com\/wp-content\/uploads\/2026\/01\/alfombras.jpg\" \/>\n\t<meta property=\"og:image:width\" content=\"694\" \/>\n\t<meta property=\"og:image:height\" content=\"774\" \/>\n\t<meta property=\"og:image:type\" content=\"image\/jpeg\" \/>\n<meta name=\"twitter:card\" content=\"summary_large_image\" \/>\n<meta name=\"twitter:label1\" content=\"Tempo estimado de leitura\" \/>\n\t<meta name=\"twitter:data1\" content=\"2 minutos\" \/>\n<script type=\"application\/ld+json\" class=\"yoast-schema-graph\">{\"@context\":\"https:\\\/\\\/schema.org\",\"@graph\":[{\"@type\":\"WebPage\",\"@id\":\"https:\\\/\\\/wedomgroup.com\\\/pt-pt\\\/dosantex\\\/tapetes\\\/\",\"url\":\"https:\\\/\\\/wedomgroup.com\\\/pt-pt\\\/dosantex\\\/tapetes\\\/\",\"name\":\"Tapetes para sala, quarto e entrada | Dosantex\",\"isPartOf\":{\"@id\":\"https:\\\/\\\/wedomgroup.com\\\/pt-pt\\\/#website\"},\"primaryImageOfPage\":{\"@id\":\"https:\\\/\\\/wedomgroup.com\\\/pt-pt\\\/dosantex\\\/tapetes\\\/#primaryimage\"},\"image\":{\"@id\":\"https:\\\/\\\/wedomgroup.com\\\/pt-pt\\\/dosantex\\\/tapetes\\\/#primaryimage\"},\"thumbnailUrl\":\"https:\\\/\\\/wedomgroup.com\\\/wp-content\\\/uploads\\\/2026\\\/01\\\/alfombras.jpg\",\"datePublished\":\"2026-01-23T15:13:50+00:00\",\"dateModified\":\"2026-02-03T10:51:01+00:00\",\"description\":\"Descobre a sele\u00e7\u00e3o de tapetes Dosantex: tapetes para sala, quarto e corredor. Qualidade e estilo para a tua casa.\",\"breadcrumb\":{\"@id\":\"https:\\\/\\\/wedomgroup.com\\\/pt-pt\\\/dosantex\\\/tapetes\\\/#breadcrumb\"},\"inLanguage\":\"pt-PT\",\"potentialAction\":[{\"@type\":\"ReadAction\",\"target\":[\"https:\\\/\\\/wedomgroup.com\\\/pt-pt\\\/dosantex\\\/tapetes\\\/\"]}]},{\"@type\":\"ImageObject\",\"inLanguage\":\"pt-PT\",\"@id\":\"https:\\\/\\\/wedomgroup.com\\\/pt-pt\\\/dosantex\\\/tapetes\\\/#primaryimage\",\"url\":\"https:\\\/\\\/wedomgroup.com\\\/wp-content\\\/uploads\\\/2026\\\/01\\\/alfombras.jpg\",\"contentUrl\":\"https:\\\/\\\/wedomgroup.com\\\/wp-content\\\/uploads\\\/2026\\\/01\\\/alfombras.jpg\"},{\"@type\":\"BreadcrumbList\",\"@id\":\"https:\\\/\\\/wedomgroup.com\\\/pt-pt\\\/dosantex\\\/tapetes\\\/#breadcrumb\",\"itemListElement\":[{\"@type\":\"ListItem\",\"position\":1,\"name\":\"Inicio\",\"item\":\"https:\\\/\\\/wedomgroup.com\\\/pt-pt\\\/\"},{\"@type\":\"ListItem\",\"position\":2,\"name\":\"Dosantex\",\"item\":\"https:\\\/\\\/wedomgroup.com\\\/pt-pt\\\/dosantex\\\/\"},{\"@type\":\"ListItem\",\"position\":3,\"name\":\"Tapetes\"}]},{\"@type\":\"WebSite\",\"@id\":\"https:\\\/\\\/wedomgroup.com\\\/pt-pt\\\/#website\",\"url\":\"https:\\\/\\\/wedomgroup.com\\\/pt-pt\\\/\",\"name\":\"Wedom\",\"description\":\"Hacemos realidad tu idea de hogar\",\"publisher\":{\"@id\":\"https:\\\/\\\/wedomgroup.com\\\/pt-pt\\\/#organization\"},\"potentialAction\":[{\"@type\":\"SearchAction\",\"target\":{\"@type\":\"EntryPoint\",\"urlTemplate\":\"https:\\\/\\\/wedomgroup.com\\\/pt-pt\\\/?s={search_term_string}\"},\"query-input\":{\"@type\":\"PropertyValueSpecification\",\"valueRequired\":true,\"valueName\":\"search_term_string\"}}],\"inLanguage\":\"pt-PT\"},{\"@type\":\"Organization\",\"@id\":\"https:\\\/\\\/wedomgroup.com\\\/pt-pt\\\/#organization\",\"name\":\"Wedom\",\"url\":\"https:\\\/\\\/wedomgroup.com\\\/pt-pt\\\/\",\"logo\":{\"@type\":\"ImageObject\",\"inLanguage\":\"pt-PT\",\"@id\":\"https:\\\/\\\/wedomgroup.com\\\/pt-pt\\\/#\\\/schema\\\/logo\\\/image\\\/\",\"url\":\"https:\\\/\\\/wedomgroup.com\\\/wp-content\\\/uploads\\\/2023\\\/05\\\/wedom-logo.png\",\"contentUrl\":\"https:\\\/\\\/wedomgroup.com\\\/wp-content\\\/uploads\\\/2023\\\/05\\\/wedom-logo.png\",\"width\":121,\"height\":28,\"caption\":\"Wedom\"},\"image\":{\"@id\":\"https:\\\/\\\/wedomgroup.com\\\/pt-pt\\\/#\\\/schema\\\/logo\\\/image\\\/\"},\"sameAs\":[\"https:\\\/\\\/www.linkedin.com\\\/company\\\/wedom-group\\\/\"]}]}<\/script>\n<!-- \/ Yoast SEO plugin. -->","yoast_head_json":{"title":"Tapetes para sala, quarto e entrada | Dosantex","description":"Descobre a sele\u00e7\u00e3o de tapetes Dosantex: tapetes para sala, quarto e corredor. Qualidade e estilo para a tua casa.","robots":{"index":"index","follow":"follow","max-snippet":"max-snippet:-1","max-image-preview":"max-image-preview:large","max-video-preview":"max-video-preview:-1"},"canonical":"https:\/\/wedomgroup.com\/pt-pt\/dosantex\/tapetes\/","og_locale":"pt_PT","og_type":"article","og_title":"Tapetes para sala, quarto e entrada | Dosantex","og_description":"Descobre a sele\u00e7\u00e3o de tapetes Dosantex: tapetes para sala, quarto e corredor. Qualidade e estilo para a tua casa.","og_url":"https:\/\/wedomgroup.com\/pt-pt\/dosantex\/tapetes\/","og_site_name":"wedom","article_modified_time":"2026-02-03T10:51:01+00:00","og_image":[{"width":694,"height":774,"url":"https:\/\/wedomgroup.com\/wp-content\/uploads\/2026\/01\/alfombras.jpg","type":"image\/jpeg"}],"twitter_card":"summary_large_image","twitter_misc":{"Tempo estimado de leitura":"2 minutos"},"schema":{"@context":"https:\/\/schema.org","@graph":[{"@type":"WebPage","@id":"https:\/\/wedomgroup.com\/pt-pt\/dosantex\/tapetes\/","url":"https:\/\/wedomgroup.com\/pt-pt\/dosantex\/tapetes\/","name":"Tapetes para sala, quarto e entrada | Dosantex","isPartOf":{"@id":"https:\/\/wedomgroup.com\/pt-pt\/#website"},"primaryImageOfPage":{"@id":"https:\/\/wedomgroup.com\/pt-pt\/dosantex\/tapetes\/#primaryimage"},"image":{"@id":"https:\/\/wedomgroup.com\/pt-pt\/dosantex\/tapetes\/#primaryimage"},"thumbnailUrl":"https:\/\/wedomgroup.com\/wp-content\/uploads\/2026\/01\/alfombras.jpg","datePublished":"2026-01-23T15:13:50+00:00","dateModified":"2026-02-03T10:51:01+00:00","description":"Descobre a sele\u00e7\u00e3o de tapetes Dosantex: tapetes para sala, quarto e corredor. Qualidade e estilo para a tua casa.","breadcrumb":{"@id":"https:\/\/wedomgroup.com\/pt-pt\/dosantex\/tapetes\/#breadcrumb"},"inLanguage":"pt-PT","potentialAction":[{"@type":"ReadAction","target":["https:\/\/wedomgroup.com\/pt-pt\/dosantex\/tapetes\/"]}]},{"@type":"ImageObject","inLanguage":"pt-PT","@id":"https:\/\/wedomgroup.com\/pt-pt\/dosantex\/tapetes\/#primaryimage","url":"https:\/\/wedomgroup.com\/wp-content\/uploads\/2026\/01\/alfombras.jpg","contentUrl":"https:\/\/wedomgroup.com\/wp-content\/uploads\/2026\/01\/alfombras.jpg"},{"@type":"BreadcrumbList","@id":"https:\/\/wedomgroup.com\/pt-pt\/dosantex\/tapetes\/#breadcrumb","itemListElement":[{"@type":"ListItem","position":1,"name":"Inicio","item":"https:\/\/wedomgroup.com\/pt-pt\/"},{"@type":"ListItem","position":2,"name":"Dosantex","item":"https:\/\/wedomgroup.com\/pt-pt\/dosantex\/"},{"@type":"ListItem","position":3,"name":"Tapetes"}]},{"@type":"WebSite","@id":"https:\/\/wedomgroup.com\/pt-pt\/#website","url":"https:\/\/wedomgroup.com\/pt-pt\/","name":"Wedom","description":"Hacemos realidad tu idea de hogar","publisher":{"@id":"https:\/\/wedomgroup.com\/pt-pt\/#organization"},"potentialAction":[{"@type":"SearchAction","target":{"@type":"EntryPoint","urlTemplate":"https:\/\/wedomgroup.com\/pt-pt\/?s={search_term_string}"},"query-input":{"@type":"PropertyValueSpecification","valueRequired":true,"valueName":"search_term_string"}}],"inLanguage":"pt-PT"},{"@type":"Organization","@id":"https:\/\/wedomgroup.com\/pt-pt\/#organization","name":"Wedom","url":"https:\/\/wedomgroup.com\/pt-pt\/","logo":{"@type":"ImageObject","inLanguage":"pt-PT","@id":"https:\/\/wedomgroup.com\/pt-pt\/#\/schema\/logo\/image\/","url":"https:\/\/wedomgroup.com\/wp-content\/uploads\/2023\/05\/wedom-logo.png","contentUrl":"https:\/\/wedomgroup.com\/wp-content\/uploads\/2023\/05\/wedom-logo.png","width":121,"height":28,"caption":"Wedom"},"image":{"@id":"https:\/\/wedomgroup.com\/pt-pt\/#\/schema\/logo\/image\/"},"sameAs":["https:\/\/www.linkedin.com\/company\/wedom-group\/"]}]}},"_links":{"self":[{"href":"https:\/\/wedomgroup.com\/pt-pt\/wp-json\/wp\/v2\/pages\/5432","targetHints":{"allow":["GET"]}}],"collection":[{"href":"https:\/\/wedomgroup.com\/pt-pt\/wp-json\/wp\/v2\/pages"}],"about":[{"href":"https:\/\/wedomgroup.com\/pt-pt\/wp-json\/wp\/v2\/types\/page"}],"author":[{"embeddable":true,"href":"https:\/\/wedomgroup.com\/pt-pt\/wp-json\/wp\/v2\/users\/3"}],"replies":[{"embeddable":true,"href":"https:\/\/wedomgroup.com\/pt-pt\/wp-json\/wp\/v2\/comments?post=5432"}],"version-history":[{"count":1,"href":"https:\/\/wedomgroup.com\/pt-pt\/wp-json\/wp\/v2\/pages\/5432\/revisions"}],"predecessor-version":[{"id":5433,"href":"https:\/\/wedomgroup.com\/pt-pt\/wp-json\/wp\/v2\/pages\/5432\/revisions\/5433"}],"up":[{"embeddable":true,"href":"https:\/\/wedomgroup.com\/pt-pt\/wp-json\/wp\/v2\/pages\/5359"}],"wp:attachment":[{"href":"https:\/\/wedomgroup.com\/pt-pt\/wp-json\/wp\/v2\/media?parent=5432"}],"curies":[{"name":"wp","href":"https:\/\/api.w.org\/{rel}","templated":true}]}}