{"id":5434,"date":"2026-01-23T15:14:07","date_gmt":"2026-01-23T15:14:07","guid":{"rendered":"https:\/\/wedomgroup.com\/dosantex\/capachos\/"},"modified":"2026-02-03T10:51:01","modified_gmt":"2026-02-03T10:51:01","slug":"capachos","status":"publish","type":"page","link":"https:\/\/wedomgroup.com\/pt-pt\/dosantex\/capachos\/","title":{"rendered":"Capachos"},"content":{"rendered":"\t\t<div data-elementor-type=\"wp-page\" data-elementor-id=\"5434\" class=\"elementor elementor-5434 elementor-4567\" data-elementor-post-type=\"page\">\n\t\t\t\t<div class=\"elementor-element elementor-element-6a4350ae e-flex e-con-boxed e-con e-parent\" data-id=\"6a4350ae\" data-element_type=\"container\" data-e-type=\"container\">\n\t\t\t\t\t<div class=\"e-con-inner\">\n\t\t<div class=\"elementor-element elementor-element-6a8c3cc6 e-con-full e-flex e-con e-child\" data-id=\"6a8c3cc6\" data-element_type=\"container\" data-e-type=\"container\">\n\t\t\t\t<div class=\"elementor-element elementor-element-2e6d300e elementor-widget elementor-widget-breadcrumbs\" data-id=\"2e6d300e\" data-element_type=\"widget\" data-e-type=\"widget\" data-widget_type=\"breadcrumbs.default\">\n\t\t\t\t\t<p id=\"breadcrumbs\"><span><span><a href=\"https:\/\/wedomgroup.com\/pt-pt\/\">Inicio<\/a><\/span><\/span><\/p>\t\t\t\t<\/div>\n\t\t\t\t<div class=\"elementor-element elementor-element-5e79f20d elementor-widget elementor-widget-heading\" data-id=\"5e79f20d\" data-element_type=\"widget\" data-e-type=\"widget\" data-widget_type=\"heading.default\">\n\t\t\t\t\t<h1 class=\"elementor-heading-title elementor-size-default\">Capachos Dosantex para a entrada da tua resid\u00eancia<\/h1>\t\t\t\t<\/div>\n\t\t\t\t<div class=\"elementor-element elementor-element-6656fe27 elementor-widget elementor-widget-text-editor\" data-id=\"6656fe27\" data-element_type=\"widget\" data-e-type=\"widget\" data-widget_type=\"text-editor.default\">\n\t\t\t\t\t\t\t\t\t<p>Os <strong>capachos Dosantex<\/strong> s\u00e3o a solu\u00e7\u00e3o perfeita para manter a entrada da tua casa limpa e bem cuidada desde o primeiro passo. Concebidos para serem colocados na porta de casa, combinam funcionalidade e design, ajudando a reter a sujidade e a humidade, ao mesmo tempo que conferem um toque decorativo \u00e0 entrada.<\/p>\n<p>S\u00e3o ideais tanto para resid\u00eancias particulares como para portais e acessos de uso frequente, oferecendo uma solu\u00e7\u00e3o pr\u00e1tica e duradoura.<\/p>\n\t\t\t\t\t\t\t\t<\/div>\n\t\t\t\t<\/div>\n\t\t<div class=\"elementor-element elementor-element-18164382 e-con-full e-flex e-con e-child\" data-id=\"18164382\" data-element_type=\"container\" data-e-type=\"container\">\n\t\t\t\t<div class=\"elementor-element elementor-element-45dfee16 elementor-widget elementor-widget-image\" data-id=\"45dfee16\" data-element_type=\"widget\" data-e-type=\"widget\" data-widget_type=\"image.default\">\n\t\t\t\t\t\t\t\t\t\t\t\t<figure class=\"wp-caption\">\n\t\t\t\t\t\t\t\t\t\t<img fetchpriority=\"high\" decoding=\"async\" width=\"800\" height=\"879\" src=\"https:\/\/wedomgroup.com\/wp-content\/uploads\/2026\/01\/felpudos-1.jpg\" class=\"attachment-large size-large wp-image-5185\" alt=\"Felpudos Dosantex\" srcset=\"https:\/\/wedomgroup.com\/wp-content\/uploads\/2026\/01\/felpudos-1.jpg 853w, https:\/\/wedomgroup.com\/wp-content\/uploads\/2026\/01\/felpudos-1-273x300.jpg 273w, https:\/\/wedomgroup.com\/wp-content\/uploads\/2026\/01\/felpudos-1-768x844.jpg 768w\" sizes=\"(max-width: 800px) 100vw, 800px\" \/>\t\t\t\t\t\t\t\t\t\t\t<figcaption class=\"widget-image-caption wp-caption-text\"><\/figcaption>\n\t\t\t\t\t\t\t\t\t\t<\/figure>\n\t\t\t\t\t\t\t\t\t<\/div>\n\t\t\t\t<\/div>\n\t\t\t\t\t<\/div>\n\t\t\t\t<\/div>\n\t\t<div class=\"elementor-element elementor-element-532ee394 e-flex e-con-boxed e-con e-parent\" data-id=\"532ee394\" data-element_type=\"container\" data-e-type=\"container\" data-settings=\"{&quot;background_background&quot;:&quot;classic&quot;}\">\n\t\t\t\t\t<div class=\"e-con-inner\">\n\t\t<div class=\"elementor-element elementor-element-486cc83a e-con-full e-flex e-con e-child\" data-id=\"486cc83a\" data-element_type=\"container\" data-e-type=\"container\">\n\t\t\t\t<div class=\"elementor-element elementor-element-2e69bb05 elementor-widget elementor-widget-heading\" data-id=\"2e69bb05\" data-element_type=\"widget\" data-e-type=\"widget\" data-widget_type=\"heading.default\">\n\t\t\t\t\t<h2 class=\"elementor-heading-title elementor-size-default\">Capachos para interior e exterior<\/h2>\t\t\t\t<\/div>\n\t\t\t\t<div class=\"elementor-element elementor-element-2d33b93 elementor-widget elementor-widget-text-editor\" data-id=\"2d33b93\" data-element_type=\"widget\" data-e-type=\"widget\" data-widget_type=\"text-editor.default\">\n\t\t\t\t\t\t\t\t\t<p>Na Dosantex, encontras uma sele\u00e7\u00e3o de<strong> capachos para interior e exterior<\/strong> concebidos para se adaptarem a diferentes espa\u00e7os e necessidades. Desde capachos de entrada exteriores resistentes \u00e0 chuva at\u00e9 capachos interiores mais decorativos, todos s\u00e3o concebidos para oferecer durabilidade, f\u00e1cil manuten\u00e7\u00e3o e uma limpeza adequada do cal\u00e7ado.<\/p>\n\t\t\t\t\t\t\t\t<\/div>\n\t\t\t\t<\/div>\n\t\t<div class=\"elementor-element elementor-element-34afe273 e-grid e-con-full e-con e-child\" data-id=\"34afe273\" data-element_type=\"container\" data-e-type=\"container\">\n\t\t<div class=\"elementor-element elementor-element-dbc151f e-con-full e-flex e-con e-child\" data-id=\"dbc151f\" data-element_type=\"container\" data-e-type=\"container\" data-settings=\"{&quot;background_background&quot;:&quot;classic&quot;}\">\n\t\t\t\t<div class=\"elementor-element elementor-element-6ec4d0b5 elementor-widget elementor-widget-image\" data-id=\"6ec4d0b5\" data-element_type=\"widget\" data-e-type=\"widget\" data-widget_type=\"image.default\">\n\t\t\t\t\t\t\t\t\t\t\t\t<figure class=\"wp-caption\">\n\t\t\t\t\t\t\t\t\t\t<img decoding=\"async\" width=\"800\" height=\"533\" src=\"https:\/\/wedomgroup.com\/wp-content\/uploads\/2026\/01\/felpudo-entrada.jpg\" class=\"attachment-large size-large wp-image-5181\" alt=\"Felpudos de entrada para casa y portales\" srcset=\"https:\/\/wedomgroup.com\/wp-content\/uploads\/2026\/01\/felpudo-entrada.jpg 800w, https:\/\/wedomgroup.com\/wp-content\/uploads\/2026\/01\/felpudo-entrada-300x200.jpg 300w, https:\/\/wedomgroup.com\/wp-content\/uploads\/2026\/01\/felpudo-entrada-768x512.jpg 768w\" sizes=\"(max-width: 800px) 100vw, 800px\" \/>\t\t\t\t\t\t\t\t\t\t\t<figcaption class=\"widget-image-caption wp-caption-text\"><\/figcaption>\n\t\t\t\t\t\t\t\t\t\t<\/figure>\n\t\t\t\t\t\t\t\t\t<\/div>\n\t\t\t\t<div class=\"elementor-element elementor-element-6826c2c9 elementor-widget elementor-widget-heading\" data-id=\"6826c2c9\" data-element_type=\"widget\" data-e-type=\"widget\" data-widget_type=\"heading.default\">\n\t\t\t\t\t<h3 class=\"elementor-heading-title elementor-size-default\">Capachos de entrada para resid\u00eancias e portais<\/h3>\t\t\t\t<\/div>\n\t\t\t\t<div class=\"elementor-element elementor-element-60e8abc8 elementor-widget elementor-widget-text-editor\" data-id=\"60e8abc8\" data-element_type=\"widget\" data-e-type=\"widget\" data-widget_type=\"text-editor.default\">\n\t\t\t\t\t\t\t\t\t<p>Os <strong>capachos de entrada<\/strong> s\u00e3o ideais para colocar na porta de casa, patamares ou portais. Ajudam a proteger o interior da casa contra poeira e sujeira, sendo uma solu\u00e7\u00e3o pr\u00e1tica tanto para resid\u00eancias particulares quanto para condom\u00ednios. Dispon\u00edveis em diferentes tamanhos para se adaptarem a cada espa\u00e7o.<\/p>\n\t\t\t\t\t\t\t\t<\/div>\n\t\t\t\t<\/div>\n\t\t<div class=\"elementor-element elementor-element-2809441a e-con-full e-flex e-con e-child\" data-id=\"2809441a\" data-element_type=\"container\" data-e-type=\"container\" data-settings=\"{&quot;background_background&quot;:&quot;classic&quot;}\">\n\t\t\t\t<div class=\"elementor-element elementor-element-ea511c5 elementor-widget elementor-widget-image\" data-id=\"ea511c5\" data-element_type=\"widget\" data-e-type=\"widget\" data-widget_type=\"image.default\">\n\t\t\t\t\t\t\t\t\t\t\t\t<figure class=\"wp-caption\">\n\t\t\t\t\t\t\t\t\t\t<img decoding=\"async\" width=\"800\" height=\"533\" src=\"https:\/\/wedomgroup.com\/wp-content\/uploads\/2026\/01\/felpudo-goma.jpg\" class=\"attachment-large size-large wp-image-5177\" alt=\"Felpudos de goma resistentes y funcionales\" srcset=\"https:\/\/wedomgroup.com\/wp-content\/uploads\/2026\/01\/felpudo-goma.jpg 800w, https:\/\/wedomgroup.com\/wp-content\/uploads\/2026\/01\/felpudo-goma-300x200.jpg 300w, https:\/\/wedomgroup.com\/wp-content\/uploads\/2026\/01\/felpudo-goma-768x512.jpg 768w\" sizes=\"(max-width: 800px) 100vw, 800px\" \/>\t\t\t\t\t\t\t\t\t\t\t<figcaption class=\"widget-image-caption wp-caption-text\"><\/figcaption>\n\t\t\t\t\t\t\t\t\t\t<\/figure>\n\t\t\t\t\t\t\t\t\t<\/div>\n\t\t\t\t<div class=\"elementor-element elementor-element-63bae79a elementor-widget elementor-widget-heading\" data-id=\"63bae79a\" data-element_type=\"widget\" data-e-type=\"widget\" data-widget_type=\"heading.default\">\n\t\t\t\t\t<h3 class=\"elementor-heading-title elementor-size-default\">Capachos de borracha resistentes e funcionais<\/h3>\t\t\t\t<\/div>\n\t\t\t\t<div class=\"elementor-element elementor-element-23fd571 elementor-widget elementor-widget-text-editor\" data-id=\"23fd571\" data-element_type=\"widget\" data-e-type=\"widget\" data-widget_type=\"text-editor.default\">\n\t\t\t\t\t\t\t\t\t<p>Os capachos de borracha destacam-se pela sua resist\u00eancia e durabilidade, sendo especialmente recomendados como capachos para exteriores. S\u00e3o ideais para \u00e1reas expostas \u00e0 humidade ou \u00e0 chuva, pois facilitam a drenagem da \u00e1gua e a limpeza do cal\u00e7ado. Os capachos de borracha para exterior s\u00e3o uma op\u00e7\u00e3o funcional, resistente e f\u00e1cil de limpar.<\/p>\n\t\t\t\t\t\t\t\t<\/div>\n\t\t\t\t<\/div>\n\t\t<div class=\"elementor-element elementor-element-27dd341 e-con-full e-flex e-con e-child\" data-id=\"27dd341\" data-element_type=\"container\" data-e-type=\"container\" data-settings=\"{&quot;background_background&quot;:&quot;classic&quot;}\">\n\t\t\t\t<div class=\"elementor-element elementor-element-596e26e5 elementor-widget elementor-widget-image\" data-id=\"596e26e5\" data-element_type=\"widget\" data-e-type=\"widget\" data-widget_type=\"image.default\">\n\t\t\t\t\t\t\t\t\t\t\t\t<figure class=\"wp-caption\">\n\t\t\t\t\t\t\t\t\t\t<img loading=\"lazy\" decoding=\"async\" width=\"800\" height=\"533\" src=\"https:\/\/wedomgroup.com\/wp-content\/uploads\/2026\/01\/felpudo-decorativo.jpg\" class=\"attachment-large size-large wp-image-5173\" alt=\"Felpudos decorativos y de dise\u00f1o\" srcset=\"https:\/\/wedomgroup.com\/wp-content\/uploads\/2026\/01\/felpudo-decorativo.jpg 800w, https:\/\/wedomgroup.com\/wp-content\/uploads\/2026\/01\/felpudo-decorativo-300x200.jpg 300w, https:\/\/wedomgroup.com\/wp-content\/uploads\/2026\/01\/felpudo-decorativo-768x512.jpg 768w\" sizes=\"(max-width: 800px) 100vw, 800px\" \/>\t\t\t\t\t\t\t\t\t\t\t<figcaption class=\"widget-image-caption wp-caption-text\"><\/figcaption>\n\t\t\t\t\t\t\t\t\t\t<\/figure>\n\t\t\t\t\t\t\t\t\t<\/div>\n\t\t\t\t<div class=\"elementor-element elementor-element-32f61059 elementor-widget elementor-widget-heading\" data-id=\"32f61059\" data-element_type=\"widget\" data-e-type=\"widget\" data-widget_type=\"heading.default\">\n\t\t\t\t\t<h3 class=\"elementor-heading-title elementor-size-default\">Capachos decorativos e de design<\/h3>\t\t\t\t<\/div>\n\t\t\t\t<div class=\"elementor-element elementor-element-75a94c41 elementor-widget elementor-widget-text-editor\" data-id=\"75a94c41\" data-element_type=\"widget\" data-e-type=\"widget\" data-widget_type=\"text-editor.default\">\n\t\t\t\t\t\t\t\t\t<p>Al\u00e9m de funcionais, os <strong>capachos<\/strong> tamb\u00e9m podem ser <strong>decorativos<\/strong>. Os capachos de design s\u00e3o capachos elegantes que conferem personalidade \u00e0 entrada da casa, combinando cores, formas e estilos atuais. Uma maneira simples de cuidar dos pisos sem abrir m\u00e3o de uma entrada acolhedora e elegante.<\/p>\n\t\t\t\t\t\t\t\t<\/div>\n\t\t\t\t<\/div>\n\t\t\t\t<\/div>\n\t\t\t\t\t<\/div>\n\t\t\t\t<\/div>\n\t\t\t\t<\/div>\n\t\t","protected":false},"excerpt":{"rendered":"<p>Capachos Dosantex para a entrada da tua resid\u00eancia Os capachos Dosantex s\u00e3o a solu\u00e7\u00e3o perfeita para manter a entrada da tua casa limpa e bem cuidada desde o primeiro passo. Concebidos para serem colocados na porta de casa, combinam funcionalidade e design, ajudando a reter a sujidade e a humidade, ao mesmo tempo que conferem [&hellip;]<\/p>\n","protected":false},"author":3,"featured_media":0,"parent":5359,"menu_order":0,"comment_status":"closed","ping_status":"closed","template":"","meta":{"_acf_changed":false,"footnotes":""},"class_list":["post-5434","page","type-page","status-publish","hentry"],"acf":[],"yoast_head":"<!-- This site is optimized with the Yoast SEO plugin v27.5 - https:\/\/yoast.com\/product\/yoast-seo-wordpress\/ -->\n<title>Capachos para entradas e exteriores | Dosantex<\/title>\n<meta name=\"description\" content=\"Descobre todos os capachos Dosantex para interior e exterior. Capachos de entrada, de borracha e de design para proteger e decorar a tua casa.\" \/>\n<meta name=\"robots\" content=\"index, follow, max-snippet:-1, max-image-preview:large, max-video-preview:-1\" \/>\n<link rel=\"canonical\" href=\"https:\/\/wedomgroup.com\/pt-pt\/dosantex\/capachos\/\" \/>\n<meta property=\"og:locale\" content=\"pt_PT\" \/>\n<meta property=\"og:type\" content=\"article\" \/>\n<meta property=\"og:title\" content=\"Capachos para entradas e exteriores | Dosantex\" \/>\n<meta property=\"og:description\" content=\"Descobre todos os capachos Dosantex para interior e exterior. Capachos de entrada, de borracha e de design para proteger e decorar a tua casa.\" \/>\n<meta property=\"og:url\" content=\"https:\/\/wedomgroup.com\/pt-pt\/dosantex\/capachos\/\" \/>\n<meta property=\"og:site_name\" content=\"wedom\" \/>\n<meta property=\"article:modified_time\" content=\"2026-02-03T10:51:01+00:00\" \/>\n<meta property=\"og:image\" content=\"https:\/\/wedomgroup.com\/wp-content\/uploads\/2026\/01\/felpudos-1.jpg\" \/>\n\t<meta property=\"og:image:width\" content=\"853\" \/>\n\t<meta property=\"og:image:height\" content=\"937\" \/>\n\t<meta property=\"og:image:type\" content=\"image\/jpeg\" \/>\n<meta name=\"twitter:card\" content=\"summary_large_image\" \/>\n<meta name=\"twitter:label1\" content=\"Tempo estimado de leitura\" \/>\n\t<meta name=\"twitter:data1\" content=\"2 minutos\" \/>\n<script type=\"application\/ld+json\" class=\"yoast-schema-graph\">{\"@context\":\"https:\\\/\\\/schema.org\",\"@graph\":[{\"@type\":\"WebPage\",\"@id\":\"https:\\\/\\\/wedomgroup.com\\\/pt-pt\\\/dosantex\\\/capachos\\\/\",\"url\":\"https:\\\/\\\/wedomgroup.com\\\/pt-pt\\\/dosantex\\\/capachos\\\/\",\"name\":\"Capachos para entradas e exteriores | Dosantex\",\"isPartOf\":{\"@id\":\"https:\\\/\\\/wedomgroup.com\\\/pt-pt\\\/#website\"},\"primaryImageOfPage\":{\"@id\":\"https:\\\/\\\/wedomgroup.com\\\/pt-pt\\\/dosantex\\\/capachos\\\/#primaryimage\"},\"image\":{\"@id\":\"https:\\\/\\\/wedomgroup.com\\\/pt-pt\\\/dosantex\\\/capachos\\\/#primaryimage\"},\"thumbnailUrl\":\"https:\\\/\\\/wedomgroup.com\\\/wp-content\\\/uploads\\\/2026\\\/01\\\/felpudos-1.jpg\",\"datePublished\":\"2026-01-23T15:14:07+00:00\",\"dateModified\":\"2026-02-03T10:51:01+00:00\",\"description\":\"Descobre todos os capachos Dosantex para interior e exterior. Capachos de entrada, de borracha e de design para proteger e decorar a tua casa.\",\"breadcrumb\":{\"@id\":\"https:\\\/\\\/wedomgroup.com\\\/pt-pt\\\/dosantex\\\/capachos\\\/#breadcrumb\"},\"inLanguage\":\"pt-PT\",\"potentialAction\":[{\"@type\":\"ReadAction\",\"target\":[\"https:\\\/\\\/wedomgroup.com\\\/pt-pt\\\/dosantex\\\/capachos\\\/\"]}]},{\"@type\":\"ImageObject\",\"inLanguage\":\"pt-PT\",\"@id\":\"https:\\\/\\\/wedomgroup.com\\\/pt-pt\\\/dosantex\\\/capachos\\\/#primaryimage\",\"url\":\"https:\\\/\\\/wedomgroup.com\\\/wp-content\\\/uploads\\\/2026\\\/01\\\/felpudos-1.jpg\",\"contentUrl\":\"https:\\\/\\\/wedomgroup.com\\\/wp-content\\\/uploads\\\/2026\\\/01\\\/felpudos-1.jpg\"},{\"@type\":\"BreadcrumbList\",\"@id\":\"https:\\\/\\\/wedomgroup.com\\\/pt-pt\\\/dosantex\\\/capachos\\\/#breadcrumb\",\"itemListElement\":[{\"@type\":\"ListItem\",\"position\":1,\"name\":\"Inicio\",\"item\":\"https:\\\/\\\/wedomgroup.com\\\/pt-pt\\\/\"},{\"@type\":\"ListItem\",\"position\":2,\"name\":\"Dosantex\",\"item\":\"https:\\\/\\\/wedomgroup.com\\\/pt-pt\\\/dosantex\\\/\"},{\"@type\":\"ListItem\",\"position\":3,\"name\":\"Capachos\"}]},{\"@type\":\"WebSite\",\"@id\":\"https:\\\/\\\/wedomgroup.com\\\/pt-pt\\\/#website\",\"url\":\"https:\\\/\\\/wedomgroup.com\\\/pt-pt\\\/\",\"name\":\"Wedom\",\"description\":\"Hacemos realidad tu idea de hogar\",\"publisher\":{\"@id\":\"https:\\\/\\\/wedomgroup.com\\\/pt-pt\\\/#organization\"},\"potentialAction\":[{\"@type\":\"SearchAction\",\"target\":{\"@type\":\"EntryPoint\",\"urlTemplate\":\"https:\\\/\\\/wedomgroup.com\\\/pt-pt\\\/?s={search_term_string}\"},\"query-input\":{\"@type\":\"PropertyValueSpecification\",\"valueRequired\":true,\"valueName\":\"search_term_string\"}}],\"inLanguage\":\"pt-PT\"},{\"@type\":\"Organization\",\"@id\":\"https:\\\/\\\/wedomgroup.com\\\/pt-pt\\\/#organization\",\"name\":\"Wedom\",\"url\":\"https:\\\/\\\/wedomgroup.com\\\/pt-pt\\\/\",\"logo\":{\"@type\":\"ImageObject\",\"inLanguage\":\"pt-PT\",\"@id\":\"https:\\\/\\\/wedomgroup.com\\\/pt-pt\\\/#\\\/schema\\\/logo\\\/image\\\/\",\"url\":\"https:\\\/\\\/wedomgroup.com\\\/wp-content\\\/uploads\\\/2023\\\/05\\\/wedom-logo.png\",\"contentUrl\":\"https:\\\/\\\/wedomgroup.com\\\/wp-content\\\/uploads\\\/2023\\\/05\\\/wedom-logo.png\",\"width\":121,\"height\":28,\"caption\":\"Wedom\"},\"image\":{\"@id\":\"https:\\\/\\\/wedomgroup.com\\\/pt-pt\\\/#\\\/schema\\\/logo\\\/image\\\/\"},\"sameAs\":[\"https:\\\/\\\/www.linkedin.com\\\/company\\\/wedom-group\\\/\"]}]}<\/script>\n<!-- \/ Yoast SEO plugin. -->","yoast_head_json":{"title":"Capachos para entradas e exteriores | Dosantex","description":"Descobre todos os capachos Dosantex para interior e exterior. Capachos de entrada, de borracha e de design para proteger e decorar a tua casa.","robots":{"index":"index","follow":"follow","max-snippet":"max-snippet:-1","max-image-preview":"max-image-preview:large","max-video-preview":"max-video-preview:-1"},"canonical":"https:\/\/wedomgroup.com\/pt-pt\/dosantex\/capachos\/","og_locale":"pt_PT","og_type":"article","og_title":"Capachos para entradas e exteriores | Dosantex","og_description":"Descobre todos os capachos Dosantex para interior e exterior. Capachos de entrada, de borracha e de design para proteger e decorar a tua casa.","og_url":"https:\/\/wedomgroup.com\/pt-pt\/dosantex\/capachos\/","og_site_name":"wedom","article_modified_time":"2026-02-03T10:51:01+00:00","og_image":[{"width":853,"height":937,"url":"https:\/\/wedomgroup.com\/wp-content\/uploads\/2026\/01\/felpudos-1.jpg","type":"image\/jpeg"}],"twitter_card":"summary_large_image","twitter_misc":{"Tempo estimado de leitura":"2 minutos"},"schema":{"@context":"https:\/\/schema.org","@graph":[{"@type":"WebPage","@id":"https:\/\/wedomgroup.com\/pt-pt\/dosantex\/capachos\/","url":"https:\/\/wedomgroup.com\/pt-pt\/dosantex\/capachos\/","name":"Capachos para entradas e exteriores | Dosantex","isPartOf":{"@id":"https:\/\/wedomgroup.com\/pt-pt\/#website"},"primaryImageOfPage":{"@id":"https:\/\/wedomgroup.com\/pt-pt\/dosantex\/capachos\/#primaryimage"},"image":{"@id":"https:\/\/wedomgroup.com\/pt-pt\/dosantex\/capachos\/#primaryimage"},"thumbnailUrl":"https:\/\/wedomgroup.com\/wp-content\/uploads\/2026\/01\/felpudos-1.jpg","datePublished":"2026-01-23T15:14:07+00:00","dateModified":"2026-02-03T10:51:01+00:00","description":"Descobre todos os capachos Dosantex para interior e exterior. Capachos de entrada, de borracha e de design para proteger e decorar a tua casa.","breadcrumb":{"@id":"https:\/\/wedomgroup.com\/pt-pt\/dosantex\/capachos\/#breadcrumb"},"inLanguage":"pt-PT","potentialAction":[{"@type":"ReadAction","target":["https:\/\/wedomgroup.com\/pt-pt\/dosantex\/capachos\/"]}]},{"@type":"ImageObject","inLanguage":"pt-PT","@id":"https:\/\/wedomgroup.com\/pt-pt\/dosantex\/capachos\/#primaryimage","url":"https:\/\/wedomgroup.com\/wp-content\/uploads\/2026\/01\/felpudos-1.jpg","contentUrl":"https:\/\/wedomgroup.com\/wp-content\/uploads\/2026\/01\/felpudos-1.jpg"},{"@type":"BreadcrumbList","@id":"https:\/\/wedomgroup.com\/pt-pt\/dosantex\/capachos\/#breadcrumb","itemListElement":[{"@type":"ListItem","position":1,"name":"Inicio","item":"https:\/\/wedomgroup.com\/pt-pt\/"},{"@type":"ListItem","position":2,"name":"Dosantex","item":"https:\/\/wedomgroup.com\/pt-pt\/dosantex\/"},{"@type":"ListItem","position":3,"name":"Capachos"}]},{"@type":"WebSite","@id":"https:\/\/wedomgroup.com\/pt-pt\/#website","url":"https:\/\/wedomgroup.com\/pt-pt\/","name":"Wedom","description":"Hacemos realidad tu idea de hogar","publisher":{"@id":"https:\/\/wedomgroup.com\/pt-pt\/#organization"},"potentialAction":[{"@type":"SearchAction","target":{"@type":"EntryPoint","urlTemplate":"https:\/\/wedomgroup.com\/pt-pt\/?s={search_term_string}"},"query-input":{"@type":"PropertyValueSpecification","valueRequired":true,"valueName":"search_term_string"}}],"inLanguage":"pt-PT"},{"@type":"Organization","@id":"https:\/\/wedomgroup.com\/pt-pt\/#organization","name":"Wedom","url":"https:\/\/wedomgroup.com\/pt-pt\/","logo":{"@type":"ImageObject","inLanguage":"pt-PT","@id":"https:\/\/wedomgroup.com\/pt-pt\/#\/schema\/logo\/image\/","url":"https:\/\/wedomgroup.com\/wp-content\/uploads\/2023\/05\/wedom-logo.png","contentUrl":"https:\/\/wedomgroup.com\/wp-content\/uploads\/2023\/05\/wedom-logo.png","width":121,"height":28,"caption":"Wedom"},"image":{"@id":"https:\/\/wedomgroup.com\/pt-pt\/#\/schema\/logo\/image\/"},"sameAs":["https:\/\/www.linkedin.com\/company\/wedom-group\/"]}]}},"_links":{"self":[{"href":"https:\/\/wedomgroup.com\/pt-pt\/wp-json\/wp\/v2\/pages\/5434","targetHints":{"allow":["GET"]}}],"collection":[{"href":"https:\/\/wedomgroup.com\/pt-pt\/wp-json\/wp\/v2\/pages"}],"about":[{"href":"https:\/\/wedomgroup.com\/pt-pt\/wp-json\/wp\/v2\/types\/page"}],"author":[{"embeddable":true,"href":"https:\/\/wedomgroup.com\/pt-pt\/wp-json\/wp\/v2\/users\/3"}],"replies":[{"embeddable":true,"href":"https:\/\/wedomgroup.com\/pt-pt\/wp-json\/wp\/v2\/comments?post=5434"}],"version-history":[{"count":1,"href":"https:\/\/wedomgroup.com\/pt-pt\/wp-json\/wp\/v2\/pages\/5434\/revisions"}],"predecessor-version":[{"id":5435,"href":"https:\/\/wedomgroup.com\/pt-pt\/wp-json\/wp\/v2\/pages\/5434\/revisions\/5435"}],"up":[{"embeddable":true,"href":"https:\/\/wedomgroup.com\/pt-pt\/wp-json\/wp\/v2\/pages\/5359"}],"wp:attachment":[{"href":"https:\/\/wedomgroup.com\/pt-pt\/wp-json\/wp\/v2\/media?parent=5434"}],"curies":[{"name":"wp","href":"https:\/\/api.w.org\/{rel}","templated":true}]}}