{"id":5436,"date":"2026-01-25T10:35:42","date_gmt":"2026-01-25T10:35:42","guid":{"rendered":"https:\/\/wedomgroup.com\/dosantex-garden\/malhas-de-ocultacao\/"},"modified":"2026-02-16T08:36:22","modified_gmt":"2026-02-16T08:36:22","slug":"malhas-de-ocultacao","status":"publish","type":"page","link":"https:\/\/wedomgroup.com\/pt-pt\/dosantex-garden\/malhas-de-ocultacao\/","title":{"rendered":"Malhas de oculta\u00e7\u00e3o"},"content":{"rendered":"\t\t<div data-elementor-type=\"wp-page\" data-elementor-id=\"5436\" class=\"elementor elementor-5436 elementor-4809\" data-elementor-post-type=\"page\">\n\t\t\t\t<div class=\"elementor-element elementor-element-7302489a e-flex e-con-boxed e-con e-parent\" data-id=\"7302489a\" data-element_type=\"container\" data-e-type=\"container\">\n\t\t\t\t\t<div class=\"e-con-inner\">\n\t\t<div class=\"elementor-element elementor-element-2c023cb1 e-con-full e-flex e-con e-child\" data-id=\"2c023cb1\" data-element_type=\"container\" data-e-type=\"container\">\n\t\t\t\t<div class=\"elementor-element elementor-element-4752ae70 elementor-widget elementor-widget-breadcrumbs\" data-id=\"4752ae70\" data-element_type=\"widget\" data-e-type=\"widget\" data-widget_type=\"breadcrumbs.default\">\n\t\t\t\t\t<p id=\"breadcrumbs\"><span><span><a href=\"https:\/\/wedomgroup.com\/pt-pt\/\">Inicio<\/a><\/span><\/span><\/p>\t\t\t\t<\/div>\n\t\t\t\t<div class=\"elementor-element elementor-element-50d3c20 elementor-widget elementor-widget-heading\" data-id=\"50d3c20\" data-element_type=\"widget\" data-e-type=\"widget\" data-widget_type=\"heading.default\">\n\t\t\t\t\t<h1 class=\"elementor-heading-title elementor-size-default\">Redes de oculta\u00e7\u00e3o e met\u00e1licas Dosantex Garden para o teu jardim<\/h1>\t\t\t\t<\/div>\n\t\t\t\t<div class=\"elementor-element elementor-element-3bfda16a elementor-widget elementor-widget-text-editor\" data-id=\"3bfda16a\" data-element_type=\"widget\" data-e-type=\"widget\" data-widget_type=\"text-editor.default\">\n\t\t\t\t\t\t\t\t\t<p>As <strong>telas de oculta\u00e7\u00e3o Dosantex Garden<\/strong> s\u00e3o uma solu\u00e7\u00e3o pr\u00e1tica e eficaz para proteger, delimitar e melhorar a privacidade de qualquer espa\u00e7o exterior. A nossa gama inclui redes para jardim resistentes e f\u00e1ceis de instalar, concebidas para se adaptarem a diferentes utiliza\u00e7\u00f5es e necessidades, tanto em jardins privados como em \u00e1reas exteriores de maiores dimens\u00f5es.<\/p>\n\t\t\t\t\t\t\t\t<\/div>\n\t\t\t\t<\/div>\n\t\t<div class=\"elementor-element elementor-element-4fb10a19 e-con-full e-flex e-con e-child\" data-id=\"4fb10a19\" data-element_type=\"container\" data-e-type=\"container\">\n\t\t\t\t<div class=\"elementor-element elementor-element-803073 elementor-widget elementor-widget-image\" data-id=\"803073\" data-element_type=\"widget\" data-e-type=\"widget\" data-widget_type=\"image.default\">\n\t\t\t\t\t\t\t\t\t\t\t\t<figure class=\"wp-caption\">\n\t\t\t\t\t\t\t\t\t\t<img fetchpriority=\"high\" decoding=\"async\" width=\"800\" height=\"960\" src=\"https:\/\/wedomgroup.com\/wp-content\/uploads\/2026\/01\/mallas-de-ocultacion-1-853x1024.jpg\" class=\"attachment-large size-large wp-image-4890\" alt=\"Mallas de ocultaci\u00f3n\" srcset=\"https:\/\/wedomgroup.com\/wp-content\/uploads\/2026\/01\/mallas-de-ocultacion-1-853x1024.jpg 853w, https:\/\/wedomgroup.com\/wp-content\/uploads\/2026\/01\/mallas-de-ocultacion-1-250x300.jpg 250w, https:\/\/wedomgroup.com\/wp-content\/uploads\/2026\/01\/mallas-de-ocultacion-1-768x922.jpg 768w, https:\/\/wedomgroup.com\/wp-content\/uploads\/2026\/01\/mallas-de-ocultacion-1.jpg 1000w\" sizes=\"(max-width: 800px) 100vw, 800px\" \/>\t\t\t\t\t\t\t\t\t\t\t<figcaption class=\"widget-image-caption wp-caption-text\"><\/figcaption>\n\t\t\t\t\t\t\t\t\t\t<\/figure>\n\t\t\t\t\t\t\t\t\t<\/div>\n\t\t\t\t<\/div>\n\t\t\t\t\t<\/div>\n\t\t\t\t<\/div>\n\t\t<div class=\"elementor-element elementor-element-54f5c470 e-flex e-con-boxed e-con e-parent\" data-id=\"54f5c470\" data-element_type=\"container\" data-e-type=\"container\" data-settings=\"{&quot;background_background&quot;:&quot;classic&quot;}\">\n\t\t\t\t\t<div class=\"e-con-inner\">\n\t\t<div class=\"elementor-element elementor-element-36cfbe74 e-con-full e-flex e-con e-child\" data-id=\"36cfbe74\" data-element_type=\"container\" data-e-type=\"container\">\n\t\t\t\t<div class=\"elementor-element elementor-element-3af19517 elementor-widget elementor-widget-heading\" data-id=\"3af19517\" data-element_type=\"widget\" data-e-type=\"widget\" data-widget_type=\"heading.default\">\n\t\t\t\t\t<h2 class=\"elementor-heading-title elementor-size-default\">Protege e delimita o teu jardim com redes de qualidade<\/h2>\t\t\t\t<\/div>\n\t\t\t\t<div class=\"elementor-element elementor-element-1538e2a2 elementor-widget elementor-widget-text-editor\" data-id=\"1538e2a2\" data-element_type=\"widget\" data-e-type=\"widget\" data-widget_type=\"text-editor.default\">\n\t\t\t\t\t\t\t\t\t<p>Na Dosantex Garden, oferecemos <strong>telas de oculta\u00e7\u00e3o e telas met\u00e1licas<\/strong> concebidas para garantir durabilidade, funcionalidade e uma integra\u00e7\u00e3o adequada no ambiente. Estas solu\u00e7\u00f5es permitem criar privacidade no jardim, delimitar espa\u00e7os e refor\u00e7ar cercas de forma simples, proporcionando ordem e prote\u00e7\u00e3o sem comprometer um acabamento est\u00e9tico e cuidado.<\/p>\n\t\t\t\t\t\t\t\t<\/div>\n\t\t\t\t<\/div>\n\t\t<div class=\"elementor-element elementor-element-3ce2bd26 e-grid e-con-full e-con e-child\" data-id=\"3ce2bd26\" data-element_type=\"container\" data-e-type=\"container\">\n\t\t<div class=\"elementor-element elementor-element-6755288e e-con-full e-flex e-con e-child\" data-id=\"6755288e\" data-element_type=\"container\" data-e-type=\"container\" data-settings=\"{&quot;background_background&quot;:&quot;classic&quot;}\">\n\t\t\t\t<div class=\"elementor-element elementor-element-7d06b902 elementor-widget elementor-widget-image\" data-id=\"7d06b902\" data-element_type=\"widget\" data-e-type=\"widget\" data-widget_type=\"image.default\">\n\t\t\t\t\t\t\t\t\t\t\t\t<figure class=\"wp-caption\">\n\t\t\t\t\t\t\t\t\t\t<img decoding=\"async\" width=\"800\" height=\"533\" src=\"https:\/\/wedomgroup.com\/wp-content\/uploads\/2026\/01\/mallas-de-ocultacion-jardin.jpg\" class=\"attachment-large size-large wp-image-5286\" alt=\"Mallas de ocultaci\u00f3n para jard\u00edn\" srcset=\"https:\/\/wedomgroup.com\/wp-content\/uploads\/2026\/01\/mallas-de-ocultacion-jardin.jpg 800w, https:\/\/wedomgroup.com\/wp-content\/uploads\/2026\/01\/mallas-de-ocultacion-jardin-300x200.jpg 300w, https:\/\/wedomgroup.com\/wp-content\/uploads\/2026\/01\/mallas-de-ocultacion-jardin-768x512.jpg 768w\" sizes=\"(max-width: 800px) 100vw, 800px\" \/>\t\t\t\t\t\t\t\t\t\t\t<figcaption class=\"widget-image-caption wp-caption-text\"><\/figcaption>\n\t\t\t\t\t\t\t\t\t\t<\/figure>\n\t\t\t\t\t\t\t\t\t<\/div>\n\t\t\t\t<div class=\"elementor-element elementor-element-2d35da3d elementor-widget elementor-widget-heading\" data-id=\"2d35da3d\" data-element_type=\"widget\" data-e-type=\"widget\" data-widget_type=\"heading.default\">\n\t\t\t\t\t<h3 class=\"elementor-heading-title elementor-size-default\">Redes de oculta\u00e7\u00e3o para jardim<\/h3>\t\t\t\t<\/div>\n\t\t\t\t<div class=\"elementor-element elementor-element-55673c30 elementor-widget elementor-widget-text-editor\" data-id=\"55673c30\" data-element_type=\"widget\" data-e-type=\"widget\" data-widget_type=\"text-editor.default\">\n\t\t\t\t\t\t\t\t\t<p>As <strong>telas de oculta\u00e7\u00e3o para jardim<\/strong> s\u00e3o ideais para obter privacidade em rela\u00e7\u00e3o ao exterior e proteger o espa\u00e7o de olhares indiscretos. Dispon\u00edveis em diferentes n\u00edveis de opacidade, acabamentos e tamanhos, adaptam-se facilmente a veda\u00e7\u00f5es, corrim\u00e3os e cercas existentes. A rede de oculta\u00e7\u00e3o para jardim \u00e9 uma op\u00e7\u00e3o pr\u00e1tica, leve e de f\u00e1cil manuten\u00e7\u00e3o para jardins, terra\u00e7os e varandas.<\/p>\n\t\t\t\t\t\t\t\t<\/div>\n\t\t\t\t<\/div>\n\t\t<div class=\"elementor-element elementor-element-679d2e2c e-con-full e-flex e-con e-child\" data-id=\"679d2e2c\" data-element_type=\"container\" data-e-type=\"container\" data-settings=\"{&quot;background_background&quot;:&quot;classic&quot;}\">\n\t\t\t\t<div class=\"elementor-element elementor-element-44497f71 elementor-widget elementor-widget-image\" data-id=\"44497f71\" data-element_type=\"widget\" data-e-type=\"widget\" data-widget_type=\"image.default\">\n\t\t\t\t\t\t\t\t\t\t\t\t<figure class=\"wp-caption\">\n\t\t\t\t\t\t\t\t\t\t<img decoding=\"async\" width=\"800\" height=\"533\" src=\"https:\/\/wedomgroup.com\/wp-content\/uploads\/2026\/01\/vallas-metalicas.jpg\" class=\"attachment-large size-large wp-image-5282\" alt=\"Mallas met\u00e1licas\" srcset=\"https:\/\/wedomgroup.com\/wp-content\/uploads\/2026\/01\/vallas-metalicas.jpg 800w, https:\/\/wedomgroup.com\/wp-content\/uploads\/2026\/01\/vallas-metalicas-300x200.jpg 300w, https:\/\/wedomgroup.com\/wp-content\/uploads\/2026\/01\/vallas-metalicas-768x512.jpg 768w\" sizes=\"(max-width: 800px) 100vw, 800px\" \/>\t\t\t\t\t\t\t\t\t\t\t<figcaption class=\"widget-image-caption wp-caption-text\"><\/figcaption>\n\t\t\t\t\t\t\t\t\t\t<\/figure>\n\t\t\t\t\t\t\t\t\t<\/div>\n\t\t\t\t<div class=\"elementor-element elementor-element-4c0179cf elementor-widget elementor-widget-heading\" data-id=\"4c0179cf\" data-element_type=\"widget\" data-e-type=\"widget\" data-widget_type=\"heading.default\">\n\t\t\t\t\t<h3 class=\"elementor-heading-title elementor-size-default\">Malhas met\u00e1licas<\/h3>\t\t\t\t<\/div>\n\t\t\t\t<div class=\"elementor-element elementor-element-40a34d26 elementor-widget elementor-widget-text-editor\" data-id=\"40a34d26\" data-element_type=\"widget\" data-e-type=\"widget\" data-widget_type=\"text-editor.default\">\n\t\t\t\t\t\t\t\t\t<p>As <strong>telas met\u00e1licas<\/strong> destacam-se pela sua resist\u00eancia e versatilidade. S\u00e3o ideais para delimitar terrenos, refor\u00e7ar cercas met\u00e1licas ou criar cercas duradouras em jardins e \u00e1reas externas. A malha met\u00e1lica para jardim oferece uma solu\u00e7\u00e3o robusta e funcional, adequada tanto para uso residencial como profissional. Est\u00e3o dispon\u00edveis em v\u00e1rios tamanhos e formatos, adaptando-se a diferentes necessidades e facilitando a sua instala\u00e7\u00e3o em qualquer espa\u00e7o.<\/p>\n\t\t\t\t\t\t\t\t<\/div>\n\t\t\t\t<\/div>\n\t\t<div class=\"elementor-element elementor-element-677ce64b e-con-full e-flex e-con e-child\" data-id=\"677ce64b\" data-element_type=\"container\" data-e-type=\"container\" data-settings=\"{&quot;background_background&quot;:&quot;classic&quot;}\">\n\t\t\t\t<div class=\"elementor-element elementor-element-a1a4e7 elementor-widget elementor-widget-image\" data-id=\"a1a4e7\" data-element_type=\"widget\" data-e-type=\"widget\" data-widget_type=\"image.default\">\n\t\t\t\t\t\t\t\t\t\t\t\t<figure class=\"wp-caption\">\n\t\t\t\t\t\t\t\t\t\t<img loading=\"lazy\" decoding=\"async\" width=\"800\" height=\"533\" src=\"https:\/\/wedomgroup.com\/wp-content\/uploads\/2026\/01\/mallas-verdes.jpg\" class=\"attachment-large size-large wp-image-5278\" alt=\"Mallas verdes y paneles\" srcset=\"https:\/\/wedomgroup.com\/wp-content\/uploads\/2026\/01\/mallas-verdes.jpg 800w, https:\/\/wedomgroup.com\/wp-content\/uploads\/2026\/01\/mallas-verdes-300x200.jpg 300w, https:\/\/wedomgroup.com\/wp-content\/uploads\/2026\/01\/mallas-verdes-768x512.jpg 768w\" sizes=\"(max-width: 800px) 100vw, 800px\" \/>\t\t\t\t\t\t\t\t\t\t\t<figcaption class=\"widget-image-caption wp-caption-text\"><\/figcaption>\n\t\t\t\t\t\t\t\t\t\t<\/figure>\n\t\t\t\t\t\t\t\t\t<\/div>\n\t\t\t\t<div class=\"elementor-element elementor-element-1bf39486 elementor-widget elementor-widget-heading\" data-id=\"1bf39486\" data-element_type=\"widget\" data-e-type=\"widget\" data-widget_type=\"heading.default\">\n\t\t\t\t\t<h3 class=\"elementor-heading-title elementor-size-default\">Malhas verdes e pain\u00e9is<\/h3>\t\t\t\t<\/div>\n\t\t\t\t<div class=\"elementor-element elementor-element-73ae399a elementor-widget elementor-widget-text-editor\" data-id=\"73ae399a\" data-element_type=\"widget\" data-e-type=\"widget\" data-widget_type=\"text-editor.default\">\n\t\t\t\t\t\t\t\t\t<p>As <strong>telas verdes para jardim e os pain\u00e9is de oculta\u00e7\u00e3o<\/strong> oferecem uma solu\u00e7\u00e3o decorativa e funcional ao mesmo tempo. A sua cor e design permitem integr\u00e1-las naturalmente no ambiente, sendo ideais para oculta\u00e7\u00e3o com um acabamento mais est\u00e9tico. S\u00e3o uma op\u00e7\u00e3o muito utilizada em jardins, cercas perimetrais e divis\u00f3rias de espa\u00e7os.<\/p>\n\t\t\t\t\t\t\t\t<\/div>\n\t\t\t\t<\/div>\n\t\t\t\t<\/div>\n\t\t\t\t\t<\/div>\n\t\t\t\t<\/div>\n\t\t\t\t<\/div>\n\t\t","protected":false},"excerpt":{"rendered":"<p>Redes de oculta\u00e7\u00e3o e met\u00e1licas Dosantex Garden para o teu jardim As telas de oculta\u00e7\u00e3o Dosantex Garden s\u00e3o uma solu\u00e7\u00e3o pr\u00e1tica e eficaz para proteger, delimitar e melhorar a privacidade de qualquer espa\u00e7o exterior. A nossa gama inclui redes para jardim resistentes e f\u00e1ceis de instalar, concebidas para se adaptarem a diferentes utiliza\u00e7\u00f5es e necessidades, [&hellip;]<\/p>\n","protected":false},"author":3,"featured_media":0,"parent":5366,"menu_order":0,"comment_status":"closed","ping_status":"closed","template":"","meta":{"_acf_changed":false,"footnotes":""},"class_list":["post-5436","page","type-page","status-publish","hentry"],"acf":[],"yoast_head":"<!-- This site is optimized with the Yoast SEO plugin v27.5 - https:\/\/yoast.com\/product\/yoast-seo-wordpress\/ -->\n<title>Redes de jardim e malhas de oculta\u00e7\u00e3o | Dosantex Garden<\/title>\n<meta name=\"description\" content=\"Dosantex Garden: malhas de oculta\u00e7\u00e3o e redes met\u00e1licas para proteger, vedar e ganhar privacidade no seu jardim. Solu\u00e7\u00f5es resistentes e f\u00e1ceis de instalar.\" \/>\n<meta name=\"robots\" content=\"index, follow, max-snippet:-1, max-image-preview:large, max-video-preview:-1\" \/>\n<link rel=\"canonical\" href=\"https:\/\/wedomgroup.com\/pt-pt\/dosantex-garden\/malhas-de-ocultacao\/\" \/>\n<meta property=\"og:locale\" content=\"pt_PT\" \/>\n<meta property=\"og:type\" content=\"article\" \/>\n<meta property=\"og:title\" content=\"Redes de jardim e malhas de oculta\u00e7\u00e3o | Dosantex Garden\" \/>\n<meta property=\"og:description\" content=\"Dosantex Garden: malhas de oculta\u00e7\u00e3o e redes met\u00e1licas para proteger, vedar e ganhar privacidade no seu jardim. Solu\u00e7\u00f5es resistentes e f\u00e1ceis de instalar.\" \/>\n<meta property=\"og:url\" content=\"https:\/\/wedomgroup.com\/pt-pt\/dosantex-garden\/malhas-de-ocultacao\/\" \/>\n<meta property=\"og:site_name\" content=\"wedom\" \/>\n<meta property=\"article:modified_time\" content=\"2026-02-16T08:36:22+00:00\" \/>\n<meta property=\"og:image\" content=\"https:\/\/wedomgroup.com\/wp-content\/uploads\/2026\/01\/mallas-de-ocultacion-1-853x1024.jpg\" \/>\n<meta name=\"twitter:card\" content=\"summary_large_image\" \/>\n<meta name=\"twitter:label1\" content=\"Tempo estimado de leitura\" \/>\n\t<meta name=\"twitter:data1\" content=\"3 minutos\" \/>\n<script type=\"application\/ld+json\" class=\"yoast-schema-graph\">{\"@context\":\"https:\\\/\\\/schema.org\",\"@graph\":[{\"@type\":\"WebPage\",\"@id\":\"https:\\\/\\\/wedomgroup.com\\\/pt-pt\\\/dosantex-garden\\\/malhas-de-ocultacao\\\/\",\"url\":\"https:\\\/\\\/wedomgroup.com\\\/pt-pt\\\/dosantex-garden\\\/malhas-de-ocultacao\\\/\",\"name\":\"Redes de jardim e malhas de oculta\u00e7\u00e3o | Dosantex Garden\",\"isPartOf\":{\"@id\":\"https:\\\/\\\/wedomgroup.com\\\/pt-pt\\\/#website\"},\"primaryImageOfPage\":{\"@id\":\"https:\\\/\\\/wedomgroup.com\\\/pt-pt\\\/dosantex-garden\\\/malhas-de-ocultacao\\\/#primaryimage\"},\"image\":{\"@id\":\"https:\\\/\\\/wedomgroup.com\\\/pt-pt\\\/dosantex-garden\\\/malhas-de-ocultacao\\\/#primaryimage\"},\"thumbnailUrl\":\"https:\\\/\\\/wedomgroup.com\\\/wp-content\\\/uploads\\\/2026\\\/01\\\/mallas-de-ocultacion-1-853x1024.jpg\",\"datePublished\":\"2026-01-25T10:35:42+00:00\",\"dateModified\":\"2026-02-16T08:36:22+00:00\",\"description\":\"Dosantex Garden: malhas de oculta\u00e7\u00e3o e redes met\u00e1licas para proteger, vedar e ganhar privacidade no seu jardim. Solu\u00e7\u00f5es resistentes e f\u00e1ceis de instalar.\",\"breadcrumb\":{\"@id\":\"https:\\\/\\\/wedomgroup.com\\\/pt-pt\\\/dosantex-garden\\\/malhas-de-ocultacao\\\/#breadcrumb\"},\"inLanguage\":\"pt-PT\",\"potentialAction\":[{\"@type\":\"ReadAction\",\"target\":[\"https:\\\/\\\/wedomgroup.com\\\/pt-pt\\\/dosantex-garden\\\/malhas-de-ocultacao\\\/\"]}]},{\"@type\":\"ImageObject\",\"inLanguage\":\"pt-PT\",\"@id\":\"https:\\\/\\\/wedomgroup.com\\\/pt-pt\\\/dosantex-garden\\\/malhas-de-ocultacao\\\/#primaryimage\",\"url\":\"https:\\\/\\\/wedomgroup.com\\\/wp-content\\\/uploads\\\/2026\\\/01\\\/mallas-de-ocultacion-1-853x1024.jpg\",\"contentUrl\":\"https:\\\/\\\/wedomgroup.com\\\/wp-content\\\/uploads\\\/2026\\\/01\\\/mallas-de-ocultacion-1-853x1024.jpg\"},{\"@type\":\"BreadcrumbList\",\"@id\":\"https:\\\/\\\/wedomgroup.com\\\/pt-pt\\\/dosantex-garden\\\/malhas-de-ocultacao\\\/#breadcrumb\",\"itemListElement\":[{\"@type\":\"ListItem\",\"position\":1,\"name\":\"Inicio\",\"item\":\"https:\\\/\\\/wedomgroup.com\\\/pt-pt\\\/\"},{\"@type\":\"ListItem\",\"position\":2,\"name\":\"Dosantex Garden\",\"item\":\"https:\\\/\\\/wedomgroup.com\\\/pt-pt\\\/dosantex-garden\\\/\"},{\"@type\":\"ListItem\",\"position\":3,\"name\":\"Malhas de oculta\u00e7\u00e3o\"}]},{\"@type\":\"WebSite\",\"@id\":\"https:\\\/\\\/wedomgroup.com\\\/pt-pt\\\/#website\",\"url\":\"https:\\\/\\\/wedomgroup.com\\\/pt-pt\\\/\",\"name\":\"Wedom\",\"description\":\"Hacemos realidad tu idea de hogar\",\"publisher\":{\"@id\":\"https:\\\/\\\/wedomgroup.com\\\/pt-pt\\\/#organization\"},\"potentialAction\":[{\"@type\":\"SearchAction\",\"target\":{\"@type\":\"EntryPoint\",\"urlTemplate\":\"https:\\\/\\\/wedomgroup.com\\\/pt-pt\\\/?s={search_term_string}\"},\"query-input\":{\"@type\":\"PropertyValueSpecification\",\"valueRequired\":true,\"valueName\":\"search_term_string\"}}],\"inLanguage\":\"pt-PT\"},{\"@type\":\"Organization\",\"@id\":\"https:\\\/\\\/wedomgroup.com\\\/pt-pt\\\/#organization\",\"name\":\"Wedom\",\"url\":\"https:\\\/\\\/wedomgroup.com\\\/pt-pt\\\/\",\"logo\":{\"@type\":\"ImageObject\",\"inLanguage\":\"pt-PT\",\"@id\":\"https:\\\/\\\/wedomgroup.com\\\/pt-pt\\\/#\\\/schema\\\/logo\\\/image\\\/\",\"url\":\"https:\\\/\\\/wedomgroup.com\\\/wp-content\\\/uploads\\\/2023\\\/05\\\/wedom-logo.png\",\"contentUrl\":\"https:\\\/\\\/wedomgroup.com\\\/wp-content\\\/uploads\\\/2023\\\/05\\\/wedom-logo.png\",\"width\":121,\"height\":28,\"caption\":\"Wedom\"},\"image\":{\"@id\":\"https:\\\/\\\/wedomgroup.com\\\/pt-pt\\\/#\\\/schema\\\/logo\\\/image\\\/\"},\"sameAs\":[\"https:\\\/\\\/www.linkedin.com\\\/company\\\/wedom-group\\\/\"]}]}<\/script>\n<!-- \/ Yoast SEO plugin. -->","yoast_head_json":{"title":"Redes de jardim e malhas de oculta\u00e7\u00e3o | Dosantex Garden","description":"Dosantex Garden: malhas de oculta\u00e7\u00e3o e redes met\u00e1licas para proteger, vedar e ganhar privacidade no seu jardim. Solu\u00e7\u00f5es resistentes e f\u00e1ceis de instalar.","robots":{"index":"index","follow":"follow","max-snippet":"max-snippet:-1","max-image-preview":"max-image-preview:large","max-video-preview":"max-video-preview:-1"},"canonical":"https:\/\/wedomgroup.com\/pt-pt\/dosantex-garden\/malhas-de-ocultacao\/","og_locale":"pt_PT","og_type":"article","og_title":"Redes de jardim e malhas de oculta\u00e7\u00e3o | Dosantex Garden","og_description":"Dosantex Garden: malhas de oculta\u00e7\u00e3o e redes met\u00e1licas para proteger, vedar e ganhar privacidade no seu jardim. Solu\u00e7\u00f5es resistentes e f\u00e1ceis de instalar.","og_url":"https:\/\/wedomgroup.com\/pt-pt\/dosantex-garden\/malhas-de-ocultacao\/","og_site_name":"wedom","article_modified_time":"2026-02-16T08:36:22+00:00","og_image":[{"url":"https:\/\/wedomgroup.com\/wp-content\/uploads\/2026\/01\/mallas-de-ocultacion-1-853x1024.jpg","type":"","width":"","height":""}],"twitter_card":"summary_large_image","twitter_misc":{"Tempo estimado de leitura":"3 minutos"},"schema":{"@context":"https:\/\/schema.org","@graph":[{"@type":"WebPage","@id":"https:\/\/wedomgroup.com\/pt-pt\/dosantex-garden\/malhas-de-ocultacao\/","url":"https:\/\/wedomgroup.com\/pt-pt\/dosantex-garden\/malhas-de-ocultacao\/","name":"Redes de jardim e malhas de oculta\u00e7\u00e3o | Dosantex Garden","isPartOf":{"@id":"https:\/\/wedomgroup.com\/pt-pt\/#website"},"primaryImageOfPage":{"@id":"https:\/\/wedomgroup.com\/pt-pt\/dosantex-garden\/malhas-de-ocultacao\/#primaryimage"},"image":{"@id":"https:\/\/wedomgroup.com\/pt-pt\/dosantex-garden\/malhas-de-ocultacao\/#primaryimage"},"thumbnailUrl":"https:\/\/wedomgroup.com\/wp-content\/uploads\/2026\/01\/mallas-de-ocultacion-1-853x1024.jpg","datePublished":"2026-01-25T10:35:42+00:00","dateModified":"2026-02-16T08:36:22+00:00","description":"Dosantex Garden: malhas de oculta\u00e7\u00e3o e redes met\u00e1licas para proteger, vedar e ganhar privacidade no seu jardim. Solu\u00e7\u00f5es resistentes e f\u00e1ceis de instalar.","breadcrumb":{"@id":"https:\/\/wedomgroup.com\/pt-pt\/dosantex-garden\/malhas-de-ocultacao\/#breadcrumb"},"inLanguage":"pt-PT","potentialAction":[{"@type":"ReadAction","target":["https:\/\/wedomgroup.com\/pt-pt\/dosantex-garden\/malhas-de-ocultacao\/"]}]},{"@type":"ImageObject","inLanguage":"pt-PT","@id":"https:\/\/wedomgroup.com\/pt-pt\/dosantex-garden\/malhas-de-ocultacao\/#primaryimage","url":"https:\/\/wedomgroup.com\/wp-content\/uploads\/2026\/01\/mallas-de-ocultacion-1-853x1024.jpg","contentUrl":"https:\/\/wedomgroup.com\/wp-content\/uploads\/2026\/01\/mallas-de-ocultacion-1-853x1024.jpg"},{"@type":"BreadcrumbList","@id":"https:\/\/wedomgroup.com\/pt-pt\/dosantex-garden\/malhas-de-ocultacao\/#breadcrumb","itemListElement":[{"@type":"ListItem","position":1,"name":"Inicio","item":"https:\/\/wedomgroup.com\/pt-pt\/"},{"@type":"ListItem","position":2,"name":"Dosantex Garden","item":"https:\/\/wedomgroup.com\/pt-pt\/dosantex-garden\/"},{"@type":"ListItem","position":3,"name":"Malhas de oculta\u00e7\u00e3o"}]},{"@type":"WebSite","@id":"https:\/\/wedomgroup.com\/pt-pt\/#website","url":"https:\/\/wedomgroup.com\/pt-pt\/","name":"Wedom","description":"Hacemos realidad tu idea de hogar","publisher":{"@id":"https:\/\/wedomgroup.com\/pt-pt\/#organization"},"potentialAction":[{"@type":"SearchAction","target":{"@type":"EntryPoint","urlTemplate":"https:\/\/wedomgroup.com\/pt-pt\/?s={search_term_string}"},"query-input":{"@type":"PropertyValueSpecification","valueRequired":true,"valueName":"search_term_string"}}],"inLanguage":"pt-PT"},{"@type":"Organization","@id":"https:\/\/wedomgroup.com\/pt-pt\/#organization","name":"Wedom","url":"https:\/\/wedomgroup.com\/pt-pt\/","logo":{"@type":"ImageObject","inLanguage":"pt-PT","@id":"https:\/\/wedomgroup.com\/pt-pt\/#\/schema\/logo\/image\/","url":"https:\/\/wedomgroup.com\/wp-content\/uploads\/2023\/05\/wedom-logo.png","contentUrl":"https:\/\/wedomgroup.com\/wp-content\/uploads\/2023\/05\/wedom-logo.png","width":121,"height":28,"caption":"Wedom"},"image":{"@id":"https:\/\/wedomgroup.com\/pt-pt\/#\/schema\/logo\/image\/"},"sameAs":["https:\/\/www.linkedin.com\/company\/wedom-group\/"]}]}},"_links":{"self":[{"href":"https:\/\/wedomgroup.com\/pt-pt\/wp-json\/wp\/v2\/pages\/5436","targetHints":{"allow":["GET"]}}],"collection":[{"href":"https:\/\/wedomgroup.com\/pt-pt\/wp-json\/wp\/v2\/pages"}],"about":[{"href":"https:\/\/wedomgroup.com\/pt-pt\/wp-json\/wp\/v2\/types\/page"}],"author":[{"embeddable":true,"href":"https:\/\/wedomgroup.com\/pt-pt\/wp-json\/wp\/v2\/users\/3"}],"replies":[{"embeddable":true,"href":"https:\/\/wedomgroup.com\/pt-pt\/wp-json\/wp\/v2\/comments?post=5436"}],"version-history":[{"count":2,"href":"https:\/\/wedomgroup.com\/pt-pt\/wp-json\/wp\/v2\/pages\/5436\/revisions"}],"predecessor-version":[{"id":5519,"href":"https:\/\/wedomgroup.com\/pt-pt\/wp-json\/wp\/v2\/pages\/5436\/revisions\/5519"}],"up":[{"embeddable":true,"href":"https:\/\/wedomgroup.com\/pt-pt\/wp-json\/wp\/v2\/pages\/5366"}],"wp:attachment":[{"href":"https:\/\/wedomgroup.com\/pt-pt\/wp-json\/wp\/v2\/media?parent=5436"}],"curies":[{"name":"wp","href":"https:\/\/api.w.org\/{rel}","templated":true}]}}