{"id":5438,"date":"2026-01-25T10:36:02","date_gmt":"2026-01-25T10:36:02","guid":{"rendered":"https:\/\/wedomgroup.com\/dosantex-garden\/mangueiras-e-acessorios-de-rega\/"},"modified":"2026-02-03T10:51:01","modified_gmt":"2026-02-03T10:51:01","slug":"mangueiras-e-acessorios-de-rega","status":"publish","type":"page","link":"https:\/\/wedomgroup.com\/pt-pt\/dosantex-garden\/mangueiras-e-acessorios-de-rega\/","title":{"rendered":"Mangueiras e acess\u00f3rios de rega"},"content":{"rendered":"\t\t<div data-elementor-type=\"wp-page\" data-elementor-id=\"5438\" class=\"elementor elementor-5438 elementor-4811\" data-elementor-post-type=\"page\">\n\t\t\t\t<div class=\"elementor-element elementor-element-7684e33a e-flex e-con-boxed e-con e-parent\" data-id=\"7684e33a\" data-element_type=\"container\" data-e-type=\"container\">\n\t\t\t\t\t<div class=\"e-con-inner\">\n\t\t<div class=\"elementor-element elementor-element-3186d695 e-con-full e-flex e-con e-child\" data-id=\"3186d695\" data-element_type=\"container\" data-e-type=\"container\">\n\t\t\t\t<div class=\"elementor-element elementor-element-2876abfd elementor-widget elementor-widget-breadcrumbs\" data-id=\"2876abfd\" data-element_type=\"widget\" data-e-type=\"widget\" data-widget_type=\"breadcrumbs.default\">\n\t\t\t\t\t<p id=\"breadcrumbs\"><span><span><a href=\"https:\/\/wedomgroup.com\/pt-pt\/\">Inicio<\/a><\/span><\/span><\/p>\t\t\t\t<\/div>\n\t\t\t\t<div class=\"elementor-element elementor-element-2afea5c0 elementor-widget elementor-widget-heading\" data-id=\"2afea5c0\" data-element_type=\"widget\" data-e-type=\"widget\" data-widget_type=\"heading.default\">\n\t\t\t\t\t<h1 class=\"elementor-heading-title elementor-size-default\">Mangueiras de jardim Dosantex Garden: rega f\u00e1cil e eficiente<\/h1>\t\t\t\t<\/div>\n\t\t\t\t<div class=\"elementor-element elementor-element-4903ed9b elementor-widget elementor-widget-text-editor\" data-id=\"4903ed9b\" data-element_type=\"widget\" data-e-type=\"widget\" data-widget_type=\"text-editor.default\">\n\t\t\t\t\t\t\t\t\t<p>As <strong>mangueiras de jardim Dosantex Garden<\/strong> foram desenhadas para facilitar a rega di\u00e1ria de forma c\u00f3moda e eficiente. A nossa gama de mangueiras de rega combina resist\u00eancia, flexibilidade e facilidade de uso, adaptando-se a diferentes tipos de jardim, terra\u00e7os e espa\u00e7os exteriores. Uma solu\u00e7\u00e3o pr\u00e1tica para manter as tuas plantas e zonas verdes sempre bem cuidadas.<\/p>\n\t\t\t\t\t\t\t\t<\/div>\n\t\t\t\t<\/div>\n\t\t<div class=\"elementor-element elementor-element-7cec7ccd e-con-full e-flex e-con e-child\" data-id=\"7cec7ccd\" data-element_type=\"container\" data-e-type=\"container\">\n\t\t\t\t<div class=\"elementor-element elementor-element-209e9d1 elementor-widget elementor-widget-image\" data-id=\"209e9d1\" data-element_type=\"widget\" data-e-type=\"widget\" data-widget_type=\"image.default\">\n\t\t\t\t\t\t\t\t\t\t\t\t<figure class=\"wp-caption\">\n\t\t\t\t\t\t\t\t\t\t<img fetchpriority=\"high\" decoding=\"async\" width=\"800\" height=\"960\" src=\"https:\/\/wedomgroup.com\/wp-content\/uploads\/2026\/01\/mangueras-accesorios-riego-1-853x1024.jpg\" class=\"attachment-large size-large wp-image-4894\" alt=\"Mangueras y accesorios de jard\u00edn\" srcset=\"https:\/\/wedomgroup.com\/wp-content\/uploads\/2026\/01\/mangueras-accesorios-riego-1-853x1024.jpg 853w, https:\/\/wedomgroup.com\/wp-content\/uploads\/2026\/01\/mangueras-accesorios-riego-1-250x300.jpg 250w, https:\/\/wedomgroup.com\/wp-content\/uploads\/2026\/01\/mangueras-accesorios-riego-1-768x922.jpg 768w, https:\/\/wedomgroup.com\/wp-content\/uploads\/2026\/01\/mangueras-accesorios-riego-1.jpg 1000w\" sizes=\"(max-width: 800px) 100vw, 800px\" \/>\t\t\t\t\t\t\t\t\t\t\t<figcaption class=\"widget-image-caption wp-caption-text\"><\/figcaption>\n\t\t\t\t\t\t\t\t\t\t<\/figure>\n\t\t\t\t\t\t\t\t\t<\/div>\n\t\t\t\t<\/div>\n\t\t\t\t\t<\/div>\n\t\t\t\t<\/div>\n\t\t<div class=\"elementor-element elementor-element-29221448 e-flex e-con-boxed e-con e-parent\" data-id=\"29221448\" data-element_type=\"container\" data-e-type=\"container\" data-settings=\"{&quot;background_background&quot;:&quot;classic&quot;}\">\n\t\t\t\t\t<div class=\"e-con-inner\">\n\t\t<div class=\"elementor-element elementor-element-2622cda4 e-con-full e-flex e-con e-child\" data-id=\"2622cda4\" data-element_type=\"container\" data-e-type=\"container\">\n\t\t\t\t<div class=\"elementor-element elementor-element-6b784fa9 elementor-widget elementor-widget-heading\" data-id=\"6b784fa9\" data-element_type=\"widget\" data-e-type=\"widget\" data-widget_type=\"heading.default\">\n\t\t\t\t\t<h2 class=\"elementor-heading-title elementor-size-default\">Tudo o que precisas para regar o teu jardim com comodidade<\/h2>\t\t\t\t<\/div>\n\t\t\t\t<div class=\"elementor-element elementor-element-4d40db7f elementor-widget elementor-widget-text-editor\" data-id=\"4d40db7f\" data-element_type=\"widget\" data-e-type=\"widget\" data-widget_type=\"text-editor.default\">\n\t\t\t\t\t\t\t\t\t<p>Na Dosantex Garden encontras <strong>mangueiras e acess\u00f3rios<\/strong> pensados para cobrir todas as necessidades de rega. Desde <strong>mangueiras extens\u00edveis ou mangueiras enrol\u00e1veis, at\u00e9 conectores, bicos e suportes<\/strong>, oferecemos solu\u00e7\u00f5es funcionais que tornam a rega uma tarefa simples, organizada e eficiente.<\/p>\n<p>Al\u00e9m disso, os nossos produtos foram desenhados para se adaptar a diferentes tipos de espa\u00e7os exteriores, facilitando o cuidado di\u00e1rio do jardim e otimizando o consumo de \u00e1gua em cada rega.<\/p>\n\t\t\t\t\t\t\t\t<\/div>\n\t\t\t\t<\/div>\n\t\t<div class=\"elementor-element elementor-element-2615c9fa e-grid e-con-full e-con e-child\" data-id=\"2615c9fa\" data-element_type=\"container\" data-e-type=\"container\">\n\t\t<div class=\"elementor-element elementor-element-4260dc1b e-con-full e-flex e-con e-child\" data-id=\"4260dc1b\" data-element_type=\"container\" data-e-type=\"container\" data-settings=\"{&quot;background_background&quot;:&quot;classic&quot;}\">\n\t\t\t\t<div class=\"elementor-element elementor-element-328ff7e elementor-widget elementor-widget-image\" data-id=\"328ff7e\" data-element_type=\"widget\" data-e-type=\"widget\" data-widget_type=\"image.default\">\n\t\t\t\t\t\t\t\t\t\t\t\t<figure class=\"wp-caption\">\n\t\t\t\t\t\t\t\t\t\t<img decoding=\"async\" width=\"800\" height=\"533\" src=\"https:\/\/wedomgroup.com\/wp-content\/uploads\/2026\/01\/mangueras-extensibles.jpg\" class=\"attachment-large size-large wp-image-5293\" alt=\"Mangueras extensibles\" srcset=\"https:\/\/wedomgroup.com\/wp-content\/uploads\/2026\/01\/mangueras-extensibles.jpg 800w, https:\/\/wedomgroup.com\/wp-content\/uploads\/2026\/01\/mangueras-extensibles-300x200.jpg 300w, https:\/\/wedomgroup.com\/wp-content\/uploads\/2026\/01\/mangueras-extensibles-768x512.jpg 768w\" sizes=\"(max-width: 800px) 100vw, 800px\" \/>\t\t\t\t\t\t\t\t\t\t\t<figcaption class=\"widget-image-caption wp-caption-text\"><\/figcaption>\n\t\t\t\t\t\t\t\t\t\t<\/figure>\n\t\t\t\t\t\t\t\t\t<\/div>\n\t\t\t\t<div class=\"elementor-element elementor-element-948d81 elementor-widget elementor-widget-heading\" data-id=\"948d81\" data-element_type=\"widget\" data-e-type=\"widget\" data-widget_type=\"heading.default\">\n\t\t\t\t\t<h3 class=\"elementor-heading-title elementor-size-default\">Mangueiras extens\u00edveis<\/h3>\t\t\t\t<\/div>\n\t\t\t\t<div class=\"elementor-element elementor-element-47439243 elementor-widget elementor-widget-text-editor\" data-id=\"47439243\" data-element_type=\"widget\" data-e-type=\"widget\" data-widget_type=\"text-editor.default\">\n\t\t\t\t\t\t\t\t\t<p>As <strong>mangueiras extens\u00edveis<\/strong> de jardim s\u00e3o leves, flex\u00edveis e f\u00e1ceis de manusear. Elas alongam-se automaticamente com a press\u00e3o da \u00e1gua e recolhem-se ao finalizar a rega, ocupando pouco espa\u00e7o. S\u00e3o ideais para jardins pequenos, terra\u00e7os ou varandas, e podem ser combinadas com uma pistola para mangueira ou bico regul\u00e1vel para uma rega mais precisa.<\/p>\n\t\t\t\t\t\t\t\t<\/div>\n\t\t\t\t<\/div>\n\t\t<div class=\"elementor-element elementor-element-34ed6930 e-con-full e-flex e-con e-child\" data-id=\"34ed6930\" data-element_type=\"container\" data-e-type=\"container\" data-settings=\"{&quot;background_background&quot;:&quot;classic&quot;}\">\n\t\t\t\t<div class=\"elementor-element elementor-element-6f2be552 elementor-widget elementor-widget-image\" data-id=\"6f2be552\" data-element_type=\"widget\" data-e-type=\"widget\" data-widget_type=\"image.default\">\n\t\t\t\t\t\t\t\t\t\t\t\t<figure class=\"wp-caption\">\n\t\t\t\t\t\t\t\t\t\t<img decoding=\"async\" width=\"800\" height=\"533\" src=\"https:\/\/wedomgroup.com\/wp-content\/uploads\/2026\/01\/mangueras-enrollables.jpg\" class=\"attachment-large size-large wp-image-5297\" alt=\"Mangueras enrollables\" srcset=\"https:\/\/wedomgroup.com\/wp-content\/uploads\/2026\/01\/mangueras-enrollables.jpg 800w, https:\/\/wedomgroup.com\/wp-content\/uploads\/2026\/01\/mangueras-enrollables-300x200.jpg 300w, https:\/\/wedomgroup.com\/wp-content\/uploads\/2026\/01\/mangueras-enrollables-768x512.jpg 768w\" sizes=\"(max-width: 800px) 100vw, 800px\" \/>\t\t\t\t\t\t\t\t\t\t\t<figcaption class=\"widget-image-caption wp-caption-text\"><\/figcaption>\n\t\t\t\t\t\t\t\t\t\t<\/figure>\n\t\t\t\t\t\t\t\t\t<\/div>\n\t\t\t\t<div class=\"elementor-element elementor-element-40126d elementor-widget elementor-widget-heading\" data-id=\"40126d\" data-element_type=\"widget\" data-e-type=\"widget\" data-widget_type=\"heading.default\">\n\t\t\t\t\t<h3 class=\"elementor-heading-title elementor-size-default\">Mangueiras enrol\u00e1veis<\/h3>\t\t\t\t<\/div>\n\t\t\t\t<div class=\"elementor-element elementor-element-18318ff4 elementor-widget elementor-widget-text-editor\" data-id=\"18318ff4\" data-element_type=\"widget\" data-e-type=\"widget\" data-widget_type=\"text-editor.default\">\n\t\t\t\t\t\t\t\t\t<p>As <strong>mangueiras enrol\u00e1veis<\/strong> permitem manter o espa\u00e7o organizado e a mangueira protegida quando n\u00e3o est\u00e1 em uso. Incorporam sistemas de suporte para mangueira ou enroladores que facilitam a sua recolha e armazenamento. Uma op\u00e7\u00e3o pr\u00e1tica para quem procura uma mangueira de jardim enrol\u00e1vel c\u00f3moda e dur\u00e1vel para uso di\u00e1rio.<\/p>\n\t\t\t\t\t\t\t\t<\/div>\n\t\t\t\t<\/div>\n\t\t<div class=\"elementor-element elementor-element-36cf06da e-con-full e-flex e-con e-child\" data-id=\"36cf06da\" data-element_type=\"container\" data-e-type=\"container\" data-settings=\"{&quot;background_background&quot;:&quot;classic&quot;}\">\n\t\t\t\t<div class=\"elementor-element elementor-element-4ff8092b elementor-widget elementor-widget-image\" data-id=\"4ff8092b\" data-element_type=\"widget\" data-e-type=\"widget\" data-widget_type=\"image.default\">\n\t\t\t\t\t\t\t\t\t\t\t\t<figure class=\"wp-caption\">\n\t\t\t\t\t\t\t\t\t\t<img loading=\"lazy\" decoding=\"async\" width=\"800\" height=\"533\" src=\"https:\/\/wedomgroup.com\/wp-content\/uploads\/2026\/01\/accesorios-mangueras.jpg\" class=\"attachment-large size-large wp-image-5301\" alt=\"Accesorios para mangueras\" srcset=\"https:\/\/wedomgroup.com\/wp-content\/uploads\/2026\/01\/accesorios-mangueras.jpg 800w, https:\/\/wedomgroup.com\/wp-content\/uploads\/2026\/01\/accesorios-mangueras-300x200.jpg 300w, https:\/\/wedomgroup.com\/wp-content\/uploads\/2026\/01\/accesorios-mangueras-768x512.jpg 768w\" sizes=\"(max-width: 800px) 100vw, 800px\" \/>\t\t\t\t\t\t\t\t\t\t\t<figcaption class=\"widget-image-caption wp-caption-text\"><\/figcaption>\n\t\t\t\t\t\t\t\t\t\t<\/figure>\n\t\t\t\t\t\t\t\t\t<\/div>\n\t\t\t\t<div class=\"elementor-element elementor-element-71e03376 elementor-widget elementor-widget-heading\" data-id=\"71e03376\" data-element_type=\"widget\" data-e-type=\"widget\" data-widget_type=\"heading.default\">\n\t\t\t\t\t<h3 class=\"elementor-heading-title elementor-size-default\">Acess\u00f3rios para mangueiras<\/h3>\t\t\t\t<\/div>\n\t\t\t\t<div class=\"elementor-element elementor-element-7f8405d2 elementor-widget elementor-widget-text-editor\" data-id=\"7f8405d2\" data-element_type=\"widget\" data-e-type=\"widget\" data-widget_type=\"text-editor.default\">\n\t\t\t\t\t\t\t\t\t<p>Completa o teu sistema de rega com os nossos <strong>acess\u00f3rios para mangueiras<\/strong>. Dispomos de conectores para mangueira, torneiras, bicos, pistolas para mangueira de \u00e1gua, suportes e outros complementos que garantem uma rega eficiente e sem fugas. Os acess\u00f3rios para mangueira Dosantex Garden foram projetados para melhorar a experi\u00eancia de uso e prolongar a vida \u00fatil da mangueira.<\/p>\n\t\t\t\t\t\t\t\t<\/div>\n\t\t\t\t<\/div>\n\t\t\t\t<\/div>\n\t\t\t\t\t<\/div>\n\t\t\t\t<\/div>\n\t\t\t\t<\/div>\n\t\t","protected":false},"excerpt":{"rendered":"<p>Mangueiras de jardim Dosantex Garden: rega f\u00e1cil e eficiente As mangueiras de jardim Dosantex Garden foram desenhadas para facilitar a rega di\u00e1ria de forma c\u00f3moda e eficiente. A nossa gama de mangueiras de rega combina resist\u00eancia, flexibilidade e facilidade de uso, adaptando-se a diferentes tipos de jardim, terra\u00e7os e espa\u00e7os exteriores. Uma solu\u00e7\u00e3o pr\u00e1tica para [&hellip;]<\/p>\n","protected":false},"author":3,"featured_media":0,"parent":5366,"menu_order":0,"comment_status":"closed","ping_status":"closed","template":"","meta":{"_acf_changed":false,"footnotes":""},"class_list":["post-5438","page","type-page","status-publish","hentry"],"acf":[],"yoast_head":"<!-- This site is optimized with the Yoast SEO plugin v27.5 - https:\/\/yoast.com\/product\/yoast-seo-wordpress\/ -->\n<title>Mangueiras de jardim e acess\u00f3rios | Dosantex Garden<\/title>\n<meta name=\"description\" content=\"Descobre as mangueiras de jardim da Dosantex Garden: extens\u00edveis, enrol\u00e1veis e com acess\u00f3rios para uma rega c\u00f3moda e eficiente no teu jardim.\" \/>\n<meta name=\"robots\" content=\"index, follow, max-snippet:-1, max-image-preview:large, max-video-preview:-1\" \/>\n<link rel=\"canonical\" href=\"https:\/\/wedomgroup.com\/pt-pt\/dosantex-garden\/mangueiras-e-acessorios-de-rega\/\" \/>\n<meta property=\"og:locale\" content=\"pt_PT\" \/>\n<meta property=\"og:type\" content=\"article\" \/>\n<meta property=\"og:title\" content=\"Mangueiras de jardim e acess\u00f3rios | Dosantex Garden\" \/>\n<meta property=\"og:description\" content=\"Descobre as mangueiras de jardim da Dosantex Garden: extens\u00edveis, enrol\u00e1veis e com acess\u00f3rios para uma rega c\u00f3moda e eficiente no teu jardim.\" \/>\n<meta property=\"og:url\" content=\"https:\/\/wedomgroup.com\/pt-pt\/dosantex-garden\/mangueiras-e-acessorios-de-rega\/\" \/>\n<meta property=\"og:site_name\" content=\"wedom\" \/>\n<meta property=\"article:modified_time\" content=\"2026-02-03T10:51:01+00:00\" \/>\n<meta property=\"og:image\" content=\"https:\/\/wedomgroup.com\/wp-content\/uploads\/2026\/01\/mangueras-accesorios-riego-1.jpg\" \/>\n\t<meta property=\"og:image:width\" content=\"1000\" \/>\n\t<meta property=\"og:image:height\" content=\"1200\" \/>\n\t<meta property=\"og:image:type\" content=\"image\/jpeg\" \/>\n<meta name=\"twitter:card\" content=\"summary_large_image\" \/>\n<meta name=\"twitter:label1\" content=\"Tempo estimado de leitura\" \/>\n\t<meta name=\"twitter:data1\" content=\"2 minutos\" \/>\n<script type=\"application\/ld+json\" class=\"yoast-schema-graph\">{\"@context\":\"https:\\\/\\\/schema.org\",\"@graph\":[{\"@type\":\"WebPage\",\"@id\":\"https:\\\/\\\/wedomgroup.com\\\/pt-pt\\\/dosantex-garden\\\/mangueiras-e-acessorios-de-rega\\\/\",\"url\":\"https:\\\/\\\/wedomgroup.com\\\/pt-pt\\\/dosantex-garden\\\/mangueiras-e-acessorios-de-rega\\\/\",\"name\":\"Mangueiras de jardim e acess\u00f3rios | Dosantex Garden\",\"isPartOf\":{\"@id\":\"https:\\\/\\\/wedomgroup.com\\\/pt-pt\\\/#website\"},\"primaryImageOfPage\":{\"@id\":\"https:\\\/\\\/wedomgroup.com\\\/pt-pt\\\/dosantex-garden\\\/mangueiras-e-acessorios-de-rega\\\/#primaryimage\"},\"image\":{\"@id\":\"https:\\\/\\\/wedomgroup.com\\\/pt-pt\\\/dosantex-garden\\\/mangueiras-e-acessorios-de-rega\\\/#primaryimage\"},\"thumbnailUrl\":\"https:\\\/\\\/wedomgroup.com\\\/wp-content\\\/uploads\\\/2026\\\/01\\\/mangueras-accesorios-riego-1-853x1024.jpg\",\"datePublished\":\"2026-01-25T10:36:02+00:00\",\"dateModified\":\"2026-02-03T10:51:01+00:00\",\"description\":\"Descobre as mangueiras de jardim da Dosantex Garden: extens\u00edveis, enrol\u00e1veis e com acess\u00f3rios para uma rega c\u00f3moda e eficiente no teu jardim.\",\"breadcrumb\":{\"@id\":\"https:\\\/\\\/wedomgroup.com\\\/pt-pt\\\/dosantex-garden\\\/mangueiras-e-acessorios-de-rega\\\/#breadcrumb\"},\"inLanguage\":\"pt-PT\",\"potentialAction\":[{\"@type\":\"ReadAction\",\"target\":[\"https:\\\/\\\/wedomgroup.com\\\/pt-pt\\\/dosantex-garden\\\/mangueiras-e-acessorios-de-rega\\\/\"]}]},{\"@type\":\"ImageObject\",\"inLanguage\":\"pt-PT\",\"@id\":\"https:\\\/\\\/wedomgroup.com\\\/pt-pt\\\/dosantex-garden\\\/mangueiras-e-acessorios-de-rega\\\/#primaryimage\",\"url\":\"https:\\\/\\\/wedomgroup.com\\\/wp-content\\\/uploads\\\/2026\\\/01\\\/mangueras-accesorios-riego-1-853x1024.jpg\",\"contentUrl\":\"https:\\\/\\\/wedomgroup.com\\\/wp-content\\\/uploads\\\/2026\\\/01\\\/mangueras-accesorios-riego-1-853x1024.jpg\"},{\"@type\":\"BreadcrumbList\",\"@id\":\"https:\\\/\\\/wedomgroup.com\\\/pt-pt\\\/dosantex-garden\\\/mangueiras-e-acessorios-de-rega\\\/#breadcrumb\",\"itemListElement\":[{\"@type\":\"ListItem\",\"position\":1,\"name\":\"Inicio\",\"item\":\"https:\\\/\\\/wedomgroup.com\\\/pt-pt\\\/\"},{\"@type\":\"ListItem\",\"position\":2,\"name\":\"Dosantex Garden\",\"item\":\"https:\\\/\\\/wedomgroup.com\\\/pt-pt\\\/dosantex-garden\\\/\"},{\"@type\":\"ListItem\",\"position\":3,\"name\":\"Mangueiras e acess\u00f3rios de rega\"}]},{\"@type\":\"WebSite\",\"@id\":\"https:\\\/\\\/wedomgroup.com\\\/pt-pt\\\/#website\",\"url\":\"https:\\\/\\\/wedomgroup.com\\\/pt-pt\\\/\",\"name\":\"Wedom\",\"description\":\"Hacemos realidad tu idea de hogar\",\"publisher\":{\"@id\":\"https:\\\/\\\/wedomgroup.com\\\/pt-pt\\\/#organization\"},\"potentialAction\":[{\"@type\":\"SearchAction\",\"target\":{\"@type\":\"EntryPoint\",\"urlTemplate\":\"https:\\\/\\\/wedomgroup.com\\\/pt-pt\\\/?s={search_term_string}\"},\"query-input\":{\"@type\":\"PropertyValueSpecification\",\"valueRequired\":true,\"valueName\":\"search_term_string\"}}],\"inLanguage\":\"pt-PT\"},{\"@type\":\"Organization\",\"@id\":\"https:\\\/\\\/wedomgroup.com\\\/pt-pt\\\/#organization\",\"name\":\"Wedom\",\"url\":\"https:\\\/\\\/wedomgroup.com\\\/pt-pt\\\/\",\"logo\":{\"@type\":\"ImageObject\",\"inLanguage\":\"pt-PT\",\"@id\":\"https:\\\/\\\/wedomgroup.com\\\/pt-pt\\\/#\\\/schema\\\/logo\\\/image\\\/\",\"url\":\"https:\\\/\\\/wedomgroup.com\\\/wp-content\\\/uploads\\\/2023\\\/05\\\/wedom-logo.png\",\"contentUrl\":\"https:\\\/\\\/wedomgroup.com\\\/wp-content\\\/uploads\\\/2023\\\/05\\\/wedom-logo.png\",\"width\":121,\"height\":28,\"caption\":\"Wedom\"},\"image\":{\"@id\":\"https:\\\/\\\/wedomgroup.com\\\/pt-pt\\\/#\\\/schema\\\/logo\\\/image\\\/\"},\"sameAs\":[\"https:\\\/\\\/www.linkedin.com\\\/company\\\/wedom-group\\\/\"]}]}<\/script>\n<!-- \/ Yoast SEO plugin. -->","yoast_head_json":{"title":"Mangueiras de jardim e acess\u00f3rios | Dosantex Garden","description":"Descobre as mangueiras de jardim da Dosantex Garden: extens\u00edveis, enrol\u00e1veis e com acess\u00f3rios para uma rega c\u00f3moda e eficiente no teu jardim.","robots":{"index":"index","follow":"follow","max-snippet":"max-snippet:-1","max-image-preview":"max-image-preview:large","max-video-preview":"max-video-preview:-1"},"canonical":"https:\/\/wedomgroup.com\/pt-pt\/dosantex-garden\/mangueiras-e-acessorios-de-rega\/","og_locale":"pt_PT","og_type":"article","og_title":"Mangueiras de jardim e acess\u00f3rios | Dosantex Garden","og_description":"Descobre as mangueiras de jardim da Dosantex Garden: extens\u00edveis, enrol\u00e1veis e com acess\u00f3rios para uma rega c\u00f3moda e eficiente no teu jardim.","og_url":"https:\/\/wedomgroup.com\/pt-pt\/dosantex-garden\/mangueiras-e-acessorios-de-rega\/","og_site_name":"wedom","article_modified_time":"2026-02-03T10:51:01+00:00","og_image":[{"width":1000,"height":1200,"url":"https:\/\/wedomgroup.com\/wp-content\/uploads\/2026\/01\/mangueras-accesorios-riego-1.jpg","type":"image\/jpeg"}],"twitter_card":"summary_large_image","twitter_misc":{"Tempo estimado de leitura":"2 minutos"},"schema":{"@context":"https:\/\/schema.org","@graph":[{"@type":"WebPage","@id":"https:\/\/wedomgroup.com\/pt-pt\/dosantex-garden\/mangueiras-e-acessorios-de-rega\/","url":"https:\/\/wedomgroup.com\/pt-pt\/dosantex-garden\/mangueiras-e-acessorios-de-rega\/","name":"Mangueiras de jardim e acess\u00f3rios | Dosantex Garden","isPartOf":{"@id":"https:\/\/wedomgroup.com\/pt-pt\/#website"},"primaryImageOfPage":{"@id":"https:\/\/wedomgroup.com\/pt-pt\/dosantex-garden\/mangueiras-e-acessorios-de-rega\/#primaryimage"},"image":{"@id":"https:\/\/wedomgroup.com\/pt-pt\/dosantex-garden\/mangueiras-e-acessorios-de-rega\/#primaryimage"},"thumbnailUrl":"https:\/\/wedomgroup.com\/wp-content\/uploads\/2026\/01\/mangueras-accesorios-riego-1-853x1024.jpg","datePublished":"2026-01-25T10:36:02+00:00","dateModified":"2026-02-03T10:51:01+00:00","description":"Descobre as mangueiras de jardim da Dosantex Garden: extens\u00edveis, enrol\u00e1veis e com acess\u00f3rios para uma rega c\u00f3moda e eficiente no teu jardim.","breadcrumb":{"@id":"https:\/\/wedomgroup.com\/pt-pt\/dosantex-garden\/mangueiras-e-acessorios-de-rega\/#breadcrumb"},"inLanguage":"pt-PT","potentialAction":[{"@type":"ReadAction","target":["https:\/\/wedomgroup.com\/pt-pt\/dosantex-garden\/mangueiras-e-acessorios-de-rega\/"]}]},{"@type":"ImageObject","inLanguage":"pt-PT","@id":"https:\/\/wedomgroup.com\/pt-pt\/dosantex-garden\/mangueiras-e-acessorios-de-rega\/#primaryimage","url":"https:\/\/wedomgroup.com\/wp-content\/uploads\/2026\/01\/mangueras-accesorios-riego-1-853x1024.jpg","contentUrl":"https:\/\/wedomgroup.com\/wp-content\/uploads\/2026\/01\/mangueras-accesorios-riego-1-853x1024.jpg"},{"@type":"BreadcrumbList","@id":"https:\/\/wedomgroup.com\/pt-pt\/dosantex-garden\/mangueiras-e-acessorios-de-rega\/#breadcrumb","itemListElement":[{"@type":"ListItem","position":1,"name":"Inicio","item":"https:\/\/wedomgroup.com\/pt-pt\/"},{"@type":"ListItem","position":2,"name":"Dosantex Garden","item":"https:\/\/wedomgroup.com\/pt-pt\/dosantex-garden\/"},{"@type":"ListItem","position":3,"name":"Mangueiras e acess\u00f3rios de rega"}]},{"@type":"WebSite","@id":"https:\/\/wedomgroup.com\/pt-pt\/#website","url":"https:\/\/wedomgroup.com\/pt-pt\/","name":"Wedom","description":"Hacemos realidad tu idea de hogar","publisher":{"@id":"https:\/\/wedomgroup.com\/pt-pt\/#organization"},"potentialAction":[{"@type":"SearchAction","target":{"@type":"EntryPoint","urlTemplate":"https:\/\/wedomgroup.com\/pt-pt\/?s={search_term_string}"},"query-input":{"@type":"PropertyValueSpecification","valueRequired":true,"valueName":"search_term_string"}}],"inLanguage":"pt-PT"},{"@type":"Organization","@id":"https:\/\/wedomgroup.com\/pt-pt\/#organization","name":"Wedom","url":"https:\/\/wedomgroup.com\/pt-pt\/","logo":{"@type":"ImageObject","inLanguage":"pt-PT","@id":"https:\/\/wedomgroup.com\/pt-pt\/#\/schema\/logo\/image\/","url":"https:\/\/wedomgroup.com\/wp-content\/uploads\/2023\/05\/wedom-logo.png","contentUrl":"https:\/\/wedomgroup.com\/wp-content\/uploads\/2023\/05\/wedom-logo.png","width":121,"height":28,"caption":"Wedom"},"image":{"@id":"https:\/\/wedomgroup.com\/pt-pt\/#\/schema\/logo\/image\/"},"sameAs":["https:\/\/www.linkedin.com\/company\/wedom-group\/"]}]}},"_links":{"self":[{"href":"https:\/\/wedomgroup.com\/pt-pt\/wp-json\/wp\/v2\/pages\/5438","targetHints":{"allow":["GET"]}}],"collection":[{"href":"https:\/\/wedomgroup.com\/pt-pt\/wp-json\/wp\/v2\/pages"}],"about":[{"href":"https:\/\/wedomgroup.com\/pt-pt\/wp-json\/wp\/v2\/types\/page"}],"author":[{"embeddable":true,"href":"https:\/\/wedomgroup.com\/pt-pt\/wp-json\/wp\/v2\/users\/3"}],"replies":[{"embeddable":true,"href":"https:\/\/wedomgroup.com\/pt-pt\/wp-json\/wp\/v2\/comments?post=5438"}],"version-history":[{"count":1,"href":"https:\/\/wedomgroup.com\/pt-pt\/wp-json\/wp\/v2\/pages\/5438\/revisions"}],"predecessor-version":[{"id":5439,"href":"https:\/\/wedomgroup.com\/pt-pt\/wp-json\/wp\/v2\/pages\/5438\/revisions\/5439"}],"up":[{"embeddable":true,"href":"https:\/\/wedomgroup.com\/pt-pt\/wp-json\/wp\/v2\/pages\/5366"}],"wp:attachment":[{"href":"https:\/\/wedomgroup.com\/pt-pt\/wp-json\/wp\/v2\/media?parent=5438"}],"curies":[{"name":"wp","href":"https:\/\/api.w.org\/{rel}","templated":true}]}}