{"id":5440,"date":"2026-01-25T10:36:21","date_gmt":"2026-01-25T10:36:21","guid":{"rendered":"https:\/\/wedomgroup.com\/dosantex-garden\/vedacoes-para-exteriores\/"},"modified":"2026-02-16T08:36:58","modified_gmt":"2026-02-16T08:36:58","slug":"vedacoes-para-exteriores","status":"publish","type":"page","link":"https:\/\/wedomgroup.com\/pt-pt\/dosantex-garden\/vedacoes-para-exteriores\/","title":{"rendered":"Veda\u00e7\u00f5es para exteriores"},"content":{"rendered":"\t\t<div data-elementor-type=\"wp-page\" data-elementor-id=\"5440\" class=\"elementor elementor-5440 elementor-4813\" data-elementor-post-type=\"page\">\n\t\t\t\t<div class=\"elementor-element elementor-element-3e2fdedc e-flex e-con-boxed e-con e-parent\" data-id=\"3e2fdedc\" data-element_type=\"container\" data-e-type=\"container\">\n\t\t\t\t\t<div class=\"e-con-inner\">\n\t\t<div class=\"elementor-element elementor-element-6f0867d9 e-con-full e-flex e-con e-child\" data-id=\"6f0867d9\" data-element_type=\"container\" data-e-type=\"container\">\n\t\t\t\t<div class=\"elementor-element elementor-element-237de092 elementor-widget elementor-widget-breadcrumbs\" data-id=\"237de092\" data-element_type=\"widget\" data-e-type=\"widget\" data-widget_type=\"breadcrumbs.default\">\n\t\t\t\t\t<p id=\"breadcrumbs\"><span><span><a href=\"https:\/\/wedomgroup.com\/pt-pt\/\">Inicio<\/a><\/span><\/span><\/p>\t\t\t\t<\/div>\n\t\t\t\t<div class=\"elementor-element elementor-element-15f07adc elementor-widget elementor-widget-heading\" data-id=\"15f07adc\" data-element_type=\"widget\" data-e-type=\"widget\" data-widget_type=\"heading.default\">\n\t\t\t\t\t<h1 class=\"elementor-heading-title elementor-size-default\">Solu\u00e7\u00f5es de oculta\u00e7\u00e3o para jardim Dosantex Garden<\/h1>\t\t\t\t<\/div>\n\t\t\t\t<div class=\"elementor-element elementor-element-732d6a67 elementor-widget elementor-widget-text-editor\" data-id=\"732d6a67\" data-element_type=\"widget\" data-e-type=\"widget\" data-widget_type=\"text-editor.default\">\n\t\t\t\t\t\t\t\t\t<p>As <strong>solu\u00e7\u00f5es de oculta\u00e7\u00e3o para jardim Dosantex Garden<\/strong> foram concebidas para criar espa\u00e7os exteriores mais \u00edntimos, protegidos e agrad\u00e1veis. A nossa gama de sistemas de oculta\u00e7\u00e3o para jardim combina funcionalidade e design, permitindo delimitar zonas, ganhar privacidade e melhorar a est\u00e9tica do jardim, terra\u00e7o ou varanda de forma simples e duradoura.<\/p>\n\t\t\t\t\t\t\t\t<\/div>\n\t\t\t\t<\/div>\n\t\t<div class=\"elementor-element elementor-element-93ce76a e-con-full e-flex e-con e-child\" data-id=\"93ce76a\" data-element_type=\"container\" data-e-type=\"container\">\n\t\t\t\t<div class=\"elementor-element elementor-element-7c18a63f elementor-widget elementor-widget-image\" data-id=\"7c18a63f\" data-element_type=\"widget\" data-e-type=\"widget\" data-widget_type=\"image.default\">\n\t\t\t\t\t\t\t\t\t\t\t\t<figure class=\"wp-caption\">\n\t\t\t\t\t\t\t\t\t\t<img fetchpriority=\"high\" decoding=\"async\" width=\"800\" height=\"960\" src=\"https:\/\/wedomgroup.com\/wp-content\/uploads\/2026\/01\/cerramientos-1-853x1024.jpg\" class=\"attachment-large size-large wp-image-4878\" alt=\"Soluciones de ocultaci\u00f3n para jard\u00edn Dosantex Garden\" srcset=\"https:\/\/wedomgroup.com\/wp-content\/uploads\/2026\/01\/cerramientos-1-853x1024.jpg 853w, https:\/\/wedomgroup.com\/wp-content\/uploads\/2026\/01\/cerramientos-1-250x300.jpg 250w, https:\/\/wedomgroup.com\/wp-content\/uploads\/2026\/01\/cerramientos-1-768x922.jpg 768w, https:\/\/wedomgroup.com\/wp-content\/uploads\/2026\/01\/cerramientos-1.jpg 1000w\" sizes=\"(max-width: 800px) 100vw, 800px\" \/>\t\t\t\t\t\t\t\t\t\t\t<figcaption class=\"widget-image-caption wp-caption-text\"><\/figcaption>\n\t\t\t\t\t\t\t\t\t\t<\/figure>\n\t\t\t\t\t\t\t\t\t<\/div>\n\t\t\t\t<\/div>\n\t\t\t\t\t<\/div>\n\t\t\t\t<\/div>\n\t\t<div class=\"elementor-element elementor-element-42991837 e-flex e-con-boxed e-con e-parent\" data-id=\"42991837\" data-element_type=\"container\" data-e-type=\"container\" data-settings=\"{&quot;background_background&quot;:&quot;classic&quot;}\">\n\t\t\t\t\t<div class=\"e-con-inner\">\n\t\t<div class=\"elementor-element elementor-element-d9d0d35 e-con-full e-flex e-con e-child\" data-id=\"d9d0d35\" data-element_type=\"container\" data-e-type=\"container\">\n\t\t\t\t<div class=\"elementor-element elementor-element-3313fedb elementor-widget elementor-widget-heading\" data-id=\"3313fedb\" data-element_type=\"widget\" data-e-type=\"widget\" data-widget_type=\"heading.default\">\n\t\t\t\t\t<h2 class=\"elementor-heading-title elementor-size-default\">Privacidade e prote\u00e7\u00e3o com pain\u00e9is e cercas de oculta\u00e7\u00e3o<\/h2>\t\t\t\t<\/div>\n\t\t\t\t<div class=\"elementor-element elementor-element-6398a5c8 elementor-widget elementor-widget-text-editor\" data-id=\"6398a5c8\" data-element_type=\"widget\" data-e-type=\"widget\" data-widget_type=\"text-editor.default\">\n\t\t\t\t\t\t\t\t\t<p>Na Dosantex Garden, oferecemos diversos <strong>materiais de oculta\u00e7\u00e3o para jardins<\/strong>, adaptados a todos os tipos de espa\u00e7os e necessidades. Desde pain\u00e9is de oculta\u00e7\u00e3o at\u00e9 cercas e veda\u00e7\u00f5es, as nossas solu\u00e7\u00f5es permitem proteger o jardim do exterior, do vento ou de olhares indiscretos, sem renunciar a um acabamento est\u00e9tico, cuidado e resistente ao uso em exteriores. Uma maneira simples de obter privacidade e conforto em qualquer espa\u00e7o ao ar livre.<\/p>\n\t\t\t\t\t\t\t\t<\/div>\n\t\t\t\t<\/div>\n\t\t<div class=\"elementor-element elementor-element-2107b6bb e-grid e-con-full e-con e-child\" data-id=\"2107b6bb\" data-element_type=\"container\" data-e-type=\"container\">\n\t\t<div class=\"elementor-element elementor-element-77ce45d7 e-con-full e-flex e-con e-child\" data-id=\"77ce45d7\" data-element_type=\"container\" data-e-type=\"container\" data-settings=\"{&quot;background_background&quot;:&quot;classic&quot;}\">\n\t\t\t\t<div class=\"elementor-element elementor-element-72d63590 elementor-widget elementor-widget-image\" data-id=\"72d63590\" data-element_type=\"widget\" data-e-type=\"widget\" data-widget_type=\"image.default\">\n\t\t\t\t\t\t\t\t\t\t\t\t<figure class=\"wp-caption\">\n\t\t\t\t\t\t\t\t\t\t<img decoding=\"async\" width=\"800\" height=\"533\" src=\"https:\/\/wedomgroup.com\/wp-content\/uploads\/2026\/01\/ocultacion-jardin.jpg\" class=\"attachment-large size-large wp-image-5316\" alt=\"Paneles de ocultaci\u00f3n para jard\u00edn\" srcset=\"https:\/\/wedomgroup.com\/wp-content\/uploads\/2026\/01\/ocultacion-jardin.jpg 800w, https:\/\/wedomgroup.com\/wp-content\/uploads\/2026\/01\/ocultacion-jardin-300x200.jpg 300w, https:\/\/wedomgroup.com\/wp-content\/uploads\/2026\/01\/ocultacion-jardin-768x512.jpg 768w\" sizes=\"(max-width: 800px) 100vw, 800px\" \/>\t\t\t\t\t\t\t\t\t\t\t<figcaption class=\"widget-image-caption wp-caption-text\"><\/figcaption>\n\t\t\t\t\t\t\t\t\t\t<\/figure>\n\t\t\t\t\t\t\t\t\t<\/div>\n\t\t\t\t<div class=\"elementor-element elementor-element-1e6783d0 elementor-widget elementor-widget-heading\" data-id=\"1e6783d0\" data-element_type=\"widget\" data-e-type=\"widget\" data-widget_type=\"heading.default\">\n\t\t\t\t\t<h3 class=\"elementor-heading-title elementor-size-default\">Pain\u00e9is de oculta\u00e7\u00e3o para jardim<\/h3>\t\t\t\t<\/div>\n\t\t\t\t<div class=\"elementor-element elementor-element-319f738c elementor-widget elementor-widget-text-editor\" data-id=\"319f738c\" data-element_type=\"widget\" data-e-type=\"widget\" data-widget_type=\"text-editor.default\">\n\t\t\t\t\t\t\t\t\t<p>Os <strong>pain\u00e9is de oculta\u00e7\u00e3o para jardim<\/strong> s\u00e3o uma solu\u00e7\u00e3o pr\u00e1tica e decorativa para obter privacidade rapidamente. Dispon\u00edveis em diversos materiais e acabamentos, como pain\u00e9is de PVC, madeira ou sebes artificiais, adaptam-se facilmente a cercas, muros e corrim\u00e3os. Os pain\u00e9is de oculta\u00e7\u00e3o para jardim permitem criar ambientes organizados e bem definidos em qualquer espa\u00e7o exterior.<\/p>\n\t\t\t\t\t\t\t\t<\/div>\n\t\t\t\t<\/div>\n\t\t<div class=\"elementor-element elementor-element-7d8241ec e-con-full e-flex e-con e-child\" data-id=\"7d8241ec\" data-element_type=\"container\" data-e-type=\"container\" data-settings=\"{&quot;background_background&quot;:&quot;classic&quot;}\">\n\t\t\t\t<div class=\"elementor-element elementor-element-53c955b3 elementor-widget elementor-widget-image\" data-id=\"53c955b3\" data-element_type=\"widget\" data-e-type=\"widget\" data-widget_type=\"image.default\">\n\t\t\t\t\t\t\t\t\t\t\t\t<figure class=\"wp-caption\">\n\t\t\t\t\t\t\t\t\t\t<img decoding=\"async\" width=\"800\" height=\"533\" src=\"https:\/\/wedomgroup.com\/wp-content\/uploads\/2026\/01\/vallas.jpg\" class=\"attachment-large size-large wp-image-5312\" alt=\"Vallas y cerramientos de ocultaci\u00f3n\" srcset=\"https:\/\/wedomgroup.com\/wp-content\/uploads\/2026\/01\/vallas.jpg 800w, https:\/\/wedomgroup.com\/wp-content\/uploads\/2026\/01\/vallas-300x200.jpg 300w, https:\/\/wedomgroup.com\/wp-content\/uploads\/2026\/01\/vallas-768x512.jpg 768w\" sizes=\"(max-width: 800px) 100vw, 800px\" \/>\t\t\t\t\t\t\t\t\t\t\t<figcaption class=\"widget-image-caption wp-caption-text\"><\/figcaption>\n\t\t\t\t\t\t\t\t\t\t<\/figure>\n\t\t\t\t\t\t\t\t\t<\/div>\n\t\t\t\t<div class=\"elementor-element elementor-element-5a517624 elementor-widget elementor-widget-heading\" data-id=\"5a517624\" data-element_type=\"widget\" data-e-type=\"widget\" data-widget_type=\"heading.default\">\n\t\t\t\t\t<h3 class=\"elementor-heading-title elementor-size-default\">Cercas e veda\u00e7\u00f5es de oculta\u00e7\u00e3o<\/h3>\t\t\t\t<\/div>\n\t\t\t\t<div class=\"elementor-element elementor-element-72f2fdd6 elementor-widget elementor-widget-text-editor\" data-id=\"72f2fdd6\" data-element_type=\"widget\" data-e-type=\"widget\" data-widget_type=\"text-editor.default\">\n\t\t\t\t\t\t\t\t\t<p>As <strong>veda\u00e7\u00f5es de oculta\u00e7\u00e3o<\/strong> para jardim e os <strong>cercos de oculta\u00e7\u00e3o<\/strong> oferecem uma solu\u00e7\u00e3o resistente para delimitar e proteger o per\u00edmetro do jardim. Ideais para terrenos, p\u00e1tios e \u00e1reas exteriores, estes sistemas de veda\u00e7\u00e3o de jardim combinam seguran\u00e7a, privacidade e durabilidade, integrando-se naturalmente no ambiente.<\/p>\n\t\t\t\t\t\t\t\t<\/div>\n\t\t\t\t<\/div>\n\t\t<div class=\"elementor-element elementor-element-673994 e-con-full e-flex e-con e-child\" data-id=\"673994\" data-element_type=\"container\" data-e-type=\"container\" data-settings=\"{&quot;background_background&quot;:&quot;classic&quot;}\">\n\t\t\t\t<div class=\"elementor-element elementor-element-6dbb044 elementor-widget elementor-widget-image\" data-id=\"6dbb044\" data-element_type=\"widget\" data-e-type=\"widget\" data-widget_type=\"image.default\">\n\t\t\t\t\t\t\t\t\t\t\t\t<figure class=\"wp-caption\">\n\t\t\t\t\t\t\t\t\t\t<img loading=\"lazy\" decoding=\"async\" width=\"800\" height=\"533\" src=\"https:\/\/wedomgroup.com\/wp-content\/uploads\/2026\/01\/opciones-ocultacion.jpg\" class=\"attachment-large size-large wp-image-5308\" alt=\"Opciones de ocultaci\u00f3n artificial\" srcset=\"https:\/\/wedomgroup.com\/wp-content\/uploads\/2026\/01\/opciones-ocultacion.jpg 800w, https:\/\/wedomgroup.com\/wp-content\/uploads\/2026\/01\/opciones-ocultacion-300x200.jpg 300w, https:\/\/wedomgroup.com\/wp-content\/uploads\/2026\/01\/opciones-ocultacion-768x512.jpg 768w\" sizes=\"(max-width: 800px) 100vw, 800px\" \/>\t\t\t\t\t\t\t\t\t\t\t<figcaption class=\"widget-image-caption wp-caption-text\"><\/figcaption>\n\t\t\t\t\t\t\t\t\t\t<\/figure>\n\t\t\t\t\t\t\t\t\t<\/div>\n\t\t\t\t<div class=\"elementor-element elementor-element-3b45de7a elementor-widget elementor-widget-heading\" data-id=\"3b45de7a\" data-element_type=\"widget\" data-e-type=\"widget\" data-widget_type=\"heading.default\">\n\t\t\t\t\t<h3 class=\"elementor-heading-title elementor-size-default\">Op\u00e7\u00f5es de oculta\u00e7\u00e3o artificial<\/h3>\t\t\t\t<\/div>\n\t\t\t\t<div class=\"elementor-element elementor-element-7c1b6a37 elementor-widget elementor-widget-text-editor\" data-id=\"7c1b6a37\" data-element_type=\"widget\" data-e-type=\"widget\" data-widget_type=\"text-editor.default\">\n\t\t\t\t\t\t\t\t\t<p>A <strong>cobertura artificial para jardim<\/strong> \u00e9 uma alternativa pr\u00e1tica e de baixa manuten\u00e7\u00e3o. Solu\u00e7\u00f5es como sebes artificiais, cani\u00e7os de oculta\u00e7\u00e3o ou pain\u00e9is sint\u00e9ticos permitem desfrutar de privacidade durante todo o ano sem cuidados adicionais. S\u00e3o ideais para quem procura solu\u00e7\u00f5es de oculta\u00e7\u00e3o para jardim que sejam funcionais e f\u00e1ceis de instalar.<\/p>\n\t\t\t\t\t\t\t\t<\/div>\n\t\t\t\t<\/div>\n\t\t\t\t<\/div>\n\t\t\t\t\t<\/div>\n\t\t\t\t<\/div>\n\t\t\t\t<\/div>\n\t\t","protected":false},"excerpt":{"rendered":"<p>Solu\u00e7\u00f5es de oculta\u00e7\u00e3o para jardim Dosantex Garden As solu\u00e7\u00f5es de oculta\u00e7\u00e3o para jardim Dosantex Garden foram concebidas para criar espa\u00e7os exteriores mais \u00edntimos, protegidos e agrad\u00e1veis. A nossa gama de sistemas de oculta\u00e7\u00e3o para jardim combina funcionalidade e design, permitindo delimitar zonas, ganhar privacidade e melhorar a est\u00e9tica do jardim, terra\u00e7o ou varanda de forma [&hellip;]<\/p>\n","protected":false},"author":3,"featured_media":0,"parent":5366,"menu_order":0,"comment_status":"closed","ping_status":"closed","template":"","meta":{"_acf_changed":false,"footnotes":""},"class_list":["post-5440","page","type-page","status-publish","hentry"],"acf":[],"yoast_head":"<!-- This site is optimized with the Yoast SEO plugin v27.5 - https:\/\/yoast.com\/product\/yoast-seo-wordpress\/ -->\n<title>Redes mosquiteiras e acess\u00f3rios de jardim | Dosantex Garden<\/title>\n<meta name=\"description\" content=\"Dosantex Garden: redes mosquiteiras, treli\u00e7as e acess\u00f3rios de jardim para mant\u00ea-lo funcional, protegido e cuidado.\" \/>\n<meta name=\"robots\" content=\"index, follow, max-snippet:-1, max-image-preview:large, max-video-preview:-1\" \/>\n<link rel=\"canonical\" href=\"https:\/\/wedomgroup.com\/pt-pt\/dosantex-garden\/vedacoes-para-exteriores\/\" \/>\n<meta property=\"og:locale\" content=\"pt_PT\" \/>\n<meta property=\"og:type\" content=\"article\" \/>\n<meta property=\"og:title\" content=\"Redes mosquiteiras e acess\u00f3rios de jardim | Dosantex Garden\" \/>\n<meta property=\"og:description\" content=\"Dosantex Garden: redes mosquiteiras, treli\u00e7as e acess\u00f3rios de jardim para mant\u00ea-lo funcional, protegido e cuidado.\" \/>\n<meta property=\"og:url\" content=\"https:\/\/wedomgroup.com\/pt-pt\/dosantex-garden\/vedacoes-para-exteriores\/\" \/>\n<meta property=\"og:site_name\" content=\"wedom\" \/>\n<meta property=\"article:modified_time\" content=\"2026-02-16T08:36:58+00:00\" \/>\n<meta property=\"og:image\" content=\"https:\/\/wedomgroup.com\/wp-content\/uploads\/2026\/01\/cerramientos-1-853x1024.jpg\" \/>\n<meta name=\"twitter:card\" content=\"summary_large_image\" \/>\n<meta name=\"twitter:label1\" content=\"Tempo estimado de leitura\" \/>\n\t<meta name=\"twitter:data1\" content=\"3 minutos\" \/>\n<script type=\"application\/ld+json\" class=\"yoast-schema-graph\">{\"@context\":\"https:\\\/\\\/schema.org\",\"@graph\":[{\"@type\":\"WebPage\",\"@id\":\"https:\\\/\\\/wedomgroup.com\\\/pt-pt\\\/dosantex-garden\\\/vedacoes-para-exteriores\\\/\",\"url\":\"https:\\\/\\\/wedomgroup.com\\\/pt-pt\\\/dosantex-garden\\\/vedacoes-para-exteriores\\\/\",\"name\":\"Redes mosquiteiras e acess\u00f3rios de jardim | Dosantex Garden\",\"isPartOf\":{\"@id\":\"https:\\\/\\\/wedomgroup.com\\\/pt-pt\\\/#website\"},\"primaryImageOfPage\":{\"@id\":\"https:\\\/\\\/wedomgroup.com\\\/pt-pt\\\/dosantex-garden\\\/vedacoes-para-exteriores\\\/#primaryimage\"},\"image\":{\"@id\":\"https:\\\/\\\/wedomgroup.com\\\/pt-pt\\\/dosantex-garden\\\/vedacoes-para-exteriores\\\/#primaryimage\"},\"thumbnailUrl\":\"https:\\\/\\\/wedomgroup.com\\\/wp-content\\\/uploads\\\/2026\\\/01\\\/cerramientos-1-853x1024.jpg\",\"datePublished\":\"2026-01-25T10:36:21+00:00\",\"dateModified\":\"2026-02-16T08:36:58+00:00\",\"description\":\"Dosantex Garden: redes mosquiteiras, treli\u00e7as e acess\u00f3rios de jardim para mant\u00ea-lo funcional, protegido e cuidado.\",\"breadcrumb\":{\"@id\":\"https:\\\/\\\/wedomgroup.com\\\/pt-pt\\\/dosantex-garden\\\/vedacoes-para-exteriores\\\/#breadcrumb\"},\"inLanguage\":\"pt-PT\",\"potentialAction\":[{\"@type\":\"ReadAction\",\"target\":[\"https:\\\/\\\/wedomgroup.com\\\/pt-pt\\\/dosantex-garden\\\/vedacoes-para-exteriores\\\/\"]}]},{\"@type\":\"ImageObject\",\"inLanguage\":\"pt-PT\",\"@id\":\"https:\\\/\\\/wedomgroup.com\\\/pt-pt\\\/dosantex-garden\\\/vedacoes-para-exteriores\\\/#primaryimage\",\"url\":\"https:\\\/\\\/wedomgroup.com\\\/wp-content\\\/uploads\\\/2026\\\/01\\\/cerramientos-1-853x1024.jpg\",\"contentUrl\":\"https:\\\/\\\/wedomgroup.com\\\/wp-content\\\/uploads\\\/2026\\\/01\\\/cerramientos-1-853x1024.jpg\"},{\"@type\":\"BreadcrumbList\",\"@id\":\"https:\\\/\\\/wedomgroup.com\\\/pt-pt\\\/dosantex-garden\\\/vedacoes-para-exteriores\\\/#breadcrumb\",\"itemListElement\":[{\"@type\":\"ListItem\",\"position\":1,\"name\":\"Inicio\",\"item\":\"https:\\\/\\\/wedomgroup.com\\\/pt-pt\\\/\"},{\"@type\":\"ListItem\",\"position\":2,\"name\":\"Dosantex Garden\",\"item\":\"https:\\\/\\\/wedomgroup.com\\\/pt-pt\\\/dosantex-garden\\\/\"},{\"@type\":\"ListItem\",\"position\":3,\"name\":\"Veda\u00e7\u00f5es para exteriores\"}]},{\"@type\":\"WebSite\",\"@id\":\"https:\\\/\\\/wedomgroup.com\\\/pt-pt\\\/#website\",\"url\":\"https:\\\/\\\/wedomgroup.com\\\/pt-pt\\\/\",\"name\":\"Wedom\",\"description\":\"Hacemos realidad tu idea de hogar\",\"publisher\":{\"@id\":\"https:\\\/\\\/wedomgroup.com\\\/pt-pt\\\/#organization\"},\"potentialAction\":[{\"@type\":\"SearchAction\",\"target\":{\"@type\":\"EntryPoint\",\"urlTemplate\":\"https:\\\/\\\/wedomgroup.com\\\/pt-pt\\\/?s={search_term_string}\"},\"query-input\":{\"@type\":\"PropertyValueSpecification\",\"valueRequired\":true,\"valueName\":\"search_term_string\"}}],\"inLanguage\":\"pt-PT\"},{\"@type\":\"Organization\",\"@id\":\"https:\\\/\\\/wedomgroup.com\\\/pt-pt\\\/#organization\",\"name\":\"Wedom\",\"url\":\"https:\\\/\\\/wedomgroup.com\\\/pt-pt\\\/\",\"logo\":{\"@type\":\"ImageObject\",\"inLanguage\":\"pt-PT\",\"@id\":\"https:\\\/\\\/wedomgroup.com\\\/pt-pt\\\/#\\\/schema\\\/logo\\\/image\\\/\",\"url\":\"https:\\\/\\\/wedomgroup.com\\\/wp-content\\\/uploads\\\/2023\\\/05\\\/wedom-logo.png\",\"contentUrl\":\"https:\\\/\\\/wedomgroup.com\\\/wp-content\\\/uploads\\\/2023\\\/05\\\/wedom-logo.png\",\"width\":121,\"height\":28,\"caption\":\"Wedom\"},\"image\":{\"@id\":\"https:\\\/\\\/wedomgroup.com\\\/pt-pt\\\/#\\\/schema\\\/logo\\\/image\\\/\"},\"sameAs\":[\"https:\\\/\\\/www.linkedin.com\\\/company\\\/wedom-group\\\/\"]}]}<\/script>\n<!-- \/ Yoast SEO plugin. -->","yoast_head_json":{"title":"Redes mosquiteiras e acess\u00f3rios de jardim | Dosantex Garden","description":"Dosantex Garden: redes mosquiteiras, treli\u00e7as e acess\u00f3rios de jardim para mant\u00ea-lo funcional, protegido e cuidado.","robots":{"index":"index","follow":"follow","max-snippet":"max-snippet:-1","max-image-preview":"max-image-preview:large","max-video-preview":"max-video-preview:-1"},"canonical":"https:\/\/wedomgroup.com\/pt-pt\/dosantex-garden\/vedacoes-para-exteriores\/","og_locale":"pt_PT","og_type":"article","og_title":"Redes mosquiteiras e acess\u00f3rios de jardim | Dosantex Garden","og_description":"Dosantex Garden: redes mosquiteiras, treli\u00e7as e acess\u00f3rios de jardim para mant\u00ea-lo funcional, protegido e cuidado.","og_url":"https:\/\/wedomgroup.com\/pt-pt\/dosantex-garden\/vedacoes-para-exteriores\/","og_site_name":"wedom","article_modified_time":"2026-02-16T08:36:58+00:00","og_image":[{"url":"https:\/\/wedomgroup.com\/wp-content\/uploads\/2026\/01\/cerramientos-1-853x1024.jpg","type":"","width":"","height":""}],"twitter_card":"summary_large_image","twitter_misc":{"Tempo estimado de leitura":"3 minutos"},"schema":{"@context":"https:\/\/schema.org","@graph":[{"@type":"WebPage","@id":"https:\/\/wedomgroup.com\/pt-pt\/dosantex-garden\/vedacoes-para-exteriores\/","url":"https:\/\/wedomgroup.com\/pt-pt\/dosantex-garden\/vedacoes-para-exteriores\/","name":"Redes mosquiteiras e acess\u00f3rios de jardim | Dosantex Garden","isPartOf":{"@id":"https:\/\/wedomgroup.com\/pt-pt\/#website"},"primaryImageOfPage":{"@id":"https:\/\/wedomgroup.com\/pt-pt\/dosantex-garden\/vedacoes-para-exteriores\/#primaryimage"},"image":{"@id":"https:\/\/wedomgroup.com\/pt-pt\/dosantex-garden\/vedacoes-para-exteriores\/#primaryimage"},"thumbnailUrl":"https:\/\/wedomgroup.com\/wp-content\/uploads\/2026\/01\/cerramientos-1-853x1024.jpg","datePublished":"2026-01-25T10:36:21+00:00","dateModified":"2026-02-16T08:36:58+00:00","description":"Dosantex Garden: redes mosquiteiras, treli\u00e7as e acess\u00f3rios de jardim para mant\u00ea-lo funcional, protegido e cuidado.","breadcrumb":{"@id":"https:\/\/wedomgroup.com\/pt-pt\/dosantex-garden\/vedacoes-para-exteriores\/#breadcrumb"},"inLanguage":"pt-PT","potentialAction":[{"@type":"ReadAction","target":["https:\/\/wedomgroup.com\/pt-pt\/dosantex-garden\/vedacoes-para-exteriores\/"]}]},{"@type":"ImageObject","inLanguage":"pt-PT","@id":"https:\/\/wedomgroup.com\/pt-pt\/dosantex-garden\/vedacoes-para-exteriores\/#primaryimage","url":"https:\/\/wedomgroup.com\/wp-content\/uploads\/2026\/01\/cerramientos-1-853x1024.jpg","contentUrl":"https:\/\/wedomgroup.com\/wp-content\/uploads\/2026\/01\/cerramientos-1-853x1024.jpg"},{"@type":"BreadcrumbList","@id":"https:\/\/wedomgroup.com\/pt-pt\/dosantex-garden\/vedacoes-para-exteriores\/#breadcrumb","itemListElement":[{"@type":"ListItem","position":1,"name":"Inicio","item":"https:\/\/wedomgroup.com\/pt-pt\/"},{"@type":"ListItem","position":2,"name":"Dosantex Garden","item":"https:\/\/wedomgroup.com\/pt-pt\/dosantex-garden\/"},{"@type":"ListItem","position":3,"name":"Veda\u00e7\u00f5es para exteriores"}]},{"@type":"WebSite","@id":"https:\/\/wedomgroup.com\/pt-pt\/#website","url":"https:\/\/wedomgroup.com\/pt-pt\/","name":"Wedom","description":"Hacemos realidad tu idea de hogar","publisher":{"@id":"https:\/\/wedomgroup.com\/pt-pt\/#organization"},"potentialAction":[{"@type":"SearchAction","target":{"@type":"EntryPoint","urlTemplate":"https:\/\/wedomgroup.com\/pt-pt\/?s={search_term_string}"},"query-input":{"@type":"PropertyValueSpecification","valueRequired":true,"valueName":"search_term_string"}}],"inLanguage":"pt-PT"},{"@type":"Organization","@id":"https:\/\/wedomgroup.com\/pt-pt\/#organization","name":"Wedom","url":"https:\/\/wedomgroup.com\/pt-pt\/","logo":{"@type":"ImageObject","inLanguage":"pt-PT","@id":"https:\/\/wedomgroup.com\/pt-pt\/#\/schema\/logo\/image\/","url":"https:\/\/wedomgroup.com\/wp-content\/uploads\/2023\/05\/wedom-logo.png","contentUrl":"https:\/\/wedomgroup.com\/wp-content\/uploads\/2023\/05\/wedom-logo.png","width":121,"height":28,"caption":"Wedom"},"image":{"@id":"https:\/\/wedomgroup.com\/pt-pt\/#\/schema\/logo\/image\/"},"sameAs":["https:\/\/www.linkedin.com\/company\/wedom-group\/"]}]}},"_links":{"self":[{"href":"https:\/\/wedomgroup.com\/pt-pt\/wp-json\/wp\/v2\/pages\/5440","targetHints":{"allow":["GET"]}}],"collection":[{"href":"https:\/\/wedomgroup.com\/pt-pt\/wp-json\/wp\/v2\/pages"}],"about":[{"href":"https:\/\/wedomgroup.com\/pt-pt\/wp-json\/wp\/v2\/types\/page"}],"author":[{"embeddable":true,"href":"https:\/\/wedomgroup.com\/pt-pt\/wp-json\/wp\/v2\/users\/3"}],"replies":[{"embeddable":true,"href":"https:\/\/wedomgroup.com\/pt-pt\/wp-json\/wp\/v2\/comments?post=5440"}],"version-history":[{"count":3,"href":"https:\/\/wedomgroup.com\/pt-pt\/wp-json\/wp\/v2\/pages\/5440\/revisions"}],"predecessor-version":[{"id":5521,"href":"https:\/\/wedomgroup.com\/pt-pt\/wp-json\/wp\/v2\/pages\/5440\/revisions\/5521"}],"up":[{"embeddable":true,"href":"https:\/\/wedomgroup.com\/pt-pt\/wp-json\/wp\/v2\/pages\/5366"}],"wp:attachment":[{"href":"https:\/\/wedomgroup.com\/pt-pt\/wp-json\/wp\/v2\/media?parent=5440"}],"curies":[{"name":"wp","href":"https:\/\/api.w.org\/{rel}","templated":true}]}}