{"id":5442,"date":"2026-01-25T10:36:40","date_gmt":"2026-01-25T10:36:40","guid":{"rendered":"https:\/\/wedomgroup.com\/dosantex-garden\/relva-artificial\/"},"modified":"2026-02-03T10:51:01","modified_gmt":"2026-02-03T10:51:01","slug":"relva-artificial","status":"publish","type":"page","link":"https:\/\/wedomgroup.com\/pt-pt\/dosantex-garden\/relva-artificial\/","title":{"rendered":"Relva artificial"},"content":{"rendered":"\t\t<div data-elementor-type=\"wp-page\" data-elementor-id=\"5442\" class=\"elementor elementor-5442 elementor-4815\" data-elementor-post-type=\"page\">\n\t\t\t\t<div class=\"elementor-element elementor-element-61a73294 e-flex e-con-boxed e-con e-parent\" data-id=\"61a73294\" data-element_type=\"container\" data-e-type=\"container\">\n\t\t\t\t\t<div class=\"e-con-inner\">\n\t\t<div class=\"elementor-element elementor-element-57a60890 e-con-full e-flex e-con e-child\" data-id=\"57a60890\" data-element_type=\"container\" data-e-type=\"container\">\n\t\t\t\t<div class=\"elementor-element elementor-element-516018f0 elementor-widget elementor-widget-breadcrumbs\" data-id=\"516018f0\" data-element_type=\"widget\" data-e-type=\"widget\" data-widget_type=\"breadcrumbs.default\">\n\t\t\t\t\t<p id=\"breadcrumbs\"><span><span><a href=\"https:\/\/wedomgroup.com\/pt-pt\/\">Inicio<\/a><\/span><\/span><\/p>\t\t\t\t<\/div>\n\t\t\t\t<div class=\"elementor-element elementor-element-13f56942 elementor-widget elementor-widget-heading\" data-id=\"13f56942\" data-element_type=\"widget\" data-e-type=\"widget\" data-widget_type=\"heading.default\">\n\t\t\t\t\t<h1 class=\"elementor-heading-title elementor-size-default\">Relva artificial Dosantex Garden: qualidade para o teu jardim<\/h1>\t\t\t\t<\/div>\n\t\t\t\t<div class=\"elementor-element elementor-element-ccdb5f6 elementor-widget elementor-widget-text-editor\" data-id=\"ccdb5f6\" data-element_type=\"widget\" data-e-type=\"widget\" data-widget_type=\"text-editor.default\">\n\t\t\t\t\t\t\t\t\t<p>A <strong>relva artificial Dosantex Garden<\/strong> \u00e9 uma solu\u00e7\u00e3o pr\u00e1tica e duradoura para desfrutar de espa\u00e7os verdes durante todo o ano. Projetado para oferecer uma apar\u00eancia natural e um toque agrad\u00e1vel, a nossa relva sint\u00e9tica \u00e9 ideal para jardins, terra\u00e7os, p\u00e1tios e zonas de piscina.<\/p>\n<p>Uma alternativa funcional \u00e0 relva natural, sem rega nem manuten\u00e7\u00e3o intensiva, que permite manter uma imagem cuidada do exterior com um m\u00ednimo esfor\u00e7o. Uma op\u00e7\u00e3o pensada para quem procura conforto, resist\u00eancia e um acabamento est\u00e9tico uniforme em qualquer espa\u00e7o exterior.<\/p>\n\t\t\t\t\t\t\t\t<\/div>\n\t\t\t\t<\/div>\n\t\t<div class=\"elementor-element elementor-element-1caa7bc9 e-con-full e-flex e-con e-child\" data-id=\"1caa7bc9\" data-element_type=\"container\" data-e-type=\"container\">\n\t\t\t\t<div class=\"elementor-element elementor-element-351bfbf9 elementor-widget elementor-widget-image\" data-id=\"351bfbf9\" data-element_type=\"widget\" data-e-type=\"widget\" data-widget_type=\"image.default\">\n\t\t\t\t\t\t\t\t\t\t\t\t<figure class=\"wp-caption\">\n\t\t\t\t\t\t\t\t\t\t<img fetchpriority=\"high\" decoding=\"async\" width=\"800\" height=\"960\" src=\"https:\/\/wedomgroup.com\/wp-content\/uploads\/2026\/01\/cesped-artificial-1-853x1024.jpg\" class=\"attachment-large size-large wp-image-4882\" alt=\"C\u00e9sped artificial Dosantex Garden\" srcset=\"https:\/\/wedomgroup.com\/wp-content\/uploads\/2026\/01\/cesped-artificial-1-853x1024.jpg 853w, https:\/\/wedomgroup.com\/wp-content\/uploads\/2026\/01\/cesped-artificial-1-250x300.jpg 250w, https:\/\/wedomgroup.com\/wp-content\/uploads\/2026\/01\/cesped-artificial-1-768x922.jpg 768w, https:\/\/wedomgroup.com\/wp-content\/uploads\/2026\/01\/cesped-artificial-1.jpg 1000w\" sizes=\"(max-width: 800px) 100vw, 800px\" \/>\t\t\t\t\t\t\t\t\t\t\t<figcaption class=\"widget-image-caption wp-caption-text\"><\/figcaption>\n\t\t\t\t\t\t\t\t\t\t<\/figure>\n\t\t\t\t\t\t\t\t\t<\/div>\n\t\t\t\t<\/div>\n\t\t\t\t\t<\/div>\n\t\t\t\t<\/div>\n\t\t<div class=\"elementor-element elementor-element-10f299a0 e-flex e-con-boxed e-con e-parent\" data-id=\"10f299a0\" data-element_type=\"container\" data-e-type=\"container\" data-settings=\"{&quot;background_background&quot;:&quot;classic&quot;}\">\n\t\t\t\t\t<div class=\"e-con-inner\">\n\t\t<div class=\"elementor-element elementor-element-d63025f e-con-full e-flex e-con e-child\" data-id=\"d63025f\" data-element_type=\"container\" data-e-type=\"container\">\n\t\t\t\t<div class=\"elementor-element elementor-element-2856dd79 elementor-widget elementor-widget-heading\" data-id=\"2856dd79\" data-element_type=\"widget\" data-e-type=\"widget\" data-widget_type=\"heading.default\">\n\t\t\t\t\t<h2 class=\"elementor-heading-title elementor-size-default\">Tudo o que precisa para instalar e manter a sua relva artificial<\/h2>\t\t\t\t<\/div>\n\t\t\t\t<div class=\"elementor-element elementor-element-7531c905 elementor-widget elementor-widget-text-editor\" data-id=\"7531c905\" data-element_type=\"widget\" data-e-type=\"widget\" data-widget_type=\"text-editor.default\">\n\t\t\t\t\t\t\t\t\t<p>Na Dosantex Garden encontras tudo o necess\u00e1rio para comprar <strong>relva artificial<\/strong> com garantias de qualidade. Os nossos produtos est\u00e3o pensados para facilitar a instala\u00e7\u00e3o e assegurar um resultado uniforme e resistente, tanto em projetos dom\u00e9sticos como em espa\u00e7os de uso intensivo.<\/p>\n<p>A <strong>relva artificial em rolo<\/strong> permite uma coloca\u00e7\u00e3o simples e uma adapta\u00e7\u00e3o perfeita a cada superf\u00edcie, oferecendo um acabamento est\u00e1vel e duradouro com o passar do tempo.<\/p>\n\t\t\t\t\t\t\t\t<\/div>\n\t\t\t\t<\/div>\n\t\t<div class=\"elementor-element elementor-element-c426a4e e-grid e-con-full e-con e-child\" data-id=\"c426a4e\" data-element_type=\"container\" data-e-type=\"container\">\n\t\t<div class=\"elementor-element elementor-element-39f94a42 e-con-full e-flex e-con e-child\" data-id=\"39f94a42\" data-element_type=\"container\" data-e-type=\"container\" data-settings=\"{&quot;background_background&quot;:&quot;classic&quot;}\">\n\t\t\t\t<div class=\"elementor-element elementor-element-38d3a244 elementor-widget elementor-widget-image\" data-id=\"38d3a244\" data-element_type=\"widget\" data-e-type=\"widget\" data-widget_type=\"image.default\">\n\t\t\t\t\t\t\t\t\t\t\t\t<figure class=\"wp-caption\">\n\t\t\t\t\t\t\t\t\t\t<img decoding=\"async\" width=\"800\" height=\"533\" src=\"https:\/\/wedomgroup.com\/wp-content\/uploads\/2026\/01\/rollos-cesped.jpg\" class=\"attachment-large size-large wp-image-5256\" alt=\"Rollos de c\u00e9sped artificial\" srcset=\"https:\/\/wedomgroup.com\/wp-content\/uploads\/2026\/01\/rollos-cesped.jpg 800w, https:\/\/wedomgroup.com\/wp-content\/uploads\/2026\/01\/rollos-cesped-300x200.jpg 300w, https:\/\/wedomgroup.com\/wp-content\/uploads\/2026\/01\/rollos-cesped-768x512.jpg 768w\" sizes=\"(max-width: 800px) 100vw, 800px\" \/>\t\t\t\t\t\t\t\t\t\t\t<figcaption class=\"widget-image-caption wp-caption-text\"><\/figcaption>\n\t\t\t\t\t\t\t\t\t\t<\/figure>\n\t\t\t\t\t\t\t\t\t<\/div>\n\t\t\t\t<div class=\"elementor-element elementor-element-e57bdfe elementor-widget elementor-widget-heading\" data-id=\"e57bdfe\" data-element_type=\"widget\" data-e-type=\"widget\" data-widget_type=\"heading.default\">\n\t\t\t\t\t<h3 class=\"elementor-heading-title elementor-size-default\">Rolos de relva artificial<\/h3>\t\t\t\t<\/div>\n\t\t\t\t<div class=\"elementor-element elementor-element-4969eca elementor-widget elementor-widget-text-editor\" data-id=\"4969eca\" data-element_type=\"widget\" data-e-type=\"widget\" data-widget_type=\"text-editor.default\">\n\t\t\t\t\t\t\t\t\t<p>Os <strong>rolos de relva artificial<\/strong> oferecem uma solu\u00e7\u00e3o vers\u00e1til para cobrir superf\u00edcies de diferentes tamanhos. Dispon\u00edveis em diferentes formatos, o rolo de relva artificial facilita uma instala\u00e7\u00e3o cont\u00ednua e um acabamento visual homog\u00e9neo. S\u00e3o ideais para jardins, terra\u00e7os e zonas exteriores que requerem resist\u00eancia ao uso di\u00e1rio e \u00e0s condi\u00e7\u00f5es clim\u00e1ticas, mantendo a sua apar\u00eancia durante todo o ano.<\/p>\n<p>Gra\u00e7as ao seu formato em rolo, permitem otimizar o corte e reduzir desperd\u00edcios durante a instala\u00e7\u00e3o.<\/p>\n\t\t\t\t\t\t\t\t<\/div>\n\t\t\t\t<\/div>\n\t\t<div class=\"elementor-element elementor-element-5d4de59f e-con-full e-flex e-con e-child\" data-id=\"5d4de59f\" data-element_type=\"container\" data-e-type=\"container\" data-settings=\"{&quot;background_background&quot;:&quot;classic&quot;}\">\n\t\t\t\t<div class=\"elementor-element elementor-element-4a57616f elementor-widget elementor-widget-image\" data-id=\"4a57616f\" data-element_type=\"widget\" data-e-type=\"widget\" data-widget_type=\"image.default\">\n\t\t\t\t\t\t\t\t\t\t\t\t<figure class=\"wp-caption\">\n\t\t\t\t\t\t\t\t\t\t<img decoding=\"async\" width=\"800\" height=\"533\" src=\"https:\/\/wedomgroup.com\/wp-content\/uploads\/2026\/01\/cesped-artificial-2.jpg\" class=\"attachment-large size-large wp-image-5252\" alt=\"C\u00e9sped artificial econ\u00f3mico\" srcset=\"https:\/\/wedomgroup.com\/wp-content\/uploads\/2026\/01\/cesped-artificial-2.jpg 800w, https:\/\/wedomgroup.com\/wp-content\/uploads\/2026\/01\/cesped-artificial-2-300x200.jpg 300w, https:\/\/wedomgroup.com\/wp-content\/uploads\/2026\/01\/cesped-artificial-2-768x512.jpg 768w\" sizes=\"(max-width: 800px) 100vw, 800px\" \/>\t\t\t\t\t\t\t\t\t\t\t<figcaption class=\"widget-image-caption wp-caption-text\"><\/figcaption>\n\t\t\t\t\t\t\t\t\t\t<\/figure>\n\t\t\t\t\t\t\t\t\t<\/div>\n\t\t\t\t<div class=\"elementor-element elementor-element-74719448 elementor-widget elementor-widget-heading\" data-id=\"74719448\" data-element_type=\"widget\" data-e-type=\"widget\" data-widget_type=\"heading.default\">\n\t\t\t\t\t<h3 class=\"elementor-heading-title elementor-size-default\">Relva artificial econ\u00f3mica<\/h3>\t\t\t\t<\/div>\n\t\t\t\t<div class=\"elementor-element elementor-element-1e728a9f elementor-widget elementor-widget-text-editor\" data-id=\"1e728a9f\" data-element_type=\"widget\" data-e-type=\"widget\" data-widget_type=\"text-editor.default\">\n\t\t\t\t\t\t\t\t\t<p>A nossa gama inclui relva artificial barata sem renunciar \u00e0 durabilidade nem a um bom acabamento est\u00e9tico. A <strong>relva artificial econ\u00f3mica da Dosantex Garden<\/strong> \u00e9 uma op\u00e7\u00e3o acess\u00edvel para renovar espa\u00e7os exteriores de forma r\u00e1pida e eficaz, oferecendo uma excelente rela\u00e7\u00e3o qualidade-pre\u00e7o para todo o tipo de projetos. Uma solu\u00e7\u00e3o pr\u00e1tica para quem procura funcionalidade, resist\u00eancia e um aspeto cuidado.<\/p>\n\t\t\t\t\t\t\t\t<\/div>\n\t\t\t\t<\/div>\n\t\t\t\t<\/div>\n\t\t\t\t\t<\/div>\n\t\t\t\t<\/div>\n\t\t\t\t<\/div>\n\t\t","protected":false},"excerpt":{"rendered":"<p>Relva artificial Dosantex Garden: qualidade para o teu jardim A relva artificial Dosantex Garden \u00e9 uma solu\u00e7\u00e3o pr\u00e1tica e duradoura para desfrutar de espa\u00e7os verdes durante todo o ano. Projetado para oferecer uma apar\u00eancia natural e um toque agrad\u00e1vel, a nossa relva sint\u00e9tica \u00e9 ideal para jardins, terra\u00e7os, p\u00e1tios e zonas de piscina. Uma alternativa [&hellip;]<\/p>\n","protected":false},"author":3,"featured_media":0,"parent":5366,"menu_order":0,"comment_status":"closed","ping_status":"closed","template":"","meta":{"_acf_changed":false,"footnotes":""},"class_list":["post-5442","page","type-page","status-publish","hentry"],"acf":[],"yoast_head":"<!-- This site is optimized with the Yoast SEO plugin v27.5 - https:\/\/yoast.com\/product\/yoast-seo-wordpress\/ -->\n<title>Relva artificial de qualidade e duradoura | Dosantex Garden<\/title>\n<meta name=\"description\" content=\"Compre relva artificial da Dosantex Garden: rolos de relva sint\u00e9tica duradoura, ideal para jardins, terra\u00e7os e zonas de piscina.\" \/>\n<meta name=\"robots\" content=\"index, follow, max-snippet:-1, max-image-preview:large, max-video-preview:-1\" \/>\n<link rel=\"canonical\" href=\"https:\/\/wedomgroup.com\/pt-pt\/dosantex-garden\/relva-artificial\/\" \/>\n<meta property=\"og:locale\" content=\"pt_PT\" \/>\n<meta property=\"og:type\" content=\"article\" \/>\n<meta property=\"og:title\" content=\"Relva artificial de qualidade e duradoura | Dosantex Garden\" \/>\n<meta property=\"og:description\" content=\"Compre relva artificial da Dosantex Garden: rolos de relva sint\u00e9tica duradoura, ideal para jardins, terra\u00e7os e zonas de piscina.\" \/>\n<meta property=\"og:url\" content=\"https:\/\/wedomgroup.com\/pt-pt\/dosantex-garden\/relva-artificial\/\" \/>\n<meta property=\"og:site_name\" content=\"wedom\" \/>\n<meta property=\"article:modified_time\" content=\"2026-02-03T10:51:01+00:00\" \/>\n<meta property=\"og:image\" content=\"https:\/\/wedomgroup.com\/wp-content\/uploads\/2026\/01\/cesped-artificial-1.jpg\" \/>\n\t<meta property=\"og:image:width\" content=\"1000\" \/>\n\t<meta property=\"og:image:height\" content=\"1200\" \/>\n\t<meta property=\"og:image:type\" content=\"image\/jpeg\" \/>\n<meta name=\"twitter:card\" content=\"summary_large_image\" \/>\n<meta name=\"twitter:label1\" content=\"Tempo estimado de leitura\" \/>\n\t<meta name=\"twitter:data1\" content=\"2 minutos\" \/>\n<script type=\"application\/ld+json\" class=\"yoast-schema-graph\">{\"@context\":\"https:\\\/\\\/schema.org\",\"@graph\":[{\"@type\":\"WebPage\",\"@id\":\"https:\\\/\\\/wedomgroup.com\\\/pt-pt\\\/dosantex-garden\\\/relva-artificial\\\/\",\"url\":\"https:\\\/\\\/wedomgroup.com\\\/pt-pt\\\/dosantex-garden\\\/relva-artificial\\\/\",\"name\":\"Relva artificial de qualidade e duradoura | Dosantex Garden\",\"isPartOf\":{\"@id\":\"https:\\\/\\\/wedomgroup.com\\\/pt-pt\\\/#website\"},\"primaryImageOfPage\":{\"@id\":\"https:\\\/\\\/wedomgroup.com\\\/pt-pt\\\/dosantex-garden\\\/relva-artificial\\\/#primaryimage\"},\"image\":{\"@id\":\"https:\\\/\\\/wedomgroup.com\\\/pt-pt\\\/dosantex-garden\\\/relva-artificial\\\/#primaryimage\"},\"thumbnailUrl\":\"https:\\\/\\\/wedomgroup.com\\\/wp-content\\\/uploads\\\/2026\\\/01\\\/cesped-artificial-1-853x1024.jpg\",\"datePublished\":\"2026-01-25T10:36:40+00:00\",\"dateModified\":\"2026-02-03T10:51:01+00:00\",\"description\":\"Compre relva artificial da Dosantex Garden: rolos de relva sint\u00e9tica duradoura, ideal para jardins, terra\u00e7os e zonas de piscina.\",\"breadcrumb\":{\"@id\":\"https:\\\/\\\/wedomgroup.com\\\/pt-pt\\\/dosantex-garden\\\/relva-artificial\\\/#breadcrumb\"},\"inLanguage\":\"pt-PT\",\"potentialAction\":[{\"@type\":\"ReadAction\",\"target\":[\"https:\\\/\\\/wedomgroup.com\\\/pt-pt\\\/dosantex-garden\\\/relva-artificial\\\/\"]}]},{\"@type\":\"ImageObject\",\"inLanguage\":\"pt-PT\",\"@id\":\"https:\\\/\\\/wedomgroup.com\\\/pt-pt\\\/dosantex-garden\\\/relva-artificial\\\/#primaryimage\",\"url\":\"https:\\\/\\\/wedomgroup.com\\\/wp-content\\\/uploads\\\/2026\\\/01\\\/cesped-artificial-1-853x1024.jpg\",\"contentUrl\":\"https:\\\/\\\/wedomgroup.com\\\/wp-content\\\/uploads\\\/2026\\\/01\\\/cesped-artificial-1-853x1024.jpg\"},{\"@type\":\"BreadcrumbList\",\"@id\":\"https:\\\/\\\/wedomgroup.com\\\/pt-pt\\\/dosantex-garden\\\/relva-artificial\\\/#breadcrumb\",\"itemListElement\":[{\"@type\":\"ListItem\",\"position\":1,\"name\":\"Inicio\",\"item\":\"https:\\\/\\\/wedomgroup.com\\\/pt-pt\\\/\"},{\"@type\":\"ListItem\",\"position\":2,\"name\":\"Dosantex Garden\",\"item\":\"https:\\\/\\\/wedomgroup.com\\\/pt-pt\\\/dosantex-garden\\\/\"},{\"@type\":\"ListItem\",\"position\":3,\"name\":\"Relva artificial\"}]},{\"@type\":\"WebSite\",\"@id\":\"https:\\\/\\\/wedomgroup.com\\\/pt-pt\\\/#website\",\"url\":\"https:\\\/\\\/wedomgroup.com\\\/pt-pt\\\/\",\"name\":\"Wedom\",\"description\":\"Hacemos realidad tu idea de hogar\",\"publisher\":{\"@id\":\"https:\\\/\\\/wedomgroup.com\\\/pt-pt\\\/#organization\"},\"potentialAction\":[{\"@type\":\"SearchAction\",\"target\":{\"@type\":\"EntryPoint\",\"urlTemplate\":\"https:\\\/\\\/wedomgroup.com\\\/pt-pt\\\/?s={search_term_string}\"},\"query-input\":{\"@type\":\"PropertyValueSpecification\",\"valueRequired\":true,\"valueName\":\"search_term_string\"}}],\"inLanguage\":\"pt-PT\"},{\"@type\":\"Organization\",\"@id\":\"https:\\\/\\\/wedomgroup.com\\\/pt-pt\\\/#organization\",\"name\":\"Wedom\",\"url\":\"https:\\\/\\\/wedomgroup.com\\\/pt-pt\\\/\",\"logo\":{\"@type\":\"ImageObject\",\"inLanguage\":\"pt-PT\",\"@id\":\"https:\\\/\\\/wedomgroup.com\\\/pt-pt\\\/#\\\/schema\\\/logo\\\/image\\\/\",\"url\":\"https:\\\/\\\/wedomgroup.com\\\/wp-content\\\/uploads\\\/2023\\\/05\\\/wedom-logo.png\",\"contentUrl\":\"https:\\\/\\\/wedomgroup.com\\\/wp-content\\\/uploads\\\/2023\\\/05\\\/wedom-logo.png\",\"width\":121,\"height\":28,\"caption\":\"Wedom\"},\"image\":{\"@id\":\"https:\\\/\\\/wedomgroup.com\\\/pt-pt\\\/#\\\/schema\\\/logo\\\/image\\\/\"},\"sameAs\":[\"https:\\\/\\\/www.linkedin.com\\\/company\\\/wedom-group\\\/\"]}]}<\/script>\n<!-- \/ Yoast SEO plugin. -->","yoast_head_json":{"title":"Relva artificial de qualidade e duradoura | Dosantex Garden","description":"Compre relva artificial da Dosantex Garden: rolos de relva sint\u00e9tica duradoura, ideal para jardins, terra\u00e7os e zonas de piscina.","robots":{"index":"index","follow":"follow","max-snippet":"max-snippet:-1","max-image-preview":"max-image-preview:large","max-video-preview":"max-video-preview:-1"},"canonical":"https:\/\/wedomgroup.com\/pt-pt\/dosantex-garden\/relva-artificial\/","og_locale":"pt_PT","og_type":"article","og_title":"Relva artificial de qualidade e duradoura | Dosantex Garden","og_description":"Compre relva artificial da Dosantex Garden: rolos de relva sint\u00e9tica duradoura, ideal para jardins, terra\u00e7os e zonas de piscina.","og_url":"https:\/\/wedomgroup.com\/pt-pt\/dosantex-garden\/relva-artificial\/","og_site_name":"wedom","article_modified_time":"2026-02-03T10:51:01+00:00","og_image":[{"width":1000,"height":1200,"url":"https:\/\/wedomgroup.com\/wp-content\/uploads\/2026\/01\/cesped-artificial-1.jpg","type":"image\/jpeg"}],"twitter_card":"summary_large_image","twitter_misc":{"Tempo estimado de leitura":"2 minutos"},"schema":{"@context":"https:\/\/schema.org","@graph":[{"@type":"WebPage","@id":"https:\/\/wedomgroup.com\/pt-pt\/dosantex-garden\/relva-artificial\/","url":"https:\/\/wedomgroup.com\/pt-pt\/dosantex-garden\/relva-artificial\/","name":"Relva artificial de qualidade e duradoura | Dosantex Garden","isPartOf":{"@id":"https:\/\/wedomgroup.com\/pt-pt\/#website"},"primaryImageOfPage":{"@id":"https:\/\/wedomgroup.com\/pt-pt\/dosantex-garden\/relva-artificial\/#primaryimage"},"image":{"@id":"https:\/\/wedomgroup.com\/pt-pt\/dosantex-garden\/relva-artificial\/#primaryimage"},"thumbnailUrl":"https:\/\/wedomgroup.com\/wp-content\/uploads\/2026\/01\/cesped-artificial-1-853x1024.jpg","datePublished":"2026-01-25T10:36:40+00:00","dateModified":"2026-02-03T10:51:01+00:00","description":"Compre relva artificial da Dosantex Garden: rolos de relva sint\u00e9tica duradoura, ideal para jardins, terra\u00e7os e zonas de piscina.","breadcrumb":{"@id":"https:\/\/wedomgroup.com\/pt-pt\/dosantex-garden\/relva-artificial\/#breadcrumb"},"inLanguage":"pt-PT","potentialAction":[{"@type":"ReadAction","target":["https:\/\/wedomgroup.com\/pt-pt\/dosantex-garden\/relva-artificial\/"]}]},{"@type":"ImageObject","inLanguage":"pt-PT","@id":"https:\/\/wedomgroup.com\/pt-pt\/dosantex-garden\/relva-artificial\/#primaryimage","url":"https:\/\/wedomgroup.com\/wp-content\/uploads\/2026\/01\/cesped-artificial-1-853x1024.jpg","contentUrl":"https:\/\/wedomgroup.com\/wp-content\/uploads\/2026\/01\/cesped-artificial-1-853x1024.jpg"},{"@type":"BreadcrumbList","@id":"https:\/\/wedomgroup.com\/pt-pt\/dosantex-garden\/relva-artificial\/#breadcrumb","itemListElement":[{"@type":"ListItem","position":1,"name":"Inicio","item":"https:\/\/wedomgroup.com\/pt-pt\/"},{"@type":"ListItem","position":2,"name":"Dosantex Garden","item":"https:\/\/wedomgroup.com\/pt-pt\/dosantex-garden\/"},{"@type":"ListItem","position":3,"name":"Relva artificial"}]},{"@type":"WebSite","@id":"https:\/\/wedomgroup.com\/pt-pt\/#website","url":"https:\/\/wedomgroup.com\/pt-pt\/","name":"Wedom","description":"Hacemos realidad tu idea de hogar","publisher":{"@id":"https:\/\/wedomgroup.com\/pt-pt\/#organization"},"potentialAction":[{"@type":"SearchAction","target":{"@type":"EntryPoint","urlTemplate":"https:\/\/wedomgroup.com\/pt-pt\/?s={search_term_string}"},"query-input":{"@type":"PropertyValueSpecification","valueRequired":true,"valueName":"search_term_string"}}],"inLanguage":"pt-PT"},{"@type":"Organization","@id":"https:\/\/wedomgroup.com\/pt-pt\/#organization","name":"Wedom","url":"https:\/\/wedomgroup.com\/pt-pt\/","logo":{"@type":"ImageObject","inLanguage":"pt-PT","@id":"https:\/\/wedomgroup.com\/pt-pt\/#\/schema\/logo\/image\/","url":"https:\/\/wedomgroup.com\/wp-content\/uploads\/2023\/05\/wedom-logo.png","contentUrl":"https:\/\/wedomgroup.com\/wp-content\/uploads\/2023\/05\/wedom-logo.png","width":121,"height":28,"caption":"Wedom"},"image":{"@id":"https:\/\/wedomgroup.com\/pt-pt\/#\/schema\/logo\/image\/"},"sameAs":["https:\/\/www.linkedin.com\/company\/wedom-group\/"]}]}},"_links":{"self":[{"href":"https:\/\/wedomgroup.com\/pt-pt\/wp-json\/wp\/v2\/pages\/5442","targetHints":{"allow":["GET"]}}],"collection":[{"href":"https:\/\/wedomgroup.com\/pt-pt\/wp-json\/wp\/v2\/pages"}],"about":[{"href":"https:\/\/wedomgroup.com\/pt-pt\/wp-json\/wp\/v2\/types\/page"}],"author":[{"embeddable":true,"href":"https:\/\/wedomgroup.com\/pt-pt\/wp-json\/wp\/v2\/users\/3"}],"replies":[{"embeddable":true,"href":"https:\/\/wedomgroup.com\/pt-pt\/wp-json\/wp\/v2\/comments?post=5442"}],"version-history":[{"count":1,"href":"https:\/\/wedomgroup.com\/pt-pt\/wp-json\/wp\/v2\/pages\/5442\/revisions"}],"predecessor-version":[{"id":5443,"href":"https:\/\/wedomgroup.com\/pt-pt\/wp-json\/wp\/v2\/pages\/5442\/revisions\/5443"}],"up":[{"embeddable":true,"href":"https:\/\/wedomgroup.com\/pt-pt\/wp-json\/wp\/v2\/pages\/5366"}],"wp:attachment":[{"href":"https:\/\/wedomgroup.com\/pt-pt\/wp-json\/wp\/v2\/media?parent=5442"}],"curies":[{"name":"wp","href":"https:\/\/api.w.org\/{rel}","templated":true}]}}