{"id":5444,"date":"2026-01-25T10:36:57","date_gmt":"2026-01-25T10:36:57","guid":{"rendered":"https:\/\/wedomgroup.com\/dosantex-garden\/malhas-antiervas\/"},"modified":"2026-02-03T10:51:02","modified_gmt":"2026-02-03T10:51:02","slug":"malhas-antiervas","status":"publish","type":"page","link":"https:\/\/wedomgroup.com\/pt-pt\/dosantex-garden\/malhas-antiervas\/","title":{"rendered":"Malhas antiervas"},"content":{"rendered":"\t\t<div data-elementor-type=\"wp-page\" data-elementor-id=\"5444\" class=\"elementor elementor-5444 elementor-4817\" data-elementor-post-type=\"page\">\n\t\t\t\t<div class=\"elementor-element elementor-element-20f99473 e-flex e-con-boxed e-con e-parent\" data-id=\"20f99473\" data-element_type=\"container\" data-e-type=\"container\">\n\t\t\t\t\t<div class=\"e-con-inner\">\n\t\t<div class=\"elementor-element elementor-element-242fe54c e-con-full e-flex e-con e-child\" data-id=\"242fe54c\" data-element_type=\"container\" data-e-type=\"container\">\n\t\t\t\t<div class=\"elementor-element elementor-element-55650245 elementor-widget elementor-widget-breadcrumbs\" data-id=\"55650245\" data-element_type=\"widget\" data-e-type=\"widget\" data-widget_type=\"breadcrumbs.default\">\n\t\t\t\t\t<p id=\"breadcrumbs\"><span><span><a href=\"https:\/\/wedomgroup.com\/pt-pt\/\">Inicio<\/a><\/span><\/span><\/p>\t\t\t\t<\/div>\n\t\t\t\t<div class=\"elementor-element elementor-element-6eb3fab3 elementor-widget elementor-widget-heading\" data-id=\"6eb3fab3\" data-element_type=\"widget\" data-e-type=\"widget\" data-widget_type=\"heading.default\">\n\t\t\t\t\t<h1 class=\"elementor-heading-title elementor-size-default\">Acess\u00f3rios de jardim Dosantex Garden para proteger e decorar<\/h1>\t\t\t\t<\/div>\n\t\t\t\t<div class=\"elementor-element elementor-element-6cb81af8 elementor-widget elementor-widget-text-editor\" data-id=\"6cb81af8\" data-element_type=\"widget\" data-e-type=\"widget\" data-widget_type=\"text-editor.default\">\n\t\t\t\t\t\t\t\t\t<p><strong>Os acess\u00f3rios de jardim Dosantex Garden<\/strong> foram pensados para facilitar o cuidado dos espa\u00e7os exteriores, oferecendo solu\u00e7\u00f5es pr\u00e1ticas para proteger, organizar e manter o jardim em bom estado. Uma cole\u00e7\u00e3o funcional que combina utilidade e est\u00e9tica, adaptando-se a diferentes tipos de jardins, terra\u00e7os e zonas exteriores.<\/p>\n<p>Desde elementos de prote\u00e7\u00e3o at\u00e9 suportes para plantas, os nossos <strong>acess\u00f3rios para jardim<\/strong> ajudam a criar um ambiente mais organizado e agrad\u00e1vel.<\/p>\n\t\t\t\t\t\t\t\t<\/div>\n\t\t\t\t<\/div>\n\t\t<div class=\"elementor-element elementor-element-36278e3b e-con-full e-flex e-con e-child\" data-id=\"36278e3b\" data-element_type=\"container\" data-e-type=\"container\">\n\t\t\t\t<div class=\"elementor-element elementor-element-f827e34 elementor-widget elementor-widget-image\" data-id=\"f827e34\" data-element_type=\"widget\" data-e-type=\"widget\" data-widget_type=\"image.default\">\n\t\t\t\t\t\t\t\t\t\t\t\t<figure class=\"wp-caption\">\n\t\t\t\t\t\t\t\t\t\t<img fetchpriority=\"high\" decoding=\"async\" width=\"800\" height=\"960\" src=\"https:\/\/wedomgroup.com\/wp-content\/uploads\/2026\/01\/mallas-antihierbas-1-853x1024.jpg\" class=\"attachment-large size-large wp-image-4886\" alt=\"\" srcset=\"https:\/\/wedomgroup.com\/wp-content\/uploads\/2026\/01\/mallas-antihierbas-1-853x1024.jpg 853w, https:\/\/wedomgroup.com\/wp-content\/uploads\/2026\/01\/mallas-antihierbas-1-250x300.jpg 250w, https:\/\/wedomgroup.com\/wp-content\/uploads\/2026\/01\/mallas-antihierbas-1-768x922.jpg 768w, https:\/\/wedomgroup.com\/wp-content\/uploads\/2026\/01\/mallas-antihierbas-1.jpg 1000w\" sizes=\"(max-width: 800px) 100vw, 800px\" \/>\t\t\t\t\t\t\t\t\t\t\t<figcaption class=\"widget-image-caption wp-caption-text\"><\/figcaption>\n\t\t\t\t\t\t\t\t\t\t<\/figure>\n\t\t\t\t\t\t\t\t\t<\/div>\n\t\t\t\t<\/div>\n\t\t\t\t\t<\/div>\n\t\t\t\t<\/div>\n\t\t<div class=\"elementor-element elementor-element-1f262015 e-flex e-con-boxed e-con e-parent\" data-id=\"1f262015\" data-element_type=\"container\" data-e-type=\"container\" data-settings=\"{&quot;background_background&quot;:&quot;classic&quot;}\">\n\t\t\t\t\t<div class=\"e-con-inner\">\n\t\t<div class=\"elementor-element elementor-element-2c8292bf e-con-full e-flex e-con e-child\" data-id=\"2c8292bf\" data-element_type=\"container\" data-e-type=\"container\">\n\t\t\t\t<div class=\"elementor-element elementor-element-60049804 elementor-widget elementor-widget-heading\" data-id=\"60049804\" data-element_type=\"widget\" data-e-type=\"widget\" data-widget_type=\"heading.default\">\n\t\t\t\t\t<h2 class=\"elementor-heading-title elementor-size-default\">Solu\u00e7\u00f5es pr\u00e1ticas para o cuidado e a prote\u00e7\u00e3o do teu jardim<\/h2>\t\t\t\t<\/div>\n\t\t\t\t<div class=\"elementor-element elementor-element-1b4b4d65 elementor-widget elementor-widget-text-editor\" data-id=\"1b4b4d65\" data-element_type=\"widget\" data-e-type=\"widget\" data-widget_type=\"text-editor.default\">\n\t\t\t\t\t\t\t\t\t<p>Os <strong>acess\u00f3rios de jardinagem Dosantex Garden<\/strong> foram projetados para responder a necessidades habituais em exteriores: proteger plantas, controlar insetos ou delimitar espa\u00e7os. S\u00e3o solu\u00e7\u00f5es simples que facilitam a manuten\u00e7\u00e3o di\u00e1ria do jardim e contribuem para o seu bom estado ao longo do tempo.<\/p>\n<p>Uma gama pensada tanto para jardins amplos como para terra\u00e7os, p\u00e1tios ou varandas.<\/p>\n\t\t\t\t\t\t\t\t<\/div>\n\t\t\t\t<\/div>\n\t\t<div class=\"elementor-element elementor-element-52bf62b9 e-grid e-con-full e-con e-child\" data-id=\"52bf62b9\" data-element_type=\"container\" data-e-type=\"container\">\n\t\t<div class=\"elementor-element elementor-element-57129da5 e-con-full e-flex e-con e-child\" data-id=\"57129da5\" data-element_type=\"container\" data-e-type=\"container\" data-settings=\"{&quot;background_background&quot;:&quot;classic&quot;}\">\n\t\t\t\t<div class=\"elementor-element elementor-element-4c045905 elementor-widget elementor-widget-image\" data-id=\"4c045905\" data-element_type=\"widget\" data-e-type=\"widget\" data-widget_type=\"image.default\">\n\t\t\t\t\t\t\t\t\t\t\t\t<figure class=\"wp-caption\">\n\t\t\t\t\t\t\t\t\t\t<img decoding=\"async\" width=\"800\" height=\"533\" src=\"https:\/\/wedomgroup.com\/wp-content\/uploads\/2026\/01\/mosquiteras.jpg\" class=\"attachment-large size-large wp-image-5271\" alt=\"Mosquiteras para ventanas y exteriores\" srcset=\"https:\/\/wedomgroup.com\/wp-content\/uploads\/2026\/01\/mosquiteras.jpg 800w, https:\/\/wedomgroup.com\/wp-content\/uploads\/2026\/01\/mosquiteras-300x200.jpg 300w, https:\/\/wedomgroup.com\/wp-content\/uploads\/2026\/01\/mosquiteras-768x512.jpg 768w\" sizes=\"(max-width: 800px) 100vw, 800px\" \/>\t\t\t\t\t\t\t\t\t\t\t<figcaption class=\"widget-image-caption wp-caption-text\"><\/figcaption>\n\t\t\t\t\t\t\t\t\t\t<\/figure>\n\t\t\t\t\t\t\t\t\t<\/div>\n\t\t\t\t<div class=\"elementor-element elementor-element-3a5e3a33 elementor-widget elementor-widget-heading\" data-id=\"3a5e3a33\" data-element_type=\"widget\" data-e-type=\"widget\" data-widget_type=\"heading.default\">\n\t\t\t\t\t<h3 class=\"elementor-heading-title elementor-size-default\">Mosquiteiros para janelas e exteriores<\/h3>\t\t\t\t<\/div>\n\t\t\t\t<div class=\"elementor-element elementor-element-39444d14 elementor-widget elementor-widget-text-editor\" data-id=\"39444d14\" data-element_type=\"widget\" data-e-type=\"widget\" data-widget_type=\"text-editor.default\">\n\t\t\t\t\t\t\t\t\t<p>Os <strong>mosquiteiros<\/strong> s\u00e3o uma solu\u00e7\u00e3o pr\u00e1tica para proteger o interior da casa contra insetos sem renunciar \u00e0 ventila\u00e7\u00e3o. Os <strong>mosquiteiros para janelas<\/strong> adaptam-se a diferentes formatos e necessidades, facilitando a sua instala\u00e7\u00e3o e uso di\u00e1rio.<\/p>\n<p>Ideais tanto para janelas como para acessos exteriores, os mosquiteiros de janela ajudam a manter os espa\u00e7os protegidos de forma simples e eficaz.<\/p>\n\t\t\t\t\t\t\t\t<\/div>\n\t\t\t\t<\/div>\n\t\t<div class=\"elementor-element elementor-element-2832350f e-con-full e-flex e-con e-child\" data-id=\"2832350f\" data-element_type=\"container\" data-e-type=\"container\" data-settings=\"{&quot;background_background&quot;:&quot;classic&quot;}\">\n\t\t\t\t<div class=\"elementor-element elementor-element-2cb5ce5b elementor-widget elementor-widget-image\" data-id=\"2cb5ce5b\" data-element_type=\"widget\" data-e-type=\"widget\" data-widget_type=\"image.default\">\n\t\t\t\t\t\t\t\t\t\t\t\t<figure class=\"wp-caption\">\n\t\t\t\t\t\t\t\t\t\t<img decoding=\"async\" width=\"800\" height=\"533\" src=\"https:\/\/wedomgroup.com\/wp-content\/uploads\/2026\/01\/celosias.jpg\" class=\"attachment-large size-large wp-image-5267\" alt=\"Celos\u00edas y tutores para plantas\" srcset=\"https:\/\/wedomgroup.com\/wp-content\/uploads\/2026\/01\/celosias.jpg 800w, https:\/\/wedomgroup.com\/wp-content\/uploads\/2026\/01\/celosias-300x200.jpg 300w, https:\/\/wedomgroup.com\/wp-content\/uploads\/2026\/01\/celosias-768x512.jpg 768w\" sizes=\"(max-width: 800px) 100vw, 800px\" \/>\t\t\t\t\t\t\t\t\t\t\t<figcaption class=\"widget-image-caption wp-caption-text\"><\/figcaption>\n\t\t\t\t\t\t\t\t\t\t<\/figure>\n\t\t\t\t\t\t\t\t\t<\/div>\n\t\t\t\t<div class=\"elementor-element elementor-element-4e7a531f elementor-widget elementor-widget-heading\" data-id=\"4e7a531f\" data-element_type=\"widget\" data-e-type=\"widget\" data-widget_type=\"heading.default\">\n\t\t\t\t\t<h3 class=\"elementor-heading-title elementor-size-default\">Treli\u00e7as e tutores para plantas<\/h3>\t\t\t\t<\/div>\n\t\t\t\t<div class=\"elementor-element elementor-element-5af04f69 elementor-widget elementor-widget-text-editor\" data-id=\"5af04f69\" data-element_type=\"widget\" data-e-type=\"widget\" data-widget_type=\"text-editor.default\">\n\t\t\t\t\t\t\t\t\t<p>As <strong>treli\u00e7as e tutores para plantas<\/strong> cumprem uma dupla fun\u00e7\u00e3o: ajudam no crescimento e suporte das plantas e proporcionam ordem visual ao jardim. As treli\u00e7as para jardim permitem delimitar espa\u00e7os, criar zonas de privacidade ou guiar o desenvolvimento de plantas trepadoras.<\/p>\n<p>Dispon\u00edveis em diferentes materiais e acabamentos, como treli\u00e7as de madeira ou treli\u00e7as de PVC, adaptam-se tanto a exteriores como a terra\u00e7os e p\u00e1tios. Os tutores de plantas oferecem um apoio firme e pr\u00e1tico para o crescimento saud\u00e1vel de flores e plantas.<\/p>\n\t\t\t\t\t\t\t\t<\/div>\n\t\t\t\t<\/div>\n\t\t<div class=\"elementor-element elementor-element-26a1c688 e-con-full e-flex e-con e-child\" data-id=\"26a1c688\" data-element_type=\"container\" data-e-type=\"container\" data-settings=\"{&quot;background_background&quot;:&quot;classic&quot;}\">\n\t\t\t\t<div class=\"elementor-element elementor-element-6b72eff4 elementor-widget elementor-widget-image\" data-id=\"6b72eff4\" data-element_type=\"widget\" data-e-type=\"widget\" data-widget_type=\"image.default\">\n\t\t\t\t\t\t\t\t\t\t\t\t<figure class=\"wp-caption\">\n\t\t\t\t\t\t\t\t\t\t<img loading=\"lazy\" decoding=\"async\" width=\"800\" height=\"533\" src=\"https:\/\/wedomgroup.com\/wp-content\/uploads\/2026\/01\/mallas.jpg\" class=\"attachment-large size-large wp-image-5263\" alt=\"Mallas\" srcset=\"https:\/\/wedomgroup.com\/wp-content\/uploads\/2026\/01\/mallas.jpg 800w, https:\/\/wedomgroup.com\/wp-content\/uploads\/2026\/01\/mallas-300x200.jpg 300w, https:\/\/wedomgroup.com\/wp-content\/uploads\/2026\/01\/mallas-768x512.jpg 768w\" sizes=\"(max-width: 800px) 100vw, 800px\" \/>\t\t\t\t\t\t\t\t\t\t\t<figcaption class=\"widget-image-caption wp-caption-text\"><\/figcaption>\n\t\t\t\t\t\t\t\t\t\t<\/figure>\n\t\t\t\t\t\t\t\t\t<\/div>\n\t\t\t\t<div class=\"elementor-element elementor-element-8b879eb elementor-widget elementor-widget-heading\" data-id=\"8b879eb\" data-element_type=\"widget\" data-e-type=\"widget\" data-widget_type=\"heading.default\">\n\t\t\t\t\t<h3 class=\"elementor-heading-title elementor-size-default\">Malhas e redes anti-p\u00e1ssaros<\/h3>\t\t\t\t<\/div>\n\t\t\t\t<div class=\"elementor-element elementor-element-2a4c1a54 elementor-widget elementor-widget-text-editor\" data-id=\"2a4c1a54\" data-element_type=\"widget\" data-e-type=\"widget\" data-widget_type=\"text-editor.default\">\n\t\t\t\t\t\t\t\t\t<p>As <strong>malhas anti-p\u00e1ssaros e redes anti-p\u00e1ssaros<\/strong> foram pensadas para proteger culturas, \u00e1rvores e plantas contra aves, sem danificar o ambiente. S\u00e3o uma solu\u00e7\u00e3o eficaz para jardins, hortas e \u00e1reas exteriores onde se procura preservar plantas e frutos.<\/p>\n<p>F\u00e1ceis de colocar e resistentes ao uso exterior, estas malhas e redes ajudam a manter o jardim cuidado e protegido de forma discreta.<\/p>\n\t\t\t\t\t\t\t\t<\/div>\n\t\t\t\t<\/div>\n\t\t\t\t<\/div>\n\t\t\t\t\t<\/div>\n\t\t\t\t<\/div>\n\t\t\t\t<\/div>\n\t\t","protected":false},"excerpt":{"rendered":"<p>Acess\u00f3rios de jardim Dosantex Garden para proteger e decorar Os acess\u00f3rios de jardim Dosantex Garden foram pensados para facilitar o cuidado dos espa\u00e7os exteriores, oferecendo solu\u00e7\u00f5es pr\u00e1ticas para proteger, organizar e manter o jardim em bom estado. Uma cole\u00e7\u00e3o funcional que combina utilidade e est\u00e9tica, adaptando-se a diferentes tipos de jardins, terra\u00e7os e zonas exteriores. [&hellip;]<\/p>\n","protected":false},"author":3,"featured_media":0,"parent":5366,"menu_order":0,"comment_status":"closed","ping_status":"closed","template":"","meta":{"_acf_changed":false,"footnotes":""},"class_list":["post-5444","page","type-page","status-publish","hentry"],"acf":[],"yoast_head":"<!-- This site is optimized with the Yoast SEO plugin v27.5 - https:\/\/yoast.com\/product\/yoast-seo-wordpress\/ -->\n<title>Acess\u00f3rios de jardim e treli\u00e7as | Dosantex Garden<\/title>\n<meta name=\"description\" content=\"Dosantex Garden: acess\u00f3rios de jardim, treli\u00e7as, tutores e mosquiteiros para manter o teu jardim funcional, protegido e esteticamente cuidado.\" \/>\n<meta name=\"robots\" content=\"index, follow, max-snippet:-1, max-image-preview:large, max-video-preview:-1\" \/>\n<link rel=\"canonical\" href=\"https:\/\/wedomgroup.com\/pt-pt\/dosantex-garden\/malhas-antiervas\/\" \/>\n<meta property=\"og:locale\" content=\"pt_PT\" \/>\n<meta property=\"og:type\" content=\"article\" \/>\n<meta property=\"og:title\" content=\"Acess\u00f3rios de jardim e treli\u00e7as | Dosantex Garden\" \/>\n<meta property=\"og:description\" content=\"Dosantex Garden: acess\u00f3rios de jardim, treli\u00e7as, tutores e mosquiteiros para manter o teu jardim funcional, protegido e esteticamente cuidado.\" \/>\n<meta property=\"og:url\" content=\"https:\/\/wedomgroup.com\/pt-pt\/dosantex-garden\/malhas-antiervas\/\" \/>\n<meta property=\"og:site_name\" content=\"wedom\" \/>\n<meta property=\"article:modified_time\" content=\"2026-02-03T10:51:02+00:00\" \/>\n<meta property=\"og:image\" content=\"https:\/\/wedomgroup.com\/wp-content\/uploads\/2026\/01\/mallas-antihierbas-1.jpg\" \/>\n\t<meta property=\"og:image:width\" content=\"1000\" \/>\n\t<meta property=\"og:image:height\" content=\"1200\" \/>\n\t<meta property=\"og:image:type\" content=\"image\/jpeg\" \/>\n<meta name=\"twitter:card\" content=\"summary_large_image\" \/>\n<meta name=\"twitter:label1\" content=\"Tempo estimado de leitura\" \/>\n\t<meta name=\"twitter:data1\" content=\"2 minutos\" \/>\n<script type=\"application\/ld+json\" class=\"yoast-schema-graph\">{\"@context\":\"https:\\\/\\\/schema.org\",\"@graph\":[{\"@type\":\"WebPage\",\"@id\":\"https:\\\/\\\/wedomgroup.com\\\/pt-pt\\\/dosantex-garden\\\/malhas-antiervas\\\/\",\"url\":\"https:\\\/\\\/wedomgroup.com\\\/pt-pt\\\/dosantex-garden\\\/malhas-antiervas\\\/\",\"name\":\"Acess\u00f3rios de jardim e treli\u00e7as | Dosantex Garden\",\"isPartOf\":{\"@id\":\"https:\\\/\\\/wedomgroup.com\\\/pt-pt\\\/#website\"},\"primaryImageOfPage\":{\"@id\":\"https:\\\/\\\/wedomgroup.com\\\/pt-pt\\\/dosantex-garden\\\/malhas-antiervas\\\/#primaryimage\"},\"image\":{\"@id\":\"https:\\\/\\\/wedomgroup.com\\\/pt-pt\\\/dosantex-garden\\\/malhas-antiervas\\\/#primaryimage\"},\"thumbnailUrl\":\"https:\\\/\\\/wedomgroup.com\\\/wp-content\\\/uploads\\\/2026\\\/01\\\/mallas-antihierbas-1-853x1024.jpg\",\"datePublished\":\"2026-01-25T10:36:57+00:00\",\"dateModified\":\"2026-02-03T10:51:02+00:00\",\"description\":\"Dosantex Garden: acess\u00f3rios de jardim, treli\u00e7as, tutores e mosquiteiros para manter o teu jardim funcional, protegido e esteticamente cuidado.\",\"breadcrumb\":{\"@id\":\"https:\\\/\\\/wedomgroup.com\\\/pt-pt\\\/dosantex-garden\\\/malhas-antiervas\\\/#breadcrumb\"},\"inLanguage\":\"pt-PT\",\"potentialAction\":[{\"@type\":\"ReadAction\",\"target\":[\"https:\\\/\\\/wedomgroup.com\\\/pt-pt\\\/dosantex-garden\\\/malhas-antiervas\\\/\"]}]},{\"@type\":\"ImageObject\",\"inLanguage\":\"pt-PT\",\"@id\":\"https:\\\/\\\/wedomgroup.com\\\/pt-pt\\\/dosantex-garden\\\/malhas-antiervas\\\/#primaryimage\",\"url\":\"https:\\\/\\\/wedomgroup.com\\\/wp-content\\\/uploads\\\/2026\\\/01\\\/mallas-antihierbas-1-853x1024.jpg\",\"contentUrl\":\"https:\\\/\\\/wedomgroup.com\\\/wp-content\\\/uploads\\\/2026\\\/01\\\/mallas-antihierbas-1-853x1024.jpg\"},{\"@type\":\"BreadcrumbList\",\"@id\":\"https:\\\/\\\/wedomgroup.com\\\/pt-pt\\\/dosantex-garden\\\/malhas-antiervas\\\/#breadcrumb\",\"itemListElement\":[{\"@type\":\"ListItem\",\"position\":1,\"name\":\"Inicio\",\"item\":\"https:\\\/\\\/wedomgroup.com\\\/pt-pt\\\/\"},{\"@type\":\"ListItem\",\"position\":2,\"name\":\"Dosantex Garden\",\"item\":\"https:\\\/\\\/wedomgroup.com\\\/pt-pt\\\/dosantex-garden\\\/\"},{\"@type\":\"ListItem\",\"position\":3,\"name\":\"Malhas antiervas\"}]},{\"@type\":\"WebSite\",\"@id\":\"https:\\\/\\\/wedomgroup.com\\\/pt-pt\\\/#website\",\"url\":\"https:\\\/\\\/wedomgroup.com\\\/pt-pt\\\/\",\"name\":\"Wedom\",\"description\":\"Hacemos realidad tu idea de hogar\",\"publisher\":{\"@id\":\"https:\\\/\\\/wedomgroup.com\\\/pt-pt\\\/#organization\"},\"potentialAction\":[{\"@type\":\"SearchAction\",\"target\":{\"@type\":\"EntryPoint\",\"urlTemplate\":\"https:\\\/\\\/wedomgroup.com\\\/pt-pt\\\/?s={search_term_string}\"},\"query-input\":{\"@type\":\"PropertyValueSpecification\",\"valueRequired\":true,\"valueName\":\"search_term_string\"}}],\"inLanguage\":\"pt-PT\"},{\"@type\":\"Organization\",\"@id\":\"https:\\\/\\\/wedomgroup.com\\\/pt-pt\\\/#organization\",\"name\":\"Wedom\",\"url\":\"https:\\\/\\\/wedomgroup.com\\\/pt-pt\\\/\",\"logo\":{\"@type\":\"ImageObject\",\"inLanguage\":\"pt-PT\",\"@id\":\"https:\\\/\\\/wedomgroup.com\\\/pt-pt\\\/#\\\/schema\\\/logo\\\/image\\\/\",\"url\":\"https:\\\/\\\/wedomgroup.com\\\/wp-content\\\/uploads\\\/2023\\\/05\\\/wedom-logo.png\",\"contentUrl\":\"https:\\\/\\\/wedomgroup.com\\\/wp-content\\\/uploads\\\/2023\\\/05\\\/wedom-logo.png\",\"width\":121,\"height\":28,\"caption\":\"Wedom\"},\"image\":{\"@id\":\"https:\\\/\\\/wedomgroup.com\\\/pt-pt\\\/#\\\/schema\\\/logo\\\/image\\\/\"},\"sameAs\":[\"https:\\\/\\\/www.linkedin.com\\\/company\\\/wedom-group\\\/\"]}]}<\/script>\n<!-- \/ Yoast SEO plugin. -->","yoast_head_json":{"title":"Acess\u00f3rios de jardim e treli\u00e7as | Dosantex Garden","description":"Dosantex Garden: acess\u00f3rios de jardim, treli\u00e7as, tutores e mosquiteiros para manter o teu jardim funcional, protegido e esteticamente cuidado.","robots":{"index":"index","follow":"follow","max-snippet":"max-snippet:-1","max-image-preview":"max-image-preview:large","max-video-preview":"max-video-preview:-1"},"canonical":"https:\/\/wedomgroup.com\/pt-pt\/dosantex-garden\/malhas-antiervas\/","og_locale":"pt_PT","og_type":"article","og_title":"Acess\u00f3rios de jardim e treli\u00e7as | Dosantex Garden","og_description":"Dosantex Garden: acess\u00f3rios de jardim, treli\u00e7as, tutores e mosquiteiros para manter o teu jardim funcional, protegido e esteticamente cuidado.","og_url":"https:\/\/wedomgroup.com\/pt-pt\/dosantex-garden\/malhas-antiervas\/","og_site_name":"wedom","article_modified_time":"2026-02-03T10:51:02+00:00","og_image":[{"width":1000,"height":1200,"url":"https:\/\/wedomgroup.com\/wp-content\/uploads\/2026\/01\/mallas-antihierbas-1.jpg","type":"image\/jpeg"}],"twitter_card":"summary_large_image","twitter_misc":{"Tempo estimado de leitura":"2 minutos"},"schema":{"@context":"https:\/\/schema.org","@graph":[{"@type":"WebPage","@id":"https:\/\/wedomgroup.com\/pt-pt\/dosantex-garden\/malhas-antiervas\/","url":"https:\/\/wedomgroup.com\/pt-pt\/dosantex-garden\/malhas-antiervas\/","name":"Acess\u00f3rios de jardim e treli\u00e7as | Dosantex Garden","isPartOf":{"@id":"https:\/\/wedomgroup.com\/pt-pt\/#website"},"primaryImageOfPage":{"@id":"https:\/\/wedomgroup.com\/pt-pt\/dosantex-garden\/malhas-antiervas\/#primaryimage"},"image":{"@id":"https:\/\/wedomgroup.com\/pt-pt\/dosantex-garden\/malhas-antiervas\/#primaryimage"},"thumbnailUrl":"https:\/\/wedomgroup.com\/wp-content\/uploads\/2026\/01\/mallas-antihierbas-1-853x1024.jpg","datePublished":"2026-01-25T10:36:57+00:00","dateModified":"2026-02-03T10:51:02+00:00","description":"Dosantex Garden: acess\u00f3rios de jardim, treli\u00e7as, tutores e mosquiteiros para manter o teu jardim funcional, protegido e esteticamente cuidado.","breadcrumb":{"@id":"https:\/\/wedomgroup.com\/pt-pt\/dosantex-garden\/malhas-antiervas\/#breadcrumb"},"inLanguage":"pt-PT","potentialAction":[{"@type":"ReadAction","target":["https:\/\/wedomgroup.com\/pt-pt\/dosantex-garden\/malhas-antiervas\/"]}]},{"@type":"ImageObject","inLanguage":"pt-PT","@id":"https:\/\/wedomgroup.com\/pt-pt\/dosantex-garden\/malhas-antiervas\/#primaryimage","url":"https:\/\/wedomgroup.com\/wp-content\/uploads\/2026\/01\/mallas-antihierbas-1-853x1024.jpg","contentUrl":"https:\/\/wedomgroup.com\/wp-content\/uploads\/2026\/01\/mallas-antihierbas-1-853x1024.jpg"},{"@type":"BreadcrumbList","@id":"https:\/\/wedomgroup.com\/pt-pt\/dosantex-garden\/malhas-antiervas\/#breadcrumb","itemListElement":[{"@type":"ListItem","position":1,"name":"Inicio","item":"https:\/\/wedomgroup.com\/pt-pt\/"},{"@type":"ListItem","position":2,"name":"Dosantex Garden","item":"https:\/\/wedomgroup.com\/pt-pt\/dosantex-garden\/"},{"@type":"ListItem","position":3,"name":"Malhas antiervas"}]},{"@type":"WebSite","@id":"https:\/\/wedomgroup.com\/pt-pt\/#website","url":"https:\/\/wedomgroup.com\/pt-pt\/","name":"Wedom","description":"Hacemos realidad tu idea de hogar","publisher":{"@id":"https:\/\/wedomgroup.com\/pt-pt\/#organization"},"potentialAction":[{"@type":"SearchAction","target":{"@type":"EntryPoint","urlTemplate":"https:\/\/wedomgroup.com\/pt-pt\/?s={search_term_string}"},"query-input":{"@type":"PropertyValueSpecification","valueRequired":true,"valueName":"search_term_string"}}],"inLanguage":"pt-PT"},{"@type":"Organization","@id":"https:\/\/wedomgroup.com\/pt-pt\/#organization","name":"Wedom","url":"https:\/\/wedomgroup.com\/pt-pt\/","logo":{"@type":"ImageObject","inLanguage":"pt-PT","@id":"https:\/\/wedomgroup.com\/pt-pt\/#\/schema\/logo\/image\/","url":"https:\/\/wedomgroup.com\/wp-content\/uploads\/2023\/05\/wedom-logo.png","contentUrl":"https:\/\/wedomgroup.com\/wp-content\/uploads\/2023\/05\/wedom-logo.png","width":121,"height":28,"caption":"Wedom"},"image":{"@id":"https:\/\/wedomgroup.com\/pt-pt\/#\/schema\/logo\/image\/"},"sameAs":["https:\/\/www.linkedin.com\/company\/wedom-group\/"]}]}},"_links":{"self":[{"href":"https:\/\/wedomgroup.com\/pt-pt\/wp-json\/wp\/v2\/pages\/5444","targetHints":{"allow":["GET"]}}],"collection":[{"href":"https:\/\/wedomgroup.com\/pt-pt\/wp-json\/wp\/v2\/pages"}],"about":[{"href":"https:\/\/wedomgroup.com\/pt-pt\/wp-json\/wp\/v2\/types\/page"}],"author":[{"embeddable":true,"href":"https:\/\/wedomgroup.com\/pt-pt\/wp-json\/wp\/v2\/users\/3"}],"replies":[{"embeddable":true,"href":"https:\/\/wedomgroup.com\/pt-pt\/wp-json\/wp\/v2\/comments?post=5444"}],"version-history":[{"count":1,"href":"https:\/\/wedomgroup.com\/pt-pt\/wp-json\/wp\/v2\/pages\/5444\/revisions"}],"predecessor-version":[{"id":5445,"href":"https:\/\/wedomgroup.com\/pt-pt\/wp-json\/wp\/v2\/pages\/5444\/revisions\/5445"}],"up":[{"embeddable":true,"href":"https:\/\/wedomgroup.com\/pt-pt\/wp-json\/wp\/v2\/pages\/5366"}],"wp:attachment":[{"href":"https:\/\/wedomgroup.com\/pt-pt\/wp-json\/wp\/v2\/media?parent=5444"}],"curies":[{"name":"wp","href":"https:\/\/api.w.org\/{rel}","templated":true}]}}